{"id":10031,"date":"2025-03-05T14:41:57","date_gmt":"2025-03-05T13:41:57","guid":{"rendered":"https:\/\/cideon-engineering.com\/mobiler-antriebspruefstand\/"},"modified":"2025-03-25T11:57:31","modified_gmt":"2025-03-25T10:57:31","slug":"mobiler-antriebspruefstand","status":"publish","type":"page","link":"https:\/\/cideon-engineering.com\/ch\/mobiler-antriebspruefstand\/","title":{"rendered":"Mobiler Antriebspr\u00fcfstand"},"content":{"rendered":"\n\n\t<section class=\"section has-parallax\" id=\"section_210278624\">\n\t\t<div class=\"section-bg fill\" data-parallax-container=\".section\" data-parallax-background data-parallax=\"-3\">\n\t\t\t<img loading=\"lazy\" decoding=\"async\" width=\"1920\" height=\"1080\" src=\"https:\/\/cideon-engineering.com\/wp-content\/uploads\/2023\/07\/Pruefstand.jpg\" class=\"bg attachment- size-\" alt=\"Pr\u00fcfstand f\u00fcr \u00dcSTRA\" \/>\t\t\t\t\t\t\n\t\t\t\n\n\t\t<\/div>\n\n\t\t\n\n\t\t<div class=\"section-content relative\">\n\t\t\t\n\n\n\t\t<\/div>\n\n\t\t\n<style>\n#section_210278624 {\n  padding-top: 0px;\n  padding-bottom: 0px;\n  min-height: 300px;\n}\n<\/style>\n\t<\/section>\n\t\n\n\t<section class=\"section\" id=\"section_1246857321\">\n\t\t<div class=\"section-bg fill\" >\n\t\t\t\t\t\t\t\t\t\n\t\t\t\n\n\t\t<\/div>\n\n\t\t\n\n\t\t<div class=\"section-content relative\">\n\t\t\t\n\n<div class=\"row align-middle align-center\"  id=\"row-1177110999\">\n\n\n\t<div id=\"col-718980501\" class=\"col small-12 large-12\"  data-animate=\"fadeInUp\">\n\t\t\t\t<div class=\"col-inner text-center\"  >\n\t\t\t\n\t\t\t\n\n<div class=\"container section-title-container\" ><h3 class=\"section-title section-title-center\"><b aria-hidden=\"true\"><\/b><span class=\"section-title-main\" >Mobiler Antriebspr\u00fcfstand f\u00fcr \u00dcSTRA<\/span><b aria-hidden=\"true\"><\/b><\/h3><\/div>\n\n\t<div id=\"text-3501916449\" class=\"text\">\n\t\t\n\n<div style=\"width: 1020px;\" class=\"wp-video\"><video class=\"wp-video-shortcode\" id=\"video-10031-1\" width=\"1020\" height=\"574\" preload=\"auto\" controls=\"controls\"><source type=\"video\/mp4\" src=\"https:\/\/cideon-engineering.com\/wp-content\/uploads\/2023\/07\/Uestra.mp4?_=1\" \/><a href=\"https:\/\/cideon-engineering.com\/wp-content\/uploads\/2023\/07\/Uestra.mp4\">https:\/\/cideon-engineering.com\/wp-content\/uploads\/2023\/07\/Uestra.mp4<\/a><\/video><\/div>\n\t\t\n<style>\n#text-3501916449 {\n  text-align: center;\n}\n<\/style>\n\t<\/div>\n\t\n\t<div id=\"gap-180646282\" class=\"gap-element clearfix\" style=\"display:block; height:auto;\">\n\t\t\n<style>\n#gap-180646282 {\n  padding-top: 50px;\n}\n<\/style>\n\t<\/div>\n\t\n\n\n\t\t<\/div>\n\t\t\t\t\t<\/div>\n\n\t\n\n<\/div>\n<div class=\"row\"  id=\"row-681060416\">\n\n\n\t<div id=\"col-2045999409\" class=\"col small-12 large-12\"  data-animate=\"blurIn\">\n\t\t\t\t<div class=\"col-inner\"  >\n\t\t\t\n\t\t\t\n\n<p>Die \u00dcSTRA Hannoversche Verkehrsbetriebe GmbH, der f\u00fchrende Anbieter im Nahverkehr in Niedersachsen mit rund 106 Millionen Fahrg\u00e4sten j\u00e4hrlich, beauftragte CE cideon engineering Mitte 2022 mit der Entwicklung von zwei mobilen Antriebspr\u00fcfst\u00e4nden zur Testung von Asynchronmaschinen in Stadtbahnen.<\/p>\n<p>Diese hochentwickelten Pr\u00fcfst\u00e4nde stehen nicht nur der \u00dcSTRA zur Verf\u00fcgung, sondern k\u00f6nnen auch f\u00fcr andere Verkehrsunternehmen und Industriekunden genutzt werden, die \u00e4hnliche Anforderungen an die Testung von Antriebsmaschinen haben.<\/p>\n<p>Mit unserer Expertise in den Bereichen Mechanik, Elektrik\/Steuerungen und funktionale Sicherheit konnten wir folgende Leistungen erbringen:<\/p>\n<ul>\n<li>Konstruktive Engineering-Arbeiten<\/li>\n<li>Konzeption und Planung der Elektrik<\/li>\n<li>Erstellung der Stromlaufpl\u00e4ne mit EPLAN P8<\/li>\n<li>Auswahl und Planung der Komponenten<\/li>\n<li>Beschaffung und Montage der Pr\u00fcfstandkomponenten<\/li>\n<li>Elektroinstallation und Parametrierung der Frequenzumrichter<\/li>\n<li>Inbetriebnahme, Testung, Verifizierung und Validierung<\/li>\n<li>EU-Konformit\u00e4tsbewertung (CE-Kennzeichnung)<\/li>\n<\/ul>\n<p>Nach nur wenigen Monaten Entwicklungs- und Bauzeit konnten die beiden Pr\u00fcfst\u00e4nde erfolgreich geliefert und in Betrieb genommen werden. Ein besonderer Dank geht an die Chemnitzer Verkehrs AG (CVAG), die uns ihre Werkhalle und Antriebsmaschine zur Verf\u00fcgung stellte und somit ma\u00dfgeblich zum Erfolg des Projekts beitrug. <\/p>\n<p>Die mobilen Pr\u00fcfst\u00e4nde wurden bereits an die \u00dcSTRA \u00fcbergeben und sind nun voll einsatzbereit.<\/p>\n\n\t\t<\/div>\n\t\t\t\t\t<\/div>\n\n\t\n\n<\/div>\n<div class=\"row\"  id=\"row-1356839725\">\n\n\n\t<div id=\"col-1636403521\" class=\"col small-12 large-12\"  >\n\t\t\t\t<div class=\"col-inner\"  >\n\t\t\t\n\t\t\t\n\n<div class=\"container section-title-container\" ><h3 class=\"section-title section-title-center\"><b aria-hidden=\"true\"><\/b><span class=\"section-title-main\" >Interesse geweckt?<\/span><b aria-hidden=\"true\"><\/b><\/h3><\/div>\n\n<div class=\"row\"  id=\"row-1653203396\">\n\n\n\t<div id=\"col-117919533\" class=\"col small-12 large-12\"  >\n\t\t\t\t<div class=\"col-inner text-center\"  >\n\t\t\t\n\t\t\t\n\n\t<div id=\"text-1042349167\" class=\"text\">\n\t\t\n\n<p>Kontaktieren Sie uns, um mehr \u00fcber unsere Antriebspr\u00fcfstand zu erfahren. Wir beraten Sie gerne und entwickeln gemeinsam mit Ihnen individuelle L\u00f6sungen f\u00fcr Ihre Bed\u00fcrfnisse. <\/p>\n\t\t\n<style>\n#text-1042349167 {\n  text-align: center;\n}\n<\/style>\n\t<\/div>\n\t\n<div class=\"row\"  id=\"row-547288847\">\n\n\n\t<div id=\"col-818899725\" class=\"col small-12 large-12\"  >\n\t\t\t\t<div class=\"col-inner\"  >\n\t\t\t\n\t\t\t\n\n<a href=\"https:\/\/cideon-engineering.com\/ch\/elektrik-steuerungen-software\/#3d-druck\" target=\"_blank\" class=\"button primary\" rel=\"noopener\" >\n\t\t<span>Kontaktieren Sie uns jetzt und wir beraten Sie gern!<\/span>\n\t<\/a>\n\n\n\n\t\t<\/div>\n\t\t\t\t\t<\/div>\n\n\t\n\n<\/div>\n\n\t\t<\/div>\n\t\t\t\t\t<\/div>\n\n\t\n\n<\/div>\n\n\t\t<\/div>\n\t\t\t\t\t<\/div>\n\n\t\n\n<\/div>\n\n\t\t<\/div>\n\n\t\t\n<style>\n#section_1246857321 {\n  padding-top: 30px;\n  padding-bottom: 30px;\n}\n<\/style>\n\t<\/section>\n\t\n\n","protected":false},"excerpt":{"rendered":"","protected":false},"author":8,"featured_media":0,"parent":0,"menu_order":0,"comment_status":"closed","ping_status":"closed","template":"","meta":{"content-type":"","inline_featured_image":false,"footnotes":""},"class_list":["post-10031","page","type-page","status-publish","hentry"],"yoast_head":"<!-- This site is optimized with the Yoast SEO plugin v26.9 - https:\/\/yoast.com\/product\/yoast-seo-wordpress\/ -->\n<title>Mobiler Antriebspr\u00fcfstand - CE Cideon Engineering<\/title>\n<meta name=\"robots\" content=\"index, follow, max-snippet:-1, max-image-preview:large, max-video-preview:-1\" \/>\n<link rel=\"canonical\" href=\"https:\/\/cideon-engineering.com\/ch\/mobiler-antriebspruefstand\/\" \/>\n<meta property=\"og:locale\" content=\"de_DE\" \/>\n<meta property=\"og:type\" content=\"article\" \/>\n<meta property=\"og:title\" content=\"Mobiler Antriebspr\u00fcfstand - CE Cideon Engineering\" \/>\n<meta property=\"og:url\" content=\"https:\/\/cideon-engineering.com\/ch\/mobiler-antriebspruefstand\/\" \/>\n<meta property=\"og:site_name\" content=\"CE Cideon Engineering\" \/>\n<meta property=\"article:modified_time\" content=\"2025-03-25T10:57:31+00:00\" \/>\n<meta name=\"twitter:card\" content=\"summary_large_image\" \/>\n<meta name=\"twitter:label1\" content=\"Gesch\u00e4tzte Lesezeit\" \/>\n\t<meta name=\"twitter:data1\" content=\"2\u00a0Minuten\" \/>\n<script type=\"application\/ld+json\" class=\"yoast-schema-graph\">{\"@context\":\"https:\/\/schema.org\",\"@graph\":[{\"@type\":\"WebPage\",\"@id\":\"https:\/\/cideon-engineering.com\/ch\/mobiler-antriebspruefstand\/\",\"url\":\"https:\/\/cideon-engineering.com\/ch\/mobiler-antriebspruefstand\/\",\"name\":\"Mobiler Antriebspr\u00fcfstand - CE Cideon Engineering\",\"isPartOf\":{\"@id\":\"https:\/\/cideon-engineering.com\/ch\/#website\"},\"datePublished\":\"2025-03-05T13:41:57+00:00\",\"dateModified\":\"2025-03-25T10:57:31+00:00\",\"breadcrumb\":{\"@id\":\"https:\/\/cideon-engineering.com\/ch\/mobiler-antriebspruefstand\/#breadcrumb\"},\"inLanguage\":\"de-CH\",\"potentialAction\":[{\"@type\":\"ReadAction\",\"target\":[\"https:\/\/cideon-engineering.com\/ch\/mobiler-antriebspruefstand\/\"]}]},{\"@type\":\"BreadcrumbList\",\"@id\":\"https:\/\/cideon-engineering.com\/ch\/mobiler-antriebspruefstand\/#breadcrumb\",\"itemListElement\":[{\"@type\":\"ListItem\",\"position\":1,\"name\":\"Startseite\",\"item\":\"https:\/\/cideon-engineering.com\/ch\/\"},{\"@type\":\"ListItem\",\"position\":2,\"name\":\"Mobiler Antriebspr\u00fcfstand\"}]},{\"@type\":\"WebSite\",\"@id\":\"https:\/\/cideon-engineering.com\/ch\/#website\",\"url\":\"https:\/\/cideon-engineering.com\/ch\/\",\"name\":\"CE Cideon Engineering\",\"description\":\"making mobility happen\",\"potentialAction\":[{\"@type\":\"SearchAction\",\"target\":{\"@type\":\"EntryPoint\",\"urlTemplate\":\"https:\/\/cideon-engineering.com\/ch\/?s={search_term_string}\"},\"query-input\":{\"@type\":\"PropertyValueSpecification\",\"valueRequired\":true,\"valueName\":\"search_term_string\"}}],\"inLanguage\":\"de-CH\"}]}<\/script>\n<!-- \/ Yoast SEO plugin. -->","yoast_head_json":{"title":"Mobiler Antriebspr\u00fcfstand - CE Cideon Engineering","robots":{"index":"index","follow":"follow","max-snippet":"max-snippet:-1","max-image-preview":"max-image-preview:large","max-video-preview":"max-video-preview:-1"},"canonical":"https:\/\/cideon-engineering.com\/ch\/mobiler-antriebspruefstand\/","og_locale":"de_DE","og_type":"article","og_title":"Mobiler Antriebspr\u00fcfstand - CE Cideon Engineering","og_url":"https:\/\/cideon-engineering.com\/ch\/mobiler-antriebspruefstand\/","og_site_name":"CE Cideon Engineering","article_modified_time":"2025-03-25T10:57:31+00:00","twitter_card":"summary_large_image","twitter_misc":{"Gesch\u00e4tzte Lesezeit":"2\u00a0Minuten"},"schema":{"@context":"https:\/\/schema.org","@graph":[{"@type":"WebPage","@id":"https:\/\/cideon-engineering.com\/ch\/mobiler-antriebspruefstand\/","url":"https:\/\/cideon-engineering.com\/ch\/mobiler-antriebspruefstand\/","name":"Mobiler Antriebspr\u00fcfstand - CE Cideon Engineering","isPartOf":{"@id":"https:\/\/cideon-engineering.com\/ch\/#website"},"datePublished":"2025-03-05T13:41:57+00:00","dateModified":"2025-03-25T10:57:31+00:00","breadcrumb":{"@id":"https:\/\/cideon-engineering.com\/ch\/mobiler-antriebspruefstand\/#breadcrumb"},"inLanguage":"de-CH","potentialAction":[{"@type":"ReadAction","target":["https:\/\/cideon-engineering.com\/ch\/mobiler-antriebspruefstand\/"]}]},{"@type":"BreadcrumbList","@id":"https:\/\/cideon-engineering.com\/ch\/mobiler-antriebspruefstand\/#breadcrumb","itemListElement":[{"@type":"ListItem","position":1,"name":"Startseite","item":"https:\/\/cideon-engineering.com\/ch\/"},{"@type":"ListItem","position":2,"name":"Mobiler Antriebspr\u00fcfstand"}]},{"@type":"WebSite","@id":"https:\/\/cideon-engineering.com\/ch\/#website","url":"https:\/\/cideon-engineering.com\/ch\/","name":"CE Cideon Engineering","description":"making mobility happen","potentialAction":[{"@type":"SearchAction","target":{"@type":"EntryPoint","urlTemplate":"https:\/\/cideon-engineering.com\/ch\/?s={search_term_string}"},"query-input":{"@type":"PropertyValueSpecification","valueRequired":true,"valueName":"search_term_string"}}],"inLanguage":"de-CH"}]}},"_links":{"self":[{"href":"https:\/\/cideon-engineering.com\/ch\/wp-json\/wp\/v2\/pages\/10031","targetHints":{"allow":["GET"]}}],"collection":[{"href":"https:\/\/cideon-engineering.com\/ch\/wp-json\/wp\/v2\/pages"}],"about":[{"href":"https:\/\/cideon-engineering.com\/ch\/wp-json\/wp\/v2\/types\/page"}],"author":[{"embeddable":true,"href":"https:\/\/cideon-engineering.com\/ch\/wp-json\/wp\/v2\/users\/8"}],"replies":[{"embeddable":true,"href":"https:\/\/cideon-engineering.com\/ch\/wp-json\/wp\/v2\/comments?post=10031"}],"version-history":[{"count":4,"href":"https:\/\/cideon-engineering.com\/ch\/wp-json\/wp\/v2\/pages\/10031\/revisions"}],"predecessor-version":[{"id":10162,"href":"https:\/\/cideon-engineering.com\/ch\/wp-json\/wp\/v2\/pages\/10031\/revisions\/10162"}],"wp:attachment":[{"href":"https:\/\/cideon-engineering.com\/ch\/wp-json\/wp\/v2\/media?parent=10031"}],"curies":[{"name":"wp","href":"https:\/\/api.w.org\/{rel}","templated":true}]}}