{"id":1490,"date":"2021-01-05T12:31:29","date_gmt":"2021-01-05T11:31:29","guid":{"rendered":"http:\/\/testsite.cideng.net\/bautzen\/"},"modified":"2025-08-06T11:00:29","modified_gmt":"2025-08-06T09:00:29","slug":"bautzen","status":"publish","type":"page","link":"https:\/\/cideon-engineering.com\/ch\/unternehmen\/standorte\/bautzen\/","title":{"rendered":"Bautzen"},"content":{"rendered":"\n<div class=\"row\"  id=\"row-1475332680\">\n\n\n\t<div id=\"col-1949491337\" class=\"col small-12 large-12\"  data-animate=\"blurIn\">\n\t\t\t\t<div class=\"col-inner\"  >\n\t\t\t\n\t\t\t\n\n\t<div id=\"gap-1012045062\" class=\"gap-element clearfix\" style=\"display:block; height:auto;\">\n\t\t\n<style>\n#gap-1012045062 {\n  padding-top: 64px;\n}\n<\/style>\n\t<\/div>\n\t\n\n<h1>Hauptsitz Bautzen<\/h1>\n<p>Der Hauptsitz von CE cideon engineering befindet sich im idyllischen Bautzen, einer historischen Stadt an der Spree. Bautzen liegt rund 50 Kilometer \u00f6stlich von Dresden und markiert den \u00dcbergang zum malerischen Lausitzer Bergland. Unser B\u00fcro ist in einer stilvollen Villa untergebracht, die den Charme der Stadt widerspiegelt. Bautzen selbst zeichnet sich durch seine gut erhaltene Altstadt, eine reiche kulturelle Tradition und eine lebendige Mischung aus Geschichte und Moderne aus.<\/p>\n\n\t<section class=\"section\" id=\"section_335737004\">\n\t\t<div class=\"section-bg fill\" >\n\t\t\t\t\t\t\t\t\t\n\t\t\t\n\n\t\t<\/div>\n\n\t\t\n\n\t\t<div class=\"section-content relative\">\n\t\t\t\n\n<div class=\"container section-title-container\" ><h2 class=\"section-title section-title-center\"><b aria-hidden=\"true\"><\/b><span class=\"section-title-main\" >Anschrift &amp; Anreise<\/span><b aria-hidden=\"true\"><\/b><\/h2><\/div>\n\n<div class=\"row\"  id=\"row-572551709\">\n\n\n\t<div id=\"col-1630997093\" class=\"col medium-6 small-12 large-6\"  >\n\t\t\t\t<div class=\"col-inner\"  >\n\t\t\t\n\t\t\t\n\n<p><strong>Anschrift<\/strong><\/p>\n<p><span class=\"LrzXr\">CE cideon engineering GmbH &amp; Co. KG<br \/>Tzschirnerstra\u00dfe 5a<br \/>02625 Bautzen<\/span><\/p>\n<p><span class=\"LrzXr zdqRlf kno-fv\"><span role=\"link\" aria-label=\"0371 774150 anrufen\">Tel.: +49 <span role=\"link\" aria-label=\"03591 374460 anrufen\">3591 374460<\/span><\/span><\/span><\/p>\n\n\t\t<\/div>\n\t\t\t\t\t<\/div>\n\n\t\n\n\t<div id=\"col-1520011697\" class=\"col medium-6 small-12 large-6\"  >\n\t\t\t\t<div class=\"col-inner\"  >\n\t\t\t\n\t\t\t\n\n<p><strong>Anreise<\/strong><\/p>\n<ul>\n<li>Fu\u00dfl\u00e4ufig zum Bautzner Bahnhof<\/li>\n<li>PKW: auf dem Gel\u00e4nde befinden sich Parkpl\u00e4tze<\/li>\n<\/ul>\n\n\t\t<\/div>\n\t\t\t\t\t<\/div>\n\n\t\n\n<\/div>\n\n\t\t<\/div>\n\n\t\t\n<style>\n#section_335737004 {\n  padding-top: 30px;\n  padding-bottom: 30px;\n}\n<\/style>\n\t<\/section>\n\t\n\n\t\t<\/div>\n\t\t\t\t\t<\/div>\n\n\t\n\n<\/div>\n\t<div id=\"gap-13308635\" class=\"gap-element clearfix\" style=\"display:block; height:auto;\">\n\t\t\n<style>\n#gap-13308635 {\n  padding-top: 30px;\n}\n<\/style>\n\t<\/div>\n\t\n\n<div class=\"row\"  id=\"row-1198474905\">\n\n\n\t<div id=\"col-1674367094\" class=\"col medium-6 small-12 large-6\"  data-animate=\"fadeInLeft\">\n\t\t\t\t<div class=\"col-inner\"  >\n\t\t\t\n\t\t\t\n\n\n\n <div class=\"brlbs-cmpnt-container brlbs-cmpnt-content-blocker brlbs-cmpnt-with-individual-styles\" data-borlabs-cookie-content-blocker-id=\"google-maps\" data-borlabs-cookie-content=\"PGlmcmFtZSBzcmM9Imh0dHBzOi8vd3d3Lmdvb2dsZS5jb20vbWFwcy9lbWJlZD9wYj0hMW0xOCExbTEyITFtMyExZDI1MDEuMzY5OTg2MDI0MjI4ITJkMTQuNDI0MTA1MDc2ODg0MSEzZDUxLjE3NTQwMzMzNDkwMjA0ITJtMyExZjAhMmYwITNmMCEzbTIhMWkxMDI0ITJpNzY4ITRmMTMuMSEzbTMhMW0yITFzMHg0NzA4NTU4M2ZiYzRmZjNiJTNBMHhkODlmMGMzNDAyNDFlODkzITJzQ0UlMjBjaWRlb24lMjBlbmdpbmVlcmluZyUyMEdtYkglMjAlMjYlMjBDby4lMjBLRyE1ZTAhM20yITFzZW4hMnNkZSE0djE3MzI3MDEzOTY1NzUhNW0yITFzZW4hMnNkZSIgd2lkdGg9IjYwMCIgaGVpZ2h0PSI0NTAiIHN0eWxlPSJib3JkZXI6MDsiIGFsbG93ZnVsbHNjcmVlbj0iIiBsb2FkaW5nPSJsYXp5IiByZWZlcnJlcnBvbGljeT0ibm8tcmVmZXJyZXItd2hlbi1kb3duZ3JhZGUiPjwvaWZyYW1lPg==\"><div class=\"brlbs-cmpnt-cb-preset-b brlbs-cmpnt-cb-google-maps\"> <div class=\"brlbs-cmpnt-cb-thumbnail\" style=\"background-image: url('https:\/\/cideon-engineering.com\/wp-content\/uploads\/borlabs-cookie\/1\/brlbs-cb-google-maps-main.png')\"><\/div> <div class=\"brlbs-cmpnt-cb-main\"> <div class=\"brlbs-cmpnt-cb-content\"> <p class=\"brlbs-cmpnt-cb-description\">You are currently viewing a placeholder content from <strong>Google Maps<\/strong>. To access the actual content, click the button below. Please note that doing so will share data with third-party providers.<\/p> <a class=\"brlbs-cmpnt-cb-provider-toggle\" href=\"#\" data-borlabs-cookie-show-provider-information role=\"button\">More Information<\/a> <\/div> <div class=\"brlbs-cmpnt-cb-buttons\"> <a class=\"brlbs-cmpnt-cb-btn\" href=\"#\" data-borlabs-cookie-unblock role=\"button\">Unblock content<\/a> <a class=\"brlbs-cmpnt-cb-btn\" href=\"#\" data-borlabs-cookie-accept-service role=\"button\" style=\"display: none\">Accept required service and unblock content<\/a> <\/div> <\/div> <\/div><\/div>\n\n\n\t\t<\/div>\n\t\t\t\t\t<\/div>\n\n\t\n\n\t<div id=\"col-788770809\" class=\"col medium-6 small-12 large-6\"  >\n\t\t\t\t<div class=\"col-inner\"  >\n\t\t\t\n\t\t\t\n\n\t<div class=\"img has-hover x md-x lg-x y md-y lg-y\" id=\"image_1747979844\">\n\t\t\t\t\t\t<div data-animate=\"fadeInLeft\">\t\t<div class=\"img-inner image-cover dark\" style=\"padding-top:75%;\">\n\t\t\t<img loading=\"lazy\" decoding=\"async\" width=\"2560\" height=\"1714\" src=\"https:\/\/cideon-engineering.com\/wp-content\/uploads\/2021\/01\/Bautzen-scaled.jpg\" class=\"attachment-original size-original\" alt=\"\" srcset=\"https:\/\/cideon-engineering.com\/wp-content\/uploads\/2021\/01\/Bautzen-scaled.jpg 2560w, https:\/\/cideon-engineering.com\/wp-content\/uploads\/2021\/01\/Bautzen-300x201.jpg 300w, https:\/\/cideon-engineering.com\/wp-content\/uploads\/2021\/01\/Bautzen-1024x685.jpg 1024w, https:\/\/cideon-engineering.com\/wp-content\/uploads\/2021\/01\/Bautzen-768x514.jpg 768w, https:\/\/cideon-engineering.com\/wp-content\/uploads\/2021\/01\/Bautzen-1536x1028.jpg 1536w, https:\/\/cideon-engineering.com\/wp-content\/uploads\/2021\/01\/Bautzen-2048x1371.jpg 2048w\" sizes=\"auto, (max-width: 2560px) 100vw, 2560px\" \/>\t\t\t\t\t\t\n\t\t\t\t\t<\/div>\n\t\t<\/div>\t\t\t\t\t\t\n<style>\n#image_1747979844 {\n  width: 100%;\n}\n<\/style>\n\t<\/div>\n\t\n\n\n\t\t<\/div>\n\t\t\t\t\t<\/div>\n\n\t\n\n<\/div>\n\n\t<section class=\"section\" id=\"section_1298745527\">\n\t\t<div class=\"section-bg fill\" >\n\t\t\t\t\t\t\t\t\t\n\t\t\t\n\n\t\t<\/div>\n\n\t\t\n\n\t\t<div class=\"section-content relative\">\n\t\t\t\n\n\t<div id=\"gap-557243881\" class=\"gap-element clearfix\" style=\"display:block; height:auto;\">\n\t\t\n<style>\n#gap-557243881 {\n  padding-top: 30px;\n}\n<\/style>\n\t<\/div>\n\t\n\n\n\t\t<\/div>\n\n\t\t\n<style>\n#section_1298745527 {\n  padding-top: 30px;\n  padding-bottom: 30px;\n}\n<\/style>\n\t<\/section>\n\t\n<div class=\"row\"  id=\"row-1056496342\">\n\n\n\t<div id=\"col-1114433966\" class=\"col small-12 large-12\"  data-animate=\"blurIn\">\n\t\t\t\t<div class=\"col-inner\"  >\n\t\t\t\n\t\t\t\n\n<div class=\"container section-title-container\" ><h2 class=\"section-title section-title-center\"><b aria-hidden=\"true\"><\/b><span class=\"section-title-main\" >Ansprechpartner vor Ort<\/span><b aria-hidden=\"true\"><\/b><\/h2><\/div>\n\n\n\t\t<\/div>\n\t\t\t\t\t<\/div>\n\n\t\n\n<\/div>\n<div class=\"row\"  id=\"row-1315546659\">\n\n\n\t<div id=\"col-745197670\" class=\"col medium-6 small-12 large-6\"  data-animate=\"fadeInLeft\">\n\t\t\t\t<div class=\"col-inner\"  >\n\t\t\t\n\t\t\t\n\n\t<div class=\"box has-hover   has-hover box-text-bottom\" >\n\n\t\t<div class=\"box-image\" >\n\t\t\t\t\t\t<div class=\"\" >\n\t\t\t\t<img loading=\"lazy\" decoding=\"async\" width=\"1280\" height=\"853\" src=\"https:\/\/cideon-engineering.com\/wp-content\/uploads\/2020\/11\/Salomo.jpg\" class=\"attachment- size-\" alt=\"\" srcset=\"https:\/\/cideon-engineering.com\/wp-content\/uploads\/2020\/11\/Salomo.jpg 1280w, https:\/\/cideon-engineering.com\/wp-content\/uploads\/2020\/11\/Salomo-300x200.jpg 300w, https:\/\/cideon-engineering.com\/wp-content\/uploads\/2020\/11\/Salomo-1024x682.jpg 1024w, https:\/\/cideon-engineering.com\/wp-content\/uploads\/2020\/11\/Salomo-768x512.jpg 768w\" sizes=\"auto, (max-width: 1280px) 100vw, 1280px\" \/>\t\t\t\t\t\t\t\t\t\t\t<\/div>\n\t\t\t\t\t<\/div>\n\n\t\t<div class=\"box-text text-center\" >\n\t\t\t<div class=\"box-text-inner\">\n\t\t\t\t\n\n<h4>Heiner Salomo<\/h4>\n<p>Vertrieb International<br \/><a href=\"mailto:sales@cideon-engineering.com\">sales@cideon-engineering.com<\/a><\/p>\n\n\t\t\t<\/div>\n\t\t<\/div>\n\t<\/div>\n\t\n\n\t\t<\/div>\n\t\t\t\t\t<\/div>\n\n\t\n\n\t<div id=\"col-191834497\" class=\"col medium-6 small-12 large-6\"  data-animate=\"fadeInLeft\">\n\t\t\t\t<div class=\"col-inner\"  >\n\t\t\t\n\t\t\t\n\n\t<div class=\"box has-hover   has-hover box-text-bottom\" >\n\n\t\t<div class=\"box-image\" >\n\t\t\t\t\t\t<div class=\"\" >\n\t\t\t\t<img loading=\"lazy\" decoding=\"async\" width=\"1280\" height=\"853\" src=\"https:\/\/cideon-engineering.com\/wp-content\/uploads\/2020\/12\/TiloMey.jpg\" class=\"attachment- size-\" alt=\"\" srcset=\"https:\/\/cideon-engineering.com\/wp-content\/uploads\/2020\/12\/TiloMey.jpg 1280w, https:\/\/cideon-engineering.com\/wp-content\/uploads\/2020\/12\/TiloMey-300x200.jpg 300w, https:\/\/cideon-engineering.com\/wp-content\/uploads\/2020\/12\/TiloMey-1024x682.jpg 1024w, https:\/\/cideon-engineering.com\/wp-content\/uploads\/2020\/12\/TiloMey-768x512.jpg 768w\" sizes=\"auto, (max-width: 1280px) 100vw, 1280px\" \/>\t\t\t\t\t\t\t\t\t\t\t<\/div>\n\t\t\t\t\t<\/div>\n\n\t\t<div class=\"box-text text-center\" >\n\t\t\t<div class=\"box-text-inner\">\n\t\t\t\t\n\n<h4>Tilo Mey<\/h4>\n<p>Leiter Engineering-Services<br \/><a href=\"mailto:sales@cideon-engineering.com\">sales@cideon-engineering.com<\/a><\/p>\n\n\t\t\t<\/div>\n\t\t<\/div>\n\t<\/div>\n\t\n\n\t\t<\/div>\n\t\t\t\t\t<\/div>\n\n\t\n\n<\/div>\n<div class=\"row\"  id=\"row-1854170767\">\n\n\n\t<div id=\"col-79273732\" class=\"col small-12 large-12\"  data-animate=\"blurIn\">\n\t\t\t\t<div class=\"col-inner\"  >\n\t\t\t\n\t\t\t\n\n\n\t<section class=\"section\" id=\"section_2064559062\">\n\t\t<div class=\"section-bg fill\" >\n\t\t\t\t\t\t\t\t\t\n\t\t\t\n\n\t\t<\/div>\n\n\t\t\n\n\t\t<div class=\"section-content relative\">\n\t\t\t\n\n\t<div id=\"gap-1702570276\" class=\"gap-element clearfix\" style=\"display:block; height:auto;\">\n\t\t\n<style>\n#gap-1702570276 {\n  padding-top: 30px;\n}\n<\/style>\n\t<\/div>\n\t\n\n\n\t\t<\/div>\n\n\t\t\n<style>\n#section_2064559062 {\n  padding-top: 30px;\n  padding-bottom: 30px;\n}\n<\/style>\n\t<\/section>\n\t\n\n\t\t<\/div>\n\t\t\t\t\t<\/div>\n\n\t\n\n<\/div>\n\n","protected":false},"excerpt":{"rendered":"","protected":false},"author":8,"featured_media":0,"parent":1491,"menu_order":0,"comment_status":"closed","ping_status":"closed","template":"","meta":{"content-type":"","inline_featured_image":false,"footnotes":""},"class_list":["post-1490","page","type-page","status-publish","hentry"],"yoast_head":"<!-- This site is optimized with the Yoast SEO plugin v26.9 - https:\/\/yoast.com\/product\/yoast-seo-wordpress\/ -->\n<title>Bautzen - CE Cideon Engineering<\/title>\n<meta name=\"robots\" content=\"index, follow, max-snippet:-1, max-image-preview:large, max-video-preview:-1\" \/>\n<link rel=\"canonical\" href=\"https:\/\/cideon-engineering.com\/ch\/unternehmen\/standorte\/bautzen\/\" \/>\n<meta property=\"og:locale\" content=\"de_DE\" \/>\n<meta property=\"og:type\" content=\"article\" \/>\n<meta property=\"og:title\" content=\"Bautzen - CE Cideon Engineering\" \/>\n<meta property=\"og:url\" content=\"https:\/\/cideon-engineering.com\/ch\/unternehmen\/standorte\/bautzen\/\" \/>\n<meta property=\"og:site_name\" content=\"CE Cideon Engineering\" \/>\n<meta property=\"article:modified_time\" content=\"2025-08-06T09:00:29+00:00\" \/>\n<meta name=\"twitter:card\" content=\"summary_large_image\" \/>\n<meta name=\"twitter:label1\" content=\"Gesch\u00e4tzte Lesezeit\" \/>\n\t<meta name=\"twitter:data1\" content=\"2\u00a0Minuten\" \/>\n<script type=\"application\/ld+json\" class=\"yoast-schema-graph\">{\"@context\":\"https:\/\/schema.org\",\"@graph\":[{\"@type\":\"WebPage\",\"@id\":\"https:\/\/cideon-engineering.com\/ch\/unternehmen\/standorte\/bautzen\/\",\"url\":\"https:\/\/cideon-engineering.com\/ch\/unternehmen\/standorte\/bautzen\/\",\"name\":\"Bautzen - CE Cideon Engineering\",\"isPartOf\":{\"@id\":\"https:\/\/cideon-engineering.com\/ch\/#website\"},\"datePublished\":\"2021-01-05T11:31:29+00:00\",\"dateModified\":\"2025-08-06T09:00:29+00:00\",\"breadcrumb\":{\"@id\":\"https:\/\/cideon-engineering.com\/ch\/unternehmen\/standorte\/bautzen\/#breadcrumb\"},\"inLanguage\":\"de-CH\",\"potentialAction\":[{\"@type\":\"ReadAction\",\"target\":[\"https:\/\/cideon-engineering.com\/ch\/unternehmen\/standorte\/bautzen\/\"]}]},{\"@type\":\"BreadcrumbList\",\"@id\":\"https:\/\/cideon-engineering.com\/ch\/unternehmen\/standorte\/bautzen\/#breadcrumb\",\"itemListElement\":[{\"@type\":\"ListItem\",\"position\":1,\"name\":\"Startseite\",\"item\":\"https:\/\/cideon-engineering.com\/ch\/unternehmen\/\"},{\"@type\":\"ListItem\",\"position\":2,\"name\":\"Startseite\",\"item\":\"https:\/\/cideon-engineering.com\/ch\/unternehmen\/\"},{\"@type\":\"ListItem\",\"position\":3,\"name\":\"Standorte\",\"item\":\"https:\/\/cideon-engineering.com\/ch\/unternehmen\/standorte\/\"},{\"@type\":\"ListItem\",\"position\":4,\"name\":\"Bautzen\"}]},{\"@type\":\"WebSite\",\"@id\":\"https:\/\/cideon-engineering.com\/ch\/#website\",\"url\":\"https:\/\/cideon-engineering.com\/ch\/\",\"name\":\"CE Cideon Engineering\",\"description\":\"making mobility happen\",\"potentialAction\":[{\"@type\":\"SearchAction\",\"target\":{\"@type\":\"EntryPoint\",\"urlTemplate\":\"https:\/\/cideon-engineering.com\/ch\/?s={search_term_string}\"},\"query-input\":{\"@type\":\"PropertyValueSpecification\",\"valueRequired\":true,\"valueName\":\"search_term_string\"}}],\"inLanguage\":\"de-CH\"}]}<\/script>\n<!-- \/ Yoast SEO plugin. -->","yoast_head_json":{"title":"Bautzen - CE Cideon Engineering","robots":{"index":"index","follow":"follow","max-snippet":"max-snippet:-1","max-image-preview":"max-image-preview:large","max-video-preview":"max-video-preview:-1"},"canonical":"https:\/\/cideon-engineering.com\/ch\/unternehmen\/standorte\/bautzen\/","og_locale":"de_DE","og_type":"article","og_title":"Bautzen - CE Cideon Engineering","og_url":"https:\/\/cideon-engineering.com\/ch\/unternehmen\/standorte\/bautzen\/","og_site_name":"CE Cideon Engineering","article_modified_time":"2025-08-06T09:00:29+00:00","twitter_card":"summary_large_image","twitter_misc":{"Gesch\u00e4tzte Lesezeit":"2\u00a0Minuten"},"schema":{"@context":"https:\/\/schema.org","@graph":[{"@type":"WebPage","@id":"https:\/\/cideon-engineering.com\/ch\/unternehmen\/standorte\/bautzen\/","url":"https:\/\/cideon-engineering.com\/ch\/unternehmen\/standorte\/bautzen\/","name":"Bautzen - CE Cideon Engineering","isPartOf":{"@id":"https:\/\/cideon-engineering.com\/ch\/#website"},"datePublished":"2021-01-05T11:31:29+00:00","dateModified":"2025-08-06T09:00:29+00:00","breadcrumb":{"@id":"https:\/\/cideon-engineering.com\/ch\/unternehmen\/standorte\/bautzen\/#breadcrumb"},"inLanguage":"de-CH","potentialAction":[{"@type":"ReadAction","target":["https:\/\/cideon-engineering.com\/ch\/unternehmen\/standorte\/bautzen\/"]}]},{"@type":"BreadcrumbList","@id":"https:\/\/cideon-engineering.com\/ch\/unternehmen\/standorte\/bautzen\/#breadcrumb","itemListElement":[{"@type":"ListItem","position":1,"name":"Startseite","item":"https:\/\/cideon-engineering.com\/ch\/unternehmen\/"},{"@type":"ListItem","position":2,"name":"Startseite","item":"https:\/\/cideon-engineering.com\/ch\/unternehmen\/"},{"@type":"ListItem","position":3,"name":"Standorte","item":"https:\/\/cideon-engineering.com\/ch\/unternehmen\/standorte\/"},{"@type":"ListItem","position":4,"name":"Bautzen"}]},{"@type":"WebSite","@id":"https:\/\/cideon-engineering.com\/ch\/#website","url":"https:\/\/cideon-engineering.com\/ch\/","name":"CE Cideon Engineering","description":"making mobility happen","potentialAction":[{"@type":"SearchAction","target":{"@type":"EntryPoint","urlTemplate":"https:\/\/cideon-engineering.com\/ch\/?s={search_term_string}"},"query-input":{"@type":"PropertyValueSpecification","valueRequired":true,"valueName":"search_term_string"}}],"inLanguage":"de-CH"}]}},"_links":{"self":[{"href":"https:\/\/cideon-engineering.com\/ch\/wp-json\/wp\/v2\/pages\/1490","targetHints":{"allow":["GET"]}}],"collection":[{"href":"https:\/\/cideon-engineering.com\/ch\/wp-json\/wp\/v2\/pages"}],"about":[{"href":"https:\/\/cideon-engineering.com\/ch\/wp-json\/wp\/v2\/types\/page"}],"author":[{"embeddable":true,"href":"https:\/\/cideon-engineering.com\/ch\/wp-json\/wp\/v2\/users\/8"}],"replies":[{"embeddable":true,"href":"https:\/\/cideon-engineering.com\/ch\/wp-json\/wp\/v2\/comments?post=1490"}],"version-history":[{"count":25,"href":"https:\/\/cideon-engineering.com\/ch\/wp-json\/wp\/v2\/pages\/1490\/revisions"}],"predecessor-version":[{"id":10890,"href":"https:\/\/cideon-engineering.com\/ch\/wp-json\/wp\/v2\/pages\/1490\/revisions\/10890"}],"up":[{"embeddable":true,"href":"https:\/\/cideon-engineering.com\/ch\/wp-json\/wp\/v2\/pages\/1491"}],"wp:attachment":[{"href":"https:\/\/cideon-engineering.com\/ch\/wp-json\/wp\/v2\/media?parent=1490"}],"curies":[{"name":"wp","href":"https:\/\/api.w.org\/{rel}","templated":true}]}}