{"id":1491,"date":"2021-01-04T12:27:18","date_gmt":"2021-01-04T11:27:18","guid":{"rendered":"http:\/\/testsite.cideng.net\/startseite\/standorte\/"},"modified":"2026-03-31T08:33:22","modified_gmt":"2026-03-31T06:33:22","slug":"standorte","status":"publish","type":"page","link":"https:\/\/cideon-engineering.com\/ch\/unternehmen\/standorte\/","title":{"rendered":"Standorte"},"content":{"rendered":"\n<div class=\"row\"  id=\"row-51796609\">\n\n\n\t<div id=\"col-935155137\" class=\"col small-12 large-12\"  >\n\t\t\t\t<div class=\"col-inner\"  >\n\t\t\t\n\t\t\t\n\n\t<div id=\"gap-1255530586\" class=\"gap-element clearfix\" style=\"display:block; height:auto;\">\n\t\t\n<style>\n#gap-1255530586 {\n  padding-top: 64px;\n}\n<\/style>\n\t<\/div>\n\t\n\n<div class=\"row\"  id=\"row-693804238\">\n\n\n\t<div id=\"col-1603250645\" class=\"col small-12 large-12\"  >\n\t\t\t\t<div class=\"col-inner\"  >\n\t\t\t\n\t\t\t\n\n<div class=\"container section-title-container\" ><h1 class=\"section-title section-title-center\"><b aria-hidden=\"true\"><\/b><span class=\"section-title-main\" >standorte<\/span><b aria-hidden=\"true\"><\/b><\/h1><\/div>\n\n\n\t\t<\/div>\n\t\t\t\t\t<\/div>\n\n\t\n\n<\/div>\n<p>An unseren Standorten in<strong> <a href=\"https:\/\/cideon-engineering.com\/de\/unternehmen\/standorte\/bautzen\/\">Bautzen<\/a><\/strong>,<strong> <a href=\"https:\/\/cideon-engineering.com\/de\/unternehmen\/standorte\/chemnitz\/\">Chemnitz<\/a><\/strong>, <strong><a href=\"https:\/\/cideon-engineering.com\/de\/unternehmen\/standorte\/dresden\/\">Dresden<\/a><\/strong>, <strong><a href=\"https:\/\/cideon-engineering.com\/de\/unternehmen\/standorte\/leipzig\/\">Leipzig<\/a>, <a href=\"https:\/\/cideon-engineering.com\/de\/unternehmen\/standorte\/wiesbaden\/\">Wiesbaden<\/a><\/strong> und<a href=\"https:\/\/cideon-engineering.com\/de\/standort-basel\/\"><strong> Basel<\/strong> <\/a>arbeitet unser engagiertes Team erfahrener Spezialisten, das h\u00f6chste Kompetenz mit langj\u00e4hriger Praxiserfahrung verbindet. Von diesen Standorten aus begleiten wir unsere Kunden eng und entwickeln gemeinsam innovative, ma\u00dfgeschneiderte L\u00f6sungen, die pr\u00e4zise auf individuelle Anforderungen abgestimmt sind. Dabei legen wir gro\u00dfen Wert auf Pr\u00e4zision, Zuverl\u00e4ssigkeit und eine vertrauensvolle Zusammenarbeit, um nachhaltige Erfolge zu erzielen.<\/p>\n\n\t\t<\/div>\n\t\t\t\t\t<\/div>\n\n\t\n\n<\/div>\n\t<div id=\"gap-358371995\" class=\"gap-element clearfix\" style=\"display:block; height:auto;\">\n\t\t\n<style>\n#gap-358371995 {\n  padding-top: 31px;\n}\n<\/style>\n\t<\/div>\n\t\n\n<div class=\"row\"  id=\"row-1769356281\">\n\n\n\t<div id=\"col-2137966969\" class=\"col medium-6 small-12 large-6\"  >\n\t\t\t\t<div class=\"col-inner text-left\"  >\n\t\t\t\n\t\t\t\n\n\n\n<svg style=\"width:100%\" xmlns=\"http:\/\/www.w3.org\/2000\/svg\" xmlns:xlink=\"http:\/\/www.w3.org\/1999\/xlink\" viewBox=\"0 0 2344 3169\">\n<style>\n.image-mapper-shape {\n    fill: rgba(0, 0, 0, 0);\n}\ng:hover .image-mapper-shape {\n    stroke: white;\n    stroke-width: 2px;\n    opacity: 20%;\n}\n<\/style>\n        \n<image xlink:href=\"https:\/\/cideon-engineering.com\/wp-content\/uploads\/2025\/07\/DACH-Karte-Cideon_2_neu-scaled.jpg\" style=\"width: 2344px;\"><\/image>\n<a xlink:href=\"https:\/\/cideon-engineering.com\/de\/unternehmen\/standorte\/bautzen\/\" target=\"_self\" xlink:title=\"Bautzen\">\n<g>\n<circle cx=\"2161.46628679962\" cy=\"1271.0579297245963\" r=\"55.828319966077\" class=\"image-mapper-shape\" data-index=\"1\"><\/circle>\n<\/g>\n<\/a>\n<a xlink:href=\"https:\/\/cideon-engineering.com\/de\/unternehmen\/standorte\/dresden\/\" target=\"_self\" xlink:title=\"Dresden\">\n<g>\n<circle cx=\"1992.2886989553656\" cy=\"1355.6467236467238\" r=\"57.79086360226318\" class=\"image-mapper-shape\" data-index=\"2\"><\/circle>\n<\/g>\n<\/a>\n<a xlink:href=\"https:\/\/cideon-engineering.com\/de\/unternehmen\/standorte\/chemnitz\/\" target=\"_self\" xlink:title=\"Chemnitz\">\n<g>\n<circle cx=\"1818.6590693257358\" cy=\"1446.9135802469136\" r=\"67.37161729874286\" class=\"image-mapper-shape\" data-index=\"3\"><\/circle>\n<\/g>\n<\/a>\n<a xlink:href=\"https:\/\/cideon-engineering.com\/de\/unternehmen\/standorte\/leipzig\/\" target=\"_self\" xlink:title=\"Leipzig\">\n<g>\n<circle cx=\"1700.6799620132954\" cy=\"1233.2155745489079\" r=\"63.35366526012542\" class=\"image-mapper-shape\" data-index=\"4\"><\/circle>\n<\/g>\n<\/a>\n<a xlink:href=\"https:\/\/cideon-engineering.com\/de\/standort-basel\/\" target=\"_self\" xlink:title=\"Basel\">\n<g>\n<circle cx=\"549.8271604938271\" cy=\"2591.088319088319\" r=\"63.66575416980063\" class=\"image-mapper-shape\" data-index=\"6\"><\/circle>\n<\/g>\n<\/a>\n<a xlink:href=\"https:\/\/cideon-engineering.com\/de\/unternehmen\/standorte\/wiesbaden\/\" target=\"_self\" xlink:title=\"Wiesbaden\">\n<g>\n<circle cx=\"699.8271604938271\" cy=\"1642.088319088319\" r=\"63.66575416980063\" class=\"image-mapper-shape\" data-index=\"7\"><\/circle>\n<\/g>\n<\/a>\n<\/svg>\n\n\n\t\t<\/div>\n\t\t\t\t\t<\/div>\n\n\t\n\n\t<div id=\"col-234395220\" class=\"col medium-6 small-12 large-6\"  data-animate=\"fadeInLeft\">\n\t\t\t\t<div class=\"col-inner\"  >\n\t\t\t\n\t\t\t\n\n\t<div id=\"gap-630776346\" class=\"gap-element clearfix\" style=\"display:block; height:auto;\">\n\t\t\n<style>\n#gap-630776346 {\n  padding-top: 10%;\n}\n@media (min-width:550px) {\n  #gap-630776346 {\n    padding-top: 27%;\n  }\n}\n<\/style>\n\t<\/div>\n\t\n\n<h2 class=\"uppercase\"><span style=\"color: #2f4875;\">6 Standorte<\/span><\/h2>\n<h2 class=\"uppercase\"><span style=\"color: #2f4875;\">130 Mitarbeiter<\/span><\/h2>\n<h2 class=\"uppercase\"><span style=\"color: #2f4875;\">12 Mio \u20ac Jahresumsatz<\/span><\/h2>\n\n\t\t<\/div>\n\t\t\t\t\t<\/div>\n\n\t\n\n<\/div>\n<div class=\"row\"  id=\"row-1178855774\">\n\n\n\t<div id=\"col-137788942\" class=\"col small-12 large-12\"  >\n\t\t\t\t<div class=\"col-inner\"  >\n\t\t\t\n\t\t\t\n\n\t<div id=\"gap-1683773645\" class=\"gap-element clearfix\" style=\"display:block; height:auto;\">\n\t\t\n<style>\n#gap-1683773645 {\n  padding-top: 60px;\n}\n<\/style>\n\t<\/div>\n\t\n\n<div class=\"container section-title-container\" ><h2 class=\"section-title section-title-center\"><b aria-hidden=\"true\"><\/b><span class=\"section-title-main\" >Ansprechpartner<\/span><b aria-hidden=\"true\"><\/b><\/h2><\/div>\n\n<div class=\"row\"  id=\"row-1445190084\">\n\n\n\t<div id=\"col-1014513148\" class=\"col medium-6 small-12 large-6\"  >\n\t\t\t\t<div class=\"col-inner\"  >\n\t\t\t\n\t\t\t\n\n\t<div class=\"box has-hover   has-hover box-text-bottom\" >\n\n\t\t<div class=\"box-image\" style=\"width:90%;\">\n\t\t\t\t\t\t<div class=\"\" >\n\t\t\t\t<img loading=\"lazy\" decoding=\"async\" width=\"1280\" height=\"853\" src=\"https:\/\/cideon-engineering.com\/wp-content\/uploads\/2020\/12\/MarkusKleber.jpg\" class=\"attachment- size-\" alt=\"\" srcset=\"https:\/\/cideon-engineering.com\/wp-content\/uploads\/2020\/12\/MarkusKleber.jpg 1280w, https:\/\/cideon-engineering.com\/wp-content\/uploads\/2020\/12\/MarkusKleber-300x200.jpg 300w, https:\/\/cideon-engineering.com\/wp-content\/uploads\/2020\/12\/MarkusKleber-1024x682.jpg 1024w, https:\/\/cideon-engineering.com\/wp-content\/uploads\/2020\/12\/MarkusKleber-768x512.jpg 768w\" sizes=\"auto, (max-width: 1280px) 100vw, 1280px\" \/>\t\t\t\t\t\t\t\t\t\t\t<\/div>\n\t\t\t\t\t<\/div>\n\n\t\t<div class=\"box-text text-center\" >\n\t\t\t<div class=\"box-text-inner\">\n\t\t\t\t\n\n<p><strong>Markus Kleber<\/strong><br \/>Vertrieb DACH<\/p>\n<hr \/>\n<p>E-Mail: <a href=\"mailto:sales@cideon-engineering.com\"><strong>sales@cideon-engineering.com<\/strong><\/a><\/p>\n\n\t\t\t<\/div>\n\t\t<\/div>\n\t<\/div>\n\t\n\n\t\t<\/div>\n\t\t\t\t\t<\/div>\n\n\t\n\n\t<div id=\"col-544029216\" class=\"col medium-6 small-12 large-6\"  >\n\t\t\t\t<div class=\"col-inner\"  >\n\t\t\t\n\t\t\t\n\n\t<div class=\"box has-hover   has-hover box-text-bottom\" >\n\n\t\t<div class=\"box-image\" style=\"width:90%;\">\n\t\t\t\t\t\t<div class=\"\" >\n\t\t\t\t<img loading=\"lazy\" decoding=\"async\" width=\"1280\" height=\"853\" src=\"https:\/\/cideon-engineering.com\/wp-content\/uploads\/2020\/12\/MartinSchreiber.jpg\" class=\"attachment- size-\" alt=\"\" srcset=\"https:\/\/cideon-engineering.com\/wp-content\/uploads\/2020\/12\/MartinSchreiber.jpg 1280w, https:\/\/cideon-engineering.com\/wp-content\/uploads\/2020\/12\/MartinSchreiber-300x200.jpg 300w, https:\/\/cideon-engineering.com\/wp-content\/uploads\/2020\/12\/MartinSchreiber-1024x682.jpg 1024w, https:\/\/cideon-engineering.com\/wp-content\/uploads\/2020\/12\/MartinSchreiber-768x512.jpg 768w\" sizes=\"auto, (max-width: 1280px) 100vw, 1280px\" \/>\t\t\t\t\t\t\t\t\t\t\t<\/div>\n\t\t\t\t\t<\/div>\n\n\t\t<div class=\"box-text text-center\" >\n\t\t\t<div class=\"box-text-inner\">\n\t\t\t\t\n\n<p><strong>Martin Schreiber<\/strong><br \/>Leiter Vertrieb Schweiz<\/p>\n<hr \/>\n<p>E-Mail: <strong><a href=\"mailto:info-ch@cideon-engineering.com\">info-ch@cideon-engineering.com<\/a><\/strong><\/p>\n\n\t\t\t<\/div>\n\t\t<\/div>\n\t<\/div>\n\t\n\n\t\t<\/div>\n\t\t\t\t\t<\/div>\n\n\t\n\n<\/div>\n\n\t\t<\/div>\n\t\t\t\t\t<\/div>\n\n\t\n\n<\/div>\n\t<div id=\"gap-257116789\" class=\"gap-element clearfix\" style=\"display:block; height:auto;\">\n\t\t\n<style>\n#gap-257116789 {\n  padding-top: 30px;\n}\n<\/style>\n\t<\/div>\n\t\n\n\n","protected":false},"excerpt":{"rendered":"","protected":false},"author":8,"featured_media":0,"parent":451,"menu_order":0,"comment_status":"closed","ping_status":"closed","template":"","meta":{"content-type":"","inline_featured_image":false,"footnotes":""},"class_list":["post-1491","page","type-page","status-publish","hentry"],"yoast_head":"<!-- This site is optimized with the Yoast SEO plugin v26.9 - https:\/\/yoast.com\/product\/yoast-seo-wordpress\/ -->\n<title>Standorte - CE Cideon Engineering<\/title>\n<meta name=\"robots\" content=\"index, follow, max-snippet:-1, max-image-preview:large, max-video-preview:-1\" \/>\n<link rel=\"canonical\" href=\"https:\/\/cideon-engineering.com\/ch\/unternehmen\/standorte\/\" \/>\n<meta property=\"og:locale\" content=\"de_DE\" \/>\n<meta property=\"og:type\" content=\"article\" \/>\n<meta property=\"og:title\" content=\"Standorte - CE Cideon Engineering\" \/>\n<meta property=\"og:url\" content=\"https:\/\/cideon-engineering.com\/ch\/unternehmen\/standorte\/\" \/>\n<meta property=\"og:site_name\" content=\"CE Cideon Engineering\" \/>\n<meta property=\"article:modified_time\" content=\"2026-03-31T06:33:22+00:00\" \/>\n<meta name=\"twitter:card\" content=\"summary_large_image\" \/>\n<meta name=\"twitter:label1\" content=\"Gesch\u00e4tzte Lesezeit\" \/>\n\t<meta name=\"twitter:data1\" content=\"1\u00a0Minute\" \/>\n<script type=\"application\/ld+json\" class=\"yoast-schema-graph\">{\"@context\":\"https:\/\/schema.org\",\"@graph\":[{\"@type\":\"WebPage\",\"@id\":\"https:\/\/cideon-engineering.com\/ch\/unternehmen\/standorte\/\",\"url\":\"https:\/\/cideon-engineering.com\/ch\/unternehmen\/standorte\/\",\"name\":\"Standorte - CE Cideon Engineering\",\"isPartOf\":{\"@id\":\"https:\/\/cideon-engineering.com\/ch\/#website\"},\"datePublished\":\"2021-01-04T11:27:18+00:00\",\"dateModified\":\"2026-03-31T06:33:22+00:00\",\"breadcrumb\":{\"@id\":\"https:\/\/cideon-engineering.com\/ch\/unternehmen\/standorte\/#breadcrumb\"},\"inLanguage\":\"de-CH\",\"potentialAction\":[{\"@type\":\"ReadAction\",\"target\":[\"https:\/\/cideon-engineering.com\/ch\/unternehmen\/standorte\/\"]}]},{\"@type\":\"BreadcrumbList\",\"@id\":\"https:\/\/cideon-engineering.com\/ch\/unternehmen\/standorte\/#breadcrumb\",\"itemListElement\":[{\"@type\":\"ListItem\",\"position\":1,\"name\":\"Startseite\",\"item\":\"https:\/\/cideon-engineering.com\/ch\/\"},{\"@type\":\"ListItem\",\"position\":2,\"name\":\"Startseite\",\"item\":\"https:\/\/cideon-engineering.com\/ch\/\"},{\"@type\":\"ListItem\",\"position\":3,\"name\":\"Standorte\"}]},{\"@type\":\"WebSite\",\"@id\":\"https:\/\/cideon-engineering.com\/ch\/#website\",\"url\":\"https:\/\/cideon-engineering.com\/ch\/\",\"name\":\"CE Cideon Engineering\",\"description\":\"making mobility happen\",\"potentialAction\":[{\"@type\":\"SearchAction\",\"target\":{\"@type\":\"EntryPoint\",\"urlTemplate\":\"https:\/\/cideon-engineering.com\/ch\/?s={search_term_string}\"},\"query-input\":{\"@type\":\"PropertyValueSpecification\",\"valueRequired\":true,\"valueName\":\"search_term_string\"}}],\"inLanguage\":\"de-CH\"}]}<\/script>\n<!-- \/ Yoast SEO plugin. -->","yoast_head_json":{"title":"Standorte - CE Cideon Engineering","robots":{"index":"index","follow":"follow","max-snippet":"max-snippet:-1","max-image-preview":"max-image-preview:large","max-video-preview":"max-video-preview:-1"},"canonical":"https:\/\/cideon-engineering.com\/ch\/unternehmen\/standorte\/","og_locale":"de_DE","og_type":"article","og_title":"Standorte - CE Cideon Engineering","og_url":"https:\/\/cideon-engineering.com\/ch\/unternehmen\/standorte\/","og_site_name":"CE Cideon Engineering","article_modified_time":"2026-03-31T06:33:22+00:00","twitter_card":"summary_large_image","twitter_misc":{"Gesch\u00e4tzte Lesezeit":"1\u00a0Minute"},"schema":{"@context":"https:\/\/schema.org","@graph":[{"@type":"WebPage","@id":"https:\/\/cideon-engineering.com\/ch\/unternehmen\/standorte\/","url":"https:\/\/cideon-engineering.com\/ch\/unternehmen\/standorte\/","name":"Standorte - CE Cideon Engineering","isPartOf":{"@id":"https:\/\/cideon-engineering.com\/ch\/#website"},"datePublished":"2021-01-04T11:27:18+00:00","dateModified":"2026-03-31T06:33:22+00:00","breadcrumb":{"@id":"https:\/\/cideon-engineering.com\/ch\/unternehmen\/standorte\/#breadcrumb"},"inLanguage":"de-CH","potentialAction":[{"@type":"ReadAction","target":["https:\/\/cideon-engineering.com\/ch\/unternehmen\/standorte\/"]}]},{"@type":"BreadcrumbList","@id":"https:\/\/cideon-engineering.com\/ch\/unternehmen\/standorte\/#breadcrumb","itemListElement":[{"@type":"ListItem","position":1,"name":"Startseite","item":"https:\/\/cideon-engineering.com\/ch\/"},{"@type":"ListItem","position":2,"name":"Startseite","item":"https:\/\/cideon-engineering.com\/ch\/"},{"@type":"ListItem","position":3,"name":"Standorte"}]},{"@type":"WebSite","@id":"https:\/\/cideon-engineering.com\/ch\/#website","url":"https:\/\/cideon-engineering.com\/ch\/","name":"CE Cideon Engineering","description":"making mobility happen","potentialAction":[{"@type":"SearchAction","target":{"@type":"EntryPoint","urlTemplate":"https:\/\/cideon-engineering.com\/ch\/?s={search_term_string}"},"query-input":{"@type":"PropertyValueSpecification","valueRequired":true,"valueName":"search_term_string"}}],"inLanguage":"de-CH"}]}},"_links":{"self":[{"href":"https:\/\/cideon-engineering.com\/ch\/wp-json\/wp\/v2\/pages\/1491","targetHints":{"allow":["GET"]}}],"collection":[{"href":"https:\/\/cideon-engineering.com\/ch\/wp-json\/wp\/v2\/pages"}],"about":[{"href":"https:\/\/cideon-engineering.com\/ch\/wp-json\/wp\/v2\/types\/page"}],"author":[{"embeddable":true,"href":"https:\/\/cideon-engineering.com\/ch\/wp-json\/wp\/v2\/users\/8"}],"replies":[{"embeddable":true,"href":"https:\/\/cideon-engineering.com\/ch\/wp-json\/wp\/v2\/comments?post=1491"}],"version-history":[{"count":212,"href":"https:\/\/cideon-engineering.com\/ch\/wp-json\/wp\/v2\/pages\/1491\/revisions"}],"predecessor-version":[{"id":11614,"href":"https:\/\/cideon-engineering.com\/ch\/wp-json\/wp\/v2\/pages\/1491\/revisions\/11614"}],"up":[{"embeddable":true,"href":"https:\/\/cideon-engineering.com\/ch\/wp-json\/wp\/v2\/pages\/451"}],"wp:attachment":[{"href":"https:\/\/cideon-engineering.com\/ch\/wp-json\/wp\/v2\/media?parent=1491"}],"curies":[{"name":"wp","href":"https:\/\/api.w.org\/{rel}","templated":true}]}}