{"id":3286,"date":"2021-04-13T11:06:38","date_gmt":"2021-04-13T09:06:38","guid":{"rendered":"https:\/\/www.cideon-engineering.com\/startseite\/karriere\/mitarbeiter-im-interview\/systemingenieur-hoang\/"},"modified":"2025-05-21T09:30:08","modified_gmt":"2025-05-21T07:30:08","slug":"systemingenieur-hoang","status":"publish","type":"page","link":"https:\/\/cideon-engineering.com\/ch\/karriere\/mitarbeiter-im-interview\/systemingenieur-hoang\/","title":{"rendered":"Systemingenieur Hoang"},"content":{"rendered":"\n\n\t<section class=\"section\" id=\"section_726299770\">\n\t\t<div class=\"section-bg fill\" >\n\t\t\t<img loading=\"lazy\" decoding=\"async\" width=\"2560\" height=\"672\" src=\"https:\/\/cideon-engineering.com\/wp-content\/uploads\/2025\/05\/Karriere-Schienenverkehr-scaled-fotor-20250520163937.png\" class=\"bg attachment-original size-original\" alt=\"\" \/>\t\t\t\t\t\t\n\t\t\t\n\n\t\t<\/div>\n\n\t\t\n\n\t\t<div class=\"section-content relative\">\n\t\t\t\n\n\n\t\t<\/div>\n\n\t\t\n<style>\n#section_726299770 {\n  padding-top: 0px;\n  padding-bottom: 0px;\n  min-height: 450px;\n}\n#section_726299770 .section-bg img {\n  object-position: center top;\n}\n<\/style>\n\t<\/section>\n\t\n<div class=\"row\"  id=\"row-1673717300\">\n\n\n\t<div id=\"col-341841350\" class=\"col medium-6 small-12 large-6\"  >\n\t\t\t\t<div class=\"col-inner\"  >\n\t\t\t\n\t\t\t\n\n\t<div class=\"img has-hover x md-x lg-x y md-y lg-y\" id=\"image_373521743\">\n\t\t\t\t\t\t\t\t<div class=\"img-inner dark\" >\n\t\t\t<img loading=\"lazy\" decoding=\"async\" width=\"1020\" height=\"619\" src=\"https:\/\/cideon-engineering.com\/wp-content\/uploads\/2021\/04\/CE_VietHoang2-1024x621.jpg\" class=\"attachment-large size-large\" alt=\"\" srcset=\"https:\/\/cideon-engineering.com\/wp-content\/uploads\/2021\/04\/CE_VietHoang2-1024x621.jpg 1024w, https:\/\/cideon-engineering.com\/wp-content\/uploads\/2021\/04\/CE_VietHoang2-300x182.jpg 300w, https:\/\/cideon-engineering.com\/wp-content\/uploads\/2021\/04\/CE_VietHoang2-768x466.jpg 768w, https:\/\/cideon-engineering.com\/wp-content\/uploads\/2021\/04\/CE_VietHoang2-1536x931.jpg 1536w, https:\/\/cideon-engineering.com\/wp-content\/uploads\/2021\/04\/CE_VietHoang2.jpg 1781w\" sizes=\"auto, (max-width: 1020px) 100vw, 1020px\" \/>\t\t\t\t\t\t\n\t\t\t\t\t<\/div>\n\t\t\t\t\t\t\t\t\n<style>\n#image_373521743 {\n  width: 100%;\n}\n<\/style>\n\t<\/div>\n\t\n\n\n\t\t<\/div>\n\t\t\t\t\t<\/div>\n\n\t\n\n\t<div id=\"col-1611759212\" class=\"col medium-6 small-12 large-6\"  >\n\t\t\t\t<div class=\"col-inner\"  >\n\t\t\t\n\t\t\t\n\n<h2>Viet Hoang, Systemingenieur\u00a0<\/h2>\n<p><strong>In welchem Bereich bist du eingesetzt und was sind deine Aufgaben?<\/strong><\/p>\n<p>&#8220;Ich bin im Bereich Electric &amp; Control Systems als Systemingenieur t\u00e4tig. Damit bin ich in Entwicklungsprojekten im Bereich Schienenfahrzeuge die Schnittstelle zwischen der Elektrik, der Softwareabteilung und der Mechanik. Auf Basis dessen, was eine Baugruppe im fertigen Fahrzeug leisten muss, stelle ich technische Anforderungen f\u00fcr Konstrukteure und Lieferanten. Gemeinsam entwickeln wir dann, wie die Baugruppe aufgebaut sein muss und welche technischen Eckdaten eingehalten werden m\u00fcssen.&#8221;<\/p>\n\n\t\t<\/div>\n\t\t\t\t\t<\/div>\n\n\t\n\n<\/div>\n\n\t<section class=\"section\" id=\"section_1449329568\">\n\t\t<div class=\"section-bg fill\" >\n\t\t\t\t\t\t\t\t\t\n\t\t\t\n\n\t\t<\/div>\n\n\t\t\n\n\t\t<div class=\"section-content relative\">\n\t\t\t\n\n<div class=\"row\"  id=\"row-1690638496\">\n\n\n\t<div id=\"col-410050539\" class=\"col small-12 large-12\"  >\n\t\t\t\t<div class=\"col-inner\"  >\n\t\t\t\n\t\t\t\n\n<p><strong>Woher kommst du und wie bist du zu cideon engineering gekommen?<\/strong><\/p>\n<p>Ich komme urspr\u00fcnglich aus Hildesheim in Niedersachsen und habe in Aachen Elektrotechnik (FR Energietechnik) studiert. Zu cideon engineering bin ich als Berufseinsteiger gekommen da ich mich im Studium u.a. mit Topologien von elektrischen Bahnsystemen wie Stra\u00dfen- und U-Bahnen besch\u00e4ftigt habe. Um ehrlich zu sein, wusste ich jedoch direkt nach meinem Studium nicht wirklich, was genau ich machen m\u00f6chte. cideon engineeering hat mich dann im Bewerbungsgespr\u00e4ch davon \u00fcberzeugt, dass die Schienenfahrzeugbranche viele M\u00f6glichkeiten und Zukunftsaussichten zu bieten hat. Die Entscheidung in Chemnitz anzufangen, kam aus dem Wunsch, fernab der Heimat mal was Neues auszuprobieren.<\/p>\n<p><strong>Was macht dir an deinem Job am meisten Spa\u00df?<\/strong><\/p>\n<p>Ich bin hier Teil eines gro\u00dfen Teams und habe die Gelegenheit viele neue Leute kennenzulernen. Bei einem Ingenieurdienstleister bekommt man die M\u00f6glichkeit die verschiedensten Projekte, Sichtweisen und Kunden kennenzulernen. So kann ich meine hohe Motivation gut einsetzen und mich schnell weiterentwickeln. Abwechslung ist garantiert. Auch sp\u00fcre ich jeden Tag einen Fortschritt, sowohl menschlich als auch fachlich.<\/p>\n<p><strong>Was sollten Interessenten mitbringen f\u00fcr die T\u00e4tigkeit als Systemingenieur?<\/strong><\/p>\n<p>Man sollte offen f\u00fcr Neues sein, flexibel und selbstst\u00e4ndig arbeiten k\u00f6nnen und Verantwortungsbewusstsein mitbringen, da man als Systemingenieur f\u00fcr sein System verantwortlich ist.<\/p>\n<p><strong>Wie hast du dich trotz der Pandemie in Chemnitz eingelebt?<\/strong><\/p>\n<p>Ich habe hier sehr nette Kollegen kennengelernt, mit denen ich auch meine Freizeit verbringe. Seit dem Lockdown sind die meisten Aktivit\u00e4ten nur eingeschr\u00e4nkt m\u00f6glich, aber ich mache das Beste aus der Situation und umso mehr freue ich mich auf die Zeit danach.<\/p>\n<p><strong>Was machst du in deiner Freizeit?<\/strong><\/p>\n<p>Ich gehe gerne Wandern, Chemnitz und Umgebung bieten hier sehr gute Wanderm\u00f6glichkeiten. Au\u00dferdem bin ich kulinarisch unterwegs und koche gerne.<\/p>\n<p><strong>Was ist das Erste, was du in Chemnitz tun wirst, sobald die Pandemie vorbei ist?<\/strong><\/p>\n<p>Ich werde das S\u00e4chsische Industriemuseum besuchen.<\/p>\n<p><strong>\u00a0<\/strong><strong>W\u00fcrdest du cideon engineering als Arbeitgeber weiterempfehlen? Wenn ja, warum?<\/strong><\/p>\n<p>Ja, weil man hier auch als Berufseinsteiger sehr willkommen ist. Ich arbeite in einer jungen Abteilung mit sehr kollegialem Umgang. So f\u00fchlt man sich von der ersten Sekunde an gut aufgenommen. Durch die flachen Hierarchien hat man direkten Kontakt zu seinem Vorgesetztem und kann jederzeit seine W\u00fcnsche\/Probleme \u00e4u\u00dfern. Das Gesamtpaket aus Verg\u00fctung, Sozialleistungen und Entwicklungsm\u00f6glichkeiten passt f\u00fcr mich sehr gut. Man wird hier gefordert und gef\u00f6rdert und f\u00fchlt sich als wichtiger Teil des Teams. So wird einem hier die M\u00f6glichkeit geboten, sich voll zu \u201eentfalten\u201c.<\/p>\n\n\t\t<\/div>\n\t\t\t\t\t<\/div>\n\n\t\n\n<\/div>\n\n\t\t<\/div>\n\n\t\t\n<style>\n#section_1449329568 {\n  padding-top: 60px;\n  padding-bottom: 60px;\n}\n<\/style>\n\t<\/section>\n\t\n<div class=\"row\"  id=\"row-186489194\">\n\n\n\t<div id=\"col-1370631934\" class=\"col small-12 large-12\"  >\n\t\t\t\t<div class=\"col-inner\"  >\n\t\t\t\n\t\t\t\n\n<div class=\"container section-title-container\" ><h2 class=\"section-title section-title-center\"><b aria-hidden=\"true\"><\/b><span class=\"section-title-main\" >Aktuelle Stellenangebote<\/span><b aria-hidden=\"true\"><\/b><\/h2><\/div>\n\n<div class=\"row\"  id=\"row-1304944343\">\n\n\n\t<div id=\"col-347338719\" class=\"col small-12 large-12\"  >\n\t\t\t\t<div class=\"col-inner\"  >\n\t\t\t\n\t\t\t\n\n\n  \n    <div class=\"row large-columns-4 medium-columns-1 small-columns-1\" >\n  <\/div>\n\n\n\t\t<\/div>\n\t\t\t\t\t<\/div>\n\n\t\n\n<\/div>\n\n\t\t<\/div>\n\t\t\t\t\t<\/div>\n\n\t\n\n<\/div>\n\n","protected":false},"excerpt":{"rendered":"","protected":false},"author":8,"featured_media":0,"parent":3282,"menu_order":0,"comment_status":"closed","ping_status":"closed","template":"page-blank.php","meta":{"content-type":"","inline_featured_image":false,"footnotes":""},"class_list":["post-3286","page","type-page","status-publish","hentry"],"yoast_head":"<!-- This site is optimized with the Yoast SEO plugin v26.9 - https:\/\/yoast.com\/product\/yoast-seo-wordpress\/ -->\n<title>Systemingenieur Hoang - CE Cideon Engineering<\/title>\n<meta name=\"robots\" content=\"index, follow, max-snippet:-1, max-image-preview:large, max-video-preview:-1\" \/>\n<link rel=\"canonical\" href=\"https:\/\/cideon-engineering.com\/ch\/karriere\/mitarbeiter-im-interview\/systemingenieur-hoang\/\" \/>\n<meta property=\"og:locale\" content=\"de_DE\" \/>\n<meta property=\"og:type\" content=\"article\" \/>\n<meta property=\"og:title\" content=\"Systemingenieur Hoang - CE Cideon Engineering\" \/>\n<meta property=\"og:url\" content=\"https:\/\/cideon-engineering.com\/ch\/karriere\/mitarbeiter-im-interview\/systemingenieur-hoang\/\" \/>\n<meta property=\"og:site_name\" content=\"CE Cideon Engineering\" \/>\n<meta property=\"article:modified_time\" content=\"2025-05-21T07:30:08+00:00\" \/>\n<meta name=\"twitter:card\" content=\"summary_large_image\" \/>\n<meta name=\"twitter:label1\" content=\"Gesch\u00e4tzte Lesezeit\" \/>\n\t<meta name=\"twitter:data1\" content=\"3\u00a0Minuten\" \/>\n<script type=\"application\/ld+json\" class=\"yoast-schema-graph\">{\"@context\":\"https:\/\/schema.org\",\"@graph\":[{\"@type\":\"WebPage\",\"@id\":\"https:\/\/cideon-engineering.com\/ch\/karriere\/mitarbeiter-im-interview\/systemingenieur-hoang\/\",\"url\":\"https:\/\/cideon-engineering.com\/ch\/karriere\/mitarbeiter-im-interview\/systemingenieur-hoang\/\",\"name\":\"Systemingenieur Hoang - CE Cideon Engineering\",\"isPartOf\":{\"@id\":\"https:\/\/cideon-engineering.com\/ch\/#website\"},\"datePublished\":\"2021-04-13T09:06:38+00:00\",\"dateModified\":\"2025-05-21T07:30:08+00:00\",\"breadcrumb\":{\"@id\":\"https:\/\/cideon-engineering.com\/ch\/karriere\/mitarbeiter-im-interview\/systemingenieur-hoang\/#breadcrumb\"},\"inLanguage\":\"de-CH\",\"potentialAction\":[{\"@type\":\"ReadAction\",\"target\":[\"https:\/\/cideon-engineering.com\/ch\/karriere\/mitarbeiter-im-interview\/systemingenieur-hoang\/\"]}]},{\"@type\":\"BreadcrumbList\",\"@id\":\"https:\/\/cideon-engineering.com\/ch\/karriere\/mitarbeiter-im-interview\/systemingenieur-hoang\/#breadcrumb\",\"itemListElement\":[{\"@type\":\"ListItem\",\"position\":1,\"name\":\"Startseite\",\"item\":\"https:\/\/cideon-engineering.com\/ch\/unternehmen\/\"},{\"@type\":\"ListItem\",\"position\":2,\"name\":\"Karriere\",\"item\":\"https:\/\/cideon-engineering.com\/ch\/karriere\/\"},{\"@type\":\"ListItem\",\"position\":3,\"name\":\"Mitarbeiter im Interview\",\"item\":\"https:\/\/cideon-engineering.com\/ch\/karriere\/mitarbeiter-im-interview\/\"},{\"@type\":\"ListItem\",\"position\":4,\"name\":\"Systemingenieur Hoang\"}]},{\"@type\":\"WebSite\",\"@id\":\"https:\/\/cideon-engineering.com\/ch\/#website\",\"url\":\"https:\/\/cideon-engineering.com\/ch\/\",\"name\":\"CE Cideon Engineering\",\"description\":\"making mobility happen\",\"potentialAction\":[{\"@type\":\"SearchAction\",\"target\":{\"@type\":\"EntryPoint\",\"urlTemplate\":\"https:\/\/cideon-engineering.com\/ch\/?s={search_term_string}\"},\"query-input\":{\"@type\":\"PropertyValueSpecification\",\"valueRequired\":true,\"valueName\":\"search_term_string\"}}],\"inLanguage\":\"de-CH\"}]}<\/script>\n<!-- \/ Yoast SEO plugin. -->","yoast_head_json":{"title":"Systemingenieur Hoang - CE Cideon Engineering","robots":{"index":"index","follow":"follow","max-snippet":"max-snippet:-1","max-image-preview":"max-image-preview:large","max-video-preview":"max-video-preview:-1"},"canonical":"https:\/\/cideon-engineering.com\/ch\/karriere\/mitarbeiter-im-interview\/systemingenieur-hoang\/","og_locale":"de_DE","og_type":"article","og_title":"Systemingenieur Hoang - CE Cideon Engineering","og_url":"https:\/\/cideon-engineering.com\/ch\/karriere\/mitarbeiter-im-interview\/systemingenieur-hoang\/","og_site_name":"CE Cideon Engineering","article_modified_time":"2025-05-21T07:30:08+00:00","twitter_card":"summary_large_image","twitter_misc":{"Gesch\u00e4tzte Lesezeit":"3\u00a0Minuten"},"schema":{"@context":"https:\/\/schema.org","@graph":[{"@type":"WebPage","@id":"https:\/\/cideon-engineering.com\/ch\/karriere\/mitarbeiter-im-interview\/systemingenieur-hoang\/","url":"https:\/\/cideon-engineering.com\/ch\/karriere\/mitarbeiter-im-interview\/systemingenieur-hoang\/","name":"Systemingenieur Hoang - CE Cideon Engineering","isPartOf":{"@id":"https:\/\/cideon-engineering.com\/ch\/#website"},"datePublished":"2021-04-13T09:06:38+00:00","dateModified":"2025-05-21T07:30:08+00:00","breadcrumb":{"@id":"https:\/\/cideon-engineering.com\/ch\/karriere\/mitarbeiter-im-interview\/systemingenieur-hoang\/#breadcrumb"},"inLanguage":"de-CH","potentialAction":[{"@type":"ReadAction","target":["https:\/\/cideon-engineering.com\/ch\/karriere\/mitarbeiter-im-interview\/systemingenieur-hoang\/"]}]},{"@type":"BreadcrumbList","@id":"https:\/\/cideon-engineering.com\/ch\/karriere\/mitarbeiter-im-interview\/systemingenieur-hoang\/#breadcrumb","itemListElement":[{"@type":"ListItem","position":1,"name":"Startseite","item":"https:\/\/cideon-engineering.com\/ch\/unternehmen\/"},{"@type":"ListItem","position":2,"name":"Karriere","item":"https:\/\/cideon-engineering.com\/ch\/karriere\/"},{"@type":"ListItem","position":3,"name":"Mitarbeiter im Interview","item":"https:\/\/cideon-engineering.com\/ch\/karriere\/mitarbeiter-im-interview\/"},{"@type":"ListItem","position":4,"name":"Systemingenieur Hoang"}]},{"@type":"WebSite","@id":"https:\/\/cideon-engineering.com\/ch\/#website","url":"https:\/\/cideon-engineering.com\/ch\/","name":"CE Cideon Engineering","description":"making mobility happen","potentialAction":[{"@type":"SearchAction","target":{"@type":"EntryPoint","urlTemplate":"https:\/\/cideon-engineering.com\/ch\/?s={search_term_string}"},"query-input":{"@type":"PropertyValueSpecification","valueRequired":true,"valueName":"search_term_string"}}],"inLanguage":"de-CH"}]}},"_links":{"self":[{"href":"https:\/\/cideon-engineering.com\/ch\/wp-json\/wp\/v2\/pages\/3286","targetHints":{"allow":["GET"]}}],"collection":[{"href":"https:\/\/cideon-engineering.com\/ch\/wp-json\/wp\/v2\/pages"}],"about":[{"href":"https:\/\/cideon-engineering.com\/ch\/wp-json\/wp\/v2\/types\/page"}],"author":[{"embeddable":true,"href":"https:\/\/cideon-engineering.com\/ch\/wp-json\/wp\/v2\/users\/8"}],"replies":[{"embeddable":true,"href":"https:\/\/cideon-engineering.com\/ch\/wp-json\/wp\/v2\/comments?post=3286"}],"version-history":[{"count":17,"href":"https:\/\/cideon-engineering.com\/ch\/wp-json\/wp\/v2\/pages\/3286\/revisions"}],"predecessor-version":[{"id":10362,"href":"https:\/\/cideon-engineering.com\/ch\/wp-json\/wp\/v2\/pages\/3286\/revisions\/10362"}],"up":[{"embeddable":true,"href":"https:\/\/cideon-engineering.com\/ch\/wp-json\/wp\/v2\/pages\/3282"}],"wp:attachment":[{"href":"https:\/\/cideon-engineering.com\/ch\/wp-json\/wp\/v2\/media?parent=3286"}],"curies":[{"name":"wp","href":"https:\/\/api.w.org\/{rel}","templated":true}]}}