{"id":458,"date":"2020-10-19T11:01:37","date_gmt":"2020-10-19T09:01:37","guid":{"rendered":"http:\/\/testsite.cideng.net\/startseite\/impressum\/"},"modified":"2025-01-08T08:17:36","modified_gmt":"2025-01-08T07:17:36","slug":"impressum","status":"publish","type":"page","link":"https:\/\/cideon-engineering.com\/ch\/unternehmen\/impressum\/","title":{"rendered":"Impressum"},"content":{"rendered":"\n<p>Inhaltlich Verantwortlich gem\u00e4\u00df \u00a710 MDStV:<\/p>\n<p>CE cideon engineering GmbH &amp; Co. KG<br \/>Tzschirnerstra\u00dfe 5a<br \/>02625 Bautzen<\/p>\n<p>Fon: +49 (0)35 91 \/ 37 44-60<br \/>Fax: +49 (0)35 91 \/ 37 44-80<\/p>\n<p>Internet:\u00a0<a href=\"http:\/\/www.cideon-engineering.com\/\">www.cideon-engineering.com<\/a><br \/>E-Mail:\u00a0<a href=\"mailto:kontakt@cideon-engineering.com\">kontakt@cideon-engineering.com<\/a><\/p>\n<p>Sitz: Bautzen, Amtsgericht Dresden, HRA 9120<\/p>\n<p>Pers\u00f6nlich haftend: CE cideon engineering Verwaltungs GmbH<br \/>Sitz: Bautzen, Amtsgericht Dresden, HRB 35362<\/p>\n<p>Gesch\u00e4ftsf\u00fchrung: Juliane Pl\u00fcgge, Heiner Salomo<br \/>Ust-IdNr.: DE294677057<\/p>\n<h3 class=\" color2\">Urheberrechte<\/h3>\n<p>Alle Inhalte unterliegen dem Copyright und dem Urheberrecht von CE cideon engineering. Unerlaubtes Kopieren, Vervielf\u00e4ltigen auf andere Datentr\u00e4ger oder jegliche Weitergabe an Dritte ist verboten und nur mit Zustimmung von CE cideon engineering erlaubt. Die im Internetauftritt verwendeten Marken und Logos sind gesch\u00fctzt. Es ist nicht gestattet, diese Marken oder Logos ohne vorherige Zustimmung von CE cideon engineering zu nutzen.\u2028<\/p>\n<h3 class=\" color2\">Haftungsausschlu\u00df<\/h3>\n<p>Obwohl bei der Zusammenstellung der auf unseren Web-Seiten enthaltenen Informationen gr\u00f6\u00dfte Sorgfalt angewandt wurde, kann CE cideon engineering nicht f\u00fcr deren Korrektheit garantieren.<br \/>In keinem Fall kann CE cideon engineering f\u00fcr etwaige Sch\u00e4den irgendwelcher Art verantwortlich gemacht werden, die durch die Benutzung oder im Zusammenhang mit der Benutzung der hier bereitgestellten Informationen entstehen, seien es direkte oder indirekte Sch\u00e4den, Folge-Sch\u00e4den oder Sondersch\u00e4den einschlie\u00dflich entgangenen Gewinns, oder Sch\u00e4den, die aus dem Verlust von Daten entstehen. Dies gilt selbst dann, wenn ein CE cideon engineering-Vertreter auf die M\u00f6glichkeit solcher Sch\u00e4den hingewiesen wurde. Sofern die CE cideon engineering Website auf Internetseiten von Dritten verweist, kann CE cideon engineering ebenfalls keine Haftung f\u00fcr deren Inhalte \u00fcbernehmen. Wir behalten uns \u00c4nderungen der Informationen auf diesem Server, die wir unverbindlich zur Verf\u00fcgung stellen, ohne vorherige Ank\u00fcndigung vor.<\/p>\n\n","protected":false},"excerpt":{"rendered":"","protected":false},"author":8,"featured_media":0,"parent":451,"menu_order":0,"comment_status":"closed","ping_status":"closed","template":"page-blank-title-center.php","meta":{"content-type":"","inline_featured_image":false,"footnotes":""},"class_list":["post-458","page","type-page","status-publish","hentry"],"yoast_head":"<!-- This site is optimized with the Yoast SEO plugin v26.9 - https:\/\/yoast.com\/product\/yoast-seo-wordpress\/ -->\n<title>Impressum - CE Cideon Engineering<\/title>\n<meta name=\"robots\" content=\"index, follow, max-snippet:-1, max-image-preview:large, max-video-preview:-1\" \/>\n<link rel=\"canonical\" href=\"https:\/\/cideon-engineering.com\/ch\/unternehmen\/impressum\/\" \/>\n<meta property=\"og:locale\" content=\"de_DE\" \/>\n<meta property=\"og:type\" content=\"article\" \/>\n<meta property=\"og:title\" content=\"Impressum - CE Cideon Engineering\" \/>\n<meta property=\"og:url\" content=\"https:\/\/cideon-engineering.com\/ch\/unternehmen\/impressum\/\" \/>\n<meta property=\"og:site_name\" content=\"CE Cideon Engineering\" \/>\n<meta property=\"article:modified_time\" content=\"2025-01-08T07:17:36+00:00\" \/>\n<meta name=\"twitter:card\" content=\"summary_large_image\" \/>\n<meta name=\"twitter:label1\" content=\"Gesch\u00e4tzte Lesezeit\" \/>\n\t<meta name=\"twitter:data1\" content=\"1\u00a0Minute\" \/>\n<script type=\"application\/ld+json\" class=\"yoast-schema-graph\">{\"@context\":\"https:\/\/schema.org\",\"@graph\":[{\"@type\":\"WebPage\",\"@id\":\"https:\/\/cideon-engineering.com\/ch\/unternehmen\/impressum\/\",\"url\":\"https:\/\/cideon-engineering.com\/ch\/unternehmen\/impressum\/\",\"name\":\"Impressum - CE Cideon Engineering\",\"isPartOf\":{\"@id\":\"https:\/\/cideon-engineering.com\/ch\/#website\"},\"datePublished\":\"2020-10-19T09:01:37+00:00\",\"dateModified\":\"2025-01-08T07:17:36+00:00\",\"breadcrumb\":{\"@id\":\"https:\/\/cideon-engineering.com\/ch\/unternehmen\/impressum\/#breadcrumb\"},\"inLanguage\":\"de-CH\",\"potentialAction\":[{\"@type\":\"ReadAction\",\"target\":[\"https:\/\/cideon-engineering.com\/ch\/unternehmen\/impressum\/\"]}]},{\"@type\":\"BreadcrumbList\",\"@id\":\"https:\/\/cideon-engineering.com\/ch\/unternehmen\/impressum\/#breadcrumb\",\"itemListElement\":[{\"@type\":\"ListItem\",\"position\":1,\"name\":\"Startseite\",\"item\":\"https:\/\/cideon-engineering.com\/ch\/\"},{\"@type\":\"ListItem\",\"position\":2,\"name\":\"Startseite\",\"item\":\"https:\/\/cideon-engineering.com\/ch\/\"},{\"@type\":\"ListItem\",\"position\":3,\"name\":\"Impressum\"}]},{\"@type\":\"WebSite\",\"@id\":\"https:\/\/cideon-engineering.com\/ch\/#website\",\"url\":\"https:\/\/cideon-engineering.com\/ch\/\",\"name\":\"CE Cideon Engineering\",\"description\":\"making mobility happen\",\"potentialAction\":[{\"@type\":\"SearchAction\",\"target\":{\"@type\":\"EntryPoint\",\"urlTemplate\":\"https:\/\/cideon-engineering.com\/ch\/?s={search_term_string}\"},\"query-input\":{\"@type\":\"PropertyValueSpecification\",\"valueRequired\":true,\"valueName\":\"search_term_string\"}}],\"inLanguage\":\"de-CH\"}]}<\/script>\n<!-- \/ Yoast SEO plugin. -->","yoast_head_json":{"title":"Impressum - CE Cideon Engineering","robots":{"index":"index","follow":"follow","max-snippet":"max-snippet:-1","max-image-preview":"max-image-preview:large","max-video-preview":"max-video-preview:-1"},"canonical":"https:\/\/cideon-engineering.com\/ch\/unternehmen\/impressum\/","og_locale":"de_DE","og_type":"article","og_title":"Impressum - CE Cideon Engineering","og_url":"https:\/\/cideon-engineering.com\/ch\/unternehmen\/impressum\/","og_site_name":"CE Cideon Engineering","article_modified_time":"2025-01-08T07:17:36+00:00","twitter_card":"summary_large_image","twitter_misc":{"Gesch\u00e4tzte Lesezeit":"1\u00a0Minute"},"schema":{"@context":"https:\/\/schema.org","@graph":[{"@type":"WebPage","@id":"https:\/\/cideon-engineering.com\/ch\/unternehmen\/impressum\/","url":"https:\/\/cideon-engineering.com\/ch\/unternehmen\/impressum\/","name":"Impressum - CE Cideon Engineering","isPartOf":{"@id":"https:\/\/cideon-engineering.com\/ch\/#website"},"datePublished":"2020-10-19T09:01:37+00:00","dateModified":"2025-01-08T07:17:36+00:00","breadcrumb":{"@id":"https:\/\/cideon-engineering.com\/ch\/unternehmen\/impressum\/#breadcrumb"},"inLanguage":"de-CH","potentialAction":[{"@type":"ReadAction","target":["https:\/\/cideon-engineering.com\/ch\/unternehmen\/impressum\/"]}]},{"@type":"BreadcrumbList","@id":"https:\/\/cideon-engineering.com\/ch\/unternehmen\/impressum\/#breadcrumb","itemListElement":[{"@type":"ListItem","position":1,"name":"Startseite","item":"https:\/\/cideon-engineering.com\/ch\/"},{"@type":"ListItem","position":2,"name":"Startseite","item":"https:\/\/cideon-engineering.com\/ch\/"},{"@type":"ListItem","position":3,"name":"Impressum"}]},{"@type":"WebSite","@id":"https:\/\/cideon-engineering.com\/ch\/#website","url":"https:\/\/cideon-engineering.com\/ch\/","name":"CE Cideon Engineering","description":"making mobility happen","potentialAction":[{"@type":"SearchAction","target":{"@type":"EntryPoint","urlTemplate":"https:\/\/cideon-engineering.com\/ch\/?s={search_term_string}"},"query-input":{"@type":"PropertyValueSpecification","valueRequired":true,"valueName":"search_term_string"}}],"inLanguage":"de-CH"}]}},"_links":{"self":[{"href":"https:\/\/cideon-engineering.com\/ch\/wp-json\/wp\/v2\/pages\/458","targetHints":{"allow":["GET"]}}],"collection":[{"href":"https:\/\/cideon-engineering.com\/ch\/wp-json\/wp\/v2\/pages"}],"about":[{"href":"https:\/\/cideon-engineering.com\/ch\/wp-json\/wp\/v2\/types\/page"}],"author":[{"embeddable":true,"href":"https:\/\/cideon-engineering.com\/ch\/wp-json\/wp\/v2\/users\/8"}],"replies":[{"embeddable":true,"href":"https:\/\/cideon-engineering.com\/ch\/wp-json\/wp\/v2\/comments?post=458"}],"version-history":[{"count":9,"href":"https:\/\/cideon-engineering.com\/ch\/wp-json\/wp\/v2\/pages\/458\/revisions"}],"predecessor-version":[{"id":9808,"href":"https:\/\/cideon-engineering.com\/ch\/wp-json\/wp\/v2\/pages\/458\/revisions\/9808"}],"up":[{"embeddable":true,"href":"https:\/\/cideon-engineering.com\/ch\/wp-json\/wp\/v2\/pages\/451"}],"wp:attachment":[{"href":"https:\/\/cideon-engineering.com\/ch\/wp-json\/wp\/v2\/media?parent=458"}],"curies":[{"name":"wp","href":"https:\/\/api.w.org\/{rel}","templated":true}]}}