{"id":10648,"date":"2025-08-06T13:15:05","date_gmt":"2025-08-06T11:15:05","guid":{"rendered":"https:\/\/cideon-engineering.com\/?page_id=10648"},"modified":"2025-08-06T13:15:12","modified_gmt":"2025-08-06T11:15:12","slug":"wiesbaden","status":"publish","type":"page","link":"https:\/\/cideon-engineering.com\/de\/unternehmen\/standorte\/wiesbaden\/","title":{"rendered":"Wiesbaden"},"content":{"rendered":"\n<div class=\"row\"  id=\"row-1431636239\">\n\n\n\t<div id=\"col-1540110567\" class=\"col small-12 large-12\"  data-animate=\"blurIn\">\n\t\t\t\t<div class=\"col-inner\"  >\n\t\t\t\n\t\t\t\n\n\t<div id=\"gap-2019293003\" class=\"gap-element clearfix\" style=\"display:block; height:auto;\">\n\t\t\n<style>\n#gap-2019293003 {\n  padding-top: 64px;\n}\n<\/style>\n\t<\/div>\n\t\n\n<h1>Standort Wiesbaden<\/h1>\n<p>Wiesbaden, die elegante Landeshauptstadt Hessens, liegt malerisch am Fu\u00dfe des Taunus und z\u00e4hlt zu den \u00e4ltesten Kurst\u00e4dten Europas. Mit ihren prachtvollen Alleen, Thermalquellen und historischen Bauwerken wie dem Kurhaus oder der Kaiser-Friedrich-Therme verbindet die Stadt Tradition mit urbaner Lebensqualit\u00e4t. Unser B\u00fcro befindet sich zentral in der Innenstadt gelegen, nur wenige Schritte vom Kurpark entfernt, in unmittelbarer N\u00e4he zu kulturellen Highlights und entspannter Atmosph\u00e4re.<\/p>\n\n\t<section class=\"section\" id=\"section_642750094\">\n\t\t<div class=\"section-bg fill\" >\n\t\t\t\t\t\t\t\t\t\n\t\t\t\n\n\t\t<\/div>\n\n\t\t\n\n\t\t<div class=\"section-content relative\">\n\t\t\t\n\n<div class=\"container section-title-container\" ><h2 class=\"section-title section-title-center\"><b aria-hidden=\"true\"><\/b><span class=\"section-title-main\" >Anschrift &amp; Anreise<\/span><b aria-hidden=\"true\"><\/b><\/h2><\/div>\n\n<div class=\"row\"  id=\"row-1291787113\">\n\n\n\t<div id=\"col-1293954234\" class=\"col medium-6 small-12 large-6\"  >\n\t\t\t\t<div class=\"col-inner\"  >\n\t\t\t\n\t\t\t\n\n<p><strong>Anschrift<\/strong><\/p>\n<p><span class=\"LrzXr\">CE cideon engineering GmbH &amp; Co. KG<\/span><br \/><span class=\"LrzXr\">Taunusstra\u00dfe 55<\/span><br \/><span class=\"LrzXr\">65183 Wiesbaden<\/span><\/p>\n<p><br \/><span class=\"LrzXr zdqRlf kno-fv\"><span role=\"link\" aria-label=\"0371 774150 anrufen\">Tel.: +49(611)290800-80<br \/><\/span><\/span><\/p>\n\n\t\t<\/div>\n\t\t\t\t\t<\/div>\n\n\t\n\n\t<div id=\"col-1720608113\" class=\"col medium-6 small-12 large-6\"  >\n\t\t\t\t<div class=\"col-inner\"  >\n\t\t\t\n\t\t\t\n\n<p><strong>Hinweise zur Anreise<\/strong><\/p>\n<ul>\n<li>PKW: \u00d6ffentliche Parkm\u00f6glichkeiten sind in der Taunusstra\u00dfe sowie in den umliegenden Stra\u00dfen vorhanden. Ein Parkhaus befindet sich in unmittelbarer N\u00e4he (z.\u202fB. Parkhaus Kurhaus\/Casino).<\/li>\n<li>\u00d6PNV: Vom Hauptbahnhof Wiesbaden erreichen Sie uns mit den Buslinien 1, 8 oder 6 \u2013 Haltestelle \u201eKochbrunnen\u201c, \u201eR\u00f6derstra\u00dfe\u201c oder \u201eAdlerstra\u00dfe\u201c.<\/li>\n<\/ul>\n\n\t\t<\/div>\n\t\t\t\t\t<\/div>\n\n\t\n\n<\/div>\n\n\t\t<\/div>\n\n\t\t\n<style>\n#section_642750094 {\n  padding-top: 30px;\n  padding-bottom: 30px;\n}\n<\/style>\n\t<\/section>\n\t\n\n\t\t<\/div>\n\t\t\t\t\t<\/div>\n\n\t\n\n<\/div>\n<div class=\"row\"  id=\"row-1731648261\">\n\n\n\t<div id=\"col-984120151\" class=\"col medium-6 small-12 large-6\"  data-animate=\"fadeInLeft\">\n\t\t\t\t<div class=\"col-inner\"  >\n\t\t\t\n\t\t\t\n\n\n\n <div class=\"brlbs-cmpnt-container brlbs-cmpnt-content-blocker brlbs-cmpnt-with-individual-styles\" data-borlabs-cookie-content-blocker-id=\"google-maps\" data-borlabs-cookie-content=\"PGlmcmFtZQogIHNyYz0iaHR0cHM6Ly93d3cuZ29vZ2xlLmNvbS9tYXBzL2VtYmVkP3BiPSExbTE4ITFtMTIhMW0zITFkMjUxMi4wODcxODY5ODY1MTghMmQ4LjI0MjY0NTc3Njg4NDQ1MiEzZDUwLjA4Mzk3Mzg3MTUyNTA5NiEybTMhMWYwITJmMCEzZjAhM20yITFpMTAyNCEyaTc2OCE0ZjEzLjEhM20zITFtMiExczB4NDdiZGE5OTdmYzAxMGQyZiUzQTB4OWY4ZThiMWRiNTliNGU1MyEyc1RhdW51c3N0cmElQzMlOUZlJTIwNTUlMkMlMjA2NTE4MyUyMFdpZXNiYWRlbiE1ZTAhM20yITFzZGUhMnNkZSE0djE3MjAxNzAxMjM0NTYhNW0yITFzZGUhMnNkZSIKICB3aWR0aD0iNjAwIgogIGhlaWdodD0iNDUwIgogIHN0eWxlPSJib3JkZXI6MDsiCiAgYWxsb3dmdWxsc2NyZWVuPSIiCiAgbG9hZGluZz0ibGF6eSIKICByZWZlcnJlcnBvbGljeT0ibm\/igJFyZWZlcnJlcuKAkXdoZW7igJFkb3duZ3JhZGUiPgo8L2lmcmFtZT4=\"><div class=\"brlbs-cmpnt-cb-preset-b brlbs-cmpnt-cb-google-maps\"> <div class=\"brlbs-cmpnt-cb-thumbnail\" style=\"background-image: url('https:\/\/cideon-engineering.com\/wp-content\/uploads\/borlabs-cookie\/1\/brlbs-cb-google-maps-main.png')\"><\/div> <div class=\"brlbs-cmpnt-cb-main\"> <div class=\"brlbs-cmpnt-cb-content\"> <p class=\"brlbs-cmpnt-cb-description\">Sie sehen gerade einen Platzhalterinhalt von <strong>Google Maps<\/strong>. Um auf den eigentlichen Inhalt zuzugreifen, klicken Sie auf die Schaltfl\u00e4che unten. Bitte beachten Sie, dass dabei Daten an Drittanbieter weitergegeben werden.<\/p> <a class=\"brlbs-cmpnt-cb-provider-toggle\" href=\"#\" data-borlabs-cookie-show-provider-information role=\"button\">Mehr Informationen<\/a> <\/div> <div class=\"brlbs-cmpnt-cb-buttons\"> <a class=\"brlbs-cmpnt-cb-btn\" href=\"#\" data-borlabs-cookie-unblock role=\"button\">Inhalt entsperren<\/a> <a class=\"brlbs-cmpnt-cb-btn\" href=\"#\" data-borlabs-cookie-accept-service role=\"button\" style=\"display: inherit\">Erforderlichen Service akzeptieren und Inhalte entsperren<\/a> <\/div> <\/div> <\/div><\/div>\n\n\n\t\t<\/div>\n\t\t\t\t\t<\/div>\n\n\t\n\n\t<div id=\"col-224431134\" class=\"col medium-6 small-12 large-6\"  >\n\t\t\t\t<div class=\"col-inner\"  >\n\t\t\t\n\t\t\t\n\n\t<div class=\"img has-hover x md-x lg-x y md-y lg-y\" id=\"image_1068168477\">\n\t\t\t\t\t\t<div data-animate=\"fadeInLeft\">\t\t<div class=\"img-inner dark\" >\n\t\t\t<img loading=\"lazy\" decoding=\"async\" width=\"2560\" height=\"2464\" src=\"https:\/\/cideon-engineering.com\/wp-content\/uploads\/2025\/08\/20250805_103054-scaled.jpg\" class=\"attachment-original size-original\" alt=\"\" srcset=\"https:\/\/cideon-engineering.com\/wp-content\/uploads\/2025\/08\/20250805_103054-scaled.jpg 2560w, https:\/\/cideon-engineering.com\/wp-content\/uploads\/2025\/08\/20250805_103054-300x289.jpg 300w, https:\/\/cideon-engineering.com\/wp-content\/uploads\/2025\/08\/20250805_103054-1024x986.jpg 1024w, https:\/\/cideon-engineering.com\/wp-content\/uploads\/2025\/08\/20250805_103054-768x739.jpg 768w, https:\/\/cideon-engineering.com\/wp-content\/uploads\/2025\/08\/20250805_103054-1536x1479.jpg 1536w, https:\/\/cideon-engineering.com\/wp-content\/uploads\/2025\/08\/20250805_103054-2048x1972.jpg 2048w\" sizes=\"auto, (max-width: 2560px) 100vw, 2560px\" \/>\t\t\t\t\t\t\n\t\t\t\t\t<\/div>\n\t\t<\/div>\t\t\t\t\t\t\n<style>\n#image_1068168477 {\n  width: 80%;\n}\n<\/style>\n\t<\/div>\n\t\n\n\n\t\t<\/div>\n\t\t\t\t\t<\/div>\n\n\t\n\n<\/div>\n\n\t<section class=\"section\" id=\"section_1572596433\">\n\t\t<div class=\"section-bg fill\" >\n\t\t\t\t\t\t\t\t\t\n\t\t\t\n\n\t\t<\/div>\n\n\t\t\n\n\t\t<div class=\"section-content relative\">\n\t\t\t\n\n\t<div id=\"gap-1935030427\" class=\"gap-element clearfix\" style=\"display:block; height:auto;\">\n\t\t\n<style>\n#gap-1935030427 {\n  padding-top: 30px;\n}\n<\/style>\n\t<\/div>\n\t\n\n\n\t\t<\/div>\n\n\t\t\n<style>\n#section_1572596433 {\n  padding-top: 30px;\n  padding-bottom: 30px;\n}\n<\/style>\n\t<\/section>\n\t\n<div class=\"row\"  id=\"row-892919589\">\n\n\n\t<div id=\"col-1062051013\" class=\"col small-12 large-12\"  data-animate=\"blurIn\">\n\t\t\t\t<div class=\"col-inner\"  >\n\t\t\t\n\t\t\t\n\n<div class=\"container section-title-container\" ><h2 class=\"section-title section-title-center\"><b aria-hidden=\"true\"><\/b><span class=\"section-title-main\" >Ansprechpartner vor Ort<\/span><b aria-hidden=\"true\"><\/b><\/h2><\/div>\n\n<div class=\"row\"  id=\"row-784298578\">\n\n\n\t<div id=\"col-707414969\" class=\"col small-12 large-12\"  >\n\t\t\t\t<div class=\"col-inner\"  >\n\t\t\t\n\t\t\t\n\n\t<div class=\"box has-hover   has-hover box-text-bottom\" >\n\n\t\t<div class=\"box-image\" style=\"width:45%;\">\n\t\t\t\t\t\t<div class=\"\" >\n\t\t\t\t<img loading=\"lazy\" decoding=\"async\" width=\"1280\" height=\"853\" src=\"https:\/\/cideon-engineering.com\/wp-content\/uploads\/2020\/12\/TiloMey.jpg\" class=\"attachment- size-\" alt=\"\" srcset=\"https:\/\/cideon-engineering.com\/wp-content\/uploads\/2020\/12\/TiloMey.jpg 1280w, https:\/\/cideon-engineering.com\/wp-content\/uploads\/2020\/12\/TiloMey-300x200.jpg 300w, https:\/\/cideon-engineering.com\/wp-content\/uploads\/2020\/12\/TiloMey-1024x682.jpg 1024w, https:\/\/cideon-engineering.com\/wp-content\/uploads\/2020\/12\/TiloMey-768x512.jpg 768w\" sizes=\"auto, (max-width: 1280px) 100vw, 1280px\" \/>\t\t\t\t\t\t\t\t\t\t\t<\/div>\n\t\t\t\t\t<\/div>\n\n\t\t<div class=\"box-text text-center\" >\n\t\t\t<div class=\"box-text-inner\">\n\t\t\t\t\n\n<h4>Tilo Mey<\/h4>\n<p>Leiter Engineering-Services<br \/><a href=\"mailto:sales@cideon-engineering.com\"><strong>sales@cideon-engineering.com<\/strong><\/a><\/p>\n\n\t\t\t<\/div>\n\t\t<\/div>\n\t<\/div>\n\t\n\n\t\t<\/div>\n\t\t\t\t\t<\/div>\n\n\t\n\n<\/div>\n\n\t\t<\/div>\n\t\t\t\t\t<\/div>\n\n\t\n\n<\/div>\n<div class=\"row\"  id=\"row-424554644\">\n\n\n\t<div id=\"col-15866376\" class=\"col small-12 large-12\"  data-animate=\"blurIn\">\n\t\t\t\t<div class=\"col-inner\"  >\n\t\t\t\n\t\t\t\n\n\n\t<section class=\"section\" id=\"section_1219802178\">\n\t\t<div class=\"section-bg fill\" >\n\t\t\t\t\t\t\t\t\t\n\t\t\t\n\n\t\t<\/div>\n\n\t\t\n\n\t\t<div class=\"section-content relative\">\n\t\t\t\n\n\t<div id=\"gap-898812383\" class=\"gap-element clearfix\" style=\"display:block; height:auto;\">\n\t\t\n<style>\n#gap-898812383 {\n  padding-top: 30px;\n}\n<\/style>\n\t<\/div>\n\t\n\n\n\t\t<\/div>\n\n\t\t\n<style>\n#section_1219802178 {\n  padding-top: 30px;\n  padding-bottom: 30px;\n}\n<\/style>\n\t<\/section>\n\t\n\n\t\t<\/div>\n\t\t\t\t\t<\/div>\n\n\t\n\n<\/div>\n\n","protected":false},"excerpt":{"rendered":"","protected":false},"author":9,"featured_media":0,"parent":668,"menu_order":0,"comment_status":"closed","ping_status":"closed","template":"","meta":{"content-type":"","inline_featured_image":false,"footnotes":""},"class_list":["post-10648","page","type-page","status-publish","hentry"],"yoast_head":"<!-- This site is optimized with the Yoast SEO plugin v26.9 - https:\/\/yoast.com\/product\/yoast-seo-wordpress\/ -->\n<title>Wiesbaden - CE Cideon Engineering<\/title>\n<meta name=\"robots\" content=\"index, follow, max-snippet:-1, max-image-preview:large, max-video-preview:-1\" \/>\n<link rel=\"canonical\" href=\"https:\/\/cideon-engineering.com\/de\/unternehmen\/standorte\/wiesbaden\/\" \/>\n<meta property=\"og:locale\" content=\"de_DE\" \/>\n<meta property=\"og:type\" content=\"article\" \/>\n<meta property=\"og:title\" content=\"Wiesbaden - CE Cideon Engineering\" \/>\n<meta property=\"og:url\" content=\"https:\/\/cideon-engineering.com\/de\/unternehmen\/standorte\/wiesbaden\/\" \/>\n<meta property=\"og:site_name\" content=\"CE Cideon Engineering\" \/>\n<meta property=\"article:modified_time\" content=\"2025-08-06T11:15:12+00:00\" \/>\n<meta name=\"twitter:card\" content=\"summary_large_image\" \/>\n<meta name=\"twitter:label1\" content=\"Gesch\u00e4tzte Lesezeit\" \/>\n\t<meta name=\"twitter:data1\" content=\"1\u00a0Minute\" \/>\n<script type=\"application\/ld+json\" class=\"yoast-schema-graph\">{\"@context\":\"https:\/\/schema.org\",\"@graph\":[{\"@type\":\"WebPage\",\"@id\":\"https:\/\/cideon-engineering.com\/de\/unternehmen\/standorte\/wiesbaden\/\",\"url\":\"https:\/\/cideon-engineering.com\/de\/unternehmen\/standorte\/wiesbaden\/\",\"name\":\"Wiesbaden - CE Cideon Engineering\",\"isPartOf\":{\"@id\":\"https:\/\/cideon-engineering.com\/de\/#website\"},\"datePublished\":\"2025-08-06T11:15:05+00:00\",\"dateModified\":\"2025-08-06T11:15:12+00:00\",\"breadcrumb\":{\"@id\":\"https:\/\/cideon-engineering.com\/de\/unternehmen\/standorte\/wiesbaden\/#breadcrumb\"},\"inLanguage\":\"de\",\"potentialAction\":[{\"@type\":\"ReadAction\",\"target\":[\"https:\/\/cideon-engineering.com\/de\/unternehmen\/standorte\/wiesbaden\/\"]}]},{\"@type\":\"BreadcrumbList\",\"@id\":\"https:\/\/cideon-engineering.com\/de\/unternehmen\/standorte\/wiesbaden\/#breadcrumb\",\"itemListElement\":[{\"@type\":\"ListItem\",\"position\":1,\"name\":\"Startseite\",\"item\":\"https:\/\/cideon-engineering.com\/de\/\"},{\"@type\":\"ListItem\",\"position\":2,\"name\":\"Startseite\",\"item\":\"https:\/\/cideon-engineering.com\/de\/\"},{\"@type\":\"ListItem\",\"position\":3,\"name\":\"Standorte\",\"item\":\"https:\/\/cideon-engineering.com\/de\/unternehmen\/standorte\/\"},{\"@type\":\"ListItem\",\"position\":4,\"name\":\"Wiesbaden\"}]},{\"@type\":\"WebSite\",\"@id\":\"https:\/\/cideon-engineering.com\/de\/#website\",\"url\":\"https:\/\/cideon-engineering.com\/de\/\",\"name\":\"CE Cideon Engineering\",\"description\":\"making mobility happen\",\"potentialAction\":[{\"@type\":\"SearchAction\",\"target\":{\"@type\":\"EntryPoint\",\"urlTemplate\":\"https:\/\/cideon-engineering.com\/de\/?s={search_term_string}\"},\"query-input\":{\"@type\":\"PropertyValueSpecification\",\"valueRequired\":true,\"valueName\":\"search_term_string\"}}],\"inLanguage\":\"de\"}]}<\/script>\n<!-- \/ Yoast SEO plugin. -->","yoast_head_json":{"title":"Wiesbaden - CE Cideon Engineering","robots":{"index":"index","follow":"follow","max-snippet":"max-snippet:-1","max-image-preview":"max-image-preview:large","max-video-preview":"max-video-preview:-1"},"canonical":"https:\/\/cideon-engineering.com\/de\/unternehmen\/standorte\/wiesbaden\/","og_locale":"de_DE","og_type":"article","og_title":"Wiesbaden - CE Cideon Engineering","og_url":"https:\/\/cideon-engineering.com\/de\/unternehmen\/standorte\/wiesbaden\/","og_site_name":"CE Cideon Engineering","article_modified_time":"2025-08-06T11:15:12+00:00","twitter_card":"summary_large_image","twitter_misc":{"Gesch\u00e4tzte Lesezeit":"1\u00a0Minute"},"schema":{"@context":"https:\/\/schema.org","@graph":[{"@type":"WebPage","@id":"https:\/\/cideon-engineering.com\/de\/unternehmen\/standorte\/wiesbaden\/","url":"https:\/\/cideon-engineering.com\/de\/unternehmen\/standorte\/wiesbaden\/","name":"Wiesbaden - CE Cideon Engineering","isPartOf":{"@id":"https:\/\/cideon-engineering.com\/de\/#website"},"datePublished":"2025-08-06T11:15:05+00:00","dateModified":"2025-08-06T11:15:12+00:00","breadcrumb":{"@id":"https:\/\/cideon-engineering.com\/de\/unternehmen\/standorte\/wiesbaden\/#breadcrumb"},"inLanguage":"de","potentialAction":[{"@type":"ReadAction","target":["https:\/\/cideon-engineering.com\/de\/unternehmen\/standorte\/wiesbaden\/"]}]},{"@type":"BreadcrumbList","@id":"https:\/\/cideon-engineering.com\/de\/unternehmen\/standorte\/wiesbaden\/#breadcrumb","itemListElement":[{"@type":"ListItem","position":1,"name":"Startseite","item":"https:\/\/cideon-engineering.com\/de\/"},{"@type":"ListItem","position":2,"name":"Startseite","item":"https:\/\/cideon-engineering.com\/de\/"},{"@type":"ListItem","position":3,"name":"Standorte","item":"https:\/\/cideon-engineering.com\/de\/unternehmen\/standorte\/"},{"@type":"ListItem","position":4,"name":"Wiesbaden"}]},{"@type":"WebSite","@id":"https:\/\/cideon-engineering.com\/de\/#website","url":"https:\/\/cideon-engineering.com\/de\/","name":"CE Cideon Engineering","description":"making mobility happen","potentialAction":[{"@type":"SearchAction","target":{"@type":"EntryPoint","urlTemplate":"https:\/\/cideon-engineering.com\/de\/?s={search_term_string}"},"query-input":{"@type":"PropertyValueSpecification","valueRequired":true,"valueName":"search_term_string"}}],"inLanguage":"de"}]}},"_links":{"self":[{"href":"https:\/\/cideon-engineering.com\/de\/wp-json\/wp\/v2\/pages\/10648","targetHints":{"allow":["GET"]}}],"collection":[{"href":"https:\/\/cideon-engineering.com\/de\/wp-json\/wp\/v2\/pages"}],"about":[{"href":"https:\/\/cideon-engineering.com\/de\/wp-json\/wp\/v2\/types\/page"}],"author":[{"embeddable":true,"href":"https:\/\/cideon-engineering.com\/de\/wp-json\/wp\/v2\/users\/9"}],"replies":[{"embeddable":true,"href":"https:\/\/cideon-engineering.com\/de\/wp-json\/wp\/v2\/comments?post=10648"}],"version-history":[{"count":10,"href":"https:\/\/cideon-engineering.com\/de\/wp-json\/wp\/v2\/pages\/10648\/revisions"}],"predecessor-version":[{"id":10903,"href":"https:\/\/cideon-engineering.com\/de\/wp-json\/wp\/v2\/pages\/10648\/revisions\/10903"}],"up":[{"embeddable":true,"href":"https:\/\/cideon-engineering.com\/de\/wp-json\/wp\/v2\/pages\/668"}],"wp:attachment":[{"href":"https:\/\/cideon-engineering.com\/de\/wp-json\/wp\/v2\/media?parent=10648"}],"curies":[{"name":"wp","href":"https:\/\/api.w.org\/{rel}","templated":true}]}}