{"id":10661,"date":"2025-07-15T12:29:46","date_gmt":"2025-07-15T10:29:46","guid":{"rendered":"https:\/\/cideon-engineering.com\/?page_id=10661"},"modified":"2025-07-16T07:21:55","modified_gmt":"2025-07-16T05:21:55","slug":"mobile-sensorplattform","status":"publish","type":"page","link":"https:\/\/cideon-engineering.com\/de\/produkte\/mobile-sensorplattform\/","title":{"rendered":"Mobile Sensorplattform"},"content":{"rendered":"\n\n\t<section class=\"section has-parallax\" id=\"section_1056163373\">\n\t\t<div class=\"section-bg fill\" data-parallax-container=\".section\" data-parallax-background data-parallax=\"-3\">\n\t\t\t<img loading=\"lazy\" decoding=\"async\" width=\"1343\" height=\"852\" src=\"https:\/\/cideon-engineering.com\/wp-content\/uploads\/2025\/04\/Slider-1.png\" class=\"bg attachment- size-\" alt=\"\" \/>\t\t\t\t\t\t\n\t\t\t\n\n\t\t<\/div>\n\n\t\t\n\n\t\t<div class=\"section-content relative\">\n\t\t\t\n\n\n\t\t<\/div>\n\n\t\t\n<style>\n#section_1056163373 {\n  padding-top: 0px;\n  padding-bottom: 0px;\n  margin-bottom: 0px;\n  min-height: 300px;\n}\n<\/style>\n\t<\/section>\n\t\n\n\t<section class=\"section\" id=\"section_1237196774\">\n\t\t<div class=\"section-bg fill\" >\n\t\t\t\t\t\t\t\t\t\n\t\t\t\n\n\t\t<\/div>\n\n\t\t\n\n\t\t<div class=\"section-content relative\">\n\t\t\t\n\n<div class=\"row align-middle align-center\"  id=\"row-885809214\">\n\n\n\t<div id=\"col-1079697568\" class=\"col small-12 large-12\"  data-animate=\"fadeInUp\">\n\t\t\t\t<div class=\"col-inner text-center\"  >\n\t\t\t\n\t\t\t\n\n<div class=\"container section-title-container\" ><h2 class=\"section-title section-title-center\"><b aria-hidden=\"true\"><\/b><span class=\"section-title-main\" >mobile Sensorplattform f\u00fcr den Schienenverkehr<\/span><b aria-hidden=\"true\"><\/b><\/h2><\/div>\n\n\t<div id=\"text-2478564876\" class=\"text\">\n\t\t\n\n<p>Die Mobile Sensorplattform ist unsere vielseitige, motorisierte Sensorplattform f\u00fcr den Einsatz direkt auf dem Gleis. Ausgestattet mit modernster Sensorik liefert sie wertvolle Echtzeitdaten f\u00fcr Streckenvermessung, Lichtraumuntersuchung und die Validierung von Sensorfusionstechnologien \u2013 die Grundlage f\u00fcr die Automatisierung im Bahnbereich.<\/p>\n\t\t\n<style>\n#text-2478564876 {\n  text-align: left;\n}\n<\/style>\n\t<\/div>\n\t\n\n\t\t<\/div>\n\t\t\t\t\t<\/div>\n\n\t\n\n<\/div>\n\t<div id=\"gap-269926007\" class=\"gap-element clearfix\" style=\"display:block; height:auto;\">\n\t\t\n<style>\n#gap-269926007 {\n  padding-top: 30px;\n}\n<\/style>\n\t<\/div>\n\t\n\n<div class=\"row align-middle\"  id=\"row-2032241822\">\n\n\n\t<div id=\"col-857882158\" class=\"col small-12 large-12\"  data-animate=\"fadeInLeft\">\n\t\t\t\t<div class=\"col-inner text-left\"  >\n\t\t\t\n\t\t\t\n\n<div class=\"container section-title-container\" ><h3 class=\"section-title section-title-center\"><b aria-hidden=\"true\"><\/b><span class=\"section-title-main\" >Anwendungsbereiche<\/span><b aria-hidden=\"true\"><\/b><\/h3><\/div>\n\n<p style=\"text-align: left;\"><strong>Forschung und Entwicklung<\/strong><\/p>\n<p>Die Mobile Sensorplattform ist als offene Testplattform konzipiert. Verschiedene Sensoren wie LiDAR, Stereokameras oder Radarsysteme k\u00f6nnen flexibel montiert und kombiniert werden. So lassen sich neue Sensorans\u00e4tze und Prototypen unter realen Betriebsbedingungen validieren.<span data-ccp-props=\"{&quot;134233117&quot;:false,&quot;134233118&quot;:false,&quot;335551550&quot;:0,&quot;335551620&quot;:0,&quot;335559738&quot;:240,&quot;335559739&quot;:240}\">\u00a0<\/span><\/p>\n<p><span data-contrast=\"auto\">Die Plattform erm\u00f6glicht es, Messverfahren direkt auf der Strecke zu vergleichen und Daten f\u00fcr die Optimierung von Objekterkennungs- und Sensorfusionsalgorithmen zu sammeln. Witterungseinfl\u00fcsse, Verschmutzung und Abschattungen werden dabei realistisch abgebildet.<\/span><span data-ccp-props=\"{&quot;134233117&quot;:false,&quot;134233118&quot;:false,&quot;335551550&quot;:0,&quot;335551620&quot;:0,&quot;335559738&quot;:240,&quot;335559739&quot;:240}\">\u00a0<\/span><\/p>\n<p><span data-contrast=\"auto\">Durch die flexible Konstruktion kann der Sensorplattform wiederholt f\u00fcr Versuchsreihen eingesetzt werden. Sie unterst\u00fctzt Forschungsteams und Entwicklungsabteilungen dabei, praxistaugliche L\u00f6sungen f\u00fcr automatisierte und teilautomatisierte Anwendungen im Schienenverkehr zu entwickeln.<\/span><span data-ccp-props=\"{&quot;134233117&quot;:false,&quot;134233118&quot;:false,&quot;335551550&quot;:0,&quot;335551620&quot;:0,&quot;335559738&quot;:240,&quot;335559739&quot;:240}\">\u00a0<\/span><\/p>\n<p><strong><span class=\"TextRun SCXW137726218 BCX0\" lang=\"DE-DE\" xml:lang=\"DE-DE\" data-contrast=\"none\"><span class=\"NormalTextRun SCXW137726218 BCX0\" data-ccp-parastyle=\"heading 4\">Streckenvermessung &amp; Lichtraumprofil<\/span><\/span><\/strong><\/p>\n<p><span class=\"TextRun SCXW202346008 BCX0\" lang=\"DE-DE\" xml:lang=\"DE-DE\" data-contrast=\"auto\"><span class=\"NormalTextRun SCXW202346008 BCX0\">Mit einer Kombination aus Stereokameras und LiDAR erzeugt die Mobile Sensorplattform<\/span><span class=\"NormalTextRun SCXW202346008 BCX0\">\u00a0eine hochaufl\u00f6sende 3D-Punktwolke des Gleisbereichs. So lassen sich Strukturen, Hindernisse und Abst\u00e4nde millimetergenau erfassen \u2013 eine unverzichtbare Basis f\u00fcr Automatisierungstechnologien wie ATO (<\/span><span class=\"NormalTextRun SpellingErrorV2Themed SCXW202346008 BCX0\">Automatic<\/span><span class=\"NormalTextRun SCXW202346008 BCX0\"> Train Operation) oder Remote Operation.<\/span><\/span><span class=\"EOP SCXW202346008 BCX0\" data-ccp-props=\"{&quot;134233117&quot;:false,&quot;134233118&quot;:false,&quot;335559738&quot;:240,&quot;335559739&quot;:240}\">\u00a0<\/span><\/p>\n<p aria-level=\"4\"><b>Validierung von Sensorfusion &amp; Objekterkennung<\/b>\u00a0<\/p>\n<p><span data-contrast=\"auto\">Wie zuverl\u00e4ssig arbeiten fusionierte Sensorsysteme im realen Gleisumfeld? Die Mobile Sensorplattform liefert Antworten: Witterung, Verschmutzung oder Abschattungen \u2013 all diese Faktoren flie\u00dfen in unsere Analysen ein, um Algorithmen zur Objekterkennung zu optimieren.<\/span><span data-ccp-props=\"{&quot;134233117&quot;:false,&quot;134233118&quot;:false,&quot;335559738&quot;:240,&quot;335559739&quot;:240}\">\u00a0<\/span><\/p>\n\t<div id=\"gap-96421752\" class=\"gap-element clearfix\" style=\"display:block; height:auto;\">\n\t\t\n<style>\n#gap-96421752 {\n  padding-top: 50px;\n}\n<\/style>\n\t<\/div>\n\t\n\n<p><b><span data-contrast=\"auto\">Vorteile im \u00dcberblick:<\/span><\/b><span data-ccp-props=\"{&quot;134233117&quot;:false,&quot;134233118&quot;:false,&quot;335559738&quot;:240,&quot;335559739&quot;:240}\">\u00a0<\/span><\/p>\n<ul>\n<li><span class=\"TextRun SCXW176849484 BCX0\" lang=\"DE-DE\" xml:lang=\"DE-DE\" data-contrast=\"auto\"><span class=\"NormalTextRun SCXW176849484 BCX0\"> Modular erweiterbare Sensorik<\/span><\/span><span class=\"LineBreakBlob BlobObject DragDrop SCXW176849484 BCX0\"><span class=\"SCXW176849484 BCX0\">\u00a0<\/span><br class=\"SCXW176849484 BCX0\" \/><\/span><\/li>\n<li><span class=\"TextRun SCXW176849484 BCX0\" lang=\"DE-DE\" xml:lang=\"DE-DE\" data-contrast=\"auto\"><span class=\"NormalTextRun SCXW176849484 BCX0\">Kombination von Stereokameras &amp; LiDAR<\/span><\/span><span class=\"LineBreakBlob BlobObject DragDrop SCXW176849484 BCX0\"><span class=\"SCXW176849484 BCX0\">\u00a0<\/span><br class=\"SCXW176849484 BCX0\" \/><\/span><\/li>\n<li><span class=\"TextRun SCXW176849484 BCX0\" lang=\"DE-DE\" xml:lang=\"DE-DE\" data-contrast=\"auto\"><span class=\"NormalTextRun SCXW176849484 BCX0\">Mobile Datenerfassung direkt auf der Strecke<\/span><\/span><span class=\"LineBreakBlob BlobObject DragDrop SCXW176849484 BCX0\"><span class=\"SCXW176849484 BCX0\">\u00a0<\/span><br class=\"SCXW176849484 BCX0\" \/><\/span><\/li>\n<li><span class=\"TextRun SCXW176849484 BCX0\" lang=\"DE-DE\" xml:lang=\"DE-DE\" data-contrast=\"auto\"><span class=\"NormalTextRun ContextualSpellingAndGrammarErrorV2Themed SCXW176849484 BCX0\">Hohe<\/span><span class=\"NormalTextRun SCXW176849484 BCX0\"> Pr\u00e4zision dank 3D-Punktwolken<\/span><\/span><span class=\"LineBreakBlob BlobObject DragDrop SCXW176849484 BCX0\"><span class=\"SCXW176849484 BCX0\">\u00a0<\/span><br class=\"SCXW176849484 BCX0\" \/><\/span><\/li>\n<li><span class=\"TextRun SCXW176849484 BCX0\" lang=\"DE-DE\" xml:lang=\"DE-DE\" data-contrast=\"auto\"><span class=\"NormalTextRun SCXW176849484 BCX0\">Flexibles Design f\u00fcr Bahnumgebungen<\/span><\/span><span class=\"LineBreakBlob BlobObject DragDrop SCXW176849484 BCX0\"><span class=\"SCXW176849484 BCX0\">\u00a0<\/span><br class=\"SCXW176849484 BCX0\" \/><\/span><\/li>\n<li><span class=\"TextRun SCXW176849484 BCX0\" lang=\"DE-DE\" xml:lang=\"DE-DE\" data-contrast=\"auto\"><span class=\"NormalTextRun ContextualSpellingAndGrammarErrorV2Themed SCXW176849484 BCX0\">Unterst\u00fctzt<\/span><span class=\"NormalTextRun SCXW176849484 BCX0\"> Forschung &amp; Produktentwicklung<\/span><\/span><\/li>\n<\/ul>\n\t<div id=\"gap-236673343\" class=\"gap-element clearfix\" style=\"display:block; height:auto;\">\n\t\t\n<style>\n#gap-236673343 {\n  padding-top: 30px;\n}\n<\/style>\n\t<\/div>\n\t\n\n\n\t\t<\/div>\n\t\t\t\t\t<\/div>\n\n\t\n\n<\/div>\n\n\t\t<\/div>\n\n\t\t\n<style>\n#section_1237196774 {\n  padding-top: 30px;\n  padding-bottom: 30px;\n}\n<\/style>\n\t<\/section>\n\t\n\n\t<section class=\"section\" id=\"section_1773149594\">\n\t\t<div class=\"section-bg fill\" >\n\t\t\t\t\t\t\t\t\t\n\t\t\t\n\n\t\t<\/div>\n\n\t\t\n\n\t\t<div class=\"section-content relative\">\n\t\t\t\n\n<div class=\"row align-middle align-center\"  id=\"row-1283330138\">\n\n\n\t<div id=\"col-538869298\" class=\"col small-12 large-12\"  data-animate=\"fadeInUp\">\n\t\t\t\t<div class=\"col-inner text-center\"  >\n\t\t\t\n\t\t\t\n\n\t<div id=\"text-2918255466\" class=\"text\">\n\t\t\n\n<p><strong>Erleben Sie die Mobile Sensorplattform in Aktion<\/strong><\/p>\n<p>Sehen Sie in unserem aktuellen Video, wie die Sensorplattform erstmals im Praxistest wertvolle Daten sammelt.<\/p>\n\t\t\n<style>\n#text-2918255466 {\n  text-align: center;\n}\n<\/style>\n\t<\/div>\n\t\n\t<div id=\"text-344272238\" class=\"text\">\n\t\t\n\n<div style=\"width: 1020px;\" class=\"wp-video\"><video class=\"wp-video-shortcode\" id=\"video-10661-1\" width=\"1020\" height=\"574\" preload=\"auto\" controls=\"controls\"><source type=\"video\/mp4\" src=\"https:\/\/cideon-engineering.com\/wp-content\/uploads\/2025\/07\/Slider_4-1.mp4?_=1\" \/><a href=\"https:\/\/cideon-engineering.com\/wp-content\/uploads\/2025\/07\/Slider_4-1.mp4\">https:\/\/cideon-engineering.com\/wp-content\/uploads\/2025\/07\/Slider_4-1.mp4<\/a><\/video><\/div>\n\t\t\n<style>\n#text-344272238 {\n  text-align: center;\n}\n<\/style>\n\t<\/div>\n\t\n\n\t\t<\/div>\n\t\t\t\t\t<\/div>\n\n\t\n\n<\/div>\n\n\t\t<\/div>\n\n\t\t\n<style>\n#section_1773149594 {\n  padding-top: 30px;\n  padding-bottom: 30px;\n}\n<\/style>\n\t<\/section>\n\t\n<div class=\"row\"  id=\"row-468008717\">\n\n\n\t<div id=\"col-342186709\" class=\"col small-12 large-12\"  >\n\t\t\t\t<div class=\"col-inner\"  >\n\t\t\t\n\t\t\t\n\n\t<div id=\"gap-1388712194\" class=\"gap-element clearfix\" style=\"display:block; height:auto;\">\n\t\t\n<style>\n#gap-1388712194 {\n  padding-top: 30px;\n}\n<\/style>\n\t<\/div>\n\t\n\n<div class=\"container section-title-container\" ><h3 class=\"section-title section-title-center\"><b aria-hidden=\"true\"><\/b><span class=\"section-title-main\" >Interesse geweckt?<\/span><b aria-hidden=\"true\"><\/b><\/h3><\/div>\n\n<div class=\"row\"  id=\"row-1125824263\">\n\n\n\t<div id=\"col-1810135369\" class=\"col small-12 large-12\"  >\n\t\t\t\t<div class=\"col-inner text-center\"  >\n\t\t\t\n\t\t\t\n\n\t<div id=\"text-2890160416\" class=\"text\">\n\t\t\n\n<p>Kontaktieren Sie uns, um mehr \u00fcber unsere Mobiele Sensorplattform zu erfahren. Wir beraten Sie gerne und entwickeln gemeinsam mit Ihnen individuelle L\u00f6sungen f\u00fcr Ihre Bed\u00fcrfnisse.<\/p>\n\n\t\t\n<style>\n#text-2890160416 {\n  text-align: center;\n}\n<\/style>\n\t<\/div>\n\t\n<div class=\"row\"  id=\"row-233138368\">\n\n\n\t<div id=\"col-880952641\" class=\"col small-12 large-12\"  >\n\t\t\t\t<div class=\"col-inner\"  >\n\t\t\t\n\t\t\t\n\n<a href=\"https:\/\/cideon-engineering.com\/de\/elektrik-steuerungen-software\/#3d-druck\" target=\"_blank\" class=\"button primary\" rel=\"noopener\" >\n\t\t<span>Kontaktieren Sie uns jetzt und wir beraten Sie gern!<\/span>\n\t<\/a>\n\n\n\n\t\t<\/div>\n\t\t\t\t\t<\/div>\n\n\t\n\n<\/div>\n\n\t\t<\/div>\n\t\t\t\t\t<\/div>\n\n\t\n\n<\/div>\n\n\t\t<\/div>\n\t\t\t\t\t<\/div>\n\n\t\n\n<\/div>\n\n","protected":false},"excerpt":{"rendered":"","protected":false},"author":9,"featured_media":0,"parent":9558,"menu_order":0,"comment_status":"closed","ping_status":"closed","template":"","meta":{"content-type":"","inline_featured_image":false,"footnotes":""},"class_list":["post-10661","page","type-page","status-publish","hentry"],"yoast_head":"<!-- This site is optimized with the Yoast SEO plugin v26.9 - https:\/\/yoast.com\/product\/yoast-seo-wordpress\/ -->\n<title>Mobile Sensorplattform - CE Cideon Engineering<\/title>\n<meta name=\"robots\" content=\"index, follow, max-snippet:-1, max-image-preview:large, max-video-preview:-1\" \/>\n<link rel=\"canonical\" href=\"https:\/\/cideon-engineering.com\/de\/produkte\/mobile-sensorplattform\/\" \/>\n<meta property=\"og:locale\" content=\"de_DE\" \/>\n<meta property=\"og:type\" content=\"article\" \/>\n<meta property=\"og:title\" content=\"Mobile Sensorplattform - CE Cideon Engineering\" \/>\n<meta property=\"og:url\" content=\"https:\/\/cideon-engineering.com\/de\/produkte\/mobile-sensorplattform\/\" \/>\n<meta property=\"og:site_name\" content=\"CE Cideon Engineering\" \/>\n<meta property=\"article:modified_time\" content=\"2025-07-16T05:21:55+00:00\" \/>\n<meta name=\"twitter:card\" content=\"summary_large_image\" \/>\n<meta name=\"twitter:label1\" content=\"Gesch\u00e4tzte Lesezeit\" \/>\n\t<meta name=\"twitter:data1\" content=\"3\u00a0Minuten\" \/>\n<script type=\"application\/ld+json\" class=\"yoast-schema-graph\">{\"@context\":\"https:\/\/schema.org\",\"@graph\":[{\"@type\":\"WebPage\",\"@id\":\"https:\/\/cideon-engineering.com\/de\/produkte\/mobile-sensorplattform\/\",\"url\":\"https:\/\/cideon-engineering.com\/de\/produkte\/mobile-sensorplattform\/\",\"name\":\"Mobile Sensorplattform - CE Cideon Engineering\",\"isPartOf\":{\"@id\":\"https:\/\/cideon-engineering.com\/de\/#website\"},\"datePublished\":\"2025-07-15T10:29:46+00:00\",\"dateModified\":\"2025-07-16T05:21:55+00:00\",\"breadcrumb\":{\"@id\":\"https:\/\/cideon-engineering.com\/de\/produkte\/mobile-sensorplattform\/#breadcrumb\"},\"inLanguage\":\"de\",\"potentialAction\":[{\"@type\":\"ReadAction\",\"target\":[\"https:\/\/cideon-engineering.com\/de\/produkte\/mobile-sensorplattform\/\"]}]},{\"@type\":\"BreadcrumbList\",\"@id\":\"https:\/\/cideon-engineering.com\/de\/produkte\/mobile-sensorplattform\/#breadcrumb\",\"itemListElement\":[{\"@type\":\"ListItem\",\"position\":1,\"name\":\"Startseite\",\"item\":\"https:\/\/cideon-engineering.com\/de\/\"},{\"@type\":\"ListItem\",\"position\":2,\"name\":\"Produkte\",\"item\":\"https:\/\/cideon-engineering.com\/de\/produkte\/\"},{\"@type\":\"ListItem\",\"position\":3,\"name\":\"Mobile Sensorplattform\"}]},{\"@type\":\"WebSite\",\"@id\":\"https:\/\/cideon-engineering.com\/de\/#website\",\"url\":\"https:\/\/cideon-engineering.com\/de\/\",\"name\":\"CE Cideon Engineering\",\"description\":\"making mobility happen\",\"potentialAction\":[{\"@type\":\"SearchAction\",\"target\":{\"@type\":\"EntryPoint\",\"urlTemplate\":\"https:\/\/cideon-engineering.com\/de\/?s={search_term_string}\"},\"query-input\":{\"@type\":\"PropertyValueSpecification\",\"valueRequired\":true,\"valueName\":\"search_term_string\"}}],\"inLanguage\":\"de\"}]}<\/script>\n<!-- \/ Yoast SEO plugin. -->","yoast_head_json":{"title":"Mobile Sensorplattform - CE Cideon Engineering","robots":{"index":"index","follow":"follow","max-snippet":"max-snippet:-1","max-image-preview":"max-image-preview:large","max-video-preview":"max-video-preview:-1"},"canonical":"https:\/\/cideon-engineering.com\/de\/produkte\/mobile-sensorplattform\/","og_locale":"de_DE","og_type":"article","og_title":"Mobile Sensorplattform - CE Cideon Engineering","og_url":"https:\/\/cideon-engineering.com\/de\/produkte\/mobile-sensorplattform\/","og_site_name":"CE Cideon Engineering","article_modified_time":"2025-07-16T05:21:55+00:00","twitter_card":"summary_large_image","twitter_misc":{"Gesch\u00e4tzte Lesezeit":"3\u00a0Minuten"},"schema":{"@context":"https:\/\/schema.org","@graph":[{"@type":"WebPage","@id":"https:\/\/cideon-engineering.com\/de\/produkte\/mobile-sensorplattform\/","url":"https:\/\/cideon-engineering.com\/de\/produkte\/mobile-sensorplattform\/","name":"Mobile Sensorplattform - CE Cideon Engineering","isPartOf":{"@id":"https:\/\/cideon-engineering.com\/de\/#website"},"datePublished":"2025-07-15T10:29:46+00:00","dateModified":"2025-07-16T05:21:55+00:00","breadcrumb":{"@id":"https:\/\/cideon-engineering.com\/de\/produkte\/mobile-sensorplattform\/#breadcrumb"},"inLanguage":"de","potentialAction":[{"@type":"ReadAction","target":["https:\/\/cideon-engineering.com\/de\/produkte\/mobile-sensorplattform\/"]}]},{"@type":"BreadcrumbList","@id":"https:\/\/cideon-engineering.com\/de\/produkte\/mobile-sensorplattform\/#breadcrumb","itemListElement":[{"@type":"ListItem","position":1,"name":"Startseite","item":"https:\/\/cideon-engineering.com\/de\/"},{"@type":"ListItem","position":2,"name":"Produkte","item":"https:\/\/cideon-engineering.com\/de\/produkte\/"},{"@type":"ListItem","position":3,"name":"Mobile Sensorplattform"}]},{"@type":"WebSite","@id":"https:\/\/cideon-engineering.com\/de\/#website","url":"https:\/\/cideon-engineering.com\/de\/","name":"CE Cideon Engineering","description":"making mobility happen","potentialAction":[{"@type":"SearchAction","target":{"@type":"EntryPoint","urlTemplate":"https:\/\/cideon-engineering.com\/de\/?s={search_term_string}"},"query-input":{"@type":"PropertyValueSpecification","valueRequired":true,"valueName":"search_term_string"}}],"inLanguage":"de"}]}},"_links":{"self":[{"href":"https:\/\/cideon-engineering.com\/de\/wp-json\/wp\/v2\/pages\/10661","targetHints":{"allow":["GET"]}}],"collection":[{"href":"https:\/\/cideon-engineering.com\/de\/wp-json\/wp\/v2\/pages"}],"about":[{"href":"https:\/\/cideon-engineering.com\/de\/wp-json\/wp\/v2\/types\/page"}],"author":[{"embeddable":true,"href":"https:\/\/cideon-engineering.com\/de\/wp-json\/wp\/v2\/users\/9"}],"replies":[{"embeddable":true,"href":"https:\/\/cideon-engineering.com\/de\/wp-json\/wp\/v2\/comments?post=10661"}],"version-history":[{"count":18,"href":"https:\/\/cideon-engineering.com\/de\/wp-json\/wp\/v2\/pages\/10661\/revisions"}],"predecessor-version":[{"id":10697,"href":"https:\/\/cideon-engineering.com\/de\/wp-json\/wp\/v2\/pages\/10661\/revisions\/10697"}],"up":[{"embeddable":true,"href":"https:\/\/cideon-engineering.com\/de\/wp-json\/wp\/v2\/pages\/9558"}],"wp:attachment":[{"href":"https:\/\/cideon-engineering.com\/de\/wp-json\/wp\/v2\/media?parent=10661"}],"curies":[{"name":"wp","href":"https:\/\/api.w.org\/{rel}","templated":true}]}}