{"id":11315,"date":"2025-12-10T13:51:10","date_gmt":"2025-12-10T12:51:10","guid":{"rendered":"https:\/\/cideon-engineering.com\/?page_id=11315"},"modified":"2025-12-10T13:51:12","modified_gmt":"2025-12-10T12:51:12","slug":"stellenangebote-2","status":"publish","type":"page","link":"https:\/\/cideon-engineering.com\/de\/karriere\/stellenangebote-2\/","title":{"rendered":"Stellenangebote"},"content":{"rendered":"\n\n\t<section class=\"section\" id=\"section_2015753115\">\n\t\t<div class=\"section-bg fill\" >\n\t\t\t<img loading=\"lazy\" decoding=\"async\" width=\"1920\" height=\"1080\" src=\"https:\/\/cideon-engineering.com\/wp-content\/uploads\/2023\/06\/Vorschaubild_Imagfilm.jpg\" class=\"bg attachment-original size-original\" alt=\"Die M\u00f6glichmacher - Imagefilm\" \/>\t\t\t\t\t\t\n\t\t\t\n\n\t\t<\/div>\n\n\t\t\n\n\t\t<div class=\"section-content relative\">\n\t\t\t\n\n\n\t\t<\/div>\n\n\t\t\n<style>\n#section_2015753115 {\n  padding-top: 0px;\n  padding-bottom: 0px;\n  min-height: 450px;\n}\n#section_2015753115 .section-bg img {\n  object-position: center top;\n}\n<\/style>\n\t<\/section>\n\t\n\n\t<section class=\"section\" id=\"section_325943068\">\n\t\t<div class=\"section-bg fill\" >\n\t\t\t\t\t\t\t\t\t\n\t\t\t\n\n\t\t<\/div>\n\n\t\t\n\n\t\t<div class=\"section-content relative\">\n\t\t\t\n\n<div class=\"row\"  id=\"row-1234799177\">\n\n\n\t<div id=\"col-1490962095\" class=\"col small-12 large-12\"  data-animate=\"fadeInLeft\">\n\t\t\t\t<div class=\"col-inner\"  >\n\t\t\t\n\t\t\t\n\n<h1>Einsteigen und mitgestalten<\/h1>\n<p>Sie k\u00f6nnen bei uns direkt einsteigen und erste Erfahrungen sammeln oder mit Ihrer Berufserfahrung das Team bereichern. Auch Berufseinsteigende oder Quereinsteigende mit einer Affinit\u00e4t f\u00fcr Schienenfahrzeuge erhalten bei uns die M\u00f6glichkeit sich einzuarbeiten.<\/p>\n\n\t\t<\/div>\n\t\t\t\t\t<\/div>\n\n\t\n\n\t<div id=\"col-1540979021\" class=\"col small-12 large-12\"  >\n\t\t\t\t<div class=\"col-inner text-center\"  >\n\t\t\t\n\t\t\t\n\n\n\t\t<\/div>\n\t\t\t\t\t<\/div>\n\n\t\n\n<\/div>\n\n\t\t<\/div>\n\n\t\t\n<style>\n#section_325943068 {\n  padding-top: 60px;\n  padding-bottom: 60px;\n}\n<\/style>\n\t<\/section>\n\t\n\n\t<section class=\"section link-underline\" id=\"section_430216399\">\n\t\t<div class=\"section-bg fill\" >\n\t\t\t\t\t\t\t\t\t\n\t\t\t\n\n\t\t<\/div>\n\n\t\t\n\n\t\t<div class=\"section-content relative\">\n\t\t\t\n\n<div class=\"row\"  id=\"row-1113329762\">\n\n\n\t<div id=\"col-1220231025\" class=\"col small-12 large-12\"  data-animate=\"fadeInLeft\">\n\t\t\t\t<div class=\"col-inner\"  >\n\t\t\t\n\t\t\t\n\n<div class=\"row\"  id=\"row-397400056\">\n\n\n\t<div id=\"col-654285106\" class=\"col small-12 large-12\"  >\n\t\t\t\t<div class=\"col-inner\"  >\n\t\t\t\n\t\t\t\n\n\t<div id=\"text-1940614723\" class=\"text\">\n\t\t\n\n<p>Wenn Sie an einer neuen beruflichen Herausforderung in einem wachsenden Unternehmen interessiert sind, senden Sie uns bitte Ihre Bewerbung und Lebenslauf zu. In Bezug auf Ihre Bewerbung weisen wir Sie auf folgende <a href=\"https:\/\/www.cideon-engineering.com\/wp-content\/uploads\/2021\/03\/Datenschutzhinweise-fuer-Bewerberinnen-und-Bewerber-2021.pdf\" target=\"_blank\" rel=\"noopener\"><strong>datenschutzrechtliche Bestimmungen<\/strong><\/a> hin.<\/p>\n<p>\u00a0<\/p>\n\t\t\n<style>\n#text-1940614723 {\n  text-align: left;\n}\n<\/style>\n\t<\/div>\n\t\n<div class=\"row\"  id=\"row-1238326005\">\n\n\n\t<div id=\"col-460133410\" class=\"col medium-4 small-12 large-4\"  >\n\t\t\t\t<div class=\"col-inner\"  >\n\t\t\t\n\t\t\t\n\n\n\t\t<\/div>\n\t\t\t\t\t<\/div>\n\n\t\n\n\t<div id=\"col-2042043240\" class=\"col medium-4 small-12 large-4\"  >\n\t\t\t\t<div class=\"col-inner text-center\"  >\n\t\t\t\n\t\t\t\n\n<a href=\"https:\/\/cideon-engineering.mana-hr.de\/candidate-onboarding\/2147?utm_source=website\" target=\"_blank\" class=\"button primary\" rel=\"noopener\" >\n\t\t<span>Jetzt initiativ bewerben!<\/span>\n\t<\/a>\n\n\n\n\t\t<\/div>\n\t\t\t\t\t<\/div>\n\n\t\n\n\t<div id=\"col-1528943665\" class=\"col medium-4 small-12 large-4\"  >\n\t\t\t\t<div class=\"col-inner\"  >\n\t\t\t\n\t\t\t\n\n\n\t\t<\/div>\n\t\t\t\t\t<\/div>\n\n\t\n\n<\/div>\n\t<div id=\"gap-326309838\" class=\"gap-element clearfix\" style=\"display:block; height:auto;\">\n\t\t\n<style>\n#gap-326309838 {\n  padding-top: 30px;\n}\n<\/style>\n\t<\/div>\n\t\n\n\n\t\t<\/div>\n\t\t\t\t\t<\/div>\n\n\t\n\n<\/div>\n\n\t\t<\/div>\n\t\t\t\t\t<\/div>\n\n\t\n\n<\/div>\n\n\t\t<\/div>\n\n\t\t\n<style>\n#section_430216399 {\n  padding-top: 60px;\n  padding-bottom: 60px;\n  background-color: rgb(234, 234, 234);\n}\n<\/style>\n\t<\/section>\n\t\n\n\t<section class=\"section\" id=\"section_1734814428\">\n\t\t<div class=\"section-bg fill\" >\n\t\t\t\t\t\t\t\t\t\n\t\t\t\n\n\t\t<\/div>\n\n\t\t\n\n\t\t<div class=\"section-content relative\">\n\t\t\t\n\n<div class=\"row\"  id=\"row-582016190\">\n\n\n\t<div id=\"col-1596408006\" class=\"col small-12 large-12\"  data-animate=\"fadeInLeft\">\n\t\t\t\t<div class=\"col-inner\"  >\n\t\t\t\n\t\t\t\n\n<div class=\"row\"  id=\"row-437153418\">\n\n\n\t<div id=\"col-946907629\" class=\"col small-12 large-12\"  >\n\t\t\t\t<div class=\"col-inner text-left\"  >\n\t\t\t\n\t\t\t\n\n<p>Haben Sie Fragen rund um unseren Bewerbungsprozess oder zu den Einstiegsm\u00f6glichkeiten? Wir helfen gerne weiter und freuen uns auf Ihre Anfrage!<\/p>\n\n\t\t<\/div>\n\t\t\t\t\t<\/div>\n\n\t\n\n\t<div id=\"col-2009240295\" class=\"col small-12 large-12\"  >\n\t\t\t\t<div class=\"col-inner text-center\"  >\n\t\t\t\n\t\t\t\n\n\n\n<a href=\"https:\/\/kununu.com\/de\/ce-cideon-engineering?rfr=affiliate_widget&#038;utm_content=widget_icon_score_logo_small&#038;utm_medium=affiliate&#038;utm_source=widget\" rel=\"nofollow noopener\" target=\"_blank\"><img decoding=\"async\" alt=\"kununu widget\" src=\"https:\/\/widgets.kununu.com\/widget_icon_score_logo_small\/profiles\/7c5c0b52-25fd-42e8-937f-83a11723d3f6\" \/><\/a>\n\n\t<div id=\"gap-1003673659\" class=\"gap-element clearfix\" style=\"display:block; height:auto;\">\n\t\t\n<style>\n#gap-1003673659 {\n  padding-top: 30px;\n}\n<\/style>\n\t<\/div>\n\t\n\n\n\t\t<\/div>\n\t\t\t\t\t<\/div>\n\n\t\n\n<\/div>\n<div class=\"container section-title-container\" ><h3 class=\"section-title section-title-center\"><b aria-hidden=\"true\"><\/b><span class=\"section-title-main\" >Ansprechpartner<\/span><b aria-hidden=\"true\"><\/b><\/h3><\/div>\n\n\n\t\t<\/div>\n\t\t\t\t\t<\/div>\n\n\t\n\n<\/div>\n<div class=\"row row-collapse row-full-width\"  id=\"row-194743788\">\n\n\n\t<div id=\"col-941206116\" class=\"col medium-4 large-4\"  >\n\t\t\t\t<div class=\"col-inner\"  >\n\t\t\t\n\t\t\t\n\n\n\t\t<\/div>\n\t\t\t\t\t<\/div>\n\n\t\n\n\t<div id=\"col-945777526\" class=\"col medium-4 large-4\"  >\n\t\t\t\t<div class=\"col-inner\"  >\n\t\t\t\n\t\t\t\n\n<div style=\"width: 1020px;\" class=\"wp-video\"><video class=\"wp-video-shortcode\" id=\"video-11315-1\" width=\"1020\" height=\"574\" poster=\"https:\/\/cideon-engineering.com\/wp-content\/uploads\/2023\/06\/Vorschaubild_Nancy-interview.jpg\" preload=\"auto\" controls=\"controls\"><source type=\"video\/mp4\" src=\"https:\/\/cideon-engineering.com\/wp-content\/uploads\/2023\/06\/Interview_Nancy_Final_compressed.mp4?_=1\" \/><a href=\"https:\/\/cideon-engineering.com\/wp-content\/uploads\/2023\/06\/Interview_Nancy_Final_compressed.mp4\">https:\/\/cideon-engineering.com\/wp-content\/uploads\/2023\/06\/Interview_Nancy_Final_compressed.mp4<\/a><\/video><\/div>\n<div class=\"row\"  id=\"row-1022587376\">\n\n\n\t<div id=\"col-527761986\" class=\"col small-12 large-12\"  >\n\t\t\t\t<div class=\"col-inner\"  >\n\t\t\t\n\t\t\t\n\n\t<div id=\"gap-401517783\" class=\"gap-element clearfix\" style=\"display:block; height:auto;\">\n\t\t\n<style>\n#gap-401517783 {\n  padding-top: 30px;\n}\n<\/style>\n\t<\/div>\n\t\n\n<p style=\"text-align: center;\"><strong>Nancy M\u00fcller<br \/><\/strong>Recruiting<\/p>\n<hr \/>\n<p style=\"text-align: center;\">Telefon: +49 371 77415-40<br \/>E-Mail: <strong><a href=\"mailto:karriere@cideon-engineering.com\">karriere@cideon-engineering.com<\/a>\u00a0\u00a0\u00a0\u00a0\u00a0<\/strong>\u00a0<\/p>\n\n\t\t<\/div>\n\t\t\t\t\t<\/div>\n\n\t\n\n<\/div>\n\n\t\t<\/div>\n\t\t\t\t\t<\/div>\n\n\t\n\n\t<div id=\"col-1439712002\" class=\"col medium-4 large-4\"  >\n\t\t\t\t<div class=\"col-inner\"  >\n\t\t\t\n\t\t\t\n\n\n\t\t<\/div>\n\t\t\t\t\t<\/div>\n\n\t\n\n<\/div>\n\n\t\t<\/div>\n\n\t\t\n<style>\n#section_1734814428 {\n  padding-top: 30px;\n  padding-bottom: 30px;\n}\n<\/style>\n\t<\/section>\n\t\n\n","protected":false},"excerpt":{"rendered":"","protected":false},"author":9,"featured_media":0,"parent":301,"menu_order":0,"comment_status":"closed","ping_status":"closed","template":"page-blank.php","meta":{"content-type":"","inline_featured_image":false,"footnotes":""},"class_list":["post-11315","page","type-page","status-publish","hentry"],"yoast_head":"<!-- This site is optimized with the Yoast SEO plugin v26.9 - https:\/\/yoast.com\/product\/yoast-seo-wordpress\/ -->\n<title>Stellenangebote - CE Cideon Engineering<\/title>\n<meta name=\"robots\" content=\"index, follow, max-snippet:-1, max-image-preview:large, max-video-preview:-1\" \/>\n<link rel=\"canonical\" href=\"https:\/\/cideon-engineering.com\/de\/karriere\/stellenangebote-2\/\" \/>\n<meta property=\"og:locale\" content=\"de_DE\" \/>\n<meta property=\"og:type\" content=\"article\" \/>\n<meta property=\"og:title\" content=\"Stellenangebote - CE Cideon Engineering\" \/>\n<meta property=\"og:url\" content=\"https:\/\/cideon-engineering.com\/de\/karriere\/stellenangebote-2\/\" \/>\n<meta property=\"og:site_name\" content=\"CE Cideon Engineering\" \/>\n<meta property=\"article:modified_time\" content=\"2025-12-10T12:51:12+00:00\" \/>\n<meta property=\"og:image\" content=\"https:\/\/widgets.kununu.com\/widget_icon_score_logo_small\/profiles\/7c5c0b52-25fd-42e8-937f-83a11723d3f6\" \/>\n<meta name=\"twitter:card\" content=\"summary_large_image\" \/>\n<meta name=\"twitter:label1\" content=\"Gesch\u00e4tzte Lesezeit\" \/>\n\t<meta name=\"twitter:data1\" content=\"2\u00a0Minuten\" \/>\n<script type=\"application\/ld+json\" class=\"yoast-schema-graph\">{\"@context\":\"https:\/\/schema.org\",\"@graph\":[{\"@type\":\"WebPage\",\"@id\":\"https:\/\/cideon-engineering.com\/de\/karriere\/stellenangebote-2\/\",\"url\":\"https:\/\/cideon-engineering.com\/de\/karriere\/stellenangebote-2\/\",\"name\":\"Stellenangebote - CE Cideon Engineering\",\"isPartOf\":{\"@id\":\"https:\/\/cideon-engineering.com\/de\/#website\"},\"primaryImageOfPage\":{\"@id\":\"https:\/\/cideon-engineering.com\/de\/karriere\/stellenangebote-2\/#primaryimage\"},\"image\":{\"@id\":\"https:\/\/cideon-engineering.com\/de\/karriere\/stellenangebote-2\/#primaryimage\"},\"thumbnailUrl\":\"https:\/\/widgets.kununu.com\/widget_icon_score_logo_small\/profiles\/7c5c0b52-25fd-42e8-937f-83a11723d3f6\",\"datePublished\":\"2025-12-10T12:51:10+00:00\",\"dateModified\":\"2025-12-10T12:51:12+00:00\",\"breadcrumb\":{\"@id\":\"https:\/\/cideon-engineering.com\/de\/karriere\/stellenangebote-2\/#breadcrumb\"},\"inLanguage\":\"de\",\"potentialAction\":[{\"@type\":\"ReadAction\",\"target\":[\"https:\/\/cideon-engineering.com\/de\/karriere\/stellenangebote-2\/\"]}]},{\"@type\":\"ImageObject\",\"inLanguage\":\"de\",\"@id\":\"https:\/\/cideon-engineering.com\/de\/karriere\/stellenangebote-2\/#primaryimage\",\"url\":\"https:\/\/widgets.kununu.com\/widget_icon_score_logo_small\/profiles\/7c5c0b52-25fd-42e8-937f-83a11723d3f6\",\"contentUrl\":\"https:\/\/widgets.kununu.com\/widget_icon_score_logo_small\/profiles\/7c5c0b52-25fd-42e8-937f-83a11723d3f6\"},{\"@type\":\"BreadcrumbList\",\"@id\":\"https:\/\/cideon-engineering.com\/de\/karriere\/stellenangebote-2\/#breadcrumb\",\"itemListElement\":[{\"@type\":\"ListItem\",\"position\":1,\"name\":\"Startseite\",\"item\":\"https:\/\/cideon-engineering.com\/de\/\"},{\"@type\":\"ListItem\",\"position\":2,\"name\":\"Karriere\",\"item\":\"https:\/\/cideon-engineering.com\/de\/karriere\/\"},{\"@type\":\"ListItem\",\"position\":3,\"name\":\"Stellenangebote\"}]},{\"@type\":\"WebSite\",\"@id\":\"https:\/\/cideon-engineering.com\/de\/#website\",\"url\":\"https:\/\/cideon-engineering.com\/de\/\",\"name\":\"CE Cideon Engineering\",\"description\":\"making mobility happen\",\"potentialAction\":[{\"@type\":\"SearchAction\",\"target\":{\"@type\":\"EntryPoint\",\"urlTemplate\":\"https:\/\/cideon-engineering.com\/de\/?s={search_term_string}\"},\"query-input\":{\"@type\":\"PropertyValueSpecification\",\"valueRequired\":true,\"valueName\":\"search_term_string\"}}],\"inLanguage\":\"de\"}]}<\/script>\n<!-- \/ Yoast SEO plugin. -->","yoast_head_json":{"title":"Stellenangebote - CE Cideon Engineering","robots":{"index":"index","follow":"follow","max-snippet":"max-snippet:-1","max-image-preview":"max-image-preview:large","max-video-preview":"max-video-preview:-1"},"canonical":"https:\/\/cideon-engineering.com\/de\/karriere\/stellenangebote-2\/","og_locale":"de_DE","og_type":"article","og_title":"Stellenangebote - CE Cideon Engineering","og_url":"https:\/\/cideon-engineering.com\/de\/karriere\/stellenangebote-2\/","og_site_name":"CE Cideon Engineering","article_modified_time":"2025-12-10T12:51:12+00:00","og_image":[{"url":"https:\/\/widgets.kununu.com\/widget_icon_score_logo_small\/profiles\/7c5c0b52-25fd-42e8-937f-83a11723d3f6","type":"","width":"","height":""}],"twitter_card":"summary_large_image","twitter_misc":{"Gesch\u00e4tzte Lesezeit":"2\u00a0Minuten"},"schema":{"@context":"https:\/\/schema.org","@graph":[{"@type":"WebPage","@id":"https:\/\/cideon-engineering.com\/de\/karriere\/stellenangebote-2\/","url":"https:\/\/cideon-engineering.com\/de\/karriere\/stellenangebote-2\/","name":"Stellenangebote - CE Cideon Engineering","isPartOf":{"@id":"https:\/\/cideon-engineering.com\/de\/#website"},"primaryImageOfPage":{"@id":"https:\/\/cideon-engineering.com\/de\/karriere\/stellenangebote-2\/#primaryimage"},"image":{"@id":"https:\/\/cideon-engineering.com\/de\/karriere\/stellenangebote-2\/#primaryimage"},"thumbnailUrl":"https:\/\/widgets.kununu.com\/widget_icon_score_logo_small\/profiles\/7c5c0b52-25fd-42e8-937f-83a11723d3f6","datePublished":"2025-12-10T12:51:10+00:00","dateModified":"2025-12-10T12:51:12+00:00","breadcrumb":{"@id":"https:\/\/cideon-engineering.com\/de\/karriere\/stellenangebote-2\/#breadcrumb"},"inLanguage":"de","potentialAction":[{"@type":"ReadAction","target":["https:\/\/cideon-engineering.com\/de\/karriere\/stellenangebote-2\/"]}]},{"@type":"ImageObject","inLanguage":"de","@id":"https:\/\/cideon-engineering.com\/de\/karriere\/stellenangebote-2\/#primaryimage","url":"https:\/\/widgets.kununu.com\/widget_icon_score_logo_small\/profiles\/7c5c0b52-25fd-42e8-937f-83a11723d3f6","contentUrl":"https:\/\/widgets.kununu.com\/widget_icon_score_logo_small\/profiles\/7c5c0b52-25fd-42e8-937f-83a11723d3f6"},{"@type":"BreadcrumbList","@id":"https:\/\/cideon-engineering.com\/de\/karriere\/stellenangebote-2\/#breadcrumb","itemListElement":[{"@type":"ListItem","position":1,"name":"Startseite","item":"https:\/\/cideon-engineering.com\/de\/"},{"@type":"ListItem","position":2,"name":"Karriere","item":"https:\/\/cideon-engineering.com\/de\/karriere\/"},{"@type":"ListItem","position":3,"name":"Stellenangebote"}]},{"@type":"WebSite","@id":"https:\/\/cideon-engineering.com\/de\/#website","url":"https:\/\/cideon-engineering.com\/de\/","name":"CE Cideon Engineering","description":"making mobility happen","potentialAction":[{"@type":"SearchAction","target":{"@type":"EntryPoint","urlTemplate":"https:\/\/cideon-engineering.com\/de\/?s={search_term_string}"},"query-input":{"@type":"PropertyValueSpecification","valueRequired":true,"valueName":"search_term_string"}}],"inLanguage":"de"}]}},"_links":{"self":[{"href":"https:\/\/cideon-engineering.com\/de\/wp-json\/wp\/v2\/pages\/11315","targetHints":{"allow":["GET"]}}],"collection":[{"href":"https:\/\/cideon-engineering.com\/de\/wp-json\/wp\/v2\/pages"}],"about":[{"href":"https:\/\/cideon-engineering.com\/de\/wp-json\/wp\/v2\/types\/page"}],"author":[{"embeddable":true,"href":"https:\/\/cideon-engineering.com\/de\/wp-json\/wp\/v2\/users\/9"}],"replies":[{"embeddable":true,"href":"https:\/\/cideon-engineering.com\/de\/wp-json\/wp\/v2\/comments?post=11315"}],"version-history":[{"count":2,"href":"https:\/\/cideon-engineering.com\/de\/wp-json\/wp\/v2\/pages\/11315\/revisions"}],"predecessor-version":[{"id":11317,"href":"https:\/\/cideon-engineering.com\/de\/wp-json\/wp\/v2\/pages\/11315\/revisions\/11317"}],"up":[{"embeddable":true,"href":"https:\/\/cideon-engineering.com\/de\/wp-json\/wp\/v2\/pages\/301"}],"wp:attachment":[{"href":"https:\/\/cideon-engineering.com\/de\/wp-json\/wp\/v2\/media?parent=11315"}],"curies":[{"name":"wp","href":"https:\/\/api.w.org\/{rel}","templated":true}]}}