{"id":3240,"date":"2021-04-19T11:22:33","date_gmt":"2021-04-19T09:22:33","guid":{"rendered":"https:\/\/www.cideon-engineering.com\/?page_id=3240"},"modified":"2023-09-28T07:01:01","modified_gmt":"2023-09-28T05:01:01","slug":"agb-aeab","status":"publish","type":"page","link":"https:\/\/cideon-engineering.com\/de\/agb-aeab\/","title":{"rendered":"AGB &#038; AEAB"},"content":{"rendered":"\n<div class=\"row\"  id=\"row-1494987007\">\n\n\n\t<div id=\"col-91763394\" class=\"col small-12 large-12\"  >\n\t\t\t\t<div class=\"col-inner\"  >\n\t\t\t\n\t\t\t\n\n\n\t<section class=\"section\" id=\"section_402561238\">\n\t\t<div class=\"section-bg fill\" >\n\t\t\t\t\t\t\t\t\t\n\t\t\t\n\n\t\t<\/div>\n\n\t\t\n\n\t\t<div class=\"section-content relative\">\n\t\t\t\n\n<h1 style=\"text-align: center;\">AGB &amp; AEAB<\/h1>\n\n\t\t<\/div>\n\n\t\t\n<style>\n#section_402561238 {\n  padding-top: 30px;\n  padding-bottom: 30px;\n}\n<\/style>\n\t<\/section>\n\t\n\t<div id=\"gap-1696574893\" class=\"gap-element clearfix\" style=\"display:block; height:auto;\">\n\t\t\n<style>\n#gap-1696574893 {\n  padding-top: 60px;\n}\n<\/style>\n\t<\/div>\n\t\n\n<p><strong>Allgemeine Gesch\u00e4ftsbedingungen (AGB) f\u00fcr Kunden<\/strong><\/p>\n<p>Die Allgemeinen Gesch\u00e4ftsbedingungen&nbsp; \u2013 AGB genannt \u2013 gelten f\u00fcr alle gegenw\u00e4rtigen und zuk\u00fcnftigen Gesch\u00e4ftsbeziehungen sowie f\u00fcr s\u00e4mtliche Vertr\u00e4ge, die zwischen der cideon engineering und dem Auftraggeber bzw. Kunden abgeschlossen werden.<\/p>\n<p>Den Allgemeinen Gesch\u00e4ftsbedingungen des AG wird ausdr\u00fccklich widersprochen. Abweichende, entgegenstehende oder erg\u00e4nzende Allgemeine Gesch\u00e4ftsbedingungen werden, selbst bei Kenntnis der cideon engineering, nicht Vertragsbestandteil, es sei denn ihrer Geltung wurde von Seiten der cideon engineering ausdr\u00fccklich schriftlich zugestimmt. F\u00fcr den Fall, dass der AG die nachfolgenden Allgemeinen Gesch\u00e4ftsbedingungen \u2013 AGB nicht gelten lassen will, hat er dies vor, sp\u00e4testens aber zum Vertragsabschluss schriftlich gegen\u00fcber der cideon engineering zu erkl\u00e4ren.<\/p>\n<a href=\"https:\/\/cideon-engineering.com\/wp-content\/uploads\/2023\/09\/AGB_DE_2023.pdf\" target=\"_blank\" class=\"button primary lowercase\" rel=\"noopener\" >\n\t\t<span>Download<\/span>\n\t<\/a>\n\n\n<p><strong>Allgemeinen Einkaufs- und Auftragsbedingungen f\u00fcr Sachen, Leistungen und \u00e4hnlichen (AEAB)<\/strong><\/p>\n<p>Wir bestellen bzw. beauftragen ausschlie\u00dflich aufgrund dieser Allgemeinen Einkaufs- und Auftragsbedingungen nachfolgend AEAB genannt. Abweichende Zusagen oder Allgemeine Gesch\u00e4ftsbedingungen des Auftragnehmers nachfolgend AN genannt gelten nur, wenn diese der cideon engineering vorab unter ausdr\u00fccklichem Hinweis schriftlich zur Kenntnis gebracht wurden und cideon engineering diesen ausdr\u00fccklich zugestimmt hat. Hat der AN unter Verweisung auf eigene Einkaufs- und sonstige Gesch\u00e4ftsbedingungen den Auftrag f\u00fcr Leistungen angenommen, die cideon engineering zuvor unter Verweis auf diese AEAB in Auftrag gegeben hatte, und leistet der AN nun, gilt dies als abschlie\u00dfende Zustimmung des AN unter die Einbeziehung und alleinige Geltung der AEAB der cideon engineering.<\/p>\n<a href=\"https:\/\/www.cideon-engineering.com\/wp-content\/uploads\/2021\/04\/CE_AGB_2021_DE.pdf\" target=\"_blank\" class=\"button primary lowercase hidden\" rel=\"noopener\" >\n\t\t<span>Download<\/span>\n\t<\/a>\n\n\n\n\t\t<\/div>\n\t\t\t\t\t<\/div>\n\n\t\n\n<\/div>\n<div class=\"row\"  id=\"row-1149744395\">\n\n\n\t<div id=\"col-1890956235\" class=\"col medium-4 small-12 large-4\"  >\n\t\t\t\t<div class=\"col-inner\"  >\n\t\t\t\n\t\t\t\n\n<a href=\"https:\/\/www.cideon-engineering.com\/wp-content\/uploads\/2021\/07\/AEAB_DE_2021.pdf\" target=\"_blank\" class=\"button primary lowercase\" rel=\"noopener\" >\n\t\t<span>Download<\/span>\n\t<\/a>\n\n\n\n\t\t<\/div>\n\t\t\t\t\t<\/div>\n\n\t\n\n<\/div>\n\t<div id=\"gap-920267925\" class=\"gap-element clearfix\" style=\"display:block; height:auto;\">\n\t\t\n<style>\n#gap-920267925 {\n  padding-top: 60px;\n}\n<\/style>\n\t<\/div>\n\t\n\n\n","protected":false},"excerpt":{"rendered":"","protected":false},"author":8,"featured_media":0,"parent":0,"menu_order":0,"comment_status":"closed","ping_status":"closed","template":"","meta":{"content-type":"","inline_featured_image":false,"footnotes":""},"class_list":["post-3240","page","type-page","status-publish","hentry"],"yoast_head":"<!-- This site is optimized with the Yoast SEO plugin v26.9 - https:\/\/yoast.com\/product\/yoast-seo-wordpress\/ -->\n<title>AGB &amp; AEAB - CE Cideon Engineering<\/title>\n<meta name=\"robots\" content=\"index, follow, max-snippet:-1, max-image-preview:large, max-video-preview:-1\" \/>\n<link rel=\"canonical\" href=\"https:\/\/cideon-engineering.com\/de\/agb-aeab\/\" \/>\n<meta property=\"og:locale\" content=\"de_DE\" \/>\n<meta property=\"og:type\" content=\"article\" \/>\n<meta property=\"og:title\" content=\"AGB &amp; AEAB - CE Cideon Engineering\" \/>\n<meta property=\"og:url\" content=\"https:\/\/cideon-engineering.com\/de\/agb-aeab\/\" \/>\n<meta property=\"og:site_name\" content=\"CE Cideon Engineering\" \/>\n<meta property=\"article:modified_time\" content=\"2023-09-28T05:01:01+00:00\" \/>\n<meta name=\"twitter:card\" content=\"summary_large_image\" \/>\n<script type=\"application\/ld+json\" class=\"yoast-schema-graph\">{\"@context\":\"https:\/\/schema.org\",\"@graph\":[{\"@type\":\"WebPage\",\"@id\":\"https:\/\/cideon-engineering.com\/de\/agb-aeab\/\",\"url\":\"https:\/\/cideon-engineering.com\/de\/agb-aeab\/\",\"name\":\"AGB & AEAB - CE Cideon Engineering\",\"isPartOf\":{\"@id\":\"https:\/\/cideon-engineering.com\/de\/#website\"},\"datePublished\":\"2021-04-19T09:22:33+00:00\",\"dateModified\":\"2023-09-28T05:01:01+00:00\",\"breadcrumb\":{\"@id\":\"https:\/\/cideon-engineering.com\/de\/agb-aeab\/#breadcrumb\"},\"inLanguage\":\"de\",\"potentialAction\":[{\"@type\":\"ReadAction\",\"target\":[\"https:\/\/cideon-engineering.com\/de\/agb-aeab\/\"]}]},{\"@type\":\"BreadcrumbList\",\"@id\":\"https:\/\/cideon-engineering.com\/de\/agb-aeab\/#breadcrumb\",\"itemListElement\":[{\"@type\":\"ListItem\",\"position\":1,\"name\":\"Startseite\",\"item\":\"https:\/\/cideon-engineering.com\/de\/\"},{\"@type\":\"ListItem\",\"position\":2,\"name\":\"AGB &#038; AEAB\"}]},{\"@type\":\"WebSite\",\"@id\":\"https:\/\/cideon-engineering.com\/de\/#website\",\"url\":\"https:\/\/cideon-engineering.com\/de\/\",\"name\":\"CE Cideon Engineering\",\"description\":\"making mobility happen\",\"potentialAction\":[{\"@type\":\"SearchAction\",\"target\":{\"@type\":\"EntryPoint\",\"urlTemplate\":\"https:\/\/cideon-engineering.com\/de\/?s={search_term_string}\"},\"query-input\":{\"@type\":\"PropertyValueSpecification\",\"valueRequired\":true,\"valueName\":\"search_term_string\"}}],\"inLanguage\":\"de\"}]}<\/script>\n<!-- \/ Yoast SEO plugin. -->","yoast_head_json":{"title":"AGB & AEAB - CE Cideon Engineering","robots":{"index":"index","follow":"follow","max-snippet":"max-snippet:-1","max-image-preview":"max-image-preview:large","max-video-preview":"max-video-preview:-1"},"canonical":"https:\/\/cideon-engineering.com\/de\/agb-aeab\/","og_locale":"de_DE","og_type":"article","og_title":"AGB & AEAB - CE Cideon Engineering","og_url":"https:\/\/cideon-engineering.com\/de\/agb-aeab\/","og_site_name":"CE Cideon Engineering","article_modified_time":"2023-09-28T05:01:01+00:00","twitter_card":"summary_large_image","schema":{"@context":"https:\/\/schema.org","@graph":[{"@type":"WebPage","@id":"https:\/\/cideon-engineering.com\/de\/agb-aeab\/","url":"https:\/\/cideon-engineering.com\/de\/agb-aeab\/","name":"AGB & AEAB - CE Cideon Engineering","isPartOf":{"@id":"https:\/\/cideon-engineering.com\/de\/#website"},"datePublished":"2021-04-19T09:22:33+00:00","dateModified":"2023-09-28T05:01:01+00:00","breadcrumb":{"@id":"https:\/\/cideon-engineering.com\/de\/agb-aeab\/#breadcrumb"},"inLanguage":"de","potentialAction":[{"@type":"ReadAction","target":["https:\/\/cideon-engineering.com\/de\/agb-aeab\/"]}]},{"@type":"BreadcrumbList","@id":"https:\/\/cideon-engineering.com\/de\/agb-aeab\/#breadcrumb","itemListElement":[{"@type":"ListItem","position":1,"name":"Startseite","item":"https:\/\/cideon-engineering.com\/de\/"},{"@type":"ListItem","position":2,"name":"AGB &#038; AEAB"}]},{"@type":"WebSite","@id":"https:\/\/cideon-engineering.com\/de\/#website","url":"https:\/\/cideon-engineering.com\/de\/","name":"CE Cideon Engineering","description":"making mobility happen","potentialAction":[{"@type":"SearchAction","target":{"@type":"EntryPoint","urlTemplate":"https:\/\/cideon-engineering.com\/de\/?s={search_term_string}"},"query-input":{"@type":"PropertyValueSpecification","valueRequired":true,"valueName":"search_term_string"}}],"inLanguage":"de"}]}},"_links":{"self":[{"href":"https:\/\/cideon-engineering.com\/de\/wp-json\/wp\/v2\/pages\/3240","targetHints":{"allow":["GET"]}}],"collection":[{"href":"https:\/\/cideon-engineering.com\/de\/wp-json\/wp\/v2\/pages"}],"about":[{"href":"https:\/\/cideon-engineering.com\/de\/wp-json\/wp\/v2\/types\/page"}],"author":[{"embeddable":true,"href":"https:\/\/cideon-engineering.com\/de\/wp-json\/wp\/v2\/users\/8"}],"replies":[{"embeddable":true,"href":"https:\/\/cideon-engineering.com\/de\/wp-json\/wp\/v2\/comments?post=3240"}],"version-history":[{"count":8,"href":"https:\/\/cideon-engineering.com\/de\/wp-json\/wp\/v2\/pages\/3240\/revisions"}],"predecessor-version":[{"id":8261,"href":"https:\/\/cideon-engineering.com\/de\/wp-json\/wp\/v2\/pages\/3240\/revisions\/8261"}],"wp:attachment":[{"href":"https:\/\/cideon-engineering.com\/de\/wp-json\/wp\/v2\/media?parent=3240"}],"curies":[{"name":"wp","href":"https:\/\/api.w.org\/{rel}","templated":true}]}}