{"id":3529,"date":"2021-05-27T11:52:38","date_gmt":"2021-05-27T09:52:38","guid":{"rendered":"https:\/\/www.cideon-engineering.com\/?page_id=3529"},"modified":"2025-05-21T09:30:16","modified_gmt":"2025-05-21T07:30:16","slug":"teamleiter-konstruktion","status":"publish","type":"page","link":"https:\/\/cideon-engineering.com\/de\/karriere\/mitarbeiter-im-interview\/teamleiter-konstruktion\/","title":{"rendered":"Teamleiter Konstruktion"},"content":{"rendered":"\n\n\t<section class=\"section\" id=\"section_1989783065\">\n\t\t<div class=\"section-bg fill\" >\n\t\t\t<img loading=\"lazy\" decoding=\"async\" width=\"2560\" height=\"672\" src=\"https:\/\/cideon-engineering.com\/wp-content\/uploads\/2025\/05\/Karriere-Schienenverkehr-scaled-fotor-20250520163937.png\" class=\"bg attachment-original size-original\" alt=\"\" \/>\t\t\t\t\t\t\n\t\t\t\n\n\t\t<\/div>\n\n\t\t\n\n\t\t<div class=\"section-content relative\">\n\t\t\t\n\n\n\t\t<\/div>\n\n\t\t\n<style>\n#section_1989783065 {\n  padding-top: 0px;\n  padding-bottom: 0px;\n  min-height: 450px;\n}\n#section_1989783065 .section-bg img {\n  object-position: center top;\n}\n<\/style>\n\t<\/section>\n\t\n<div class=\"row\"  id=\"row-828928438\">\n\n\n\t<div id=\"col-367319473\" class=\"col medium-6 small-12 large-6\"  >\n\t\t\t\t<div class=\"col-inner\"  >\n\t\t\t\n\t\t\t\n\n\t<div class=\"img has-hover x md-x lg-x y md-y lg-y\" id=\"image_1948204953\">\n\t\t\t\t\t\t\t\t<div class=\"img-inner dark\" >\n\t\t\t<img loading=\"lazy\" decoding=\"async\" width=\"1020\" height=\"765\" src=\"https:\/\/cideon-engineering.com\/wp-content\/uploads\/2021\/06\/CE_AndreasSattler_web.jpg\" class=\"attachment-large size-large\" alt=\"\" srcset=\"https:\/\/cideon-engineering.com\/wp-content\/uploads\/2021\/06\/CE_AndreasSattler_web.jpg 1024w, https:\/\/cideon-engineering.com\/wp-content\/uploads\/2021\/06\/CE_AndreasSattler_web-300x225.jpg 300w, https:\/\/cideon-engineering.com\/wp-content\/uploads\/2021\/06\/CE_AndreasSattler_web-768x576.jpg 768w\" sizes=\"auto, (max-width: 1020px) 100vw, 1020px\" \/>\t\t\t\t\t\t\n\t\t\t\t\t<\/div>\n\t\t\t\t\t\t\t\t\n<style>\n#image_1948204953 {\n  width: 100%;\n}\n<\/style>\n\t<\/div>\n\t\n\n\n\t\t<\/div>\n\t\t\t\t\t<\/div>\n\n\t\n\n\t<div id=\"col-512545032\" class=\"col medium-6 small-12 large-6\"  >\n\t\t\t\t<div class=\"col-inner\"  >\n\t\t\t\n\t\t\t\n\n<h2>Andreas Sattler, Teamleiter Konstruktion<\/h2>\n<p><strong>Woher kommst du und was f\u00fchrte dich zu cideon engineering? <\/strong><\/p>\n<p>Ich lebe mit meiner Familie auf dem Land in der N\u00e4he von Eilenburg und leite derzeit die Leipziger Gesch\u00e4ftsstelle von cideon engineering. Nach meiner Ausbildung und 15-j\u00e4hriger Berufst\u00e4tigkeit als Elektromonteur im Reichsbahnausbesserungswerk in Delitzsch und dem anschlie\u00dfenden Studium der Elektrotechnik in Dresden, startete ich meine berufliche Laufbahn als CAD-Konstrukteur bei dem Vorg\u00e4nger von cideon engineering \u2013 der IVM Engineering.<\/p>\n<p><strong>Erz\u00e4hl uns bitte etwas \u00fcber deine Laufbahn bei uns.<\/strong><\/p>\n<p>2004 habe ich als Konstrukteur im Bereich OnsiteEngineering begonnen und war damals in diversen Projekten unter anderem im Klimager\u00e4tebau in Schkeuditz oder im Lokomotiven Bau in M\u00fcnchen t\u00e4tig. Seit ca. 10 Jahren bin ich zur\u00fcck am Standort Leipzig und bearbeite als Projektleiter und Gesch\u00e4ftsstellenleiter wechselnde Projekte im Bereich mechanische Konstruktion, vorwiegend vom Standort aus.<\/p>\n\n\t\t<\/div>\n\t\t\t\t\t<\/div>\n\n\t\n\n<\/div>\n\n\t<section class=\"section\" id=\"section_869346754\">\n\t\t<div class=\"section-bg fill\" >\n\t\t\t\t\t\t\t\t\t\n\t\t\t\n\n\t\t<\/div>\n\n\t\t\n\n\t\t<div class=\"section-content relative\">\n\t\t\t\n\n<div class=\"row\"  id=\"row-1803584419\">\n\n\n\t<div id=\"col-90199743\" class=\"col small-12 large-12\"  >\n\t\t\t\t<div class=\"col-inner\"  >\n\t\t\t\n\t\t\t\n\n<p><strong>Was war dein bisher anspruchsvollstes Projekt?<\/strong><\/p>\n<p>Da f\u00e4llt mir sofort die Konstruktion von Schienenfr\u00e4sen f\u00fcr unser jetziges Mutterunternehmen in China ein. Dieses Projekt war mit gro\u00dfen Herausforderungen sowohl in fachlicher als auch in sozialer Hinsicht verbunden. Zum einen war die Koordination der Zusammenarbeit mit einem anderen Fachunternehmen aus \u00d6sterreich, zum anderen ein mehrw\u00f6chiger Auslandseinsatz in China, ein mir bis dahin fremdes Land, notwendig. Dieser Auslandseinsatz erm\u00f6glichte mir allerdings auch neue Kontakte mit einer anderen Kultur und anderen Arbeitsbedingungen sowie das Kennen- und Sch\u00e4tzenlernen von Land und Leuten vor Ort.<\/p>\n<p><strong>Was macht dir an deinem Job am meisten Spa\u00df?<\/strong><\/p>\n<p>Mir gef\u00e4llt die gemeinsame Arbeit in einem guten Kollegenteam mit wechselnden Themen und Herausforderungen sowie in den meisten F\u00e4llen der Kontakt zu Kunden und deren Mitarbeitern mit dem Stolz, L\u00f6sungen gemeinsam erarbeiten und pr\u00e4sentieren zu k\u00f6nnen.<\/p>\n<p><strong>Was sollten Interessenten mitbringen f\u00fcr eine T\u00e4tigkeit in unserem Unternehmen?<\/strong><\/p>\n<p>Eine solide fachliche Grundausbildung idealerweise mit einer Fachspezialisierung im Maschinen- oder Schienenfahrzeugbau oder z.B. in der Elektrotechnik\/Elektronik f\u00fcr Zugsteuerungen. Dazu eine positive Einstellung zur Arbeit gepaart mit Neugier, Interesse und einer guten Portion Ehrgeiz. Teamf\u00e4higkeit ist in unserem Unternehmen eine Grundanforderung, ob in der Projektbearbeitung oder der Verwaltung. Auch die Bereitschaft, vorr\u00fcbergehende Au\u00dfeneins\u00e4tze bei Kunden vor Ort zu \u00fcbernehmen, ist von Vorteil.<\/p>\n<p><strong>Was machst du in deiner Freizeit?<\/strong><\/p>\n<p>Meine Freizeit verbringe ich gern mit der Familie, unseren Haustieren, Haus und Garten sowie Freunden. Ich mag die Natur und reise auch gern mal in andere L\u00e4nder, um Land, Leute und neue Kulturen kennenzulernen.<\/p>\n<p><strong>Was sch\u00e4tzt du pers\u00f6nlich an cideon engineering? Wo siehst du noch Optimierungsbedarf?<\/strong><\/p>\n<p>Cideon engineering ist ein fairer Arbeitgeber mit verschiedenen Entwicklungs- und Weiterbildungsm\u00f6glichkeiten, wo nicht nur der finanzielle Aspekt passt, sondern man auch um das allgemeine Wohlbefinden der Mitarbeiter bem\u00fcht ist, unter anderem mit Durchf\u00fchrung von Mitarbeiterveranstaltungen oder Teamevents. An Optimierungen der betrieblichen Prozesse wird kontinuierlich gearbeitet und jeder Mitarbeiter kann seinen Beitrag dazu leisten.<\/p>\n\n\t\t<\/div>\n\t\t\t\t\t<\/div>\n\n\t\n\n<\/div>\n\n\t\t<\/div>\n\n\t\t\n<style>\n#section_869346754 {\n  padding-top: 60px;\n  padding-bottom: 60px;\n}\n<\/style>\n\t<\/section>\n\t\n<div class=\"row\"  id=\"row-625309800\">\n\n\n\t<div id=\"col-1493983044\" class=\"col small-12 large-12\"  >\n\t\t\t\t<div class=\"col-inner\"  >\n\t\t\t\n\t\t\t\n\n<div class=\"container section-title-container\" ><h2 class=\"section-title section-title-center\"><b aria-hidden=\"true\"><\/b><span class=\"section-title-main\" >Aktuelle Stellenangebote<\/span><b aria-hidden=\"true\"><\/b><\/h2><\/div>\n\n<div class=\"row\"  id=\"row-1678111806\">\n\n\n\t<div id=\"col-1862394170\" class=\"col small-12 large-12\"  >\n\t\t\t\t<div class=\"col-inner\"  >\n\t\t\t\n\t\t\t\n\n\n  \n    <div class=\"row large-columns-4 medium-columns-1 small-columns-1\" >\n  <\/div>\n\n\n\t\t<\/div>\n\t\t\t\t\t<\/div>\n\n\t\n\n<\/div>\n\n\t\t<\/div>\n\t\t\t\t\t<\/div>\n\n\t\n\n<\/div>\n\n","protected":false},"excerpt":{"rendered":"","protected":false},"author":8,"featured_media":0,"parent":3098,"menu_order":0,"comment_status":"closed","ping_status":"closed","template":"page-blank.php","meta":{"content-type":"","inline_featured_image":false,"footnotes":""},"class_list":["post-3529","page","type-page","status-publish","hentry"],"yoast_head":"<!-- This site is optimized with the Yoast SEO plugin v26.9 - https:\/\/yoast.com\/product\/yoast-seo-wordpress\/ -->\n<title>Teamleiter Konstruktion - CE Cideon Engineering<\/title>\n<meta name=\"robots\" content=\"index, follow, max-snippet:-1, max-image-preview:large, max-video-preview:-1\" \/>\n<link rel=\"canonical\" href=\"https:\/\/cideon-engineering.com\/de\/karriere\/mitarbeiter-im-interview\/teamleiter-konstruktion\/\" \/>\n<meta property=\"og:locale\" content=\"de_DE\" \/>\n<meta property=\"og:type\" content=\"article\" \/>\n<meta property=\"og:title\" content=\"Teamleiter Konstruktion - CE Cideon Engineering\" \/>\n<meta property=\"og:url\" content=\"https:\/\/cideon-engineering.com\/de\/karriere\/mitarbeiter-im-interview\/teamleiter-konstruktion\/\" \/>\n<meta property=\"og:site_name\" content=\"CE Cideon Engineering\" \/>\n<meta property=\"article:modified_time\" content=\"2025-05-21T07:30:16+00:00\" \/>\n<meta name=\"twitter:card\" content=\"summary_large_image\" \/>\n<meta name=\"twitter:label1\" content=\"Gesch\u00e4tzte Lesezeit\" \/>\n\t<meta name=\"twitter:data1\" content=\"3\u00a0Minuten\" \/>\n<script type=\"application\/ld+json\" class=\"yoast-schema-graph\">{\"@context\":\"https:\/\/schema.org\",\"@graph\":[{\"@type\":\"WebPage\",\"@id\":\"https:\/\/cideon-engineering.com\/de\/karriere\/mitarbeiter-im-interview\/teamleiter-konstruktion\/\",\"url\":\"https:\/\/cideon-engineering.com\/de\/karriere\/mitarbeiter-im-interview\/teamleiter-konstruktion\/\",\"name\":\"Teamleiter Konstruktion - CE Cideon Engineering\",\"isPartOf\":{\"@id\":\"https:\/\/cideon-engineering.com\/de\/#website\"},\"datePublished\":\"2021-05-27T09:52:38+00:00\",\"dateModified\":\"2025-05-21T07:30:16+00:00\",\"breadcrumb\":{\"@id\":\"https:\/\/cideon-engineering.com\/de\/karriere\/mitarbeiter-im-interview\/teamleiter-konstruktion\/#breadcrumb\"},\"inLanguage\":\"de\",\"potentialAction\":[{\"@type\":\"ReadAction\",\"target\":[\"https:\/\/cideon-engineering.com\/de\/karriere\/mitarbeiter-im-interview\/teamleiter-konstruktion\/\"]}]},{\"@type\":\"BreadcrumbList\",\"@id\":\"https:\/\/cideon-engineering.com\/de\/karriere\/mitarbeiter-im-interview\/teamleiter-konstruktion\/#breadcrumb\",\"itemListElement\":[{\"@type\":\"ListItem\",\"position\":1,\"name\":\"Startseite\",\"item\":\"https:\/\/cideon-engineering.com\/de\/\"},{\"@type\":\"ListItem\",\"position\":2,\"name\":\"Karriere\",\"item\":\"https:\/\/cideon-engineering.com\/de\/karriere\/\"},{\"@type\":\"ListItem\",\"position\":3,\"name\":\"Mitarbeiter im Interview\",\"item\":\"https:\/\/cideon-engineering.com\/de\/karriere\/mitarbeiter-im-interview\/\"},{\"@type\":\"ListItem\",\"position\":4,\"name\":\"Teamleiter Konstruktion\"}]},{\"@type\":\"WebSite\",\"@id\":\"https:\/\/cideon-engineering.com\/de\/#website\",\"url\":\"https:\/\/cideon-engineering.com\/de\/\",\"name\":\"CE Cideon Engineering\",\"description\":\"making mobility happen\",\"potentialAction\":[{\"@type\":\"SearchAction\",\"target\":{\"@type\":\"EntryPoint\",\"urlTemplate\":\"https:\/\/cideon-engineering.com\/de\/?s={search_term_string}\"},\"query-input\":{\"@type\":\"PropertyValueSpecification\",\"valueRequired\":true,\"valueName\":\"search_term_string\"}}],\"inLanguage\":\"de\"}]}<\/script>\n<!-- \/ Yoast SEO plugin. -->","yoast_head_json":{"title":"Teamleiter Konstruktion - CE Cideon Engineering","robots":{"index":"index","follow":"follow","max-snippet":"max-snippet:-1","max-image-preview":"max-image-preview:large","max-video-preview":"max-video-preview:-1"},"canonical":"https:\/\/cideon-engineering.com\/de\/karriere\/mitarbeiter-im-interview\/teamleiter-konstruktion\/","og_locale":"de_DE","og_type":"article","og_title":"Teamleiter Konstruktion - CE Cideon Engineering","og_url":"https:\/\/cideon-engineering.com\/de\/karriere\/mitarbeiter-im-interview\/teamleiter-konstruktion\/","og_site_name":"CE Cideon Engineering","article_modified_time":"2025-05-21T07:30:16+00:00","twitter_card":"summary_large_image","twitter_misc":{"Gesch\u00e4tzte Lesezeit":"3\u00a0Minuten"},"schema":{"@context":"https:\/\/schema.org","@graph":[{"@type":"WebPage","@id":"https:\/\/cideon-engineering.com\/de\/karriere\/mitarbeiter-im-interview\/teamleiter-konstruktion\/","url":"https:\/\/cideon-engineering.com\/de\/karriere\/mitarbeiter-im-interview\/teamleiter-konstruktion\/","name":"Teamleiter Konstruktion - CE Cideon Engineering","isPartOf":{"@id":"https:\/\/cideon-engineering.com\/de\/#website"},"datePublished":"2021-05-27T09:52:38+00:00","dateModified":"2025-05-21T07:30:16+00:00","breadcrumb":{"@id":"https:\/\/cideon-engineering.com\/de\/karriere\/mitarbeiter-im-interview\/teamleiter-konstruktion\/#breadcrumb"},"inLanguage":"de","potentialAction":[{"@type":"ReadAction","target":["https:\/\/cideon-engineering.com\/de\/karriere\/mitarbeiter-im-interview\/teamleiter-konstruktion\/"]}]},{"@type":"BreadcrumbList","@id":"https:\/\/cideon-engineering.com\/de\/karriere\/mitarbeiter-im-interview\/teamleiter-konstruktion\/#breadcrumb","itemListElement":[{"@type":"ListItem","position":1,"name":"Startseite","item":"https:\/\/cideon-engineering.com\/de\/"},{"@type":"ListItem","position":2,"name":"Karriere","item":"https:\/\/cideon-engineering.com\/de\/karriere\/"},{"@type":"ListItem","position":3,"name":"Mitarbeiter im Interview","item":"https:\/\/cideon-engineering.com\/de\/karriere\/mitarbeiter-im-interview\/"},{"@type":"ListItem","position":4,"name":"Teamleiter Konstruktion"}]},{"@type":"WebSite","@id":"https:\/\/cideon-engineering.com\/de\/#website","url":"https:\/\/cideon-engineering.com\/de\/","name":"CE Cideon Engineering","description":"making mobility happen","potentialAction":[{"@type":"SearchAction","target":{"@type":"EntryPoint","urlTemplate":"https:\/\/cideon-engineering.com\/de\/?s={search_term_string}"},"query-input":{"@type":"PropertyValueSpecification","valueRequired":true,"valueName":"search_term_string"}}],"inLanguage":"de"}]}},"_links":{"self":[{"href":"https:\/\/cideon-engineering.com\/de\/wp-json\/wp\/v2\/pages\/3529","targetHints":{"allow":["GET"]}}],"collection":[{"href":"https:\/\/cideon-engineering.com\/de\/wp-json\/wp\/v2\/pages"}],"about":[{"href":"https:\/\/cideon-engineering.com\/de\/wp-json\/wp\/v2\/types\/page"}],"author":[{"embeddable":true,"href":"https:\/\/cideon-engineering.com\/de\/wp-json\/wp\/v2\/users\/8"}],"replies":[{"embeddable":true,"href":"https:\/\/cideon-engineering.com\/de\/wp-json\/wp\/v2\/comments?post=3529"}],"version-history":[{"count":6,"href":"https:\/\/cideon-engineering.com\/de\/wp-json\/wp\/v2\/pages\/3529\/revisions"}],"predecessor-version":[{"id":10356,"href":"https:\/\/cideon-engineering.com\/de\/wp-json\/wp\/v2\/pages\/3529\/revisions\/10356"}],"up":[{"embeddable":true,"href":"https:\/\/cideon-engineering.com\/de\/wp-json\/wp\/v2\/pages\/3098"}],"wp:attachment":[{"href":"https:\/\/cideon-engineering.com\/de\/wp-json\/wp\/v2\/media?parent=3529"}],"curies":[{"name":"wp","href":"https:\/\/api.w.org\/{rel}","templated":true}]}}