{"id":4117,"date":"2021-06-29T09:53:25","date_gmt":"2021-06-29T07:53:25","guid":{"rendered":"https:\/\/www.cideon-engineering.com\/?page_id=4117"},"modified":"2025-05-21T09:30:20","modified_gmt":"2025-05-21T07:30:20","slug":"systemingenieurin-leucht","status":"publish","type":"page","link":"https:\/\/cideon-engineering.com\/de\/karriere\/mitarbeiter-im-interview\/systemingenieurin-leucht\/","title":{"rendered":"Systemingenieurin Leucht"},"content":{"rendered":"\n\n\t<section class=\"section\" id=\"section_1581169048\">\n\t\t<div class=\"section-bg fill\" >\n\t\t\t<img loading=\"lazy\" decoding=\"async\" width=\"2560\" height=\"672\" src=\"https:\/\/cideon-engineering.com\/wp-content\/uploads\/2025\/05\/Karriere-Schienenverkehr-scaled-fotor-20250520163937.png\" class=\"bg attachment-original size-original\" alt=\"\" \/>\t\t\t\t\t\t\n\t\t\t\n\n\t\t<\/div>\n\n\t\t\n\n\t\t<div class=\"section-content relative\">\n\t\t\t\n\n\n\t\t<\/div>\n\n\t\t\n<style>\n#section_1581169048 {\n  padding-top: 0px;\n  padding-bottom: 0px;\n  min-height: 450px;\n}\n#section_1581169048 .section-bg img {\n  object-position: center top;\n}\n<\/style>\n\t<\/section>\n\t\n<div class=\"row\"  id=\"row-1522116463\">\n\n\n\t<div id=\"col-1096398363\" class=\"col medium-6 small-12 large-6\"  >\n\t\t\t\t<div class=\"col-inner\"  >\n\t\t\t\n\t\t\t\n\n\t<div class=\"img has-hover x md-x lg-x y md-y lg-y\" id=\"image_1145925800\">\n\t\t\t\t\t\t\t\t<div class=\"img-inner dark\" >\n\t\t\t<img loading=\"lazy\" decoding=\"async\" width=\"1020\" height=\"619\" src=\"https:\/\/cideon-engineering.com\/wp-content\/uploads\/2021\/05\/CE_VivienLeucht-1024x621.jpg\" class=\"attachment-large size-large\" alt=\"\" srcset=\"https:\/\/cideon-engineering.com\/wp-content\/uploads\/2021\/05\/CE_VivienLeucht-1024x621.jpg 1024w, https:\/\/cideon-engineering.com\/wp-content\/uploads\/2021\/05\/CE_VivienLeucht-300x182.jpg 300w, https:\/\/cideon-engineering.com\/wp-content\/uploads\/2021\/05\/CE_VivienLeucht-768x466.jpg 768w, https:\/\/cideon-engineering.com\/wp-content\/uploads\/2021\/05\/CE_VivienLeucht-1536x931.jpg 1536w, https:\/\/cideon-engineering.com\/wp-content\/uploads\/2021\/05\/CE_VivienLeucht.jpg 1781w\" sizes=\"auto, (max-width: 1020px) 100vw, 1020px\" \/>\t\t\t\t\t\t\n\t\t\t\t\t<\/div>\n\t\t\t\t\t\t\t\t\n<style>\n#image_1145925800 {\n  width: 100%;\n}\n<\/style>\n\t<\/div>\n\t\n\n\n\t\t<\/div>\n\t\t\t\t\t<\/div>\n\n\t\n\n\t<div id=\"col-1415918554\" class=\"col medium-6 small-12 large-6\"  >\n\t\t\t\t<div class=\"col-inner\"  >\n\t\t\t\n\t\t\t\n\n<h2>Vivien Leucht, Systemingenieurin<\/h2>\n<p><strong>Woher kommst du und wie bist du zu cideon engineering gekommen?<\/strong><\/p>\n<p>Ich bin in Dessau in Sachsen-Anhalt aufgewachsen und wohne seit 2009 in Dresden, wo ich Maschinenbau an der HTW studiert habe. Zu cideon engineering kam ich als Berufseinsteiger \u00fcber einen Personaldienstleister. Nach dem Studium wusste ich noch nicht genau, was ich machen m\u00f6chte \u2013 das Thema Nachhaltigkeit hat mich schon immer interessiert. Dahingehend hat mir cideon engineering als Teil der Schienenfahrzeugbranche eine entsprechend zukunftsweisende Perspektive geboten.<\/p>\n\n\t\t<\/div>\n\t\t\t\t\t<\/div>\n\n\t\n\n<\/div>\n\n\t<section class=\"section\" id=\"section_827894803\">\n\t\t<div class=\"section-bg fill\" >\n\t\t\t\t\t\t\t\t\t\n\t\t\t\n\n\t\t<\/div>\n\n\t\t\n\n\t\t<div class=\"section-content relative\">\n\t\t\t\n\n<div class=\"row\"  id=\"row-1933726531\">\n\n\n\t<div id=\"col-1364030705\" class=\"col small-12 large-12\"  >\n\t\t\t\t<div class=\"col-inner\"  >\n\t\t\t\n\t\t\t\n\n<p><strong>Welche Bereiche konntest du schon kennenlernen?<\/strong><\/p>\n<p>Ich habe 21 Monate im Bereich Mechanik \/ Konstruktion am Firmensitz in Bautzen gearbeitet. Dort war ich Teil eines gro\u00dfen Projektteams, welches Tag- und Nachtz\u00fcge mitentwickelte. Meine Aufgaben waren dabei vielf\u00e4ltig und umfassten u.a. die Konstruktion in verschiedenen Bereichen des Innenausbaus, die Dokumentation und Zeichnungserstellung, sowie Datenanlage und -pflege im SAP.<\/p>\n<p>Nach der \u00dcbernahme in die Festanstellung, bin ich Anfang dieses Jahrs zum Bereich Elektrik &amp; Steuerung, und somit zum Standort Chemnitz bzw. Dresden, gewechselt.<\/p>\n<p><strong>Was sind deine aktuellen Aufgaben bei cideon engineering?<\/strong><\/p>\n<p>Mein Aufgabenbereich besteht derzeit aus 2 Teilgebieten. Zum einen arbeite ich mich in das Thema System Engineering ein, zum anderen \u00fcbernehme ich im Rahmen einer Elternzeitvertretung die technische Assistenz des Fachbereiches.<\/p>\n<p><strong>Was macht dir an deinem Job am meisten Spa\u00df?<\/strong><\/p>\n<p>Meine Aufgaben sind sehr abwechslungsreich und fordernd. Ich erhalte hier die M\u00f6glichkeit \u00fcber den Tellerrand hinauszuschauen und neue Themengebiete, auch au\u00dferhalb meiner eigentlichen Ausbildung, kennenzulernen. Gleichzeitig macht mir die Zusammenarbeit mit den Kollegen gro\u00dfen Spa\u00df.<\/p>\n<p><strong>Was machst du in deiner Freizeit?<\/strong><\/p>\n<p>Momentan bilde ich mich im Bereich Programmierung im Rahmen einer Gasth\u00f6rerschaft an der Harvard University (\u00fcber edx.org) weiter. Als sportlichen Ausgleich turne ich normalerweise im Verein. Da dies aktuell leider nicht m\u00f6glich ist, habe ich \u2013 sozusagen als Alternative &#8211; das Rollschuhfahren f\u00fcr mich entdeckt.<\/p>\n<p><strong>W\u00fcrdest du cideon engineering als Arbeitgeber weiterempfehlen? Wenn ja, warum?<\/strong><\/p>\n<p>Ich habe mich bei cideon engineering von Anfang an sehr gut aufgenommen und unterst\u00fctzt gef\u00fchlt. Aufgrund der Firmengr\u00f6\u00dfe herrscht eine famili\u00e4re Arbeitsatmosph\u00e4re, was mir pers\u00f6nlich besonders gut gef\u00e4llt. Man ist Teil einer Gemeinschaft und trifft Menschen, die einen beruflich sowie privat pr\u00e4gen, sodass man auch au\u00dferhalb der Firma, im privaten Rahmen oder bei betrieblichen Events, gemeinsam eine tolle Zeit verbringt. Die Gleitzeitregelung erm\u00f6glicht mir, meine Arbeitszeit flexibel einzuteilen.<\/p>\n\n\t\t<\/div>\n\t\t\t\t\t<\/div>\n\n\t\n\n<\/div>\n\n\t\t<\/div>\n\n\t\t\n<style>\n#section_827894803 {\n  padding-top: 60px;\n  padding-bottom: 60px;\n}\n<\/style>\n\t<\/section>\n\t\n<div class=\"row\"  id=\"row-246013220\">\n\n\n\t<div id=\"col-406304158\" class=\"col small-12 large-12\"  >\n\t\t\t\t<div class=\"col-inner\"  >\n\t\t\t\n\t\t\t\n\n<div class=\"container section-title-container\" ><h2 class=\"section-title section-title-center\"><b aria-hidden=\"true\"><\/b><span class=\"section-title-main\" >Aktuelle Stellenangebote<\/span><b aria-hidden=\"true\"><\/b><\/h2><\/div>\n\n<div class=\"row\"  id=\"row-1690143481\">\n\n\n\t<div id=\"col-332188309\" class=\"col small-12 large-12\"  >\n\t\t\t\t<div class=\"col-inner\"  >\n\t\t\t\n\t\t\t\n\n\n  \n    <div class=\"row large-columns-4 medium-columns-1 small-columns-1\" >\n  <\/div>\n\n\n\t\t<\/div>\n\t\t\t\t\t<\/div>\n\n\t\n\n<\/div>\n\n\t\t<\/div>\n\t\t\t\t\t<\/div>\n\n\t\n\n<\/div>\n\n","protected":false},"excerpt":{"rendered":"","protected":false},"author":8,"featured_media":0,"parent":3098,"menu_order":0,"comment_status":"closed","ping_status":"closed","template":"page-blank.php","meta":{"content-type":"","inline_featured_image":false,"footnotes":""},"class_list":["post-4117","page","type-page","status-publish","hentry"],"yoast_head":"<!-- This site is optimized with the Yoast SEO plugin v26.9 - https:\/\/yoast.com\/product\/yoast-seo-wordpress\/ -->\n<title>Systemingenieurin Leucht - CE Cideon Engineering<\/title>\n<meta name=\"robots\" content=\"index, follow, max-snippet:-1, max-image-preview:large, max-video-preview:-1\" \/>\n<link rel=\"canonical\" href=\"https:\/\/cideon-engineering.com\/de\/karriere\/mitarbeiter-im-interview\/systemingenieurin-leucht\/\" \/>\n<meta property=\"og:locale\" content=\"de_DE\" \/>\n<meta property=\"og:type\" content=\"article\" \/>\n<meta property=\"og:title\" content=\"Systemingenieurin Leucht - CE Cideon Engineering\" \/>\n<meta property=\"og:url\" content=\"https:\/\/cideon-engineering.com\/de\/karriere\/mitarbeiter-im-interview\/systemingenieurin-leucht\/\" \/>\n<meta property=\"og:site_name\" content=\"CE Cideon Engineering\" \/>\n<meta property=\"article:modified_time\" content=\"2025-05-21T07:30:20+00:00\" \/>\n<meta name=\"twitter:card\" content=\"summary_large_image\" \/>\n<meta name=\"twitter:label1\" content=\"Gesch\u00e4tzte Lesezeit\" \/>\n\t<meta name=\"twitter:data1\" content=\"2\u00a0Minuten\" \/>\n<script type=\"application\/ld+json\" class=\"yoast-schema-graph\">{\"@context\":\"https:\/\/schema.org\",\"@graph\":[{\"@type\":\"WebPage\",\"@id\":\"https:\/\/cideon-engineering.com\/de\/karriere\/mitarbeiter-im-interview\/systemingenieurin-leucht\/\",\"url\":\"https:\/\/cideon-engineering.com\/de\/karriere\/mitarbeiter-im-interview\/systemingenieurin-leucht\/\",\"name\":\"Systemingenieurin Leucht - CE Cideon Engineering\",\"isPartOf\":{\"@id\":\"https:\/\/cideon-engineering.com\/de\/#website\"},\"datePublished\":\"2021-06-29T07:53:25+00:00\",\"dateModified\":\"2025-05-21T07:30:20+00:00\",\"breadcrumb\":{\"@id\":\"https:\/\/cideon-engineering.com\/de\/karriere\/mitarbeiter-im-interview\/systemingenieurin-leucht\/#breadcrumb\"},\"inLanguage\":\"de\",\"potentialAction\":[{\"@type\":\"ReadAction\",\"target\":[\"https:\/\/cideon-engineering.com\/de\/karriere\/mitarbeiter-im-interview\/systemingenieurin-leucht\/\"]}]},{\"@type\":\"BreadcrumbList\",\"@id\":\"https:\/\/cideon-engineering.com\/de\/karriere\/mitarbeiter-im-interview\/systemingenieurin-leucht\/#breadcrumb\",\"itemListElement\":[{\"@type\":\"ListItem\",\"position\":1,\"name\":\"Startseite\",\"item\":\"https:\/\/cideon-engineering.com\/de\/\"},{\"@type\":\"ListItem\",\"position\":2,\"name\":\"Karriere\",\"item\":\"https:\/\/cideon-engineering.com\/de\/karriere\/\"},{\"@type\":\"ListItem\",\"position\":3,\"name\":\"Mitarbeiter im Interview\",\"item\":\"https:\/\/cideon-engineering.com\/de\/karriere\/mitarbeiter-im-interview\/\"},{\"@type\":\"ListItem\",\"position\":4,\"name\":\"Systemingenieurin Leucht\"}]},{\"@type\":\"WebSite\",\"@id\":\"https:\/\/cideon-engineering.com\/de\/#website\",\"url\":\"https:\/\/cideon-engineering.com\/de\/\",\"name\":\"CE Cideon Engineering\",\"description\":\"making mobility happen\",\"potentialAction\":[{\"@type\":\"SearchAction\",\"target\":{\"@type\":\"EntryPoint\",\"urlTemplate\":\"https:\/\/cideon-engineering.com\/de\/?s={search_term_string}\"},\"query-input\":{\"@type\":\"PropertyValueSpecification\",\"valueRequired\":true,\"valueName\":\"search_term_string\"}}],\"inLanguage\":\"de\"}]}<\/script>\n<!-- \/ Yoast SEO plugin. -->","yoast_head_json":{"title":"Systemingenieurin Leucht - CE Cideon Engineering","robots":{"index":"index","follow":"follow","max-snippet":"max-snippet:-1","max-image-preview":"max-image-preview:large","max-video-preview":"max-video-preview:-1"},"canonical":"https:\/\/cideon-engineering.com\/de\/karriere\/mitarbeiter-im-interview\/systemingenieurin-leucht\/","og_locale":"de_DE","og_type":"article","og_title":"Systemingenieurin Leucht - CE Cideon Engineering","og_url":"https:\/\/cideon-engineering.com\/de\/karriere\/mitarbeiter-im-interview\/systemingenieurin-leucht\/","og_site_name":"CE Cideon Engineering","article_modified_time":"2025-05-21T07:30:20+00:00","twitter_card":"summary_large_image","twitter_misc":{"Gesch\u00e4tzte Lesezeit":"2\u00a0Minuten"},"schema":{"@context":"https:\/\/schema.org","@graph":[{"@type":"WebPage","@id":"https:\/\/cideon-engineering.com\/de\/karriere\/mitarbeiter-im-interview\/systemingenieurin-leucht\/","url":"https:\/\/cideon-engineering.com\/de\/karriere\/mitarbeiter-im-interview\/systemingenieurin-leucht\/","name":"Systemingenieurin Leucht - CE Cideon Engineering","isPartOf":{"@id":"https:\/\/cideon-engineering.com\/de\/#website"},"datePublished":"2021-06-29T07:53:25+00:00","dateModified":"2025-05-21T07:30:20+00:00","breadcrumb":{"@id":"https:\/\/cideon-engineering.com\/de\/karriere\/mitarbeiter-im-interview\/systemingenieurin-leucht\/#breadcrumb"},"inLanguage":"de","potentialAction":[{"@type":"ReadAction","target":["https:\/\/cideon-engineering.com\/de\/karriere\/mitarbeiter-im-interview\/systemingenieurin-leucht\/"]}]},{"@type":"BreadcrumbList","@id":"https:\/\/cideon-engineering.com\/de\/karriere\/mitarbeiter-im-interview\/systemingenieurin-leucht\/#breadcrumb","itemListElement":[{"@type":"ListItem","position":1,"name":"Startseite","item":"https:\/\/cideon-engineering.com\/de\/"},{"@type":"ListItem","position":2,"name":"Karriere","item":"https:\/\/cideon-engineering.com\/de\/karriere\/"},{"@type":"ListItem","position":3,"name":"Mitarbeiter im Interview","item":"https:\/\/cideon-engineering.com\/de\/karriere\/mitarbeiter-im-interview\/"},{"@type":"ListItem","position":4,"name":"Systemingenieurin Leucht"}]},{"@type":"WebSite","@id":"https:\/\/cideon-engineering.com\/de\/#website","url":"https:\/\/cideon-engineering.com\/de\/","name":"CE Cideon Engineering","description":"making mobility happen","potentialAction":[{"@type":"SearchAction","target":{"@type":"EntryPoint","urlTemplate":"https:\/\/cideon-engineering.com\/de\/?s={search_term_string}"},"query-input":{"@type":"PropertyValueSpecification","valueRequired":true,"valueName":"search_term_string"}}],"inLanguage":"de"}]}},"_links":{"self":[{"href":"https:\/\/cideon-engineering.com\/de\/wp-json\/wp\/v2\/pages\/4117","targetHints":{"allow":["GET"]}}],"collection":[{"href":"https:\/\/cideon-engineering.com\/de\/wp-json\/wp\/v2\/pages"}],"about":[{"href":"https:\/\/cideon-engineering.com\/de\/wp-json\/wp\/v2\/types\/page"}],"author":[{"embeddable":true,"href":"https:\/\/cideon-engineering.com\/de\/wp-json\/wp\/v2\/users\/8"}],"replies":[{"embeddable":true,"href":"https:\/\/cideon-engineering.com\/de\/wp-json\/wp\/v2\/comments?post=4117"}],"version-history":[{"count":2,"href":"https:\/\/cideon-engineering.com\/de\/wp-json\/wp\/v2\/pages\/4117\/revisions"}],"predecessor-version":[{"id":10357,"href":"https:\/\/cideon-engineering.com\/de\/wp-json\/wp\/v2\/pages\/4117\/revisions\/10357"}],"up":[{"embeddable":true,"href":"https:\/\/cideon-engineering.com\/de\/wp-json\/wp\/v2\/pages\/3098"}],"wp:attachment":[{"href":"https:\/\/cideon-engineering.com\/de\/wp-json\/wp\/v2\/media?parent=4117"}],"curies":[{"name":"wp","href":"https:\/\/api.w.org\/{rel}","templated":true}]}}