{"id":4741,"date":"2021-08-04T14:04:46","date_gmt":"2021-08-04T12:04:46","guid":{"rendered":"https:\/\/www.cideon-engineering.com\/?page_id=4741"},"modified":"2025-05-20T16:43:04","modified_gmt":"2025-05-20T14:43:04","slug":"leiter-zulassung","status":"publish","type":"page","link":"https:\/\/cideon-engineering.com\/de\/karriere\/mitarbeiter-im-interview\/leiter-zulassung\/","title":{"rendered":"Leiter Zulassung"},"content":{"rendered":"\n\n\t<section class=\"section\" id=\"section_1268936431\">\n\t\t<div class=\"section-bg fill\" >\n\t\t\t<img loading=\"lazy\" decoding=\"async\" width=\"2560\" height=\"672\" src=\"https:\/\/cideon-engineering.com\/wp-content\/uploads\/2025\/05\/Karriere-Schienenverkehr-scaled-fotor-20250520163937.png\" class=\"bg attachment-original size-original\" alt=\"\" \/>\t\t\t\t\t\t\n\t\t\t\n\n\t\t<\/div>\n\n\t\t\n\n\t\t<div class=\"section-content relative\">\n\t\t\t\n\n\n\t\t<\/div>\n\n\t\t\n<style>\n#section_1268936431 {\n  padding-top: 0px;\n  padding-bottom: 0px;\n  min-height: 450px;\n}\n#section_1268936431 .section-bg img {\n  object-position: center top;\n}\n<\/style>\n\t<\/section>\n\t\n<div class=\"row\"  id=\"row-1415555572\">\n\n\n\t<div id=\"col-684327877\" class=\"col small-12 large-12\"  >\n\t\t\t\t<div class=\"col-inner\"  >\n\t\t\t\n\t\t\t\n\n<h2>Uwe Kokotz, Leiter Zulassung<\/h2>\n\n\t\t<\/div>\n\t\t\t\t\t<\/div>\n\n\t\n\n<\/div>\n<div class=\"row\"  id=\"row-1131080467\">\n\n\n\t<div id=\"col-165359658\" class=\"col medium-6 small-12 large-6\"  >\n\t\t\t\t<div class=\"col-inner\"  >\n\t\t\t\n\t\t\t\n\n\t<div class=\"img has-hover x md-x lg-x y md-y lg-y\" id=\"image_908667260\">\n\t\t\t\t\t\t\t\t<div class=\"img-inner dark\" >\n\t\t\t<img loading=\"lazy\" decoding=\"async\" width=\"1020\" height=\"765\" src=\"https:\/\/cideon-engineering.com\/wp-content\/uploads\/2021\/08\/CE_UweKokotz.jpg\" class=\"attachment-large size-large\" alt=\"\" srcset=\"https:\/\/cideon-engineering.com\/wp-content\/uploads\/2021\/08\/CE_UweKokotz.jpg 1024w, https:\/\/cideon-engineering.com\/wp-content\/uploads\/2021\/08\/CE_UweKokotz-300x225.jpg 300w, https:\/\/cideon-engineering.com\/wp-content\/uploads\/2021\/08\/CE_UweKokotz-768x576.jpg 768w\" sizes=\"auto, (max-width: 1020px) 100vw, 1020px\" \/>\t\t\t\t\t\t\n\t\t\t\t\t<\/div>\n\t\t\t\t\t\t\t\t\n<style>\n#image_908667260 {\n  width: 100%;\n}\n<\/style>\n\t<\/div>\n\t\n\n\n\t\t<\/div>\n\t\t\t\t\t<\/div>\n\n\t\n\n\t<div id=\"col-1614904125\" class=\"col medium-6 small-12 large-6\"  >\n\t\t\t\t<div class=\"col-inner\"  >\n\t\t\t\n\t\t\t\n\n<p><strong>Woher kommst du und was f\u00fchrte dich zu cideon engineering?<\/strong><\/p>\n<p>Ich habe in Dresden an der <a href=\"https:\/\/tu-dresden.de\/bu\/verkehr\">Hochschule f\u00fcr Verkehrswesen<\/a> Schienenfahrzeugtechnik studiert und danach bei der DB in Konstanz als Gruppenleiter im Wagendienst gearbeitet. Anschlie\u00dfend war ich bei der IVM Chemnitz f\u00fcr die Inbetriebsetzung von Fahrzeugen t\u00e4tig. Als sich 1998 die Chance bot wohnortnah auf dem Gebiet der Bahntechnik zu arbeiten, habe ich nicht lange gez\u00f6gert.&nbsp;&nbsp;<\/p>\n<p><strong>Erz\u00e4hl uns bitte etwas \u00fcber deine Laufbahn bei uns.<\/strong><\/p>\n<p>Begonnen habe ich meine Laufbahn als Berechnungsingenieur in der Statik. Dort habe ich FEM-Berechnungen f\u00fcr verschiedene Fahrzeuge, darunter die BR 711.1, die Stra\u00dfenbahn Krakau und diverse G\u00fcterwagen durchgef\u00fchrt. Als n\u00e4chstes kamen Berechnungen der Fahrzeugumgrenzung hinzu &#8211; hier wurde ich 2002 vom EBA als Sachverst\u00e4ndiger auf diesem Gebiet anerkannt. Seit ca. 15 Jahren nimmt die Fahrzeugzulassung auch einen immer gr\u00f6\u00dferen Arbeitsanteil ein. Hier betreuen wir einerseits diverse Kunden bei der Zulassung ihrer Fahrzeuge, andererseits arbeiten wir als Inspektoren f\u00fcr die verschiedenen Pr\u00fcforganisationen (NoBo, DeBo). Somit kennen wir beide Seiten des Prozesses &#8211; die des Antragstellers und des Pr\u00fcfers.&nbsp; <\/p>\n\n\t\t<\/div>\n\t\t\t\t\t<\/div>\n\n\t\n\n<\/div>\n\n\t<section class=\"section\" id=\"section_139095653\">\n\t\t<div class=\"section-bg fill\" >\n\t\t\t\t\t\t\t\t\t\n\t\t\t\n\n\t\t<\/div>\n\n\t\t\n\n\t\t<div class=\"section-content relative\">\n\t\t\t\n\n<div class=\"row\"  id=\"row-1591552495\">\n\n\n\t<div id=\"col-388061828\" class=\"col small-12 large-12\"  >\n\t\t\t\t<div class=\"col-inner\"  >\n\t\t\t\n\t\t\t\n\n<p><strong>Was war dein bisher anspruchsvollstes Projekt?<\/strong><\/p>\n<p>Mein anspruchsvollstes Projekt war die Zulassung der HKX-Wagen. Hier sollten 40 Jahre alte Reisezugwagen modernisiert und f\u00fcr eine h\u00f6here Geschwindigkeit ert\u00fcchtigt werden. Die Herausforderung war, die verschiedenen Vertragsparteien aus dem In- und Ausland unter einen Hut zu bringen. Hinzu kam, dass sich durch eine lange Projektlaufzeit die Zulassungsanforderungen mehrmals \u00e4nderten und auch viele Unterlagen mehrmals \u00fcberarbeitet werden mussten.<\/p>\n<p><strong>Was macht dir an deinem Job am meisten Spa\u00df?<\/strong><\/p>\n<p>Am meisten Spa\u00df macht mir die Vielseitigkeit meiner Aufgaben. Heute sitze ich z.B. im B\u00fcro und morgen bin ich in einem Rangierbahnhof und vermesse ein Bremsgest\u00e4nge. Dann f\u00fchre ich wiederkehrende Untersuchungen an Fahrzeugen durch oder bin bei Kunden, um zu beraten, wie deren Fahrzeuge effektiv und kosteng\u00fcnstig zugelassen werden k\u00f6nnen.\u00a0<\/p>\n<p><strong>Was sollten Interessenten mitbringen f\u00fcr eine T\u00e4tigkeit in unserem Unternehmen?<\/strong><\/p>\n<p>Grundvoraussetzung ist eine solide Fachausbildung bzw. Studium, idealerweise mit Bezug zur Bahn. Auch eine gewisse Affinit\u00e4t zu Verkehr und Mobilit\u00e4t ist w\u00fcnschenswert. Da wir ein Ingenieurb\u00fcro sind und der Gro\u00dfteil unserer Arbeit am Schreibtisch stattfindet, sollten Interessenten auch bereit sein, zeitweise in den Werken vor Ort zu schauen, um dort wichtige Anregungen f\u00fcr ihre Arbeit zu erhalten.\u00a0<\/p>\n<p><strong>Was sch\u00e4tzt du pers\u00f6nlich an cideon engineering? Wo siehst du noch Optimierungsbedarf?<\/strong><\/p>\n<p>Ich sch\u00e4tze an cideon engineering den kollegialen und fairen Umgang miteinander. Wir arbeiten nicht nur zusammen, sondern unterst\u00fctzen uns auch gegenseitig. Wer Fragen hat, findet immer einen Ansprechpartner. Gern geben wir \u201ealten Hasen\u201c unser gesammeltes Wissen weiter. \u00a0<\/p>\n\n\t\t<\/div>\n\t\t\t\t\t<\/div>\n\n\t\n\n<\/div>\n\n\t\t<\/div>\n\n\t\t\n<style>\n#section_139095653 {\n  padding-top: 60px;\n  padding-bottom: 60px;\n}\n<\/style>\n\t<\/section>\n\t\n<div class=\"row\"  id=\"row-2026225401\">\n\n\n\t<div id=\"col-1371969284\" class=\"col small-12 large-12\"  >\n\t\t\t\t<div class=\"col-inner\"  >\n\t\t\t\n\t\t\t\n\n<div class=\"container section-title-container\" ><h2 class=\"section-title section-title-center\"><b aria-hidden=\"true\"><\/b><span class=\"section-title-main\" >Aktuelle Stellenangebote<\/span><b aria-hidden=\"true\"><\/b><\/h2><\/div>\n\n<div class=\"row\"  id=\"row-1398797792\">\n\n\n\t<div id=\"col-1304775670\" class=\"col small-12 large-12\"  >\n\t\t\t\t<div class=\"col-inner\"  >\n\t\t\t\n\t\t\t\n\n\n  \n    <div class=\"row large-columns-4 medium-columns-1 small-columns-1\" >\n  <\/div>\n\n\n\t\t<\/div>\n\t\t\t\t\t<\/div>\n\n\t\n\n<\/div>\n\n\t\t<\/div>\n\t\t\t\t\t<\/div>\n\n\t\n\n<\/div>\n\n","protected":false},"excerpt":{"rendered":"","protected":false},"author":8,"featured_media":0,"parent":3098,"menu_order":0,"comment_status":"closed","ping_status":"closed","template":"page-blank.php","meta":{"content-type":"","inline_featured_image":false,"footnotes":""},"class_list":["post-4741","page","type-page","status-publish","hentry"],"yoast_head":"<!-- This site is optimized with the Yoast SEO plugin v26.9 - https:\/\/yoast.com\/product\/yoast-seo-wordpress\/ -->\n<title>Leiter Zulassung - CE Cideon Engineering<\/title>\n<meta name=\"robots\" content=\"index, follow, max-snippet:-1, max-image-preview:large, max-video-preview:-1\" \/>\n<link rel=\"canonical\" href=\"https:\/\/cideon-engineering.com\/de\/karriere\/mitarbeiter-im-interview\/leiter-zulassung\/\" \/>\n<meta property=\"og:locale\" content=\"de_DE\" \/>\n<meta property=\"og:type\" content=\"article\" \/>\n<meta property=\"og:title\" content=\"Leiter Zulassung - CE Cideon Engineering\" \/>\n<meta property=\"og:url\" content=\"https:\/\/cideon-engineering.com\/de\/karriere\/mitarbeiter-im-interview\/leiter-zulassung\/\" \/>\n<meta property=\"og:site_name\" content=\"CE Cideon Engineering\" \/>\n<meta property=\"article:modified_time\" content=\"2025-05-20T14:43:04+00:00\" \/>\n<meta name=\"twitter:card\" content=\"summary_large_image\" \/>\n<meta name=\"twitter:label1\" content=\"Gesch\u00e4tzte Lesezeit\" \/>\n\t<meta name=\"twitter:data1\" content=\"3\u00a0Minuten\" \/>\n<script type=\"application\/ld+json\" class=\"yoast-schema-graph\">{\"@context\":\"https:\/\/schema.org\",\"@graph\":[{\"@type\":\"WebPage\",\"@id\":\"https:\/\/cideon-engineering.com\/de\/karriere\/mitarbeiter-im-interview\/leiter-zulassung\/\",\"url\":\"https:\/\/cideon-engineering.com\/de\/karriere\/mitarbeiter-im-interview\/leiter-zulassung\/\",\"name\":\"Leiter Zulassung - CE Cideon Engineering\",\"isPartOf\":{\"@id\":\"https:\/\/cideon-engineering.com\/de\/#website\"},\"datePublished\":\"2021-08-04T12:04:46+00:00\",\"dateModified\":\"2025-05-20T14:43:04+00:00\",\"breadcrumb\":{\"@id\":\"https:\/\/cideon-engineering.com\/de\/karriere\/mitarbeiter-im-interview\/leiter-zulassung\/#breadcrumb\"},\"inLanguage\":\"de\",\"potentialAction\":[{\"@type\":\"ReadAction\",\"target\":[\"https:\/\/cideon-engineering.com\/de\/karriere\/mitarbeiter-im-interview\/leiter-zulassung\/\"]}]},{\"@type\":\"BreadcrumbList\",\"@id\":\"https:\/\/cideon-engineering.com\/de\/karriere\/mitarbeiter-im-interview\/leiter-zulassung\/#breadcrumb\",\"itemListElement\":[{\"@type\":\"ListItem\",\"position\":1,\"name\":\"Startseite\",\"item\":\"https:\/\/cideon-engineering.com\/de\/\"},{\"@type\":\"ListItem\",\"position\":2,\"name\":\"Karriere\",\"item\":\"https:\/\/cideon-engineering.com\/de\/karriere\/\"},{\"@type\":\"ListItem\",\"position\":3,\"name\":\"Mitarbeiter im Interview\",\"item\":\"https:\/\/cideon-engineering.com\/de\/karriere\/mitarbeiter-im-interview\/\"},{\"@type\":\"ListItem\",\"position\":4,\"name\":\"Leiter Zulassung\"}]},{\"@type\":\"WebSite\",\"@id\":\"https:\/\/cideon-engineering.com\/de\/#website\",\"url\":\"https:\/\/cideon-engineering.com\/de\/\",\"name\":\"CE Cideon Engineering\",\"description\":\"making mobility happen\",\"potentialAction\":[{\"@type\":\"SearchAction\",\"target\":{\"@type\":\"EntryPoint\",\"urlTemplate\":\"https:\/\/cideon-engineering.com\/de\/?s={search_term_string}\"},\"query-input\":{\"@type\":\"PropertyValueSpecification\",\"valueRequired\":true,\"valueName\":\"search_term_string\"}}],\"inLanguage\":\"de\"}]}<\/script>\n<!-- \/ Yoast SEO plugin. -->","yoast_head_json":{"title":"Leiter Zulassung - CE Cideon Engineering","robots":{"index":"index","follow":"follow","max-snippet":"max-snippet:-1","max-image-preview":"max-image-preview:large","max-video-preview":"max-video-preview:-1"},"canonical":"https:\/\/cideon-engineering.com\/de\/karriere\/mitarbeiter-im-interview\/leiter-zulassung\/","og_locale":"de_DE","og_type":"article","og_title":"Leiter Zulassung - CE Cideon Engineering","og_url":"https:\/\/cideon-engineering.com\/de\/karriere\/mitarbeiter-im-interview\/leiter-zulassung\/","og_site_name":"CE Cideon Engineering","article_modified_time":"2025-05-20T14:43:04+00:00","twitter_card":"summary_large_image","twitter_misc":{"Gesch\u00e4tzte Lesezeit":"3\u00a0Minuten"},"schema":{"@context":"https:\/\/schema.org","@graph":[{"@type":"WebPage","@id":"https:\/\/cideon-engineering.com\/de\/karriere\/mitarbeiter-im-interview\/leiter-zulassung\/","url":"https:\/\/cideon-engineering.com\/de\/karriere\/mitarbeiter-im-interview\/leiter-zulassung\/","name":"Leiter Zulassung - CE Cideon Engineering","isPartOf":{"@id":"https:\/\/cideon-engineering.com\/de\/#website"},"datePublished":"2021-08-04T12:04:46+00:00","dateModified":"2025-05-20T14:43:04+00:00","breadcrumb":{"@id":"https:\/\/cideon-engineering.com\/de\/karriere\/mitarbeiter-im-interview\/leiter-zulassung\/#breadcrumb"},"inLanguage":"de","potentialAction":[{"@type":"ReadAction","target":["https:\/\/cideon-engineering.com\/de\/karriere\/mitarbeiter-im-interview\/leiter-zulassung\/"]}]},{"@type":"BreadcrumbList","@id":"https:\/\/cideon-engineering.com\/de\/karriere\/mitarbeiter-im-interview\/leiter-zulassung\/#breadcrumb","itemListElement":[{"@type":"ListItem","position":1,"name":"Startseite","item":"https:\/\/cideon-engineering.com\/de\/"},{"@type":"ListItem","position":2,"name":"Karriere","item":"https:\/\/cideon-engineering.com\/de\/karriere\/"},{"@type":"ListItem","position":3,"name":"Mitarbeiter im Interview","item":"https:\/\/cideon-engineering.com\/de\/karriere\/mitarbeiter-im-interview\/"},{"@type":"ListItem","position":4,"name":"Leiter Zulassung"}]},{"@type":"WebSite","@id":"https:\/\/cideon-engineering.com\/de\/#website","url":"https:\/\/cideon-engineering.com\/de\/","name":"CE Cideon Engineering","description":"making mobility happen","potentialAction":[{"@type":"SearchAction","target":{"@type":"EntryPoint","urlTemplate":"https:\/\/cideon-engineering.com\/de\/?s={search_term_string}"},"query-input":{"@type":"PropertyValueSpecification","valueRequired":true,"valueName":"search_term_string"}}],"inLanguage":"de"}]}},"_links":{"self":[{"href":"https:\/\/cideon-engineering.com\/de\/wp-json\/wp\/v2\/pages\/4741","targetHints":{"allow":["GET"]}}],"collection":[{"href":"https:\/\/cideon-engineering.com\/de\/wp-json\/wp\/v2\/pages"}],"about":[{"href":"https:\/\/cideon-engineering.com\/de\/wp-json\/wp\/v2\/types\/page"}],"author":[{"embeddable":true,"href":"https:\/\/cideon-engineering.com\/de\/wp-json\/wp\/v2\/users\/8"}],"replies":[{"embeddable":true,"href":"https:\/\/cideon-engineering.com\/de\/wp-json\/wp\/v2\/comments?post=4741"}],"version-history":[{"count":5,"href":"https:\/\/cideon-engineering.com\/de\/wp-json\/wp\/v2\/pages\/4741\/revisions"}],"predecessor-version":[{"id":10353,"href":"https:\/\/cideon-engineering.com\/de\/wp-json\/wp\/v2\/pages\/4741\/revisions\/10353"}],"up":[{"embeddable":true,"href":"https:\/\/cideon-engineering.com\/de\/wp-json\/wp\/v2\/pages\/3098"}],"wp:attachment":[{"href":"https:\/\/cideon-engineering.com\/de\/wp-json\/wp\/v2\/media?parent=4741"}],"curies":[{"name":"wp","href":"https:\/\/api.w.org\/{rel}","templated":true}]}}