{"id":479,"date":"2020-10-30T08:44:15","date_gmt":"2020-10-30T07:44:15","guid":{"rendered":"http:\/\/testsite.cideng.net\/?page_id=479"},"modified":"2026-02-27T12:27:51","modified_gmt":"2026-02-27T11:27:51","slug":"stellenangebote","status":"publish","type":"page","link":"https:\/\/cideon-engineering.com\/de\/karriere\/stellenangebote\/","title":{"rendered":"Stellenangebote"},"content":{"rendered":"\n\n\t<section class=\"section\" id=\"section_1378650919\">\n\t\t<div class=\"section-bg fill\" >\n\t\t\t<img loading=\"lazy\" decoding=\"async\" width=\"1920\" height=\"1080\" src=\"https:\/\/cideon-engineering.com\/wp-content\/uploads\/2023\/06\/Vorschaubild_Imagfilm.jpg\" class=\"bg attachment-original size-original\" alt=\"Die M\u00f6glichmacher - Imagefilm\" \/>\t\t\t\t\t\t\n\t\t\t\n\n\t\t<\/div>\n\n\t\t\n\n\t\t<div class=\"section-content relative\">\n\t\t\t\n\n\n\t\t<\/div>\n\n\t\t\n<style>\n#section_1378650919 {\n  padding-top: 0px;\n  padding-bottom: 0px;\n  min-height: 450px;\n}\n#section_1378650919 .section-bg img {\n  object-position: center top;\n}\n<\/style>\n\t<\/section>\n\t\n\n\t<section class=\"section\" id=\"section_239471574\">\n\t\t<div class=\"section-bg fill\" >\n\t\t\t\t\t\t\t\t\t\n\t\t\t\n\n\t\t<\/div>\n\n\t\t\n\n\t\t<div class=\"section-content relative\">\n\t\t\t\n\n<div class=\"row\"  id=\"row-899939704\">\n\n\n\t<div id=\"col-118686432\" class=\"col small-12 large-12\"  data-animate=\"fadeInLeft\">\n\t\t\t\t<div class=\"col-inner\"  >\n\t\t\t\n\t\t\t\n\n<h1>Einsteigen und mitgestalten<\/h1>\n<p><span class=\"TextRun SCXW213875275 BCX0\" lang=\"DE-DE\" xml:lang=\"DE-DE\" data-contrast=\"auto\"><span class=\"NormalTextRun SCXW213875275 BCX0\">Ob Sie erste Berufserfahrungen sammeln oder Ihre langj\u00e4hrige Expertise einbringen m\u00f6chten \u2013 bei uns finden Sie Aufgaben, die zu Ihren St\u00e4rken passen. Auch Berufs- oder\u00a0<\/span><span class=\"NormalTextRun SpellingErrorV2Themed SCXW213875275 BCX0\">Quereinsteiger:innen<\/span><span class=\"NormalTextRun SCXW213875275 BCX0\">\u00a0mit einer Affinit\u00e4t f\u00fcr Schienenfahrzeuge erhalten bei uns die M\u00f6glichkeit, sich einzuarbeiten und Verantwortung zu \u00fcbernehmen.<\/span><\/span><span class=\"EOP Selected SCXW213875275 BCX0\" data-ccp-props=\"{}\">\u00a0<\/span><\/p>\n<p><b><span data-contrast=\"auto\">Was Sie erwartet:<\/span><\/b><span data-contrast=\"auto\">\u00a0ein\u00a0kollegiales Arbeitsumfeld, in dem Wertsch\u00e4tzung, Teamgeist und fachlicher Austausch gro\u00dfgeschrieben werden. Sie arbeiten\u00a0an spannenden\u00a0Projekten im Bereich Schienenfahrzeuge und tragen mit Ihren Ideen aktiv zu innovativen L\u00f6sungen f\u00fcr unsere Kunden bei.<\/span><span data-ccp-props=\"{}\">\u00a0<\/span><\/p>\n<p><span data-contrast=\"auto\">Wir freuen uns auf Menschen, die mit uns gemeinsam\u00a0die\u00a0Zukunft gestalten m\u00f6chten.<\/span><span data-ccp-props=\"{}\">\u00a0<\/span><\/p>\n\n\t\t<\/div>\n\t\t\t\t\t<\/div>\n\n\t\n\n\t<div id=\"col-977065653\" class=\"col small-12 large-12\"  >\n\t\t\t\t<div class=\"col-inner text-center\"  >\n\t\t\t\n\t\t\t\n\n\n\t\t<\/div>\n\t\t\t\t\t<\/div>\n\n\t\n\n<\/div>\n\n\t\t<\/div>\n\n\t\t\n<style>\n#section_239471574 {\n  padding-top: 60px;\n  padding-bottom: 60px;\n}\n<\/style>\n\t<\/section>\n\t\n\n\t<section class=\"section link-underline\" id=\"section_785168379\">\n\t\t<div class=\"section-bg fill\" >\n\t\t\t\t\t\t\t\t\t\n\t\t\t\n\n\t\t<\/div>\n\n\t\t\n\n\t\t<div class=\"section-content relative\">\n\t\t\t\n\n<div class=\"row\"  id=\"row-2129323353\">\n\n\n\t<div id=\"col-391617081\" class=\"col small-12 large-12\"  data-animate=\"fadeInLeft\">\n\t\t\t\t<div class=\"col-inner\"  >\n\t\t\t\n\t\t\t\n\n<div class=\"row\"  id=\"row-2143812695\">\n\n\n\t<div id=\"col-1524196881\" class=\"col small-12 large-12\"  >\n\t\t\t\t<div class=\"col-inner\"  >\n\t\t\t\n\t\t\t\n\n<div class=\"container section-title-container\" ><h2 class=\"section-title section-title-center\"><b aria-hidden=\"true\"><\/b><span class=\"section-title-main\" >Wir suchen in folgenden Bereichen<\/span><b aria-hidden=\"true\"><\/b><\/h2><\/div>\n\n\t<div id=\"gap-1409239654\" class=\"gap-element clearfix\" style=\"display:block; height:auto;\">\n\t\t\n<style>\n#gap-1409239654 {\n  padding-top: 30px;\n}\n<\/style>\n\t<\/div>\n\t\n\n\n\t\t<\/div>\n\t\t\t\t\t<\/div>\n\n\t\n\n<\/div>\n<div class=\"row\"  id=\"row-446863467\">\n\n\n\t<div id=\"col-678855113\" class=\"col medium-6 small-12 large-6\"  >\n\t\t\t\t<div class=\"col-inner\"  >\n\t\t\t\n\t\t\t\n\n<div class=\"row\"  id=\"row-931557735\">\n\n\n\t<div id=\"col-1766344098\" class=\"col small-12 large-12\"  >\n\t\t\t\t<div class=\"col-inner\"  >\n\t\t\t\n\t\t\t\n\n<h2>Bereich Elektrik &#038; Software<\/h2>\n\n\n<div id=\"mana_jobposting_widget_departmentId_1623_jobLevel_entry\"><\/div>\n<script async src=\"https:\/\/admiral.mana-hr.net\/widgets\/jobpostings\/1182?design=list&#038;primaryColor=2f4875&#038;secondaryColor=892747&#038;departmentId=1623&#038;jobLevel=entry&#038;hideTitles&#038;hideStartDate&#038;hideLocation&#038;hideDepartment\" type='application\/javascript'><\/script>\n<div style=\"display: flex; justify-content: center;\"<\/a><\/div>\n\n\n\t\t<\/div>\n\t\t\t\t\t<\/div>\n\n\t\n\n<\/div>\n\n\t\t<\/div>\n\t\t\t\t\t<\/div>\n\n\t\n\n\t<div id=\"col-1578068182\" class=\"col medium-6 small-12 large-6\"  >\n\t\t\t\t<div class=\"col-inner\"  >\n\t\t\t\n\t\t\t\n\n<h2>Bereich Mechanik<\/h2>\n\n\n<div id=\"mana_jobposting_widget_departmentId_1624_jobLevel_professional\"><\/div>\n<script async src=\"https:\/\/admiral.mana-hr.net\/widgets\/jobpostings\/1182?design=list&#038;primaryColor=2f4875&#038;secondaryColor=892747&#038;departmentId=1624&#038;jobLevel=professional&#038;hideTitles&#038;hideStartDate&#038;hideLocation&#038;hideDepartment\" type='application\/javascript'><\/script>\n<div style=\"display: flex; justify-content: center;\"><\/div>\n\n<div class=\"row\"  id=\"row-1107186346\">\n\n\n\t<div id=\"col-1140757362\" class=\"col small-12 large-12\"  >\n\t\t\t\t<div class=\"col-inner\"  >\n\t\t\t\n\t\t\t\n\n\t<div id=\"gap-1910236922\" class=\"gap-element clearfix\" style=\"display:block; height:auto;\">\n\t\t\n<style>\n#gap-1910236922 {\n  padding-top: 30px;\n}\n<\/style>\n\t<\/div>\n\t\n\n<h2>Bereich Finanzen und Controlling<\/h2>\n\n\n<div id=\"mana_jobposting_widget_departmentId_3050\"><\/div>\n<script async src=\"https:\/\/admiral.mana-hr.net\/widgets\/jobpostings\/1182?design=list&#038;primaryColor=2f4875&#038;secondaryColor=892747&#038;departmentId=3050&#038;hideTitles&#038;hideStartDate&#038;hideLocation&#038;hideDepartment\" type='application\/javascript'><\/script>\n<div style=\"display: flex; justify-content: center;\"<\/a><\/div>\n\n\n\t\t<\/div>\n\t\t\t\t\t<\/div>\n\n\t\n\n<\/div>\n\n\t\t<\/div>\n\t\t\t\t\t<\/div>\n\n\t\n\n<\/div>\n\n\t\t<\/div>\n\t\t\t\t\t<\/div>\n\n\t\n\n<\/div>\n\n\t\t<\/div>\n\n\t\t\n<style>\n#section_785168379 {\n  padding-top: 60px;\n  padding-bottom: 60px;\n  background-color: rgb(234, 234, 234);\n}\n<\/style>\n\t<\/section>\n\t\n\n\t<section class=\"section\" id=\"section_175354028\">\n\t\t<div class=\"section-bg fill\" >\n\t\t\t\t\t\t\t\t\t\n\t\t\t\n\n\t\t<\/div>\n\n\t\t\n\n\t\t<div class=\"section-content relative\">\n\t\t\t\n\n<div class=\"row\"  id=\"row-371272301\">\n\n\n\t<div id=\"col-1046365213\" class=\"col small-12 large-12\"  data-animate=\"fadeInLeft\">\n\t\t\t\t<div class=\"col-inner\"  >\n\t\t\t\n\t\t\t\n\n<p>Wenn Sie an einer neuen beruflichen Herausforderung in einem wachsenden Unternehmen interessiert sind, senden Sie uns bitte Ihre Bewerbung und Lebenslauf zu. In Bezug auf Ihre Bewerbung weisen wir Sie auf folgende <a href=\"https:\/\/www.cideon-engineering.com\/wp-content\/uploads\/2021\/03\/Datenschutzhinweise-fuer-Bewerberinnen-und-Bewerber-2021.pdf\" target=\"_blank\" rel=\"noopener\"><strong>datenschutzrechtliche Bestimmungen<\/strong><\/a> hin.<\/p>\n<p>In unseren Stellenausschreibungen war noch kein passender Job f\u00fcr Sie dabei?<\/p>\n<div class=\"row\"  id=\"row-473941388\">\n\n\n\t<div id=\"col-535259527\" class=\"col medium-4 small-12 large-4\"  >\n\t\t\t\t<div class=\"col-inner\"  >\n\t\t\t\n\t\t\t\n\n\n\t\t<\/div>\n\t\t\t\t\t<\/div>\n\n\t\n\n\t<div id=\"col-730877300\" class=\"col medium-4 small-12 large-4\"  >\n\t\t\t\t<div class=\"col-inner text-center\"  >\n\t\t\t\n\t\t\t\n\n<a href=\"https:\/\/cideon-engineering.mana-hr.de\/candidate-onboarding\/2147?utm_source=website\" target=\"_blank\" class=\"button primary\" rel=\"noopener\" >\n\t\t<span>Jetzt initiativ bewerben!<\/span>\n\t<\/a>\n\n\n\n\t\t<\/div>\n\t\t\t\t\t<\/div>\n\n\t\n\n\t<div id=\"col-1668510969\" class=\"col medium-4 small-12 large-4\"  >\n\t\t\t\t<div class=\"col-inner\"  >\n\t\t\t\n\t\t\t\n\n\n\t\t<\/div>\n\t\t\t\t\t<\/div>\n\n\t\n\n<\/div>\n<div class=\"row\"  id=\"row-1954411046\">\n\n\n\t<div id=\"col-1030897463\" class=\"col small-12 large-12\"  >\n\t\t\t\t<div class=\"col-inner text-left\"  >\n\t\t\t\n\t\t\t\n\n<p>Haben Sie Fragen rund um unseren Bewerbungsprozess oder zu den Einstiegsm\u00f6glichkeiten? Wir helfen gerne weiter und freuen uns auf Ihre Anfrage!<\/p>\n\n\t\t<\/div>\n\t\t\t\t\t<\/div>\n\n\t\n\n\t<div id=\"col-852038165\" class=\"col small-12 large-12\"  >\n\t\t\t\t<div class=\"col-inner text-center\"  >\n\t\t\t\n\t\t\t\n\n\n\n<a href=\"https:\/\/kununu.com\/de\/ce-cideon-engineering?rfr=affiliate_widget&#038;utm_content=widget_icon_score_logo_small&#038;utm_medium=affiliate&#038;utm_source=widget\" rel=\"nofollow noopener\" target=\"_blank\"><img decoding=\"async\" alt=\"kununu widget\" src=\"https:\/\/widgets.kununu.com\/widget_icon_score_logo_small\/profiles\/7c5c0b52-25fd-42e8-937f-83a11723d3f6\" \/><\/a>\n\n\t<div id=\"gap-2098310811\" class=\"gap-element clearfix\" style=\"display:block; height:auto;\">\n\t\t\n<style>\n#gap-2098310811 {\n  padding-top: 30px;\n}\n<\/style>\n\t<\/div>\n\t\n\n\n\t\t<\/div>\n\t\t\t\t\t<\/div>\n\n\t\n\n<\/div>\n<div class=\"container section-title-container\" ><h3 class=\"section-title section-title-center\"><b aria-hidden=\"true\"><\/b><span class=\"section-title-main\" >Ansprechpartner<\/span><b aria-hidden=\"true\"><\/b><\/h3><\/div>\n\n\n\t\t<\/div>\n\t\t\t\t\t<\/div>\n\n\t\n\n<\/div>\n<div class=\"row row-collapse row-full-width\"  id=\"row-1454219580\">\n\n\n\t<div id=\"col-1543924788\" class=\"col medium-4 large-4\"  >\n\t\t\t\t<div class=\"col-inner\"  >\n\t\t\t\n\t\t\t\n\n\n\t\t<\/div>\n\t\t\t\t\t<\/div>\n\n\t\n\n\t<div id=\"col-1826652984\" class=\"col medium-4 large-4\"  >\n\t\t\t\t<div class=\"col-inner\"  >\n\t\t\t\n\t\t\t\n\n<div style=\"width: 1020px;\" class=\"wp-video\"><video class=\"wp-video-shortcode\" id=\"video-479-1\" width=\"1020\" height=\"574\" poster=\"https:\/\/cideon-engineering.com\/wp-content\/uploads\/2023\/06\/Vorschaubild_Nancy-interview.jpg\" preload=\"auto\" controls=\"controls\"><source type=\"video\/mp4\" src=\"https:\/\/cideon-engineering.com\/wp-content\/uploads\/2023\/06\/Interview_Nancy_Final_compressed.mp4?_=1\" \/><a href=\"https:\/\/cideon-engineering.com\/wp-content\/uploads\/2023\/06\/Interview_Nancy_Final_compressed.mp4\">https:\/\/cideon-engineering.com\/wp-content\/uploads\/2023\/06\/Interview_Nancy_Final_compressed.mp4<\/a><\/video><\/div>\n<div class=\"row\"  id=\"row-109651602\">\n\n\n\t<div id=\"col-813419574\" class=\"col small-12 large-12\"  >\n\t\t\t\t<div class=\"col-inner\"  >\n\t\t\t\n\t\t\t\n\n\t<div id=\"gap-1837674723\" class=\"gap-element clearfix\" style=\"display:block; height:auto;\">\n\t\t\n<style>\n#gap-1837674723 {\n  padding-top: 30px;\n}\n<\/style>\n\t<\/div>\n\t\n\n<p style=\"text-align: center;\"><strong>Nancy M\u00fcller<br \/><\/strong>Recruiting<\/p>\n<hr \/>\n<p style=\"text-align: center;\">Telefon: +49 371 77415-40<br \/>E-Mail: <strong><a href=\"mailto:karriere@cideon-engineering.com\">karriere@cideon-engineering.com<\/a>\u00a0\u00a0\u00a0\u00a0\u00a0<\/strong>\u00a0<\/p>\n\n\t\t<\/div>\n\t\t\t\t\t<\/div>\n\n\t\n\n<\/div>\n\n\t\t<\/div>\n\t\t\t\t\t<\/div>\n\n\t\n\n\t<div id=\"col-349329047\" class=\"col medium-4 large-4\"  >\n\t\t\t\t<div class=\"col-inner\"  >\n\t\t\t\n\t\t\t\n\n\n\t\t<\/div>\n\t\t\t\t\t<\/div>\n\n\t\n\n<\/div>\n\n\t\t<\/div>\n\n\t\t\n<style>\n#section_175354028 {\n  padding-top: 30px;\n  padding-bottom: 30px;\n}\n<\/style>\n\t<\/section>\n\t\n\n","protected":false},"excerpt":{"rendered":"","protected":false},"author":8,"featured_media":0,"parent":301,"menu_order":0,"comment_status":"closed","ping_status":"closed","template":"page-blank.php","meta":{"content-type":"","inline_featured_image":false,"footnotes":""},"class_list":["post-479","page","type-page","status-publish","hentry"],"yoast_head":"<!-- This site is optimized with the Yoast SEO plugin v26.9 - https:\/\/yoast.com\/product\/yoast-seo-wordpress\/ -->\n<title>Stellenangebote - CE Cideon Engineering<\/title>\n<meta name=\"robots\" content=\"index, follow, max-snippet:-1, max-image-preview:large, max-video-preview:-1\" \/>\n<link rel=\"canonical\" href=\"https:\/\/cideon-engineering.com\/de\/karriere\/stellenangebote\/\" \/>\n<meta property=\"og:locale\" content=\"de_DE\" \/>\n<meta property=\"og:type\" content=\"article\" \/>\n<meta property=\"og:title\" content=\"Stellenangebote - CE Cideon Engineering\" \/>\n<meta property=\"og:url\" content=\"https:\/\/cideon-engineering.com\/de\/karriere\/stellenangebote\/\" \/>\n<meta property=\"og:site_name\" content=\"CE Cideon Engineering\" \/>\n<meta property=\"article:modified_time\" content=\"2026-02-27T11:27:51+00:00\" \/>\n<meta property=\"og:image\" content=\"https:\/\/widgets.kununu.com\/widget_icon_score_logo_small\/profiles\/7c5c0b52-25fd-42e8-937f-83a11723d3f6\" \/>\n<meta name=\"twitter:card\" content=\"summary_large_image\" \/>\n<meta name=\"twitter:label1\" content=\"Gesch\u00e4tzte Lesezeit\" \/>\n\t<meta name=\"twitter:data1\" content=\"2\u00a0Minuten\" \/>\n<script type=\"application\/ld+json\" class=\"yoast-schema-graph\">{\"@context\":\"https:\/\/schema.org\",\"@graph\":[{\"@type\":\"WebPage\",\"@id\":\"https:\/\/cideon-engineering.com\/de\/karriere\/stellenangebote\/\",\"url\":\"https:\/\/cideon-engineering.com\/de\/karriere\/stellenangebote\/\",\"name\":\"Stellenangebote - CE Cideon Engineering\",\"isPartOf\":{\"@id\":\"https:\/\/cideon-engineering.com\/de\/#website\"},\"primaryImageOfPage\":{\"@id\":\"https:\/\/cideon-engineering.com\/de\/karriere\/stellenangebote\/#primaryimage\"},\"image\":{\"@id\":\"https:\/\/cideon-engineering.com\/de\/karriere\/stellenangebote\/#primaryimage\"},\"thumbnailUrl\":\"https:\/\/widgets.kununu.com\/widget_icon_score_logo_small\/profiles\/7c5c0b52-25fd-42e8-937f-83a11723d3f6\",\"datePublished\":\"2020-10-30T07:44:15+00:00\",\"dateModified\":\"2026-02-27T11:27:51+00:00\",\"breadcrumb\":{\"@id\":\"https:\/\/cideon-engineering.com\/de\/karriere\/stellenangebote\/#breadcrumb\"},\"inLanguage\":\"de\",\"potentialAction\":[{\"@type\":\"ReadAction\",\"target\":[\"https:\/\/cideon-engineering.com\/de\/karriere\/stellenangebote\/\"]}]},{\"@type\":\"ImageObject\",\"inLanguage\":\"de\",\"@id\":\"https:\/\/cideon-engineering.com\/de\/karriere\/stellenangebote\/#primaryimage\",\"url\":\"https:\/\/widgets.kununu.com\/widget_icon_score_logo_small\/profiles\/7c5c0b52-25fd-42e8-937f-83a11723d3f6\",\"contentUrl\":\"https:\/\/widgets.kununu.com\/widget_icon_score_logo_small\/profiles\/7c5c0b52-25fd-42e8-937f-83a11723d3f6\"},{\"@type\":\"BreadcrumbList\",\"@id\":\"https:\/\/cideon-engineering.com\/de\/karriere\/stellenangebote\/#breadcrumb\",\"itemListElement\":[{\"@type\":\"ListItem\",\"position\":1,\"name\":\"Startseite\",\"item\":\"https:\/\/cideon-engineering.com\/de\/\"},{\"@type\":\"ListItem\",\"position\":2,\"name\":\"Karriere\",\"item\":\"https:\/\/cideon-engineering.com\/de\/karriere\/\"},{\"@type\":\"ListItem\",\"position\":3,\"name\":\"Stellenangebote\"}]},{\"@type\":\"WebSite\",\"@id\":\"https:\/\/cideon-engineering.com\/de\/#website\",\"url\":\"https:\/\/cideon-engineering.com\/de\/\",\"name\":\"CE Cideon Engineering\",\"description\":\"making mobility happen\",\"potentialAction\":[{\"@type\":\"SearchAction\",\"target\":{\"@type\":\"EntryPoint\",\"urlTemplate\":\"https:\/\/cideon-engineering.com\/de\/?s={search_term_string}\"},\"query-input\":{\"@type\":\"PropertyValueSpecification\",\"valueRequired\":true,\"valueName\":\"search_term_string\"}}],\"inLanguage\":\"de\"}]}<\/script>\n<!-- \/ Yoast SEO plugin. -->","yoast_head_json":{"title":"Stellenangebote - CE Cideon Engineering","robots":{"index":"index","follow":"follow","max-snippet":"max-snippet:-1","max-image-preview":"max-image-preview:large","max-video-preview":"max-video-preview:-1"},"canonical":"https:\/\/cideon-engineering.com\/de\/karriere\/stellenangebote\/","og_locale":"de_DE","og_type":"article","og_title":"Stellenangebote - CE Cideon Engineering","og_url":"https:\/\/cideon-engineering.com\/de\/karriere\/stellenangebote\/","og_site_name":"CE Cideon Engineering","article_modified_time":"2026-02-27T11:27:51+00:00","og_image":[{"url":"https:\/\/widgets.kununu.com\/widget_icon_score_logo_small\/profiles\/7c5c0b52-25fd-42e8-937f-83a11723d3f6","type":"","width":"","height":""}],"twitter_card":"summary_large_image","twitter_misc":{"Gesch\u00e4tzte Lesezeit":"2\u00a0Minuten"},"schema":{"@context":"https:\/\/schema.org","@graph":[{"@type":"WebPage","@id":"https:\/\/cideon-engineering.com\/de\/karriere\/stellenangebote\/","url":"https:\/\/cideon-engineering.com\/de\/karriere\/stellenangebote\/","name":"Stellenangebote - CE Cideon Engineering","isPartOf":{"@id":"https:\/\/cideon-engineering.com\/de\/#website"},"primaryImageOfPage":{"@id":"https:\/\/cideon-engineering.com\/de\/karriere\/stellenangebote\/#primaryimage"},"image":{"@id":"https:\/\/cideon-engineering.com\/de\/karriere\/stellenangebote\/#primaryimage"},"thumbnailUrl":"https:\/\/widgets.kununu.com\/widget_icon_score_logo_small\/profiles\/7c5c0b52-25fd-42e8-937f-83a11723d3f6","datePublished":"2020-10-30T07:44:15+00:00","dateModified":"2026-02-27T11:27:51+00:00","breadcrumb":{"@id":"https:\/\/cideon-engineering.com\/de\/karriere\/stellenangebote\/#breadcrumb"},"inLanguage":"de","potentialAction":[{"@type":"ReadAction","target":["https:\/\/cideon-engineering.com\/de\/karriere\/stellenangebote\/"]}]},{"@type":"ImageObject","inLanguage":"de","@id":"https:\/\/cideon-engineering.com\/de\/karriere\/stellenangebote\/#primaryimage","url":"https:\/\/widgets.kununu.com\/widget_icon_score_logo_small\/profiles\/7c5c0b52-25fd-42e8-937f-83a11723d3f6","contentUrl":"https:\/\/widgets.kununu.com\/widget_icon_score_logo_small\/profiles\/7c5c0b52-25fd-42e8-937f-83a11723d3f6"},{"@type":"BreadcrumbList","@id":"https:\/\/cideon-engineering.com\/de\/karriere\/stellenangebote\/#breadcrumb","itemListElement":[{"@type":"ListItem","position":1,"name":"Startseite","item":"https:\/\/cideon-engineering.com\/de\/"},{"@type":"ListItem","position":2,"name":"Karriere","item":"https:\/\/cideon-engineering.com\/de\/karriere\/"},{"@type":"ListItem","position":3,"name":"Stellenangebote"}]},{"@type":"WebSite","@id":"https:\/\/cideon-engineering.com\/de\/#website","url":"https:\/\/cideon-engineering.com\/de\/","name":"CE Cideon Engineering","description":"making mobility happen","potentialAction":[{"@type":"SearchAction","target":{"@type":"EntryPoint","urlTemplate":"https:\/\/cideon-engineering.com\/de\/?s={search_term_string}"},"query-input":{"@type":"PropertyValueSpecification","valueRequired":true,"valueName":"search_term_string"}}],"inLanguage":"de"}]}},"_links":{"self":[{"href":"https:\/\/cideon-engineering.com\/de\/wp-json\/wp\/v2\/pages\/479","targetHints":{"allow":["GET"]}}],"collection":[{"href":"https:\/\/cideon-engineering.com\/de\/wp-json\/wp\/v2\/pages"}],"about":[{"href":"https:\/\/cideon-engineering.com\/de\/wp-json\/wp\/v2\/types\/page"}],"author":[{"embeddable":true,"href":"https:\/\/cideon-engineering.com\/de\/wp-json\/wp\/v2\/users\/8"}],"replies":[{"embeddable":true,"href":"https:\/\/cideon-engineering.com\/de\/wp-json\/wp\/v2\/comments?post=479"}],"version-history":[{"count":180,"href":"https:\/\/cideon-engineering.com\/de\/wp-json\/wp\/v2\/pages\/479\/revisions"}],"predecessor-version":[{"id":11549,"href":"https:\/\/cideon-engineering.com\/de\/wp-json\/wp\/v2\/pages\/479\/revisions\/11549"}],"up":[{"embeddable":true,"href":"https:\/\/cideon-engineering.com\/de\/wp-json\/wp\/v2\/pages\/301"}],"wp:attachment":[{"href":"https:\/\/cideon-engineering.com\/de\/wp-json\/wp\/v2\/media?parent=479"}],"curies":[{"name":"wp","href":"https:\/\/api.w.org\/{rel}","templated":true}]}}