{"id":5266,"date":"2021-10-21T08:55:12","date_gmt":"2021-10-21T06:55:12","guid":{"rendered":"https:\/\/www.cideon-engineering.com\/?page_id=5266"},"modified":"2025-05-21T09:30:14","modified_gmt":"2025-05-21T07:30:14","slug":"student-hartmann","status":"publish","type":"page","link":"https:\/\/cideon-engineering.com\/de\/karriere\/mitarbeiter-im-interview\/student-hartmann\/","title":{"rendered":"Student Hartmann"},"content":{"rendered":"\n\n\t<section class=\"section\" id=\"section_1327752996\">\n\t\t<div class=\"section-bg fill\" >\n\t\t\t<img loading=\"lazy\" decoding=\"async\" width=\"2560\" height=\"672\" src=\"https:\/\/cideon-engineering.com\/wp-content\/uploads\/2025\/05\/Karriere-Schienenverkehr-scaled-fotor-20250520163937.png\" class=\"bg attachment-original size-original\" alt=\"\" \/>\t\t\t\t\t\t\n\t\t\t\n\n\t\t<\/div>\n\n\t\t\n\n\t\t<div class=\"section-content relative\">\n\t\t\t\n\n\n\t\t<\/div>\n\n\t\t\n<style>\n#section_1327752996 {\n  padding-top: 0px;\n  padding-bottom: 0px;\n  min-height: 450px;\n}\n#section_1327752996 .section-bg img {\n  object-position: center top;\n}\n<\/style>\n\t<\/section>\n\t\n<div class=\"row\"  id=\"row-1188700032\">\n\n\n\t<div id=\"col-1642390317\" class=\"col medium-6 small-12 large-6\"  >\n\t\t\t\t<div class=\"col-inner\"  >\n\t\t\t\n\t\t\t\n\n\t<div class=\"img has-hover x md-x lg-x y md-y lg-y\" id=\"image_1216594205\">\n\t\t\t\t\t\t\t\t<div class=\"img-inner dark\" >\n\t\t\t<img loading=\"lazy\" decoding=\"async\" width=\"1020\" height=\"765\" src=\"https:\/\/cideon-engineering.com\/wp-content\/uploads\/2021\/12\/CE_LukasHartmann.jpg\" class=\"attachment-large size-large\" alt=\"\" srcset=\"https:\/\/cideon-engineering.com\/wp-content\/uploads\/2021\/12\/CE_LukasHartmann.jpg 1024w, https:\/\/cideon-engineering.com\/wp-content\/uploads\/2021\/12\/CE_LukasHartmann-300x225.jpg 300w, https:\/\/cideon-engineering.com\/wp-content\/uploads\/2021\/12\/CE_LukasHartmann-768x576.jpg 768w\" sizes=\"auto, (max-width: 1020px) 100vw, 1020px\" \/>\t\t\t\t\t\t\n\t\t\t\t\t<\/div>\n\t\t\t\t\t\t\t\t\n<style>\n#image_1216594205 {\n  width: 100%;\n}\n<\/style>\n\t<\/div>\n\t\n\n\n\t\t<\/div>\n\t\t\t\t\t<\/div>\n\n\t\n\n\t<div id=\"col-1079121738\" class=\"col medium-6 small-12 large-6\"  >\n\t\t\t\t<div class=\"col-inner\"  >\n\t\t\t\n\t\t\t\n\n<h2>Lukas Hartmann, Praktikant &amp; Bachelorand<\/h2>\n<p><strong>Was hast du bei cideon engineering gemacht?<br \/><\/strong><\/p>\n<p>Ich habe meine Bachelorarbeit bei cideon engineering geschrieben. Vergangenes Jahr war ich schon als Praktikant im Bereich Technische Dokumentation t\u00e4tig. Leider musste ich fast den kompletten Zeitraum des Praktikums coronabedingt im Homeoffice verbringen.\u00a0<\/p>\n<p><strong>Was geh\u00f6rte zu deinen Aufgaben als Bachelorand? <\/strong><\/p>\n<p>Analog zum Praktikum entwickelte ich einen Prototypen einer AR-Anwendung f\u00fcr das Smartphone mit Unity. F\u00fcr die Bachelorarbeit untersuchte ich die Usability dieser Anwendung, um die Instandhaltung zu erleichtern. Die urspr\u00fcngliche Anwendung war f\u00fcr die Microsoft HoloLens AR-Brille gedacht, jedoch sind wir dann auf das Smartphone umgestiegen. Auch das Schreiben meiner Arbeit fand haupts\u00e4chlich im Homeoffice statt. Jedoch f\u00fchrten wir regelm\u00e4\u00dfig Tests beim Kunden vor Ort durch.\u00a0<\/p>\n\n\t\t<\/div>\n\t\t\t\t\t<\/div>\n\n\t\n\n<\/div>\n\n\t<section class=\"section\" id=\"section_1839319935\">\n\t\t<div class=\"section-bg fill\" >\n\t\t\t\t\t\t\t\t\t\n\t\t\t\n\n\t\t<\/div>\n\n\t\t\n\n\t\t<div class=\"section-content relative\">\n\t\t\t\n\n<div class=\"row\"  id=\"row-1353631448\">\n\n\n\t<div id=\"col-1220454472\" class=\"col small-12 large-12\"  >\n\t\t\t\t<div class=\"col-inner\"  >\n\t\t\t\n\t\t\t\n\n<p><strong>Warum hast du dich damals bei cideon engineering beworben?<\/strong><\/p>\n<p>Vorrangig f\u00fchrte mich mein gro\u00dfes pers\u00f6nliches Interesse an dem Thema Augmented Reality zu cideon engineering. Auch die Schienenfahrzeugtechnik ist eine sehr interessante Branche. Dass cideon engineering eher mittelst\u00e4ndisch gepr\u00e4gt ist, hat mich in meiner Entscheidung dann noch best\u00e4rkt.<\/p>\n<p><strong>Was gefiel dir an deiner Arbeit bei uns?\u00a0<\/strong><\/p>\n<p>Ich mag die flachen Hierarchien und kurzen Entscheidungswege. Auch wurden Meetings oder Gespr\u00e4che im Bedarfsfall kurzfristig organisiert, um mich bei der Bearbeitung des Projektes optimal zu unterst\u00fctzen. Die Kollegen sind jederzeit nett und hilfsbereit.<\/p>\n<p><strong>Wie w\u00fcrdest du die Arbeitsatmosph\u00e4re beschreiben?<\/strong><\/p>\n<p>Das Miteinander erinnert sehr an Freunde bzw. Familie \u2013 man achtet gegenseitig aufeinander., Ich konnte mir meine Arbeit sehr flexibel einteilen \u2013 was mir pers\u00f6nlich sehr entgegen kam. Auch gibt es am Standort eine gro\u00dfartige Kaffeemaschine \ud83d\ude42<\/p>\n<p><strong>Was machst du gern in deiner Freizeit?<\/strong><\/p>\n<p>Ich bin gern sportlich unterwegs und mag Skifahren sowie Kraftsport. Als Ausgleich dazu spiele ich aber auch sehr gern Computerspiele.<\/p>\n<p>\u00a0<\/p>\n\n\t\t<\/div>\n\t\t\t\t\t<\/div>\n\n\t\n\n<\/div>\n\n\t\t<\/div>\n\n\t\t\n<style>\n#section_1839319935 {\n  padding-top: 60px;\n  padding-bottom: 60px;\n}\n<\/style>\n\t<\/section>\n\t\n<div class=\"row\"  id=\"row-2048212627\">\n\n\n\t<div id=\"col-1152074074\" class=\"col small-12 large-12\"  >\n\t\t\t\t<div class=\"col-inner\"  >\n\t\t\t\n\t\t\t\n\n<div class=\"container section-title-container\" ><h2 class=\"section-title section-title-center\"><b aria-hidden=\"true\"><\/b><span class=\"section-title-main\" >Aktuelle Stellenangebote<\/span><b aria-hidden=\"true\"><\/b><\/h2><\/div>\n\n<div class=\"row\"  id=\"row-1812707970\">\n\n\n\t<div id=\"col-234746432\" class=\"col small-12 large-12\"  >\n\t\t\t\t<div class=\"col-inner\"  >\n\t\t\t\n\t\t\t\n\n\n  \n    <div class=\"row large-columns-4 medium-columns-1 small-columns-1\" >\n  <\/div>\n\n\n\t\t<\/div>\n\t\t\t\t\t<\/div>\n\n\t\n\n<\/div>\n\n\t\t<\/div>\n\t\t\t\t\t<\/div>\n\n\t\n\n<\/div>\n\n","protected":false},"excerpt":{"rendered":"","protected":false},"author":8,"featured_media":0,"parent":3098,"menu_order":0,"comment_status":"closed","ping_status":"closed","template":"page-blank.php","meta":{"content-type":"","inline_featured_image":false,"footnotes":""},"class_list":["post-5266","page","type-page","status-publish","hentry"],"yoast_head":"<!-- This site is optimized with the Yoast SEO plugin v26.9 - https:\/\/yoast.com\/product\/yoast-seo-wordpress\/ -->\n<title>Student Hartmann - CE Cideon Engineering<\/title>\n<meta name=\"robots\" content=\"index, follow, max-snippet:-1, max-image-preview:large, max-video-preview:-1\" \/>\n<link rel=\"canonical\" href=\"https:\/\/cideon-engineering.com\/de\/karriere\/mitarbeiter-im-interview\/student-hartmann\/\" \/>\n<meta property=\"og:locale\" content=\"de_DE\" \/>\n<meta property=\"og:type\" content=\"article\" \/>\n<meta property=\"og:title\" content=\"Student Hartmann - CE Cideon Engineering\" \/>\n<meta property=\"og:url\" content=\"https:\/\/cideon-engineering.com\/de\/karriere\/mitarbeiter-im-interview\/student-hartmann\/\" \/>\n<meta property=\"og:site_name\" content=\"CE Cideon Engineering\" \/>\n<meta property=\"article:modified_time\" content=\"2025-05-21T07:30:14+00:00\" \/>\n<meta name=\"twitter:card\" content=\"summary_large_image\" \/>\n<meta name=\"twitter:label1\" content=\"Gesch\u00e4tzte Lesezeit\" \/>\n\t<meta name=\"twitter:data1\" content=\"2\u00a0Minuten\" \/>\n<script type=\"application\/ld+json\" class=\"yoast-schema-graph\">{\"@context\":\"https:\/\/schema.org\",\"@graph\":[{\"@type\":\"WebPage\",\"@id\":\"https:\/\/cideon-engineering.com\/de\/karriere\/mitarbeiter-im-interview\/student-hartmann\/\",\"url\":\"https:\/\/cideon-engineering.com\/de\/karriere\/mitarbeiter-im-interview\/student-hartmann\/\",\"name\":\"Student Hartmann - CE Cideon Engineering\",\"isPartOf\":{\"@id\":\"https:\/\/cideon-engineering.com\/de\/#website\"},\"datePublished\":\"2021-10-21T06:55:12+00:00\",\"dateModified\":\"2025-05-21T07:30:14+00:00\",\"breadcrumb\":{\"@id\":\"https:\/\/cideon-engineering.com\/de\/karriere\/mitarbeiter-im-interview\/student-hartmann\/#breadcrumb\"},\"inLanguage\":\"de\",\"potentialAction\":[{\"@type\":\"ReadAction\",\"target\":[\"https:\/\/cideon-engineering.com\/de\/karriere\/mitarbeiter-im-interview\/student-hartmann\/\"]}]},{\"@type\":\"BreadcrumbList\",\"@id\":\"https:\/\/cideon-engineering.com\/de\/karriere\/mitarbeiter-im-interview\/student-hartmann\/#breadcrumb\",\"itemListElement\":[{\"@type\":\"ListItem\",\"position\":1,\"name\":\"Startseite\",\"item\":\"https:\/\/cideon-engineering.com\/de\/\"},{\"@type\":\"ListItem\",\"position\":2,\"name\":\"Karriere\",\"item\":\"https:\/\/cideon-engineering.com\/de\/karriere\/\"},{\"@type\":\"ListItem\",\"position\":3,\"name\":\"Mitarbeiter im Interview\",\"item\":\"https:\/\/cideon-engineering.com\/de\/karriere\/mitarbeiter-im-interview\/\"},{\"@type\":\"ListItem\",\"position\":4,\"name\":\"Student Hartmann\"}]},{\"@type\":\"WebSite\",\"@id\":\"https:\/\/cideon-engineering.com\/de\/#website\",\"url\":\"https:\/\/cideon-engineering.com\/de\/\",\"name\":\"CE Cideon Engineering\",\"description\":\"making mobility happen\",\"potentialAction\":[{\"@type\":\"SearchAction\",\"target\":{\"@type\":\"EntryPoint\",\"urlTemplate\":\"https:\/\/cideon-engineering.com\/de\/?s={search_term_string}\"},\"query-input\":{\"@type\":\"PropertyValueSpecification\",\"valueRequired\":true,\"valueName\":\"search_term_string\"}}],\"inLanguage\":\"de\"}]}<\/script>\n<!-- \/ Yoast SEO plugin. -->","yoast_head_json":{"title":"Student Hartmann - CE Cideon Engineering","robots":{"index":"index","follow":"follow","max-snippet":"max-snippet:-1","max-image-preview":"max-image-preview:large","max-video-preview":"max-video-preview:-1"},"canonical":"https:\/\/cideon-engineering.com\/de\/karriere\/mitarbeiter-im-interview\/student-hartmann\/","og_locale":"de_DE","og_type":"article","og_title":"Student Hartmann - CE Cideon Engineering","og_url":"https:\/\/cideon-engineering.com\/de\/karriere\/mitarbeiter-im-interview\/student-hartmann\/","og_site_name":"CE Cideon Engineering","article_modified_time":"2025-05-21T07:30:14+00:00","twitter_card":"summary_large_image","twitter_misc":{"Gesch\u00e4tzte Lesezeit":"2\u00a0Minuten"},"schema":{"@context":"https:\/\/schema.org","@graph":[{"@type":"WebPage","@id":"https:\/\/cideon-engineering.com\/de\/karriere\/mitarbeiter-im-interview\/student-hartmann\/","url":"https:\/\/cideon-engineering.com\/de\/karriere\/mitarbeiter-im-interview\/student-hartmann\/","name":"Student Hartmann - CE Cideon Engineering","isPartOf":{"@id":"https:\/\/cideon-engineering.com\/de\/#website"},"datePublished":"2021-10-21T06:55:12+00:00","dateModified":"2025-05-21T07:30:14+00:00","breadcrumb":{"@id":"https:\/\/cideon-engineering.com\/de\/karriere\/mitarbeiter-im-interview\/student-hartmann\/#breadcrumb"},"inLanguage":"de","potentialAction":[{"@type":"ReadAction","target":["https:\/\/cideon-engineering.com\/de\/karriere\/mitarbeiter-im-interview\/student-hartmann\/"]}]},{"@type":"BreadcrumbList","@id":"https:\/\/cideon-engineering.com\/de\/karriere\/mitarbeiter-im-interview\/student-hartmann\/#breadcrumb","itemListElement":[{"@type":"ListItem","position":1,"name":"Startseite","item":"https:\/\/cideon-engineering.com\/de\/"},{"@type":"ListItem","position":2,"name":"Karriere","item":"https:\/\/cideon-engineering.com\/de\/karriere\/"},{"@type":"ListItem","position":3,"name":"Mitarbeiter im Interview","item":"https:\/\/cideon-engineering.com\/de\/karriere\/mitarbeiter-im-interview\/"},{"@type":"ListItem","position":4,"name":"Student Hartmann"}]},{"@type":"WebSite","@id":"https:\/\/cideon-engineering.com\/de\/#website","url":"https:\/\/cideon-engineering.com\/de\/","name":"CE Cideon Engineering","description":"making mobility happen","potentialAction":[{"@type":"SearchAction","target":{"@type":"EntryPoint","urlTemplate":"https:\/\/cideon-engineering.com\/de\/?s={search_term_string}"},"query-input":{"@type":"PropertyValueSpecification","valueRequired":true,"valueName":"search_term_string"}}],"inLanguage":"de"}]}},"_links":{"self":[{"href":"https:\/\/cideon-engineering.com\/de\/wp-json\/wp\/v2\/pages\/5266","targetHints":{"allow":["GET"]}}],"collection":[{"href":"https:\/\/cideon-engineering.com\/de\/wp-json\/wp\/v2\/pages"}],"about":[{"href":"https:\/\/cideon-engineering.com\/de\/wp-json\/wp\/v2\/types\/page"}],"author":[{"embeddable":true,"href":"https:\/\/cideon-engineering.com\/de\/wp-json\/wp\/v2\/users\/8"}],"replies":[{"embeddable":true,"href":"https:\/\/cideon-engineering.com\/de\/wp-json\/wp\/v2\/comments?post=5266"}],"version-history":[{"count":5,"href":"https:\/\/cideon-engineering.com\/de\/wp-json\/wp\/v2\/pages\/5266\/revisions"}],"predecessor-version":[{"id":10355,"href":"https:\/\/cideon-engineering.com\/de\/wp-json\/wp\/v2\/pages\/5266\/revisions\/10355"}],"up":[{"embeddable":true,"href":"https:\/\/cideon-engineering.com\/de\/wp-json\/wp\/v2\/pages\/3098"}],"wp:attachment":[{"href":"https:\/\/cideon-engineering.com\/de\/wp-json\/wp\/v2\/media?parent=5266"}],"curies":[{"name":"wp","href":"https:\/\/api.w.org\/{rel}","templated":true}]}}