{"id":6240,"date":"2022-04-14T08:45:03","date_gmt":"2022-04-14T06:45:03","guid":{"rendered":"https:\/\/www.cideon-engineering.com\/?page_id=6240"},"modified":"2025-08-07T11:42:03","modified_gmt":"2025-08-07T09:42:03","slug":"leiter-onsite","status":"publish","type":"page","link":"https:\/\/cideon-engineering.com\/de\/karriere\/mitarbeiter-im-interview\/leiter-onsite\/","title":{"rendered":"Leiter OnSite"},"content":{"rendered":"\n\n\t<section class=\"section\" id=\"section_1664512444\">\n\t\t<div class=\"section-bg fill\" >\n\t\t\t<img loading=\"lazy\" decoding=\"async\" width=\"2560\" height=\"672\" src=\"https:\/\/cideon-engineering.com\/wp-content\/uploads\/2025\/05\/Karriere-Schienenverkehr-scaled-fotor-20250520163937.png\" class=\"bg attachment-original size-original\" alt=\"\" \/>\t\t\t\t\t\t\n\t\t\t\n\n\t\t<\/div>\n\n\t\t\n\n\t\t<div class=\"section-content relative\">\n\t\t\t\n\n\n\t\t<\/div>\n\n\t\t\n<style>\n#section_1664512444 {\n  padding-top: 0px;\n  padding-bottom: 0px;\n  min-height: 450px;\n}\n#section_1664512444 .section-bg img {\n  object-position: center top;\n}\n<\/style>\n\t<\/section>\n\t\n<div class=\"row\"  id=\"row-1206390405\">\n\n\n\t<div id=\"col-1725843719\" class=\"col small-12 large-12\"  >\n\t\t\t\t<div class=\"col-inner\"  >\n\t\t\t\n\t\t\t\n\n<h2>Falk Kulawinski, ehem. Leiter Onsite Engineering<\/h2>\n\n\t\t<\/div>\n\t\t\t\t\t<\/div>\n\n\t\n\n<\/div>\n<div class=\"row\"  id=\"row-390934004\">\n\n\n\t<div id=\"col-519698753\" class=\"col medium-6 small-12 large-6\"  >\n\t\t\t\t<div class=\"col-inner\"  >\n\t\t\t\n\t\t\t\n\n\t<div class=\"img has-hover x md-x lg-x y md-y lg-y\" id=\"image_25883341\">\n\t\t\t\t\t\t\t\t<div class=\"img-inner dark\" >\n\t\t\t<img loading=\"lazy\" decoding=\"async\" width=\"1020\" height=\"679\" src=\"https:\/\/cideon-engineering.com\/wp-content\/uploads\/2020\/12\/FalkKulawinski-1024x682.jpg\" class=\"attachment-large size-large\" alt=\"Falk Kulawinski\" srcset=\"https:\/\/cideon-engineering.com\/wp-content\/uploads\/2020\/12\/FalkKulawinski-1024x682.jpg 1024w, https:\/\/cideon-engineering.com\/wp-content\/uploads\/2020\/12\/FalkKulawinski-300x200.jpg 300w, https:\/\/cideon-engineering.com\/wp-content\/uploads\/2020\/12\/FalkKulawinski-768x512.jpg 768w, https:\/\/cideon-engineering.com\/wp-content\/uploads\/2020\/12\/FalkKulawinski.jpg 1280w\" sizes=\"auto, (max-width: 1020px) 100vw, 1020px\" \/>\t\t\t\t\t\t\n\t\t\t\t\t<\/div>\n\t\t\t\t\t\t\t\t\n<style>\n#image_25883341 {\n  width: 100%;\n}\n<\/style>\n\t<\/div>\n\t\n\n\n\t\t<\/div>\n\t\t\t\t\t<\/div>\n\n\t\n\n\t<div id=\"col-416933572\" class=\"col medium-6 small-12 large-6\"  >\n\t\t\t\t<div class=\"col-inner\"  >\n\t\t\t\n\t\t\t\n\n<p><strong>Was hast du bei cideon engineering gemacht und wie bist du zu uns gekommen?<\/strong><\/p>\n<p>Ich leitete den Bereich Onsite-Engineering, habe aber urspr\u00fcnglich als Vertriebsbeauftragter bei cideon engineering angefangen<\/p>\n<p><strong>Erz\u00e4hl uns bitte etwas \u00fcber deine Laufbahn bei uns.<\/strong><\/p>\n<p>Angefangen habe ich 2006 im Vertrieb und der Projektabwicklung am Standort Chemnitz und hatte den Auftrag den Bereich der Arbeitnehmer\u00fcberlassung mit Schwerpunkt Maschinenbau, Automotive und Bahn sowohl projekttechnisch als personell zu vergr\u00f6\u00dfern, was uns im Team bis 2014 mit ca. 100 Mitarbeiter auch gelungen ist. Zwischenzeitlich und zus\u00e4tzlich war ich als QM-Beauftragter der cideon engineering eingesetzt und habe sowohl in den Standorten Leipzig als auch in Basel (CH) das QM-System aufgebaut. Zeitweise habe ich auch den Standort Leipzig parallel geleitet.<\/p>\n\n\t\t<\/div>\n\t\t\t\t\t<\/div>\n\n\t\n\n<\/div>\n\n\t<section class=\"section\" id=\"section_1604783943\">\n\t\t<div class=\"section-bg fill\" >\n\t\t\t\t\t\t\t\t\t\n\t\t\t\n\n\t\t<\/div>\n\n\t\t\n\n\t\t<div class=\"section-content relative\">\n\t\t\t\n\n<div class=\"row\"  id=\"row-1285452270\">\n\n\n\t<div id=\"col-164829885\" class=\"col small-12 large-12\"  >\n\t\t\t\t<div class=\"col-inner\"  >\n\t\t\t\n\t\t\t\n\n<p>Nach der Umstrukturierung 2012 habe ich mich wieder auf meinen Schwerpunkt des Onsite Engineering vom Standort Chemnitz aus konzentriert und dabei den Fachbereich sowohl disziplinarisch (Mitarbeiter) als auch in der Projektakquise und Kundenbetreuung vorangebracht.<\/p>\n<p><strong>Cideon engineering war f\u00fcr mich eine sehr interessante und spannende Zeit, der famili\u00e4re Umgang, die Kleingliedrichkeit der Projekte, die Verk\u00e4ufe bis hin nach China, das betriebswirtschaftliche Tun, vor allem jedoch das fachliche Know-how der \u201ePufferk\u00fcsser\u201c war und sowie dem bahnspezifischen Handling in- und extern sind Erfahrungen, die ich zum Teil als \u201ebizarr\u201c bezeichnen w\u00fcrde, jedoch nicht missen m\u00f6chte!<\/strong><\/p>\n<p><strong>Du warst \u00fcber 15 Jahre bei cideon engineering \u2013 Zeit f\u00fcr ein Fazit?!?<\/strong><\/p>\n<p>Es war die l\u00e4ngste Zeit in meinem Berufsleben, gern treffe ich mich mit alten und aktuellen Wegbeleitern, zum einen um die Zeit nochmals an mir vorbei passieren zu lassen und zum anderen Danke (!) f\u00fcr die gemeinsame Zeit zu sagen.<\/p>\n<p><strong>Was sollten zuk\u00fcnftige Mitarbeiter aus deiner Sicht mitbringen f\u00fcr eine T\u00e4tigkeit in unserem Unternehmen?<\/strong><\/p>\n<p>Jeder Ingenieur, der den Weg zu einem Engineering-Dienstleister findet, sollte von vorherein wissen, dass dies ein anspruchsvoller und interessanter Weg zum Aufbau des eigenen Know-hows und zur Feststellung der eigenen St\u00e4rken und Schw\u00e4chen ist, und zwar weil:<\/p>\n<ul>\n<li>die an Dich gestellten Anforderungen von Projekt zu Projekt extrem vielf\u00e4ltig sind.<\/li>\n<li>Du in der Regel mit verschiedensten Kunden, CAD-Systemen sowie diversen Tools arbeiten musst.<\/li>\n<li>die Projektarbeit mit kleinen Firmen sowie gro\u00dfen Konzernen zu realisieren ist, wo die Abwicklung zum einen im Freistil und zum anderen in sehr strukturierten Abl\u00e4ufen erfolgen muss.<\/li>\n<\/ul>\n<p><strong>Du verabschiedest dich nun aus dem aktiven Arbeitsleben. Was w\u00fcnschst du cideon engineering, deinem Nachfolger und allen Kollegen?<\/strong><\/p>\n<p>Ich w\u00fcnsche dem Team der cideon engineering auch in der Zukunft alles erdenklich Gute bei der Akquise der Kunden, der Beauftragung von Projekten, in der weiteren Ausrichtung der Strukturen in Richtung der aktuellen Anforderungen sowie der Verj\u00fcngung des Unternehmens und immer eine sichere Hand bei allen Gesch\u00e4ften!<\/p>\n<p><strong>Zum Abschluss: Was wirst du in deinem wohlverdienten Ruhestand als erstes tun?<\/strong><\/p>\n<p>Ich habe vor zum einen meine Themen zu Hause wieder mehr zu beleben und dann m\u00f6chte ich sportlich wieder aktiver werden. Ich plane ehrenamtlich bei der Kulturhauptstadt Chemnitz einem Platz f\u00fcr mich zu finden. Auch das Reisen m\u00f6chte ich wieder in vollen \u201eZ\u00fcgen\u201c genie\u00dfen.<\/p>\n\n\t\t<\/div>\n\t\t\t\t\t<\/div>\n\n\t\n\n<\/div>\n\n\t\t<\/div>\n\n\t\t\n<style>\n#section_1604783943 {\n  padding-top: 60px;\n  padding-bottom: 60px;\n}\n<\/style>\n\t<\/section>\n\t\n<div class=\"row\"  id=\"row-1409663272\">\n\n\n\t<div id=\"col-1361384264\" class=\"col small-12 large-12\"  >\n\t\t\t\t<div class=\"col-inner\"  >\n\t\t\t\n\t\t\t\n\n<div class=\"row\"  id=\"row-2053306865\">\n\n\n\t<div id=\"col-1152444720\" class=\"col small-12 large-12\"  >\n\t\t\t\t<div class=\"col-inner\"  >\n\t\t\t\n\t\t\t\n\n\n  \n    <div class=\"row large-columns-4 medium-columns-1 small-columns-1\" >\n  <\/div>\n\n\n\t\t<\/div>\n\t\t\t\t\t<\/div>\n\n\t\n\n<\/div>\n\n\t\t<\/div>\n\t\t\t\t\t<\/div>\n\n\t\n\n<\/div>\n\n","protected":false},"excerpt":{"rendered":"","protected":false},"author":8,"featured_media":0,"parent":3098,"menu_order":0,"comment_status":"closed","ping_status":"closed","template":"page-blank.php","meta":{"content-type":"","inline_featured_image":false,"footnotes":""},"class_list":["post-6240","page","type-page","status-publish","hentry"],"yoast_head":"<!-- This site is optimized with the Yoast SEO plugin v26.9 - https:\/\/yoast.com\/product\/yoast-seo-wordpress\/ -->\n<title>Leiter OnSite - CE Cideon Engineering<\/title>\n<meta name=\"robots\" content=\"index, follow, max-snippet:-1, max-image-preview:large, max-video-preview:-1\" \/>\n<link rel=\"canonical\" href=\"https:\/\/cideon-engineering.com\/de\/karriere\/mitarbeiter-im-interview\/leiter-onsite\/\" \/>\n<meta property=\"og:locale\" content=\"de_DE\" \/>\n<meta property=\"og:type\" content=\"article\" \/>\n<meta property=\"og:title\" content=\"Leiter OnSite - CE Cideon Engineering\" \/>\n<meta property=\"og:url\" content=\"https:\/\/cideon-engineering.com\/de\/karriere\/mitarbeiter-im-interview\/leiter-onsite\/\" \/>\n<meta property=\"og:site_name\" content=\"CE Cideon Engineering\" \/>\n<meta property=\"article:modified_time\" content=\"2025-08-07T09:42:03+00:00\" \/>\n<meta name=\"twitter:card\" content=\"summary_large_image\" \/>\n<meta name=\"twitter:label1\" content=\"Gesch\u00e4tzte Lesezeit\" \/>\n\t<meta name=\"twitter:data1\" content=\"4\u00a0Minuten\" \/>\n<script type=\"application\/ld+json\" class=\"yoast-schema-graph\">{\"@context\":\"https:\/\/schema.org\",\"@graph\":[{\"@type\":\"WebPage\",\"@id\":\"https:\/\/cideon-engineering.com\/de\/karriere\/mitarbeiter-im-interview\/leiter-onsite\/\",\"url\":\"https:\/\/cideon-engineering.com\/de\/karriere\/mitarbeiter-im-interview\/leiter-onsite\/\",\"name\":\"Leiter OnSite - CE Cideon Engineering\",\"isPartOf\":{\"@id\":\"https:\/\/cideon-engineering.com\/de\/#website\"},\"datePublished\":\"2022-04-14T06:45:03+00:00\",\"dateModified\":\"2025-08-07T09:42:03+00:00\",\"breadcrumb\":{\"@id\":\"https:\/\/cideon-engineering.com\/de\/karriere\/mitarbeiter-im-interview\/leiter-onsite\/#breadcrumb\"},\"inLanguage\":\"de\",\"potentialAction\":[{\"@type\":\"ReadAction\",\"target\":[\"https:\/\/cideon-engineering.com\/de\/karriere\/mitarbeiter-im-interview\/leiter-onsite\/\"]}]},{\"@type\":\"BreadcrumbList\",\"@id\":\"https:\/\/cideon-engineering.com\/de\/karriere\/mitarbeiter-im-interview\/leiter-onsite\/#breadcrumb\",\"itemListElement\":[{\"@type\":\"ListItem\",\"position\":1,\"name\":\"Startseite\",\"item\":\"https:\/\/cideon-engineering.com\/de\/\"},{\"@type\":\"ListItem\",\"position\":2,\"name\":\"Karriere\",\"item\":\"https:\/\/cideon-engineering.com\/de\/karriere\/\"},{\"@type\":\"ListItem\",\"position\":3,\"name\":\"Mitarbeiter im Interview\",\"item\":\"https:\/\/cideon-engineering.com\/de\/karriere\/mitarbeiter-im-interview\/\"},{\"@type\":\"ListItem\",\"position\":4,\"name\":\"Leiter OnSite\"}]},{\"@type\":\"WebSite\",\"@id\":\"https:\/\/cideon-engineering.com\/de\/#website\",\"url\":\"https:\/\/cideon-engineering.com\/de\/\",\"name\":\"CE Cideon Engineering\",\"description\":\"making mobility happen\",\"potentialAction\":[{\"@type\":\"SearchAction\",\"target\":{\"@type\":\"EntryPoint\",\"urlTemplate\":\"https:\/\/cideon-engineering.com\/de\/?s={search_term_string}\"},\"query-input\":{\"@type\":\"PropertyValueSpecification\",\"valueRequired\":true,\"valueName\":\"search_term_string\"}}],\"inLanguage\":\"de\"}]}<\/script>\n<!-- \/ Yoast SEO plugin. -->","yoast_head_json":{"title":"Leiter OnSite - CE Cideon Engineering","robots":{"index":"index","follow":"follow","max-snippet":"max-snippet:-1","max-image-preview":"max-image-preview:large","max-video-preview":"max-video-preview:-1"},"canonical":"https:\/\/cideon-engineering.com\/de\/karriere\/mitarbeiter-im-interview\/leiter-onsite\/","og_locale":"de_DE","og_type":"article","og_title":"Leiter OnSite - CE Cideon Engineering","og_url":"https:\/\/cideon-engineering.com\/de\/karriere\/mitarbeiter-im-interview\/leiter-onsite\/","og_site_name":"CE Cideon Engineering","article_modified_time":"2025-08-07T09:42:03+00:00","twitter_card":"summary_large_image","twitter_misc":{"Gesch\u00e4tzte Lesezeit":"4\u00a0Minuten"},"schema":{"@context":"https:\/\/schema.org","@graph":[{"@type":"WebPage","@id":"https:\/\/cideon-engineering.com\/de\/karriere\/mitarbeiter-im-interview\/leiter-onsite\/","url":"https:\/\/cideon-engineering.com\/de\/karriere\/mitarbeiter-im-interview\/leiter-onsite\/","name":"Leiter OnSite - CE Cideon Engineering","isPartOf":{"@id":"https:\/\/cideon-engineering.com\/de\/#website"},"datePublished":"2022-04-14T06:45:03+00:00","dateModified":"2025-08-07T09:42:03+00:00","breadcrumb":{"@id":"https:\/\/cideon-engineering.com\/de\/karriere\/mitarbeiter-im-interview\/leiter-onsite\/#breadcrumb"},"inLanguage":"de","potentialAction":[{"@type":"ReadAction","target":["https:\/\/cideon-engineering.com\/de\/karriere\/mitarbeiter-im-interview\/leiter-onsite\/"]}]},{"@type":"BreadcrumbList","@id":"https:\/\/cideon-engineering.com\/de\/karriere\/mitarbeiter-im-interview\/leiter-onsite\/#breadcrumb","itemListElement":[{"@type":"ListItem","position":1,"name":"Startseite","item":"https:\/\/cideon-engineering.com\/de\/"},{"@type":"ListItem","position":2,"name":"Karriere","item":"https:\/\/cideon-engineering.com\/de\/karriere\/"},{"@type":"ListItem","position":3,"name":"Mitarbeiter im Interview","item":"https:\/\/cideon-engineering.com\/de\/karriere\/mitarbeiter-im-interview\/"},{"@type":"ListItem","position":4,"name":"Leiter OnSite"}]},{"@type":"WebSite","@id":"https:\/\/cideon-engineering.com\/de\/#website","url":"https:\/\/cideon-engineering.com\/de\/","name":"CE Cideon Engineering","description":"making mobility happen","potentialAction":[{"@type":"SearchAction","target":{"@type":"EntryPoint","urlTemplate":"https:\/\/cideon-engineering.com\/de\/?s={search_term_string}"},"query-input":{"@type":"PropertyValueSpecification","valueRequired":true,"valueName":"search_term_string"}}],"inLanguage":"de"}]}},"_links":{"self":[{"href":"https:\/\/cideon-engineering.com\/de\/wp-json\/wp\/v2\/pages\/6240","targetHints":{"allow":["GET"]}}],"collection":[{"href":"https:\/\/cideon-engineering.com\/de\/wp-json\/wp\/v2\/pages"}],"about":[{"href":"https:\/\/cideon-engineering.com\/de\/wp-json\/wp\/v2\/types\/page"}],"author":[{"embeddable":true,"href":"https:\/\/cideon-engineering.com\/de\/wp-json\/wp\/v2\/users\/8"}],"replies":[{"embeddable":true,"href":"https:\/\/cideon-engineering.com\/de\/wp-json\/wp\/v2\/comments?post=6240"}],"version-history":[{"count":5,"href":"https:\/\/cideon-engineering.com\/de\/wp-json\/wp\/v2\/pages\/6240\/revisions"}],"predecessor-version":[{"id":10915,"href":"https:\/\/cideon-engineering.com\/de\/wp-json\/wp\/v2\/pages\/6240\/revisions\/10915"}],"up":[{"embeddable":true,"href":"https:\/\/cideon-engineering.com\/de\/wp-json\/wp\/v2\/pages\/3098"}],"wp:attachment":[{"href":"https:\/\/cideon-engineering.com\/de\/wp-json\/wp\/v2\/media?parent=6240"}],"curies":[{"name":"wp","href":"https:\/\/api.w.org\/{rel}","templated":true}]}}