{"id":808,"date":"2021-01-06T13:36:51","date_gmt":"2021-01-06T12:36:51","guid":{"rendered":"http:\/\/testsite.cideng.net\/?page_id=808"},"modified":"2026-04-07T11:43:54","modified_gmt":"2026-04-07T09:43:54","slug":"zertifikate","status":"publish","type":"page","link":"https:\/\/cideon-engineering.com\/de\/unternehmen\/zertifikate\/","title":{"rendered":"Zertifikate"},"content":{"rendered":"\n<div class=\"row\"  id=\"row-503099963\">\n\n\n\t<div id=\"col-1156270966\" class=\"col small-12 large-12\"  >\n\t\t\t\t<div class=\"col-inner\"  >\n\t\t\t\n\t\t\t\n\n\t<div id=\"gap-1970681950\" class=\"gap-element clearfix\" style=\"display:block; height:auto;\">\n\t\t\n<style>\n#gap-1970681950 {\n  padding-top: 64px;\n}\n<\/style>\n\t<\/div>\n\t\n\n<h1>Wir sind ein zertifiziertes Unternehmen<\/h1>\n<p>Regelm\u00e4\u00dfige \u00dcberpr\u00fcfungen entsprechender Stellen helfen uns dabei, kontinuierlich besser zu werden. Intern und extern arbeiten wir nach aktuellen Normen \u2013 von der Planung der Fahrzeuge bis hin zu Baubetreuung\/-\u00fcberwachung und Zulassung.<\/p>\n\n\t\t<\/div>\n\t\t\t\t\t<\/div>\n\n\t\n\n<\/div>\n<div class=\"row\"  id=\"row-397983541\">\n\n\n\t<div id=\"col-366256217\" class=\"col small-12 large-12\"  >\n\t\t\t\t<div class=\"col-inner\"  >\n\t\t\t\n\t\t\t\n\n\t<div id=\"gap-774358833\" class=\"gap-element clearfix\" style=\"display:block; height:auto;\">\n\t\t\n<style>\n#gap-774358833 {\n  padding-top: 30px;\n}\n<\/style>\n\t<\/div>\n\t\n\n\n\t\t<\/div>\n\t\t\t\t\t<\/div>\n\n\t\n\n<\/div>\n<div class=\"row\"  id=\"row-1081808853\">\n\n\n\t<div id=\"col-875797518\" class=\"col small-12 large-12\"  >\n\t\t\t\t<div class=\"col-inner\"  >\n\t\t\t\n\t\t\t\n\n\t<div id=\"gap-2106480328\" class=\"gap-element clearfix\" style=\"display:block; height:auto;\">\n\t\t\n<style>\n#gap-2106480328 {\n  padding-top: 30px;\n}\n<\/style>\n\t<\/div>\n\t\n\n\n\t\t<\/div>\n\t\t\t\t\t<\/div>\n\n\t\n\n<\/div>\n\n\t<section class=\"section\" id=\"section_622689414\">\n\t\t<div class=\"section-bg fill\" >\n\t\t\t\t\t\t\t\t\t\n\t\t\t\n\n\t\t<\/div>\n\n\t\t\n\n\t\t<div class=\"section-content relative\">\n\t\t\t\n\n<div class=\"row\"  id=\"row-957700885\">\n\n\n\t<div id=\"col-719578191\" class=\"col medium-8 small-12 large-8\"  data-animate=\"fadeInLeft\">\n\t\t\t\t<div class=\"col-inner\"  >\n\t\t\t\n\t\t\t\n\n<h2>Schwei\u00dfen von Schienenfahrzeugen und -fahrzeugteilen (DIN EN 15085-2)<\/h2>\n<p>cideon engineering verf\u00fcgt \u00fcber ausgebildete Schwei\u00dfaufsichtspersonen. Sie sind elementare Voraussetzung f\u00fcr die Unterst\u00fctzung unserer Kunden und die Einhaltung der Anforderungen von Schwei\u00dfarbeiten an Schienenfahrzeugen und Komponenten.<\/p>\n<a data-animate=\"fadeInLeft\" href=\"https:\/\/cideon-engineering.com\/wp-content\/uploads\/2025\/07\/ZE-16083-01-00-EN15085-2016.0194.007_de.pdf\" target=\"_blank\" class=\"button primary is-smaller lowercase\" rel=\"noopener\" >\n\t\t<span>Zertifikat Deutschland<\/span>\n\t<i class=\"icon-expand\" aria-hidden=\"true\"><\/i><\/a>\n\n\n<a data-animate=\"fadeInLeft\" href=\"https:\/\/cideon-engineering.com\/wp-content\/uploads\/2025\/07\/ZE-16083-01-00-EN15085-2016.0194.007_de.pdf\" target=\"_blank\" class=\"button primary is-smaller lowercase\" rel=\"noopener\" >\n\t\t<span>Zertifikat Schweiz<\/span>\n\t<i class=\"icon-expand\" aria-hidden=\"true\"><\/i><\/a>\n\n\n\t<div id=\"gap-1052497100\" class=\"gap-element clearfix\" style=\"display:block; height:auto;\">\n\t\t\n<style>\n#gap-1052497100 {\n  padding-top: 64px;\n}\n<\/style>\n\t<\/div>\n\t\n\n\n\t\t<\/div>\n\t\t\t\t\t<\/div>\n\n\t\n\n\t<div id=\"col-329431350\" class=\"col medium-4 small-12 large-4\"  data-animate=\"fadeInLeft\">\n\t\t\t\t<div class=\"col-inner text-center\"  >\n\t\t\t\n\t\t\t\n\n\t<div id=\"gap-2045271617\" class=\"gap-element clearfix\" style=\"display:block; height:auto;\">\n\t\t\n<style>\n#gap-2045271617 {\n  padding-top: 80px;\n}\n<\/style>\n\t<\/div>\n\t\n\n\t<div class=\"img has-hover x md-x lg-x y md-y lg-y\" id=\"image_45313798\">\n\t\t<a class=\"\" href=\"https:\/\/dvs-zert.de\/\" target=\"_blank\" rel=\"noopener\" >\t\t\t\t\t\t<div class=\"img-inner dark\" >\n\t\t\t<img loading=\"lazy\" decoding=\"async\" width=\"1000\" height=\"213\" src=\"https:\/\/cideon-engineering.com\/wp-content\/uploads\/2021\/01\/dvszert.png\" class=\"attachment-large size-large\" alt=\"\" srcset=\"https:\/\/cideon-engineering.com\/wp-content\/uploads\/2021\/01\/dvszert.png 1000w, https:\/\/cideon-engineering.com\/wp-content\/uploads\/2021\/01\/dvszert-300x64.png 300w, https:\/\/cideon-engineering.com\/wp-content\/uploads\/2021\/01\/dvszert-768x164.png 768w\" sizes=\"auto, (max-width: 1000px) 100vw, 1000px\" \/>\t\t\t\t\t\t\n\t\t\t\t\t<\/div>\n\t\t\t\t\t\t<\/a>\t\t\n<style>\n#image_45313798 {\n  width: 75%;\n}\n<\/style>\n\t<\/div>\n\t\n\n\n\t\t<\/div>\n\t\t\t\t\t<\/div>\n\n\t\n\n<\/div>\n\n\t\t<\/div>\n\n\t\t\n<style>\n#section_622689414 {\n  padding-top: 30px;\n  padding-bottom: 30px;\n  background-color: rgb(234, 234, 234);\n}\n<\/style>\n\t<\/section>\n\t\n<div class=\"row\"  id=\"row-1481852530\">\n\n\n\t<div id=\"col-180457559\" class=\"col medium-8 small-12 large-8\"  data-animate=\"fadeInLeft\">\n\t\t\t\t<div class=\"col-inner\"  >\n\t\t\t\n\t\t\t\n\n<h2>Kleben von Schienenfahrzeugen und deren Komponenten (EN 17460)<\/h2>\n<p>Diese Zertifizierung erfolgt in Kooperation mit einer durch das Eisenbahnbundesamt (EBA) anerkannten Herstellerzertifizierungsstelle. Ziel ist es, das klebetechnische Aufsichtspersonal \u00fcber den Umgang mit der Klebtechnik zu sensibilisieren und somit die Qualit\u00e4t der Bauteile sicherzustellen.<\/p>\n<a data-animate=\"fadeInLeft\" href=\"https:\/\/cideon-engineering.com\/wp-content\/uploads\/2024\/03\/CE_DIN_EN17460_DE.pdf\" target=\"_blank\" class=\"button primary is-smaller lowercase\" rel=\"noopener\" >\n\t\t<span>Zertifikat<\/span>\n\t<i class=\"icon-expand\" aria-hidden=\"true\"><\/i><\/a>\n\n\n\t<div id=\"gap-690102135\" class=\"gap-element clearfix\" style=\"display:block; height:auto;\">\n\t\t\n<style>\n#gap-690102135 {\n  padding-top: 64px;\n}\n<\/style>\n\t<\/div>\n\t\n\n<div class=\"row\"  id=\"row-1867722528\">\n\n\n\t<div id=\"col-1681548201\" class=\"col small-12 large-12\"  >\n\t\t\t\t<div class=\"col-inner\"  >\n\t\t\t\n\t\t\t\n\n\t<div id=\"gap-718472508\" class=\"gap-element clearfix\" style=\"display:block; height:auto;\">\n\t\t\n<style>\n#gap-718472508 {\n  padding-top: 30px;\n}\n<\/style>\n\t<\/div>\n\t\n\n\n\t\t<\/div>\n\t\t\t\t\t<\/div>\n\n\t\n\n<\/div>\n\n\t\t<\/div>\n\t\t\t\t\t<\/div>\n\n\t\n\n\t<div id=\"col-748807392\" class=\"col medium-4 small-12 large-4\"  data-animate=\"fadeInLeft\">\n\t\t\t\t<div class=\"col-inner text-center\"  >\n\t\t\t\n\t\t\t\n\n\t<div class=\"img has-hover x md-x lg-x y md-y lg-y\" id=\"image_1554996757\">\n\t\t<a class=\"\" href=\"https:\/\/www.tc-kleben.de\/\" target=\"_blank\" rel=\"noopener\" >\t\t\t\t\t\t<div class=\"img-inner dark\" >\n\t\t\t<img loading=\"lazy\" decoding=\"async\" width=\"386\" height=\"355\" src=\"https:\/\/cideon-engineering.com\/wp-content\/uploads\/2021\/01\/Zertifikat_TC-Kleben_web.png\" class=\"attachment-large size-large\" alt=\"\" srcset=\"https:\/\/cideon-engineering.com\/wp-content\/uploads\/2021\/01\/Zertifikat_TC-Kleben_web.png 386w, https:\/\/cideon-engineering.com\/wp-content\/uploads\/2021\/01\/Zertifikat_TC-Kleben_web-300x276.png 300w\" sizes=\"auto, (max-width: 386px) 100vw, 386px\" \/>\t\t\t\t\t\t\n\t\t\t\t\t<\/div>\n\t\t\t\t\t\t<\/a>\t\t\n<style>\n#image_1554996757 {\n  width: 50%;\n}\n<\/style>\n\t<\/div>\n\t\n\n\n\t\t<\/div>\n\t\t\t\t\t<\/div>\n\n\t\n\n<\/div>\n\n\t<section class=\"section\" id=\"section_1358597197\">\n\t\t<div class=\"section-bg fill\" >\n\t\t\t\t\t\t\t\t\t\n\t\t\t\n\n\t\t<\/div>\n\n\t\t\n\n\t\t<div class=\"section-content relative\">\n\t\t\t\n\n<div class=\"row\"  id=\"row-1084170732\">\n\n\n\t<div id=\"col-540139095\" class=\"col medium-8 small-12 large-8\"  data-animate=\"fadeInLeft\">\n\t\t\t\t<div class=\"col-inner\"  >\n\t\t\t\n\t\t\t\n\n<h2><span dir=\"ltr\" role=\"presentation\">ECM &#8211; <\/span><span dir=\"ltr\" role=\"presentation\">Zertifizierung f\u00fcr die Instandhaltung von<\/span><br role=\"presentation\" \/><span dir=\"ltr\" role=\"presentation\">Schienenfahrzeugen<\/span><\/h2>\n<p><span class=\"ui-provider gs b c d e f g h i j k l m n o p q r s t u v w x y z ab ac ae af ag ah ai aj ak\" dir=\"ltr\">Wir unterst\u00fctzen Sie bei der Bewertung, \u00dcberarbeitung und Neuentwicklung von Instandhaltungsstrategien f\u00fcr Ihre Flotte. Als zertifizierte <strong><a href=\"https:\/\/cideon-engineering.com\/de\/ecm-instandhaltungsstrategien-lp\/\">Entity in Charge of Maintenance (ECM)<\/a><\/strong> \u00fcbernehmen wir die Verantwortung f\u00fcr die Instandhaltungsentwicklung und unterst\u00fctzen Sie bei der Optimierung Ihrer betrieblichen Abl\u00e4ufe.\u00a0<\/span><\/p>\n<a data-animate=\"fadeInLeft\" href=\"https:\/\/cideon-engineering.com\/wp-content\/uploads\/2024\/06\/Deutsch_ZER_0070482_236265.pdf\" target=\"_blank\" class=\"button primary is-smaller lowercase\" rel=\"noopener\" >\n\t\t<span>Zertifikat Deutschland\/Schweiz<\/span>\n\t<i class=\"icon-expand\" aria-hidden=\"true\"><\/i><\/a>\n\n\n\t<div id=\"gap-1809799582\" class=\"gap-element clearfix\" style=\"display:block; height:auto;\">\n\t\t\n<style>\n#gap-1809799582 {\n  padding-top: 64px;\n}\n<\/style>\n\t<\/div>\n\t\n\n\n\t\t<\/div>\n\t\t\t\t\t<\/div>\n\n\t\n\n\t<div id=\"col-848310328\" class=\"col medium-4 small-12 large-4\"  data-animate=\"fadeInLeft\">\n\t\t\t\t<div class=\"col-inner text-center\"  >\n\t\t\t\n\t\t\t\n\n\t<div class=\"img has-hover x md-x lg-x y md-y lg-y\" id=\"image_915291153\">\n\t\t\t\t\t\t\t\t<div class=\"img-inner dark\" >\n\t\t\t<img loading=\"lazy\" decoding=\"async\" width=\"432\" height=\"198\" src=\"https:\/\/cideon-engineering.com\/wp-content\/uploads\/2026\/04\/Siegel.png\" class=\"attachment-large size-large\" alt=\"\" srcset=\"https:\/\/cideon-engineering.com\/wp-content\/uploads\/2026\/04\/Siegel.png 432w, https:\/\/cideon-engineering.com\/wp-content\/uploads\/2026\/04\/Siegel-300x138.png 300w\" sizes=\"auto, (max-width: 432px) 100vw, 432px\" \/>\t\t\t\t\t\t\n\t\t\t\t\t<\/div>\n\t\t\t\t\t\t\t\t\n<style>\n#image_915291153 {\n  width: 60%;\n}\n<\/style>\n\t<\/div>\n\t\n\n\n\t\t<\/div>\n\t\t\t\t\n<style>\n#col-848310328 > .col-inner {\n  padding: 50px 0px 0px 0px;\n}\n<\/style>\n\t<\/div>\n\n\t\n\n<\/div>\n\n\t\t<\/div>\n\n\t\t\n<style>\n#section_1358597197 {\n  padding-top: 30px;\n  padding-bottom: 30px;\n  background-color: rgb(234, 234, 234);\n}\n<\/style>\n\t<\/section>\n\t\n<div class=\"row\"  id=\"row-1575343372\">\n\n\n\t<div id=\"col-361529143\" class=\"col medium-8 small-12 large-8\"  data-animate=\"fadeInLeft\">\n\t\t\t\t<div class=\"col-inner\"  >\n\t\t\t\n\t\t\t\n\n<h2>Qualit\u00e4tsmanagementsystem (ISO 9001:2015)<\/h2>\n<p>Unsere Abl\u00e4ufe im Unternehmen haben wir gem\u00e4\u00df dokumentiertem Verfahren qualit\u00e4tssicher geplant. Dazu geh\u00f6rt ein ganzheitliches Qualit\u00e4tsbewusstsein, welches jeder Mitarbeiter unterst\u00fctzt. In Zusammenarbeit mit Kunden und anderen Dienstleistern arbeitet cideon engineering an der fortlaufenden Optimierung der Prozesse.<\/p>\n<a data-animate=\"fadeInLeft\" href=\"https:\/\/cideon-engineering.com\/wp-content\/uploads\/2025\/07\/Q-25-24729.pdf\" target=\"_blank\" class=\"button primary is-smaller lowercase\" rel=\"noopener\" >\n\t\t<span>Zertifikat Deutschland<\/span>\n\t<i class=\"icon-expand\" aria-hidden=\"true\"><\/i><\/a>\n\n\n<a data-animate=\"fadeInLeft\" href=\"https:\/\/cideon-engineering.com\/wp-content\/uploads\/2024\/06\/CCH_ISO_9001_2024-3.pdf\" target=\"_blank\" class=\"button primary is-smaller lowercase\" rel=\"noopener\" >\n\t\t<span>Zertifikat Schweiz<\/span>\n\t<i class=\"icon-expand\" aria-hidden=\"true\"><\/i><\/a>\n\n\n\t<div id=\"gap-1476676014\" class=\"gap-element clearfix\" style=\"display:block; height:auto;\">\n\t\t\n<style>\n#gap-1476676014 {\n  padding-top: 64px;\n}\n<\/style>\n\t<\/div>\n\t\n\n\t<div id=\"gap-1539775790\" class=\"gap-element clearfix\" style=\"display:block; height:auto;\">\n\t\t\n<style>\n#gap-1539775790 {\n  padding-top: 30px;\n}\n<\/style>\n\t<\/div>\n\t\n\n\n\t\t<\/div>\n\t\t\t\t\t<\/div>\n\n\t\n\n\t<div id=\"col-118835264\" class=\"col medium-4 small-12 large-4\"  data-animate=\"fadeInLeft\">\n\t\t\t\t<div class=\"col-inner text-center\"  >\n\t\t\t\n\t\t\t\n\n\t<div id=\"gap-41174721\" class=\"gap-element clearfix\" style=\"display:block; height:auto;\">\n\t\t\n<style>\n#gap-41174721 {\n  padding-top: 40px;\n}\n<\/style>\n\t<\/div>\n\t\n\n\t<div class=\"img has-hover x md-x lg-x y md-y lg-y\" id=\"image_2128119378\">\n\t\t<a class=\"\" href=\"https:\/\/www.gut-cert.de\/home\" target=\"_blank\" rel=\"noopener\" >\t\t\t\t\t\t<div class=\"img-inner dark\" >\n\t\t\t<img loading=\"lazy\" decoding=\"async\" width=\"168\" height=\"68\" src=\"https:\/\/cideon-engineering.com\/wp-content\/uploads\/2022\/07\/GutCert_web.png\" class=\"attachment-original size-original\" alt=\"\" \/>\t\t\t\t\t\t\n\t\t\t\t\t<\/div>\n\t\t\t\t\t\t<\/a>\t\t\n<style>\n#image_2128119378 {\n  width: 70%;\n}\n<\/style>\n\t<\/div>\n\t\n\n\n\t\t<\/div>\n\t\t\t\t\t<\/div>\n\n\t\n\n\n<style>\n#row-1575343372 > .col > .col-inner {\n  background-color: rgb(255,255,255);\n}\n<\/style>\n<\/div>\n\n\t<section class=\"section\" id=\"section_1037889151\">\n\t\t<div class=\"section-bg fill\" >\n\t\t\t\t\t\t\t\t\t\n\t\t\t\n\n\t\t<\/div>\n\n\t\t\n\n\t\t<div class=\"section-content relative\">\n\t\t\t\n\n<div class=\"row\"  id=\"row-1443132084\">\n\n\n\t<div id=\"col-556198480\" class=\"col medium-8 small-12 large-8\"  data-animate=\"fadeInLeft\">\n\t\t\t\t<div class=\"col-inner\"  >\n\t\t\t\n\t\t\t\n\n<h2 class=\"hero__title\">Umweltmanagementsystem (ISO 14001:2015)<\/h2>\n<p>Diese Zertifizierung beinhaltet die Implementierung eines strukturierten Ansatzes zur Kontrolle von Umweltrisiken, zur Erf\u00fcllung von gesetzlichen Anforderungen und zur kontinuierlichen Verbesserung der Umweltleistung. Umweltschutz ist uns wichtig und damit zeigen wir unser Engagement daf\u00fcr.<\/p>\n<p><span class=\"ui-provider gs b c d e f g h i j k l m n o p q r s t u v w x y z ab ac ae af ag ah ai aj ak\" dir=\"ltr\">\u00a0<\/span><\/p>\n<a data-animate=\"fadeInLeft\" href=\"https:\/\/cideon-engineering.com\/wp-content\/uploads\/2025\/07\/U-23-24729a.pdf\" target=\"_blank\" class=\"button primary is-smaller lowercase\" rel=\"noopener\" >\n\t\t<span>Zertifikat Deutschland<\/span>\n\t<i class=\"icon-expand\" aria-hidden=\"true\"><\/i><\/a>\n\n\n<a data-animate=\"fadeInLeft\" href=\"https:\/\/cideon-engineering.com\/wp-content\/uploads\/2024\/06\/CCH_ISO_14001_2024.pdf\" target=\"_blank\" class=\"button primary is-smaller lowercase\" rel=\"noopener\" >\n\t\t<span>Zertifikat Schweiz<\/span>\n\t<i class=\"icon-expand\" aria-hidden=\"true\"><\/i><\/a>\n\n\n\t<div id=\"gap-631001565\" class=\"gap-element clearfix\" style=\"display:block; height:auto;\">\n\t\t\n<style>\n#gap-631001565 {\n  padding-top: 64px;\n}\n<\/style>\n\t<\/div>\n\t\n\n\n\t\t<\/div>\n\t\t\t\t\t<\/div>\n\n\t\n\n\t<div id=\"col-594380952\" class=\"col medium-4 small-12 large-4\"  data-animate=\"fadeInLeft\">\n\t\t\t\t<div class=\"col-inner text-center\"  >\n\t\t\t\n\t\t\t\n\n\t<div id=\"gap-853216942\" class=\"gap-element clearfix\" style=\"display:block; height:auto;\">\n\t\t\n<style>\n#gap-853216942 {\n  padding-top: 40px;\n}\n<\/style>\n\t<\/div>\n\t\n\n\t<div class=\"img has-hover x md-x lg-x y md-y lg-y\" id=\"image_1970639260\">\n\t\t<a class=\"\" href=\"https:\/\/www.qualityaustria.com\/\" target=\"_blank\" rel=\"noopener\" >\t\t\t\t\t\t<div class=\"img-inner dark\" >\n\t\t\t<img loading=\"lazy\" decoding=\"async\" width=\"168\" height=\"68\" src=\"https:\/\/cideon-engineering.com\/wp-content\/uploads\/2023\/10\/Zertfikat_ISO14001_web.png\" class=\"attachment-original size-original\" alt=\"\" \/>\t\t\t\t\t\t\n\t\t\t\t\t<\/div>\n\t\t\t\t\t\t<\/a>\t\t\n<style>\n#image_1970639260 {\n  width: 70%;\n}\n<\/style>\n\t<\/div>\n\t\n\n\n\t\t<\/div>\n\t\t\t\t\t<\/div>\n\n\t\n\n<\/div>\n\n\t\t<\/div>\n\n\t\t\n<style>\n#section_1037889151 {\n  padding-top: 30px;\n  padding-bottom: 30px;\n  background-color: rgb(234, 234, 234);\n}\n<\/style>\n\t<\/section>\n\t\n\n\t<section class=\"section\" id=\"section_292356585\">\n\t\t<div class=\"section-bg fill\" >\n\t\t\t\t\t\t\t\t\t\n\t\t\t\n\n\t\t<\/div>\n\n\t\t\n\n\t\t<div class=\"section-content relative\">\n\t\t\t\n\n\t<div id=\"gap-1714698779\" class=\"gap-element clearfix\" style=\"display:block; height:auto;\">\n\t\t\n<style>\n#gap-1714698779 {\n  padding-top: 30px;\n}\n<\/style>\n\t<\/div>\n\t\n\n\n\t\t<\/div>\n\n\t\t\n<style>\n#section_292356585 {\n  padding-top: 30px;\n  padding-bottom: 30px;\n}\n<\/style>\n\t<\/section>\n\t\n\n","protected":false},"excerpt":{"rendered":"","protected":false},"author":8,"featured_media":0,"parent":22,"menu_order":0,"comment_status":"closed","ping_status":"closed","template":"page-blank.php","meta":{"content-type":"","inline_featured_image":false,"footnotes":""},"class_list":["post-808","page","type-page","status-publish","hentry"],"yoast_head":"<!-- This site is optimized with the Yoast SEO plugin v26.9 - https:\/\/yoast.com\/product\/yoast-seo-wordpress\/ -->\n<title>Zertifikate - CE Cideon Engineering<\/title>\n<meta name=\"description\" content=\"Regelm\u00e4\u00dfige Zertifizierungen entsprechender Stellen helfen uns, kontinuierlich besser zu werden. Wir arbeiten nach aktuell geltenden Normen.\" \/>\n<meta name=\"robots\" content=\"index, follow, max-snippet:-1, max-image-preview:large, max-video-preview:-1\" \/>\n<link rel=\"canonical\" href=\"https:\/\/cideon-engineering.com\/de\/unternehmen\/zertifikate\/\" \/>\n<meta property=\"og:locale\" content=\"de_DE\" \/>\n<meta property=\"og:type\" content=\"article\" \/>\n<meta property=\"og:title\" content=\"Zertifikate - CE Cideon Engineering\" \/>\n<meta property=\"og:description\" content=\"Regelm\u00e4\u00dfige Zertifizierungen entsprechender Stellen helfen uns, kontinuierlich besser zu werden. Wir arbeiten nach aktuell geltenden Normen.\" \/>\n<meta property=\"og:url\" content=\"https:\/\/cideon-engineering.com\/de\/unternehmen\/zertifikate\/\" \/>\n<meta property=\"og:site_name\" content=\"CE Cideon Engineering\" \/>\n<meta property=\"article:modified_time\" content=\"2026-04-07T09:43:54+00:00\" \/>\n<meta name=\"twitter:card\" content=\"summary_large_image\" \/>\n<script type=\"application\/ld+json\" class=\"yoast-schema-graph\">{\"@context\":\"https:\/\/schema.org\",\"@graph\":[{\"@type\":\"WebPage\",\"@id\":\"https:\/\/cideon-engineering.com\/de\/unternehmen\/zertifikate\/\",\"url\":\"https:\/\/cideon-engineering.com\/de\/unternehmen\/zertifikate\/\",\"name\":\"Zertifikate - CE Cideon Engineering\",\"isPartOf\":{\"@id\":\"https:\/\/cideon-engineering.com\/de\/#website\"},\"datePublished\":\"2021-01-06T12:36:51+00:00\",\"dateModified\":\"2026-04-07T09:43:54+00:00\",\"description\":\"Regelm\u00e4\u00dfige Zertifizierungen entsprechender Stellen helfen uns, kontinuierlich besser zu werden. Wir arbeiten nach aktuell geltenden Normen.\",\"breadcrumb\":{\"@id\":\"https:\/\/cideon-engineering.com\/de\/unternehmen\/zertifikate\/#breadcrumb\"},\"inLanguage\":\"de\",\"potentialAction\":[{\"@type\":\"ReadAction\",\"target\":[\"https:\/\/cideon-engineering.com\/de\/unternehmen\/zertifikate\/\"]}]},{\"@type\":\"BreadcrumbList\",\"@id\":\"https:\/\/cideon-engineering.com\/de\/unternehmen\/zertifikate\/#breadcrumb\",\"itemListElement\":[{\"@type\":\"ListItem\",\"position\":1,\"name\":\"Startseite\",\"item\":\"https:\/\/cideon-engineering.com\/de\/\"},{\"@type\":\"ListItem\",\"position\":2,\"name\":\"Startseite\",\"item\":\"https:\/\/cideon-engineering.com\/de\/\"},{\"@type\":\"ListItem\",\"position\":3,\"name\":\"Zertifikate\"}]},{\"@type\":\"WebSite\",\"@id\":\"https:\/\/cideon-engineering.com\/de\/#website\",\"url\":\"https:\/\/cideon-engineering.com\/de\/\",\"name\":\"CE Cideon Engineering\",\"description\":\"making mobility happen\",\"potentialAction\":[{\"@type\":\"SearchAction\",\"target\":{\"@type\":\"EntryPoint\",\"urlTemplate\":\"https:\/\/cideon-engineering.com\/de\/?s={search_term_string}\"},\"query-input\":{\"@type\":\"PropertyValueSpecification\",\"valueRequired\":true,\"valueName\":\"search_term_string\"}}],\"inLanguage\":\"de\"}]}<\/script>\n<!-- \/ Yoast SEO plugin. -->","yoast_head_json":{"title":"Zertifikate - CE Cideon Engineering","description":"Regelm\u00e4\u00dfige Zertifizierungen entsprechender Stellen helfen uns, kontinuierlich besser zu werden. Wir arbeiten nach aktuell geltenden Normen.","robots":{"index":"index","follow":"follow","max-snippet":"max-snippet:-1","max-image-preview":"max-image-preview:large","max-video-preview":"max-video-preview:-1"},"canonical":"https:\/\/cideon-engineering.com\/de\/unternehmen\/zertifikate\/","og_locale":"de_DE","og_type":"article","og_title":"Zertifikate - CE Cideon Engineering","og_description":"Regelm\u00e4\u00dfige Zertifizierungen entsprechender Stellen helfen uns, kontinuierlich besser zu werden. Wir arbeiten nach aktuell geltenden Normen.","og_url":"https:\/\/cideon-engineering.com\/de\/unternehmen\/zertifikate\/","og_site_name":"CE Cideon Engineering","article_modified_time":"2026-04-07T09:43:54+00:00","twitter_card":"summary_large_image","schema":{"@context":"https:\/\/schema.org","@graph":[{"@type":"WebPage","@id":"https:\/\/cideon-engineering.com\/de\/unternehmen\/zertifikate\/","url":"https:\/\/cideon-engineering.com\/de\/unternehmen\/zertifikate\/","name":"Zertifikate - CE Cideon Engineering","isPartOf":{"@id":"https:\/\/cideon-engineering.com\/de\/#website"},"datePublished":"2021-01-06T12:36:51+00:00","dateModified":"2026-04-07T09:43:54+00:00","description":"Regelm\u00e4\u00dfige Zertifizierungen entsprechender Stellen helfen uns, kontinuierlich besser zu werden. Wir arbeiten nach aktuell geltenden Normen.","breadcrumb":{"@id":"https:\/\/cideon-engineering.com\/de\/unternehmen\/zertifikate\/#breadcrumb"},"inLanguage":"de","potentialAction":[{"@type":"ReadAction","target":["https:\/\/cideon-engineering.com\/de\/unternehmen\/zertifikate\/"]}]},{"@type":"BreadcrumbList","@id":"https:\/\/cideon-engineering.com\/de\/unternehmen\/zertifikate\/#breadcrumb","itemListElement":[{"@type":"ListItem","position":1,"name":"Startseite","item":"https:\/\/cideon-engineering.com\/de\/"},{"@type":"ListItem","position":2,"name":"Startseite","item":"https:\/\/cideon-engineering.com\/de\/"},{"@type":"ListItem","position":3,"name":"Zertifikate"}]},{"@type":"WebSite","@id":"https:\/\/cideon-engineering.com\/de\/#website","url":"https:\/\/cideon-engineering.com\/de\/","name":"CE Cideon Engineering","description":"making mobility happen","potentialAction":[{"@type":"SearchAction","target":{"@type":"EntryPoint","urlTemplate":"https:\/\/cideon-engineering.com\/de\/?s={search_term_string}"},"query-input":{"@type":"PropertyValueSpecification","valueRequired":true,"valueName":"search_term_string"}}],"inLanguage":"de"}]}},"_links":{"self":[{"href":"https:\/\/cideon-engineering.com\/de\/wp-json\/wp\/v2\/pages\/808","targetHints":{"allow":["GET"]}}],"collection":[{"href":"https:\/\/cideon-engineering.com\/de\/wp-json\/wp\/v2\/pages"}],"about":[{"href":"https:\/\/cideon-engineering.com\/de\/wp-json\/wp\/v2\/types\/page"}],"author":[{"embeddable":true,"href":"https:\/\/cideon-engineering.com\/de\/wp-json\/wp\/v2\/users\/8"}],"replies":[{"embeddable":true,"href":"https:\/\/cideon-engineering.com\/de\/wp-json\/wp\/v2\/comments?post=808"}],"version-history":[{"count":65,"href":"https:\/\/cideon-engineering.com\/de\/wp-json\/wp\/v2\/pages\/808\/revisions"}],"predecessor-version":[{"id":11779,"href":"https:\/\/cideon-engineering.com\/de\/wp-json\/wp\/v2\/pages\/808\/revisions\/11779"}],"up":[{"embeddable":true,"href":"https:\/\/cideon-engineering.com\/de\/wp-json\/wp\/v2\/pages\/22"}],"wp:attachment":[{"href":"https:\/\/cideon-engineering.com\/de\/wp-json\/wp\/v2\/media?parent=808"}],"curies":[{"name":"wp","href":"https:\/\/api.w.org\/{rel}","templated":true}]}}