{"id":9560,"date":"2025-03-05T11:14:54","date_gmt":"2025-03-05T10:14:54","guid":{"rendered":"https:\/\/cideon-engineering.com\/?page_id=9560"},"modified":"2025-06-12T09:37:06","modified_gmt":"2025-06-12T07:37:06","slug":"umbau-fertigung","status":"publish","type":"page","link":"https:\/\/cideon-engineering.com\/de\/produkte\/umbau-fertigung\/","title":{"rendered":"Umbau &amp; Fertigung"},"content":{"rendered":"\n\n\t<section class=\"section\" id=\"section_1064985975\">\n\t\t<div class=\"section-bg fill\" >\n\t\t\t<img loading=\"lazy\" decoding=\"async\" width=\"1901\" height=\"613\" src=\"https:\/\/cideon-engineering.com\/wp-content\/uploads\/2021\/01\/software.jpg\" class=\"bg attachment-original size-original\" alt=\"\" \/>\t\t\t\t\t\t\n\t\t\t\n\n\t\t<\/div>\n\n\t\t\n\n\t\t<div class=\"section-content relative\">\n\t\t\t\n\n\n\t\t<\/div>\n\n\t\t\n<style>\n#section_1064985975 {\n  padding-top: 0px;\n  padding-bottom: 0px;\n  min-height: 300px;\n  background-color: rgb(245, 245, 245);\n}\n<\/style>\n\t<\/section>\n\t\n\n\t<section class=\"section\" id=\"section_1984216207\">\n\t\t<div class=\"section-bg fill\" >\n\t\t\t\t\t\t\t\t\t\n\t\t\t\n\t<div class=\"is-border\"\n\t\tstyle=\"border-color:rgb(235, 235, 235);border-width:1px 0px 0px 0px;\">\n\t<\/div>\n\n\t\t<\/div>\n\n\t\t\n\n\t\t<div class=\"section-content relative\">\n\t\t\t\n\n<div class=\"row\"  id=\"row-465785668\">\n\n\n\t<div id=\"col-110300154\" class=\"col small-12 large-12\"  data-animate=\"blurIn\">\n\t\t\t\t<div class=\"col-inner\"  >\n\t\t\t\n\t\t\t\n\n<div class=\"container section-title-container\" ><h3 class=\"section-title section-title-normal\"><b aria-hidden=\"true\"><\/b><span class=\"section-title-main\" >Schaltschrankbau<\/span><b aria-hidden=\"true\"><\/b><\/h3><\/div>\n\n<div class=\"row\"  id=\"row-1376237463\">\n\n\n\t<div id=\"col-1085596635\" class=\"col medium-9 small-12 large-9\"  data-animate=\"blurIn\">\n\t\t\t\t<div class=\"col-inner\"  >\n\t\t\t\n\t\t\t\n\n<p>Ein Schwerpunkt liegt auf der ma\u00dfgeschneiderten Planung und Fertigung von Schaltschr\u00e4nken. Basierend auf den im Engineering erstellten Stromlaufpl\u00e4nen sowie zugeh\u00f6rigen Listen und Pl\u00e4nen beschaffen wir zun\u00e4chst alle ben\u00f6tigten Bauteile. In unserer modern ausgestatteten Werkhalle erfolgen anschlie\u00dfend die Montage, Verdrahtung sowie die umfassende elektrische und funktionale Pr\u00fcfung der Schaltschr\u00e4nke. <\/p>\n<p>Sie interessieren sich f\u00fcr eine Prototypenfertigung? Wir liefern Ihnen ein schl\u00fcsselfertiges System. Den Demonstrator entwickeln wir ganz nach Ihren W\u00fcnschen. Dabei decken wir jeden Schritt inhouse ab \u2013 vom Konzept, der Beschaffung der Komponenten bis hin zur handwerklichen Fertigkeit des Zusammenbaus.<\/p>\n<p>Wir unterst\u00fctzen Sie auch beim Schaltschrankdesign \u2013 mit allem was dazu geh\u00f6rt. Von Kabelwegen \u00fcber vorkonfektionierte Kabelb\u00fcnde bis hin zur Umsetzung des Konzepts.<\/p>\n\n\t\t<\/div>\n\t\t\t\t\t<\/div>\n\n\t\n\n\t<div id=\"col-244059607\" class=\"col medium-3 small-12 large-3\"  >\n\t\t\t\t<div class=\"col-inner text-center\"  >\n\t\t\t\n\t\t\t\n\n\t<div class=\"img has-hover x md-x lg-x y md-y lg-y\" id=\"image_1290714651\">\n\t\t\t\t\t\t\t\t<div class=\"img-inner dark\" style=\"margin:0px 0px 0px 0px;\">\n\t\t\t<img loading=\"lazy\" decoding=\"async\" width=\"1707\" height=\"2560\" src=\"https:\/\/cideon-engineering.com\/wp-content\/uploads\/2024\/12\/IMG_4639-scaled.jpg\" class=\"attachment-original size-original\" alt=\"\" srcset=\"https:\/\/cideon-engineering.com\/wp-content\/uploads\/2024\/12\/IMG_4639-scaled.jpg 1707w, https:\/\/cideon-engineering.com\/wp-content\/uploads\/2024\/12\/IMG_4639-200x300.jpg 200w, https:\/\/cideon-engineering.com\/wp-content\/uploads\/2024\/12\/IMG_4639-683x1024.jpg 683w, https:\/\/cideon-engineering.com\/wp-content\/uploads\/2024\/12\/IMG_4639-768x1152.jpg 768w, https:\/\/cideon-engineering.com\/wp-content\/uploads\/2024\/12\/IMG_4639-1024x1536.jpg 1024w, https:\/\/cideon-engineering.com\/wp-content\/uploads\/2024\/12\/IMG_4639-1365x2048.jpg 1365w\" sizes=\"auto, (max-width: 1707px) 100vw, 1707px\" \/>\t\t\t\t\t\t\n\t\t\t\t\t<\/div>\n\t\t\t\t\t\t\t\t\n<style>\n#image_1290714651 {\n  width: 81%;\n}\n<\/style>\n\t<\/div>\n\t\n\n\n\t\t<\/div>\n\t\t\t\t\t<\/div>\n\n\t\n\n<\/div>\n\t<div id=\"gap-1502600543\" class=\"gap-element clearfix\" style=\"display:block; height:auto;\">\n\t\t\n<style>\n#gap-1502600543 {\n  padding-top: 30px;\n}\n<\/style>\n\t<\/div>\n\t\n\n\n\t\t<\/div>\n\t\t\t\t\t<\/div>\n\n\t\n\n<\/div>\n<div class=\"row\"  id=\"row-1215808947\">\n\n\n\t<div id=\"col-1208241863\" class=\"col small-12 large-12\"  data-animate=\"blurIn\">\n\t\t\t\t<div class=\"col-inner\"  >\n\t\t\t\n\t\t\t\n\n<div class=\"container section-title-container\" ><h3 class=\"section-title section-title-normal\"><b aria-hidden=\"true\"><\/b><span class=\"section-title-main\" >Prototypen Bau<\/span><b aria-hidden=\"true\"><\/b><\/h3><\/div>\n\n<p>Im Rahmen unserer Modernisierungsprojekte f\u00fcr Schienenfahrzeuge \u00fcbernehmen wir den Umbau sowie die Fertigung von Teilsystemen \u2013 speziell f\u00fcr Prototypen, Erstumbauten und Einzelfahrzeuge.<\/p>\n<p>Im folgenden Video erhalten Sie einen Einblick in eines unserer erfolgreich umgesetzten Projekte im Bereich Prototypenbau.<\/p>\n\n\t\t<\/div>\n\t\t\t\t\t<\/div>\n\n\t\n\n<\/div>\n\t<div id=\"gap-1057242739\" class=\"gap-element clearfix\" style=\"display:block; height:auto;\">\n\t\t\n<style>\n#gap-1057242739 {\n  padding-top: 30px;\n}\n<\/style>\n\t<\/div>\n\t\n\n<div class=\"row\"  id=\"row-976121266\">\n\n\n\t<div id=\"col-1137916367\" class=\"col small-12 large-12\"  data-animate=\"fadeInUp\">\n\t\t\t\t<div class=\"col-inner text-center\"  >\n\t\t\t\n\t\t\t\n\n<div style=\"width: 1020px;\" class=\"wp-video\"><video class=\"wp-video-shortcode\" id=\"video-9560-1\" width=\"1020\" height=\"574\" preload=\"auto\" controls=\"controls\"><source type=\"video\/mp4\" src=\"https:\/\/cideon-engineering.com\/wp-content\/uploads\/2022\/12\/skytrain.mp4?_=1\" \/><a href=\"https:\/\/cideon-engineering.com\/wp-content\/uploads\/2022\/12\/skytrain.mp4\">https:\/\/cideon-engineering.com\/wp-content\/uploads\/2022\/12\/skytrain.mp4<\/a><\/video><\/div>\n\n\t\t<\/div>\n\t\t\t\t\t<\/div>\n\n\t\n\n\t<div id=\"col-1846379634\" class=\"col small-12 large-12\"  >\n\t\t\t\t<div class=\"col-inner text-center\"  >\n\t\t\t\n\t\t\t\n\n\t<div id=\"gap-324709930\" class=\"gap-element clearfix\" style=\"display:block; height:auto;\">\n\t\t\n<style>\n#gap-324709930 {\n  padding-top: 30px;\n}\n<\/style>\n\t<\/div>\n\t\n\n<p>Da einige Komponenten des Ursprungssystems obsolet sind, wurde der Bau eines Fahrwerk-Demonstrators als erster Meilenstein definiert \u2013 um vorab die Funktionalit\u00e4t zu pr\u00fcfen und sicher zu stellen.<\/p>\n<a href=\"https:\/\/cideon-engineering.com\/fahrwerk-demonstrator-fuer-skytrain\/\" class=\"button primary\" >\n\t\t<span>Mehr lesen<\/span>\n\t<\/a>\n\n\n\n\t\t<\/div>\n\t\t\t\t\t<\/div>\n\n\t\n\n<\/div>\n\t<div id=\"gap-363109020\" class=\"gap-element clearfix\" style=\"display:block; height:auto;\">\n\t\t\n<style>\n#gap-363109020 {\n  padding-top: 30px;\n}\n<\/style>\n\t<\/div>\n\t\n\n<div class=\"container section-title-container\" ><h3 class=\"section-title section-title-normal\"><b aria-hidden=\"true\"><\/b><span class=\"section-title-main\" >3D-Druck<\/span><b aria-hidden=\"true\"><\/b><\/h3><\/div>\n\n<div class=\"row\"  id=\"row-728558497\">\n\n\n\t<div id=\"col-1722187679\" class=\"col medium-7 small-12 large-7\"  >\n\t\t\t\t<div class=\"col-inner\"  >\n\t\t\t\n\t\t\t\n\n\t<div id=\"text-2580735371\" class=\"text\">\n\t\t\n\n<p>Zur F\u00f6rderung und Steigerung der Innovationsf\u00e4higkeit und der Effizienz unserer Produktentwicklungen bieten wir unseren Kunden auch diverse Dienstleistungen im Bereich des 3D-Drucks an. Zu unseren Kompetenzen z\u00e4hlen u.a. Rapid Prototyping, In-House Fertigung und Reverse Engineering. Einsatz findet die moderne Technik beispielweise bei Halterungen f\u00fcr Sensoren und Kameras, bei Geh\u00e4usen f\u00fcr Ein- \/ Ausgabesysteme oder bei obsoleten Bauteilen. Mit unserer Anlage ist es m\u00f6glich aufgrund der \u00fcberdurchschnittlichen Gr\u00f6\u00dfe des Druckbereiches auch gr\u00f6\u00dfere Bauteile zu fertigen. Gem\u00e4\u00df Kundenwunsch werden alle gedruckten Komponenten vorab von uns im CAD konstruiert.<\/p>\n\t\t\n<style>\n#text-2580735371 {\n  line-height: 1.8;\n}\n<\/style>\n\t<\/div>\n\t\n\n\t\t<\/div>\n\t\t\t\t\t<\/div>\n\n\t\n\n\t<div id=\"col-1870495054\" class=\"col medium-5 small-12 large-5\"  >\n\t\t\t\t<div class=\"col-inner\"  >\n\t\t\t\n\t\t\t\n\n\t<div class=\"img has-hover x md-x lg-x y md-y lg-y\" id=\"image_1890861364\">\n\t\t\t\t\t\t\t\t<div class=\"img-inner dark\" >\n\t\t\t<img loading=\"lazy\" decoding=\"async\" width=\"1020\" height=\"646\" src=\"https:\/\/cideon-engineering.com\/wp-content\/uploads\/2024\/12\/PXL_20241213_1212028022-1024x649.png\" class=\"attachment-large size-large\" alt=\"\" srcset=\"https:\/\/cideon-engineering.com\/wp-content\/uploads\/2024\/12\/PXL_20241213_1212028022-1024x649.png 1024w, https:\/\/cideon-engineering.com\/wp-content\/uploads\/2024\/12\/PXL_20241213_1212028022-300x190.png 300w, https:\/\/cideon-engineering.com\/wp-content\/uploads\/2024\/12\/PXL_20241213_1212028022-768x487.png 768w, https:\/\/cideon-engineering.com\/wp-content\/uploads\/2024\/12\/PXL_20241213_1212028022-1536x974.png 1536w, https:\/\/cideon-engineering.com\/wp-content\/uploads\/2024\/12\/PXL_20241213_1212028022-2048x1298.png 2048w\" sizes=\"auto, (max-width: 1020px) 100vw, 1020px\" \/>\t\t\t\t\t\t\n\t\t\t\t\t<\/div>\n\t\t\t\t\t\t\t\t\n<style>\n#image_1890861364 {\n  width: 80%;\n}\n<\/style>\n\t<\/div>\n\t\n\n\n\t\t<\/div>\n\t\t\t\t\t<\/div>\n\n\t\n\n<\/div>\n\t<div id=\"gap-542575551\" class=\"gap-element clearfix\" style=\"display:block; height:auto;\">\n\t\t\n<style>\n#gap-542575551 {\n  padding-top: 30px;\n}\n<\/style>\n\t<\/div>\n\t\n\n<div class=\"container section-title-container\" ><h3 class=\"section-title section-title-normal\"><b aria-hidden=\"true\"><\/b><span class=\"section-title-main\" >3D-Scan<\/span><b aria-hidden=\"true\"><\/b><\/h3><\/div>\n\n<div class=\"row\"  id=\"row-99413426\">\n\n\n\t<div id=\"col-466751763\" class=\"col medium-7 small-12 large-7\"  >\n\t\t\t\t<div class=\"col-inner\"  >\n\t\t\t\n\t\t\t\n\n\t<div id=\"text-1787308951\" class=\"text\">\n\t\t\n\n<p>Mit unserer fortschrittlichen 3D-Scan-Technologie revolutionieren wir die Planung und Durchf\u00fchrung von Umbauten. Diese Methode erm\u00f6glicht es uns, Fahrzeugkomponenten und Bauteile millimetergenau zu erfassen und als digitale Modelle zu reproduzieren.<\/p>\n<p>Dank der detailreichen Erfassung von Geometrien und Strukturen bieten sich zahlreiche Vorteile:<\/p>\n<ul>\n<li><strong>Zeiteffizienz:<\/strong> Schnelle Datenerfassung und direkte Integration in CAD-Systeme.<\/li>\n<li><strong>Pr\u00e4zision:<\/strong> Minimierung von Fehlern bei der Konstruktion durch hochgenaue digitale Reproduktionen.<\/li>\n<li><strong>Flexibilit\u00e4t:<\/strong> Unterst\u00fctzung bei der Planung von Anpassungen oder der Rekonstruktion obsoleter Bauteile.<\/li>\n<\/ul>\n<p>Die erstellten Scandaten dienen als perfekte Grundlage f\u00fcr die Weiterentwicklung in CAD und erm\u00f6glichen eine nahtlose Verbindung zwischen Bestandsaufnahme und Neugestaltung. Ob f\u00fcr Reparaturen, Umbauten oder die Entwicklung neuer Bauteile \u2013 mit unserer 3D-Scan-Technologie setzen wir neue Ma\u00dfst\u00e4be in der Effizienz und Qualit\u00e4t.<\/p>\n\t\t\n<style>\n#text-1787308951 {\n  line-height: 1.8;\n}\n<\/style>\n\t<\/div>\n\t\n\n\t\t<\/div>\n\t\t\t\t\t<\/div>\n\n\t\n\n\t<div id=\"col-1828238813\" class=\"col medium-5 small-12 large-5\"  >\n\t\t\t\t<div class=\"col-inner\"  >\n\t\t\t\n\t\t\t\n\n\t<div class=\"img has-hover x md-x lg-x y md-y lg-y\" id=\"image_1529653894\">\n\t\t\t\t\t\t\t\t<div class=\"img-inner dark\" >\n\t\t\t<img loading=\"lazy\" decoding=\"async\" width=\"858\" height=\"678\" src=\"https:\/\/cideon-engineering.com\/wp-content\/uploads\/2025\/01\/Fhr-Stand.png\" class=\"attachment-large size-large\" alt=\"\" srcset=\"https:\/\/cideon-engineering.com\/wp-content\/uploads\/2025\/01\/Fhr-Stand.png 858w, https:\/\/cideon-engineering.com\/wp-content\/uploads\/2025\/01\/Fhr-Stand-300x237.png 300w, https:\/\/cideon-engineering.com\/wp-content\/uploads\/2025\/01\/Fhr-Stand-768x607.png 768w\" sizes=\"auto, (max-width: 858px) 100vw, 858px\" \/>\t\t\t\t\t\t\n\t\t\t\t\t<\/div>\n\t\t\t\t\t\t\t\t\n<style>\n#image_1529653894 {\n  width: 100%;\n}\n<\/style>\n\t<\/div>\n\t\n\n\n\t\t<\/div>\n\t\t\t\t\t<\/div>\n\n\t\n\n<\/div>\n\t<div id=\"gap-1947168041\" class=\"gap-element clearfix\" style=\"display:block; height:auto;\">\n\t\t\n<style>\n#gap-1947168041 {\n  padding-top: 30px;\n}\n<\/style>\n\t<\/div>\n\t\n\n<div class=\"container section-title-container\" ><h3 class=\"section-title section-title-normal\"><b aria-hidden=\"true\"><\/b><span class=\"section-title-main\" >Digitale Umbaubeschreibung<\/span><b aria-hidden=\"true\"><\/b><\/h3><\/div>\n\n<div class=\"row\"  id=\"row-1903614573\">\n\n\n\t<div id=\"col-1048813126\" class=\"col medium-6 small-12 large-6\"  >\n\t\t\t\t<div class=\"col-inner\"  >\n\t\t\t\n\t\t\t\n\n<div style=\"width: 1020px;\" class=\"wp-video\"><video class=\"wp-video-shortcode\" id=\"video-9560-2\" width=\"1020\" height=\"574\" preload=\"auto\" controls=\"controls\"><source type=\"video\/mp4\" src=\"https:\/\/cideon-engineering.com\/wp-content\/uploads\/2025\/01\/anim-2-video-converter.com_.mp4?_=2\" \/><a href=\"https:\/\/cideon-engineering.com\/wp-content\/uploads\/2025\/01\/anim-2-video-converter.com_.mp4\">https:\/\/cideon-engineering.com\/wp-content\/uploads\/2025\/01\/anim-2-video-converter.com_.mp4<\/a><\/video><\/div>\n\n\t\t<\/div>\n\t\t\t\t\t<\/div>\n\n\t\n\n\t<div id=\"col-1898165021\" class=\"col medium-6 small-12 large-6\"  >\n\t\t\t\t<div class=\"col-inner\"  >\n\t\t\t\n\t\t\t\n\n\t<div id=\"text-1976147619\" class=\"text\">\n\t\t\n\n<p>Ein weiteres Highlight ist unsere digitale Umbaubeschreibung. Diese erm\u00f6glicht es, Montage- und Umbauprozesse klar und verst\u00e4ndlich darzustellen. Anhand von Videos, 3D-Daten oder Bildern zeigen wir Schritt f\u00fcr Schritt, wie Komponenten zusammengebaut werden \u2013 bis ins kleinste Detail. Ein Beispiel hierf\u00fcr ist die Montage eines Motorkastens: Das Video demonstriert, wie der Kasten anzuschrauben ist und welche Schrauben verwendet werden m\u00fcssen. Mit dieser Methode stellen wir sicher, dass Umbauten auch bei komplexen Projekten einfach und effizient durchgef\u00fchrt werden k\u00f6nnen.<\/p>\n\t\t\n<style>\n#text-1976147619 {\n  line-height: 1.8;\n}\n<\/style>\n\t<\/div>\n\t\n\n\t\t<\/div>\n\t\t\t\t\t<\/div>\n\n\t\n\n<\/div>\n\t<div id=\"gap-1314431934\" class=\"gap-element clearfix\" style=\"display:block; height:auto;\">\n\t\t\n<style>\n#gap-1314431934 {\n  padding-top: 30px;\n}\n<\/style>\n\t<\/div>\n\t\n\n<div class=\"row\"  id=\"row-588228731\">\n\n\n\t<div id=\"col-1346212624\" class=\"col small-12 large-12\"  >\n\t\t\t\t<div class=\"col-inner\"  >\n\t\t\t\n\t\t\t\n\n<p>Alle Arbeiten entsprechen den aktuellen Normen und Richtlinien, wobei die Konformit\u00e4tspr\u00fcfung von unserem erfahrenen Sicherheitsingenieur durchgef\u00fchrt wird. So garantieren wir h\u00f6chste Qualit\u00e4t und Sicherheit \u2013 perfekt abgestimmt auf die individuellen Anforderungen Ihrer Fahrzeuge.<\/p>\n\n\t\t<\/div>\n\t\t\t\t\t<\/div>\n\n\t\n\n<\/div>\n\t<div id=\"gap-1566356649\" class=\"gap-element clearfix\" style=\"display:block; height:auto;\">\n\t\t\n<style>\n#gap-1566356649 {\n  padding-top: 30px;\n}\n<\/style>\n\t<\/div>\n\t\n\n<div class=\"row\"  id=\"row-869909392\">\n\n\n\t<div id=\"col-1192302159\" class=\"col small-12 large-12\"  data-animate=\"fadeInUp\">\n\t\t\t\t<div class=\"col-inner\"  >\n\t\t\t\n\t\t\t\n\n<div class=\"container section-title-container\" ><h3 class=\"section-title section-title-center\"><b aria-hidden=\"true\"><\/b><span class=\"section-title-main\" >Interesse geweckt?<\/span><b aria-hidden=\"true\"><\/b><\/h3><\/div>\n\n<div class=\"row\"  id=\"row-333265097\">\n\n\n\t<div id=\"col-1429629711\" class=\"col small-12 large-12\"  >\n\t\t\t\t<div class=\"col-inner\"  >\n\t\t\t\n\t\t\t\n\n\t<div id=\"text-2013934938\" class=\"text\">\n\t\t\n\n<p>Kontaktieren Sie uns, um mehr zu erfahren. Wir beraten Sie gerne und entwickeln gemeinsam mit Ihnen individuelle L\u00f6sungen f\u00fcr Ihre Bed\u00fcrfnisse.<\/p>\n\t\t\n<style>\n#text-2013934938 {\n  text-align: center;\n}\n<\/style>\n\t<\/div>\n\t\n\n\t\t<\/div>\n\t\t\t\t\t<\/div>\n\n\t\n\n<\/div>\n<div class=\"row\"  id=\"row-2080030404\">\n\n\n\t<div id=\"col-857764108\" class=\"col small-12 large-12\"  >\n\t\t\t\t<div class=\"col-inner text-center\"  >\n\t\t\t\n\t\t\t\n\n<a href=\"https:\/\/cideon-engineering.com\/de\/elektrik-steuerungen-software\/#3d-druck\" target=\"_blank\" class=\"button primary\" rel=\"noopener\" >\n\t\t<span>Kontaktieren Sie uns jetzt und wir beraten Sie gern!<\/span>\n\t<\/a>\n\n\n\n\t\t<\/div>\n\t\t\t\t\t<\/div>\n\n\t\n\n<\/div>\n\n\t\t<\/div>\n\t\t\t\t\t<\/div>\n\n\t\n\n<\/div>\n\n\t\t<\/div>\n\n\t\t\n<style>\n#section_1984216207 {\n  padding-top: 60px;\n  padding-bottom: 60px;\n  min-height: 300px;\n  background-color: rgb(255, 255, 255);\n}\n<\/style>\n\t<\/section>\n\t\n\n","protected":false},"excerpt":{"rendered":"","protected":false},"author":8,"featured_media":0,"parent":9558,"menu_order":0,"comment_status":"closed","ping_status":"closed","template":"","meta":{"content-type":"","inline_featured_image":false,"footnotes":""},"class_list":["post-9560","page","type-page","status-publish","hentry"],"yoast_head":"<!-- This site is optimized with the Yoast SEO plugin v26.9 - https:\/\/yoast.com\/product\/yoast-seo-wordpress\/ -->\n<title>Umbau &amp; Fertigung - CE Cideon Engineering<\/title>\n<meta name=\"robots\" content=\"index, follow, max-snippet:-1, max-image-preview:large, max-video-preview:-1\" \/>\n<link rel=\"canonical\" href=\"https:\/\/cideon-engineering.com\/de\/produkte\/umbau-fertigung\/\" \/>\n<meta property=\"og:locale\" content=\"de_DE\" \/>\n<meta property=\"og:type\" content=\"article\" \/>\n<meta property=\"og:title\" content=\"Umbau &amp; Fertigung - CE Cideon Engineering\" \/>\n<meta property=\"og:url\" content=\"https:\/\/cideon-engineering.com\/de\/produkte\/umbau-fertigung\/\" \/>\n<meta property=\"og:site_name\" content=\"CE Cideon Engineering\" \/>\n<meta property=\"article:modified_time\" content=\"2025-06-12T07:37:06+00:00\" \/>\n<meta name=\"twitter:card\" content=\"summary_large_image\" \/>\n<meta name=\"twitter:label1\" content=\"Gesch\u00e4tzte Lesezeit\" \/>\n\t<meta name=\"twitter:data1\" content=\"4\u00a0Minuten\" \/>\n<script type=\"application\/ld+json\" class=\"yoast-schema-graph\">{\"@context\":\"https:\/\/schema.org\",\"@graph\":[{\"@type\":\"WebPage\",\"@id\":\"https:\/\/cideon-engineering.com\/de\/produkte\/umbau-fertigung\/\",\"url\":\"https:\/\/cideon-engineering.com\/de\/produkte\/umbau-fertigung\/\",\"name\":\"Umbau &amp; Fertigung - CE Cideon Engineering\",\"isPartOf\":{\"@id\":\"https:\/\/cideon-engineering.com\/de\/#website\"},\"datePublished\":\"2025-03-05T10:14:54+00:00\",\"dateModified\":\"2025-06-12T07:37:06+00:00\",\"breadcrumb\":{\"@id\":\"https:\/\/cideon-engineering.com\/de\/produkte\/umbau-fertigung\/#breadcrumb\"},\"inLanguage\":\"de\",\"potentialAction\":[{\"@type\":\"ReadAction\",\"target\":[\"https:\/\/cideon-engineering.com\/de\/produkte\/umbau-fertigung\/\"]}]},{\"@type\":\"BreadcrumbList\",\"@id\":\"https:\/\/cideon-engineering.com\/de\/produkte\/umbau-fertigung\/#breadcrumb\",\"itemListElement\":[{\"@type\":\"ListItem\",\"position\":1,\"name\":\"Startseite\",\"item\":\"https:\/\/cideon-engineering.com\/de\/\"},{\"@type\":\"ListItem\",\"position\":2,\"name\":\"Produkte\",\"item\":\"https:\/\/cideon-engineering.com\/de\/produkte\/\"},{\"@type\":\"ListItem\",\"position\":3,\"name\":\"Umbau &amp; Fertigung\"}]},{\"@type\":\"WebSite\",\"@id\":\"https:\/\/cideon-engineering.com\/de\/#website\",\"url\":\"https:\/\/cideon-engineering.com\/de\/\",\"name\":\"CE Cideon Engineering\",\"description\":\"making mobility happen\",\"potentialAction\":[{\"@type\":\"SearchAction\",\"target\":{\"@type\":\"EntryPoint\",\"urlTemplate\":\"https:\/\/cideon-engineering.com\/de\/?s={search_term_string}\"},\"query-input\":{\"@type\":\"PropertyValueSpecification\",\"valueRequired\":true,\"valueName\":\"search_term_string\"}}],\"inLanguage\":\"de\"}]}<\/script>\n<!-- \/ Yoast SEO plugin. -->","yoast_head_json":{"title":"Umbau &amp; Fertigung - CE Cideon Engineering","robots":{"index":"index","follow":"follow","max-snippet":"max-snippet:-1","max-image-preview":"max-image-preview:large","max-video-preview":"max-video-preview:-1"},"canonical":"https:\/\/cideon-engineering.com\/de\/produkte\/umbau-fertigung\/","og_locale":"de_DE","og_type":"article","og_title":"Umbau &amp; Fertigung - CE Cideon Engineering","og_url":"https:\/\/cideon-engineering.com\/de\/produkte\/umbau-fertigung\/","og_site_name":"CE Cideon Engineering","article_modified_time":"2025-06-12T07:37:06+00:00","twitter_card":"summary_large_image","twitter_misc":{"Gesch\u00e4tzte Lesezeit":"4\u00a0Minuten"},"schema":{"@context":"https:\/\/schema.org","@graph":[{"@type":"WebPage","@id":"https:\/\/cideon-engineering.com\/de\/produkte\/umbau-fertigung\/","url":"https:\/\/cideon-engineering.com\/de\/produkte\/umbau-fertigung\/","name":"Umbau &amp; Fertigung - CE Cideon Engineering","isPartOf":{"@id":"https:\/\/cideon-engineering.com\/de\/#website"},"datePublished":"2025-03-05T10:14:54+00:00","dateModified":"2025-06-12T07:37:06+00:00","breadcrumb":{"@id":"https:\/\/cideon-engineering.com\/de\/produkte\/umbau-fertigung\/#breadcrumb"},"inLanguage":"de","potentialAction":[{"@type":"ReadAction","target":["https:\/\/cideon-engineering.com\/de\/produkte\/umbau-fertigung\/"]}]},{"@type":"BreadcrumbList","@id":"https:\/\/cideon-engineering.com\/de\/produkte\/umbau-fertigung\/#breadcrumb","itemListElement":[{"@type":"ListItem","position":1,"name":"Startseite","item":"https:\/\/cideon-engineering.com\/de\/"},{"@type":"ListItem","position":2,"name":"Produkte","item":"https:\/\/cideon-engineering.com\/de\/produkte\/"},{"@type":"ListItem","position":3,"name":"Umbau &amp; Fertigung"}]},{"@type":"WebSite","@id":"https:\/\/cideon-engineering.com\/de\/#website","url":"https:\/\/cideon-engineering.com\/de\/","name":"CE Cideon Engineering","description":"making mobility happen","potentialAction":[{"@type":"SearchAction","target":{"@type":"EntryPoint","urlTemplate":"https:\/\/cideon-engineering.com\/de\/?s={search_term_string}"},"query-input":{"@type":"PropertyValueSpecification","valueRequired":true,"valueName":"search_term_string"}}],"inLanguage":"de"}]}},"_links":{"self":[{"href":"https:\/\/cideon-engineering.com\/de\/wp-json\/wp\/v2\/pages\/9560","targetHints":{"allow":["GET"]}}],"collection":[{"href":"https:\/\/cideon-engineering.com\/de\/wp-json\/wp\/v2\/pages"}],"about":[{"href":"https:\/\/cideon-engineering.com\/de\/wp-json\/wp\/v2\/types\/page"}],"author":[{"embeddable":true,"href":"https:\/\/cideon-engineering.com\/de\/wp-json\/wp\/v2\/users\/8"}],"replies":[{"embeddable":true,"href":"https:\/\/cideon-engineering.com\/de\/wp-json\/wp\/v2\/comments?post=9560"}],"version-history":[{"count":43,"href":"https:\/\/cideon-engineering.com\/de\/wp-json\/wp\/v2\/pages\/9560\/revisions"}],"predecessor-version":[{"id":10154,"href":"https:\/\/cideon-engineering.com\/de\/wp-json\/wp\/v2\/pages\/9560\/revisions\/10154"}],"up":[{"embeddable":true,"href":"https:\/\/cideon-engineering.com\/de\/wp-json\/wp\/v2\/pages\/9558"}],"wp:attachment":[{"href":"https:\/\/cideon-engineering.com\/de\/wp-json\/wp\/v2\/media?parent=9560"}],"curies":[{"name":"wp","href":"https:\/\/api.w.org\/{rel}","templated":true}]}}