{"id":9563,"date":"2025-03-05T11:14:32","date_gmt":"2025-03-05T10:14:32","guid":{"rendered":"https:\/\/cideon-engineering.com\/?page_id=9563"},"modified":"2025-04-08T09:48:52","modified_gmt":"2025-04-08T07:48:52","slug":"telemetrie-systeme","status":"publish","type":"page","link":"https:\/\/cideon-engineering.com\/de\/produkte\/telemetrie-systeme\/","title":{"rendered":"Telemetrie-Systeme"},"content":{"rendered":"\n\n\t<section class=\"section\" id=\"section_1516939408\">\n\t\t<div class=\"section-bg fill\" >\n\t\t\t<img loading=\"lazy\" decoding=\"async\" width=\"2560\" height=\"672\" src=\"https:\/\/cideon-engineering.com\/wp-content\/uploads\/2020\/10\/Consulting-Schienenverkehr-scaled.jpg\" class=\"bg attachment- size-\" alt=\"\" \/>\t\t\t\t\t\t\n\t\t\t\n\n\t\t<\/div>\n\n\t\t\n\n\t\t<div class=\"section-content relative\">\n\t\t\t\n\n\n\t\t<\/div>\n\n\t\t\n<style>\n#section_1516939408 {\n  padding-top: 0px;\n  padding-bottom: 0px;\n  min-height: 300px;\n  background-color: rgb(245, 245, 245);\n}\n<\/style>\n\t<\/section>\n\t\n\n\t<section class=\"section\" id=\"section_1381541592\">\n\t\t<div class=\"section-bg fill\" >\n\t\t\t\t\t\t\t\t\t\n\t\t\t\n\t<div class=\"is-border\"\n\t\tstyle=\"border-color:rgb(235, 235, 235);border-width:1px 0px 0px 0px;\">\n\t<\/div>\n\n\t\t<\/div>\n\n\t\t\n\n\t\t<div class=\"section-content relative\">\n\t\t\t\n\n<div class=\"row\"  id=\"row-107656829\">\n\n\n\t<div id=\"col-494753134\" class=\"col small-12 large-12\"  data-animate=\"fadeInUp\">\n\t\t\t\t<div class=\"col-inner\"  >\n\t\t\t\n\t\t\t\n\n<div class=\"container section-title-container\" ><h2 class=\"section-title section-title-normal\"><b aria-hidden=\"true\"><\/b><span class=\"section-title-main\" >Telemetriesysteme<\/span><b aria-hidden=\"true\"><\/b><\/h2><\/div>\n\n<div class=\"row\"  id=\"row-884369625\">\n\n\n\t<div id=\"col-1939625069\" class=\"col small-12 large-12\"  >\n\t\t\t\t<div class=\"col-inner\"  >\n\t\t\t\n\t\t\t\n\n<p>CE cideon engineering bietet zukunftsweisende Telemetriesysteme, die speziell auf die Anforderungen moderner Schienenfahrzeuge und deren Betreiber zugeschnitten sind. Mit unserer Kombination aus technologischem Know-how und innovativen L\u00f6sungen sorgen wir f\u00fcr eine l\u00fcckenlose Daten\u00fcberwachung und Optimierung von Fahrzeugflotten. Unsere Systeme erm\u00f6glichen eine effizientere Nutzung von Ressourcen, reduzieren Ausfallzeiten und erh\u00f6hen die Sicherheit im Betrieb.<\/p>\n\n\t\t<\/div>\n\t\t\t\t\t<\/div>\n\n\t\n\n<\/div>\n\n\t\t<\/div>\n\t\t\t\t\t<\/div>\n\n\t\n\n<\/div>\n\t<div id=\"gap-2074166487\" class=\"gap-element clearfix\" style=\"display:block; height:auto;\">\n\t\t\n<style>\n#gap-2074166487 {\n  padding-top: 30px;\n}\n<\/style>\n\t<\/div>\n\t\n\n<div class=\"row\"  id=\"row-1499545981\">\n\n\n\t<div id=\"col-953751642\" class=\"col small-12 large-12\"  data-animate=\"fadeInUp\">\n\t\t\t\t<div class=\"col-inner\"  >\n\t\t\t\n\t\t\t\n\n<div class=\"container section-title-container\" ><h3 class=\"section-title section-title-normal\"><b aria-hidden=\"true\"><\/b><span class=\"section-title-main\" >Was sind Telemetriesysteme?<\/span><b aria-hidden=\"true\"><\/b><\/h3><\/div>\n\n<div class=\"row\"  id=\"row-1967458500\">\n\n\n\t<div id=\"col-1501427255\" class=\"col small-12 large-12\"  >\n\t\t\t\t<div class=\"col-inner\"  >\n\t\t\t\n\t\t\t\n\n<p>Unsere Telemetriesysteme erfassen, \u00fcbertragen und analysieren in Echtzeit wichtige Betriebsdaten von Schienenfahrzeugen. Diese Daten umfassen unter anderem Diagnosen des technischen Zustands, Positionsinformationen und Betriebsparameter. Dadurch wird eine fr\u00fchzeitige Fehlererkennung m\u00f6glich, die pr\u00e4ventive Wartung erleichtert und eine effizientere Flottensteuerung erlaubt. Mit Telemetriesystemen lassen sich zudem Umweltbelastungen reduzieren, indem Energieverbrauch und Emissionen optimiert werden.<\/p>\n<p>\u00a0<\/p>\n\n\t\t<\/div>\n\t\t\t\t\t<\/div>\n\n\t\n\n<\/div>\n<div class=\"row\"  id=\"row-369703651\">\n\n\n\t<div id=\"col-1752551338\" class=\"col medium-6 small-12 large-6\"  data-animate=\"fadeInLeft\">\n\t\t\t\t<div class=\"col-inner\"  >\n\t\t\t\n\t\t\t\n\n<p><b><span data-contrast=\"auto\">Vorteile im \u00dcberblick:<\/span><\/b><span data-ccp-props=\"{&quot;134233117&quot;:false,&quot;134233118&quot;:false,&quot;335559738&quot;:240,&quot;335559739&quot;:240}\">\u00a0<\/span><\/p>\n<ul>\n<li data-leveltext=\"\uf0b7\" data-font=\"Symbol\" data-listid=\"3\" data-list-defn-props=\"{&quot;335552541&quot;:1,&quot;335559685&quot;:720,&quot;335559991&quot;:360,&quot;469769226&quot;:&quot;Symbol&quot;,&quot;469769242&quot;:&#091;8226&#093;,&quot;469777803&quot;:&quot;left&quot;,&quot;469777804&quot;:&quot;\uf0b7&quot;,&quot;469777815&quot;:&quot;hybridMultilevel&quot;}\" aria-setsize=\"-1\" data-aria-posinset=\"1\" data-aria-level=\"1\"><b><span data-contrast=\"auto\">Effizienzsteigerung<\/span><\/b><span data-contrast=\"auto\">: Verbesserte Routenplanung und Ressourcennutzung durch genaue Echtzeitdaten.<\/span><span data-ccp-props=\"{&quot;134233117&quot;:false,&quot;134233118&quot;:false,&quot;335559738&quot;:0,&quot;335559739&quot;:0}\">\u00a0<\/span><\/li>\n<\/ul>\n<ul>\n<li data-leveltext=\"\uf0b7\" data-font=\"Symbol\" data-listid=\"3\" data-list-defn-props=\"{&quot;335552541&quot;:1,&quot;335559685&quot;:720,&quot;335559991&quot;:360,&quot;469769226&quot;:&quot;Symbol&quot;,&quot;469769242&quot;:&#091;8226&#093;,&quot;469777803&quot;:&quot;left&quot;,&quot;469777804&quot;:&quot;\uf0b7&quot;,&quot;469777815&quot;:&quot;hybridMultilevel&quot;}\" aria-setsize=\"-1\" data-aria-posinset=\"2\" data-aria-level=\"1\"><b><span data-contrast=\"auto\">Zuverl\u00e4ssige Daten\u00fcbertragung<\/span><\/b><span data-contrast=\"auto\">: Modernste Kommunikationstechnologien gew\u00e4hrleisten maximale Verf\u00fcgbarkeit.<\/span><span data-ccp-props=\"{&quot;134233117&quot;:false,&quot;134233118&quot;:false,&quot;335559738&quot;:0,&quot;335559739&quot;:0}\">\u00a0<\/span><\/li>\n<\/ul>\n<ul>\n<li data-leveltext=\"\uf0b7\" data-font=\"Symbol\" data-listid=\"3\" data-list-defn-props=\"{&quot;335552541&quot;:1,&quot;335559685&quot;:720,&quot;335559991&quot;:360,&quot;469769226&quot;:&quot;Symbol&quot;,&quot;469769242&quot;:&#091;8226&#093;,&quot;469777803&quot;:&quot;left&quot;,&quot;469777804&quot;:&quot;\uf0b7&quot;,&quot;469777815&quot;:&quot;hybridMultilevel&quot;}\" aria-setsize=\"-1\" data-aria-posinset=\"3\" data-aria-level=\"1\"><b><span data-contrast=\"auto\">Digitale Flottenoptimierung<\/span><\/b><span data-contrast=\"auto\">: Echtzeit-Analysen unterst\u00fctzen fundierte Entscheidungen und proaktive Wartung.<\/span><span data-ccp-props=\"{&quot;134233117&quot;:false,&quot;134233118&quot;:false,&quot;335559738&quot;:0,&quot;335559739&quot;:0}\">\u00a0<\/span><\/li>\n<\/ul>\n<ul>\n<li data-leveltext=\"\uf0b7\" data-font=\"Symbol\" data-listid=\"3\" data-list-defn-props=\"{&quot;335552541&quot;:1,&quot;335559685&quot;:720,&quot;335559991&quot;:360,&quot;469769226&quot;:&quot;Symbol&quot;,&quot;469769242&quot;:&#091;8226&#093;,&quot;469777803&quot;:&quot;left&quot;,&quot;469777804&quot;:&quot;\uf0b7&quot;,&quot;469777815&quot;:&quot;hybridMultilevel&quot;}\" aria-setsize=\"-1\" data-aria-posinset=\"4\" data-aria-level=\"1\"><b><span data-contrast=\"auto\">Nachhaltigkeit<\/span><\/b><span data-contrast=\"auto\">: Geringerer Energieverbrauch durch datenbasierte Optimierungen.<\/span><span data-ccp-props=\"{&quot;134233117&quot;:false,&quot;134233118&quot;:false,&quot;335559738&quot;:0,&quot;335559739&quot;:0}\">\u00a0<\/span><\/li>\n<\/ul>\n\n\t\t<\/div>\n\t\t\t\t\t<\/div>\n\n\t\n\n\t<div id=\"col-721868755\" class=\"col medium-6 small-12 large-6\"  >\n\t\t\t\t<div class=\"col-inner\"  >\n\t\t\t\n\t\t\t\n\n<div style=\"width: 1020px;\" class=\"wp-video\"><video class=\"wp-video-shortcode\" id=\"video-9563-1\" width=\"1020\" height=\"574\" preload=\"auto\" controls=\"controls\"><source type=\"video\/mp4\" src=\"https:\/\/cideon-engineering.com\/wp-content\/uploads\/2025\/04\/Loeschwagen.m4v?_=1\" \/><a href=\"https:\/\/cideon-engineering.com\/wp-content\/uploads\/2025\/04\/Loeschwagen.m4v\">https:\/\/cideon-engineering.com\/wp-content\/uploads\/2025\/04\/Loeschwagen.m4v<\/a><\/video><\/div>\n\n\t<div id=\"gap-282217770\" class=\"gap-element clearfix\" style=\"display:block; height:auto;\">\n\t\t\n<style>\n#gap-282217770 {\n  padding-top: 30px;\n}\n<\/style>\n\t<\/div>\n\t\n\n<p>Die einfachste Form unseres Systems ohne Daten\u00fcbertragung an das eigene oder kundenseitige Backend ist in der Animation dargestellt.<\/p>\n\n\n\t\t<\/div>\n\t\t\t\t\t<\/div>\n\n\t\n\n<\/div>\n\n\t\t<\/div>\n\t\t\t\t\t<\/div>\n\n\t\n\n<\/div>\n\t<div id=\"gap-1111621299\" class=\"gap-element clearfix\" style=\"display:block; height:auto;\">\n\t\t\n<style>\n#gap-1111621299 {\n  padding-top: 30px;\n}\n<\/style>\n\t<\/div>\n\t\n\n<div class=\"row\"  id=\"row-1250960400\">\n\n\n\t<div id=\"col-1034317660\" class=\"col small-12 large-12\"  >\n\t\t\t\t<div class=\"col-inner\"  >\n\t\t\t\n\t\t\t\n\n<div class=\"container section-title-container\" ><h3 class=\"section-title section-title-normal\"><b aria-hidden=\"true\"><\/b><span class=\"section-title-main\" >Funktionen und Vorteile unserer Systeme<\/span><b aria-hidden=\"true\"><\/b><\/h3><\/div>\n\n<div class=\"row\"  id=\"row-1802151659\">\n\n\n\t<div id=\"col-12971626\" class=\"col small-12 large-12\"  >\n\t\t\t\t<div class=\"col-inner\"  >\n\t\t\t\n\t\t\t\n\n<p><b><span data-contrast=\"auto\">Nachr\u00fcstung der Hardware w\u00e4hrend des Umbaus<\/span><\/b><span data-ccp-props=\"{&quot;134233117&quot;:false,&quot;134233118&quot;:false,&quot;335559738&quot;:240,&quot;335559739&quot;:240}\">\u00a0<\/span><\/p>\n<p><span data-contrast=\"auto\">Unsere Systeme lassen sich problemlos in bestehende Schienenfahrzeuge integrieren. W\u00e4hrend der Modernisierungsarbeiten \u00fcbernehmen wir die Installation der notwendigen Hardwarekomponenten. Diese sind robust, langlebig und optimal f\u00fcr die Belastungen des Schienenbetriebs ausgelegt. Die Nachr\u00fcstung erfolgt nahtlos, ohne den regul\u00e4ren Fahrzeugbetrieb zu beeintr\u00e4chtigen. Zus\u00e4tzlich bieten wir ma\u00dfgeschneiderte L\u00f6sungen an, die den spezifischen Anforderungen jedes Betreibers gerecht werden.<\/span><span data-ccp-props=\"{&quot;134233117&quot;:false,&quot;134233118&quot;:false,&quot;335559738&quot;:240,&quot;335559739&quot;:240}\">\u00a0<\/span><\/p>\n<p><b><span data-contrast=\"auto\">Backend: Leistungsstarke Datenverarbeitung<\/span><\/b><span data-ccp-props=\"{&quot;134233117&quot;:false,&quot;134233118&quot;:false,&quot;335559738&quot;:240,&quot;335559739&quot;:240}\">\u00a0<\/span><\/p>\n<p><span data-contrast=\"auto\">Das Herzst\u00fcck unseres Systems bildet ein hochperformanter Datenbankserver. Er erm\u00f6glicht die Erfassung, Speicherung und Verarbeitung gro\u00dfer Datenmengen in Echtzeit. Diese Daten stehen f\u00fcr detaillierte Analysen, Berichte und Optimierungen zur Verf\u00fcgung und lassen sich nahtlos in bestehende IT-Infrastrukturen integrieren. Unser Backend ist skalierbar, ausfallsicher und entspricht modernsten Sicherheitsstandards. So k\u00f6nnen Betreiber den gesamten Lebenszyklus ihrer Fahrzeuge optimal \u00fcberwachen und steuern.<\/span><span data-ccp-props=\"{&quot;134233117&quot;:false,&quot;134233118&quot;:false,&quot;335559738&quot;:240,&quot;335559739&quot;:240}\">\u00a0<\/span><\/p>\n<p><b><span data-contrast=\"auto\">Frontend: Intuitive Benutzeroberfl\u00e4che<\/span><\/b><span data-ccp-props=\"{&quot;134233117&quot;:false,&quot;134233118&quot;:false,&quot;335559738&quot;:240,&quot;335559739&quot;:240}\">\u00a0<\/span><\/p>\n<p><span data-contrast=\"auto\">Die \u00fcbersichtliche Benutzeroberfl\u00e4che liefert wichtige Informationen wie Fahrzeugzustand, Wartungsbedarf und Betriebsdaten auf einen Blick. Dank der intuitiven Gestaltung k\u00f6nnen sowohl technische als auch nicht-technische Nutzer das System problemlos bedienen. Die Darstellung l\u00e4sst sich individuell an die Bed\u00fcrfnisse des Betreibers anpassen und unterst\u00fctzt mehrsprachige Konfigurationen.<\/span><span data-ccp-props=\"{&quot;134233117&quot;:false,&quot;134233118&quot;:false,&quot;335559738&quot;:240,&quot;335559739&quot;:240}\">\u00a0<\/span><\/p>\n<p><b><span data-contrast=\"auto\">Kostenlose Nutzung f\u00fcr bis zu 7 Jahre<\/span><\/b><span data-ccp-props=\"{&quot;134233117&quot;:false,&quot;134233118&quot;:false,&quot;335559738&quot;:240,&quot;335559739&quot;:240}\">\u00a0<\/span><\/p>\n<p><span data-contrast=\"auto\">Um unseren Kunden den Einstieg in die Telemetrie zu erleichtern, bieten wir eine kostenlose Nutzung unseres Systems f\u00fcr bis zu sieben Jahre an. Dieser Zeitraum erm\u00f6glicht es Betreibern, die Vorteile der Technologie umfassend zu testen und ihre Prozesse nachhaltig zu optimieren. Nach Ablauf dieser Phase bieten wir flexible und kosteneffiziente Lizenzmodelle an, die sich den Anforderungen jedes Kunden anpassen lassen.<\/span><span data-ccp-props=\"{&quot;134233117&quot;:false,&quot;134233118&quot;:false,&quot;335559738&quot;:240,&quot;335559739&quot;:240}\">\u00a0<\/span><\/p>\n<p><b><span data-contrast=\"auto\">Moderne \u00dcbertragungstechnologien<\/span><\/b><span data-ccp-props=\"{&quot;134233117&quot;:false,&quot;134233118&quot;:false,&quot;335559738&quot;:240,&quot;335559739&quot;:240}\">\u00a0<\/span><\/p>\n<p><span data-contrast=\"auto\">Unsere Telemetriesysteme nutzen die neuesten Kommunikationstechnologien wie LTE, 5G und GPS RTK. Diese gew\u00e4hrleisten nicht nur eine zuverl\u00e4ssige und schnelle Daten\u00fcbertragung, sondern auch eine pr\u00e4zise Lokalisierung der Fahrzeuge. Zus\u00e4tzlich k\u00f6nnen weitere Technologien wie Wi-Fi f\u00fcr Depot \u00dcbertragungen genutzt werden. So stellen wir sicher, dass unsere Systeme auch in abgelegenen oder schwierigen Umgebungen zuverl\u00e4ssig arbeiten.<\/span><span data-ccp-props=\"{&quot;134233117&quot;:false,&quot;134233118&quot;:false,&quot;335559738&quot;:240,&quot;335559739&quot;:240}\">\u00a0<\/span><\/p>\n<p><b><span data-contrast=\"auto\">ECM Richtilinien<\/span><\/b><\/p>\n<p><span data-contrast=\"auto\">Unser System erf\u00fcllt s\u00e4mtliche Anforderungen der ECM3-Richtlinien, die speziell f\u00fcr den sicheren Betrieb und die Wartung von Schienenfahrzeugen gelten. Damit garantieren wir h\u00f6chste Zuverl\u00e4ssigkeit und vollst\u00e4ndige Konformit\u00e4t mit gesetzlichen Vorgaben. Alle relevanten Daten und Ereignisse werden automatisch dokumentiert und archiviert, sodass Betreiber jederzeit Zugriff auf vollst\u00e4ndige Berichte haben. Diese Dokumentation unterst\u00fctzt auch bei Audits und Zertifizierungen.<\/span><span data-ccp-props=\"{&quot;134233117&quot;:false,&quot;134233118&quot;:false,&quot;335559738&quot;:240,&quot;335559739&quot;:240}\">\u00a0<\/span><\/p>\n\n\t\t<\/div>\n\t\t\t\t\t<\/div>\n\n\t\n\n<\/div>\n\n\t\t<\/div>\n\t\t\t\t\t<\/div>\n\n\t\n\n<\/div>\n\t<div id=\"gap-606038421\" class=\"gap-element clearfix\" style=\"display:block; height:auto;\">\n\t\t\n<style>\n#gap-606038421 {\n  padding-top: 30px;\n}\n<\/style>\n\t<\/div>\n\t\n\n<div class=\"row\"  id=\"row-549603595\">\n\n\n\t<div id=\"col-1280701269\" class=\"col small-12 large-12\"  data-animate=\"fadeInLeft\">\n\t\t\t\t<div class=\"col-inner\"  >\n\t\t\t\n\t\t\t\n\n<div class=\"container section-title-container\" ><h3 class=\"section-title section-title-normal\"><b aria-hidden=\"true\"><\/b><span class=\"section-title-main\" >Einsatzbereiche und Mehrwert<\/span><b aria-hidden=\"true\"><\/b><\/h3><\/div>\n\n<div class=\"row\"  id=\"row-1909546605\">\n\n\n\t<div id=\"col-717235902\" class=\"col small-12 large-12\"  >\n\t\t\t\t<div class=\"col-inner\"  >\n\t\t\t\n\t\t\t\n\n<ul>\n<li data-leveltext=\"\uf0b7\" data-font=\"Symbol\" data-listid=\"4\" data-list-defn-props=\"{&quot;335552541&quot;:1,&quot;335559685&quot;:720,&quot;335559991&quot;:360,&quot;469769226&quot;:&quot;Symbol&quot;,&quot;469769242&quot;:&#091;8226&#093;,&quot;469777803&quot;:&quot;left&quot;,&quot;469777804&quot;:&quot;\uf0b7&quot;,&quot;469777815&quot;:&quot;hybridMultilevel&quot;}\" aria-setsize=\"-1\" data-aria-posinset=\"1\" data-aria-level=\"1\"><b><span data-contrast=\"auto\">Fahrzeugwartung<\/span><\/b><span data-contrast=\"auto\">: Fr\u00fchzeitige Identifikation von Wartungsbedarf und potenziellen Fehlern durch kontinuierliche \u00dcberwachung kritischer Komponenten. Dies reduziert ungeplante Ausfallzeiten und verl\u00e4ngert die Lebensdauer der Fahrzeuge.<\/span><span data-ccp-props=\"{&quot;134233117&quot;:false,&quot;134233118&quot;:false,&quot;335559738&quot;:0,&quot;335559739&quot;:0}\">\u00a0<\/span><\/li>\n<\/ul>\n<ul>\n<li data-leveltext=\"\uf0b7\" data-font=\"Symbol\" data-listid=\"4\" data-list-defn-props=\"{&quot;335552541&quot;:1,&quot;335559685&quot;:720,&quot;335559991&quot;:360,&quot;469769226&quot;:&quot;Symbol&quot;,&quot;469769242&quot;:&#091;8226&#093;,&quot;469777803&quot;:&quot;left&quot;,&quot;469777804&quot;:&quot;\uf0b7&quot;,&quot;469777815&quot;:&quot;hybridMultilevel&quot;}\" aria-setsize=\"-1\" data-aria-posinset=\"2\" data-aria-level=\"1\"><b><span data-contrast=\"auto\">Betriebsoptimierung<\/span><\/b><span data-contrast=\"auto\">: Effizientere Routenplanung und Ressourcennutzung durch pr\u00e4zise Fahrzeugdaten. Unsere Systeme unterst\u00fctzen auch die Optimierung von Energieverbrauch und Emissionsreduktion.<\/span><span data-ccp-props=\"{&quot;134233117&quot;:false,&quot;134233118&quot;:false,&quot;335559738&quot;:0,&quot;335559739&quot;:0}\">\u00a0<\/span><\/li>\n<\/ul>\n<ul>\n<li data-leveltext=\"\uf0b7\" data-font=\"Symbol\" data-listid=\"4\" data-list-defn-props=\"{&quot;335552541&quot;:1,&quot;335559685&quot;:720,&quot;335559991&quot;:360,&quot;469769226&quot;:&quot;Symbol&quot;,&quot;469769242&quot;:&#091;8226&#093;,&quot;469777803&quot;:&quot;left&quot;,&quot;469777804&quot;:&quot;\uf0b7&quot;,&quot;469777815&quot;:&quot;hybridMultilevel&quot;}\" aria-setsize=\"-1\" data-aria-posinset=\"3\" data-aria-level=\"1\"><b><span data-contrast=\"auto\">Kosteneinsparungen<\/span><\/b><span data-contrast=\"auto\">: Verl\u00e4ngerte Lebensdauer von Komponenten und geringere Ausfallzeiten durch pr\u00e4ventive Instandhaltung. Langfristig profitieren Betreiber von deutlich niedrigeren Gesamtbetriebskosten.<\/span><span data-ccp-props=\"{&quot;134233117&quot;:false,&quot;134233118&quot;:false,&quot;335559738&quot;:0,&quot;335559739&quot;:0}\">\u00a0<\/span><\/li>\n<\/ul>\n\n\t\t<\/div>\n\t\t\t\t\t<\/div>\n\n\t\n\n<\/div>\n\n\t\t<\/div>\n\t\t\t\t\t<\/div>\n\n\t\n\n<\/div>\n\t<div id=\"gap-370517777\" class=\"gap-element clearfix\" style=\"display:block; height:auto;\">\n\t\t\n<style>\n#gap-370517777 {\n  padding-top: 30px;\n}\n<\/style>\n\t<\/div>\n\t\n\n<div class=\"row\"  id=\"row-8887592\">\n\n\n\t<div id=\"col-651877885\" class=\"col small-12 large-12\"  data-animate=\"fadeInUp\">\n\t\t\t\t<div class=\"col-inner text-center\"  >\n\t\t\t\n\t\t\t\n\n<div class=\"container section-title-container\" ><h3 class=\"section-title section-title-center\"><b aria-hidden=\"true\"><\/b><span class=\"section-title-main\" >Interesse geweckt?<\/span><b aria-hidden=\"true\"><\/b><\/h3><\/div>\n\n<div class=\"row\"  id=\"row-1401844868\">\n\n\n\t<div id=\"col-917704836\" class=\"col small-12 large-12\"  >\n\t\t\t\t<div class=\"col-inner\"  >\n\t\t\t\n\t\t\t\n\n\t<div id=\"text-2042092651\" class=\"text\">\n\t\t\n\n<p>Kontaktieren Sie uns, um mehr \u00fcber unsere Telemetriesysteme zu erfahren. Wir beraten Sie gerne und entwickeln gemeinsam mit Ihnen individuelle L\u00f6sungen f\u00fcr Ihre Fahrzeugflotte. <\/p>\n\t\t\n<style>\n#text-2042092651 {\n  text-align: center;\n}\n<\/style>\n\t<\/div>\n\t\n<a href=\"https:\/\/cideon-engineering.com\/de\/elektrik-steuerungen-software\/#3d-druck\" target=\"_blank\" class=\"button primary\" rel=\"noopener\" >\n\t\t<span>Kontaktieren Sie uns jetzt und wir beraten Sie gern!<\/span>\n\t<\/a>\n\n\n\n\t\t<\/div>\n\t\t\t\t\t<\/div>\n\n\t\n\n<\/div>\n\n\t\t<\/div>\n\t\t\t\t\t<\/div>\n\n\t\n\n<\/div>\n\n\t\t<\/div>\n\n\t\t\n<style>\n#section_1381541592 {\n  padding-top: 60px;\n  padding-bottom: 60px;\n  min-height: 300px;\n  background-color: rgb(245, 245, 245);\n}\n<\/style>\n\t<\/section>\n\t\n\n","protected":false},"excerpt":{"rendered":"","protected":false},"author":8,"featured_media":0,"parent":9558,"menu_order":0,"comment_status":"closed","ping_status":"closed","template":"","meta":{"content-type":"","inline_featured_image":false,"footnotes":""},"class_list":["post-9563","page","type-page","status-publish","hentry"],"yoast_head":"<!-- This site is optimized with the Yoast SEO plugin v26.9 - https:\/\/yoast.com\/product\/yoast-seo-wordpress\/ -->\n<title>Telemetrie-Systeme - CE Cideon Engineering<\/title>\n<meta name=\"robots\" content=\"index, follow, max-snippet:-1, max-image-preview:large, max-video-preview:-1\" \/>\n<link rel=\"canonical\" href=\"https:\/\/cideon-engineering.com\/de\/produkte\/telemetrie-systeme\/\" \/>\n<meta property=\"og:locale\" content=\"de_DE\" \/>\n<meta property=\"og:type\" content=\"article\" \/>\n<meta property=\"og:title\" content=\"Telemetrie-Systeme - CE Cideon Engineering\" \/>\n<meta property=\"og:url\" content=\"https:\/\/cideon-engineering.com\/de\/produkte\/telemetrie-systeme\/\" \/>\n<meta property=\"og:site_name\" content=\"CE Cideon Engineering\" \/>\n<meta property=\"article:modified_time\" content=\"2025-04-08T07:48:52+00:00\" \/>\n<meta name=\"twitter:card\" content=\"summary_large_image\" \/>\n<meta name=\"twitter:label1\" content=\"Gesch\u00e4tzte Lesezeit\" \/>\n\t<meta name=\"twitter:data1\" content=\"4\u00a0Minuten\" \/>\n<script type=\"application\/ld+json\" class=\"yoast-schema-graph\">{\"@context\":\"https:\/\/schema.org\",\"@graph\":[{\"@type\":\"WebPage\",\"@id\":\"https:\/\/cideon-engineering.com\/de\/produkte\/telemetrie-systeme\/\",\"url\":\"https:\/\/cideon-engineering.com\/de\/produkte\/telemetrie-systeme\/\",\"name\":\"Telemetrie-Systeme - CE Cideon Engineering\",\"isPartOf\":{\"@id\":\"https:\/\/cideon-engineering.com\/de\/#website\"},\"datePublished\":\"2025-03-05T10:14:32+00:00\",\"dateModified\":\"2025-04-08T07:48:52+00:00\",\"breadcrumb\":{\"@id\":\"https:\/\/cideon-engineering.com\/de\/produkte\/telemetrie-systeme\/#breadcrumb\"},\"inLanguage\":\"de\",\"potentialAction\":[{\"@type\":\"ReadAction\",\"target\":[\"https:\/\/cideon-engineering.com\/de\/produkte\/telemetrie-systeme\/\"]}]},{\"@type\":\"BreadcrumbList\",\"@id\":\"https:\/\/cideon-engineering.com\/de\/produkte\/telemetrie-systeme\/#breadcrumb\",\"itemListElement\":[{\"@type\":\"ListItem\",\"position\":1,\"name\":\"Startseite\",\"item\":\"https:\/\/cideon-engineering.com\/de\/\"},{\"@type\":\"ListItem\",\"position\":2,\"name\":\"Produkte\",\"item\":\"https:\/\/cideon-engineering.com\/de\/produkte\/\"},{\"@type\":\"ListItem\",\"position\":3,\"name\":\"Telemetrie-Systeme\"}]},{\"@type\":\"WebSite\",\"@id\":\"https:\/\/cideon-engineering.com\/de\/#website\",\"url\":\"https:\/\/cideon-engineering.com\/de\/\",\"name\":\"CE Cideon Engineering\",\"description\":\"making mobility happen\",\"potentialAction\":[{\"@type\":\"SearchAction\",\"target\":{\"@type\":\"EntryPoint\",\"urlTemplate\":\"https:\/\/cideon-engineering.com\/de\/?s={search_term_string}\"},\"query-input\":{\"@type\":\"PropertyValueSpecification\",\"valueRequired\":true,\"valueName\":\"search_term_string\"}}],\"inLanguage\":\"de\"}]}<\/script>\n<!-- \/ Yoast SEO plugin. -->","yoast_head_json":{"title":"Telemetrie-Systeme - CE Cideon Engineering","robots":{"index":"index","follow":"follow","max-snippet":"max-snippet:-1","max-image-preview":"max-image-preview:large","max-video-preview":"max-video-preview:-1"},"canonical":"https:\/\/cideon-engineering.com\/de\/produkte\/telemetrie-systeme\/","og_locale":"de_DE","og_type":"article","og_title":"Telemetrie-Systeme - CE Cideon Engineering","og_url":"https:\/\/cideon-engineering.com\/de\/produkte\/telemetrie-systeme\/","og_site_name":"CE Cideon Engineering","article_modified_time":"2025-04-08T07:48:52+00:00","twitter_card":"summary_large_image","twitter_misc":{"Gesch\u00e4tzte Lesezeit":"4\u00a0Minuten"},"schema":{"@context":"https:\/\/schema.org","@graph":[{"@type":"WebPage","@id":"https:\/\/cideon-engineering.com\/de\/produkte\/telemetrie-systeme\/","url":"https:\/\/cideon-engineering.com\/de\/produkte\/telemetrie-systeme\/","name":"Telemetrie-Systeme - CE Cideon Engineering","isPartOf":{"@id":"https:\/\/cideon-engineering.com\/de\/#website"},"datePublished":"2025-03-05T10:14:32+00:00","dateModified":"2025-04-08T07:48:52+00:00","breadcrumb":{"@id":"https:\/\/cideon-engineering.com\/de\/produkte\/telemetrie-systeme\/#breadcrumb"},"inLanguage":"de","potentialAction":[{"@type":"ReadAction","target":["https:\/\/cideon-engineering.com\/de\/produkte\/telemetrie-systeme\/"]}]},{"@type":"BreadcrumbList","@id":"https:\/\/cideon-engineering.com\/de\/produkte\/telemetrie-systeme\/#breadcrumb","itemListElement":[{"@type":"ListItem","position":1,"name":"Startseite","item":"https:\/\/cideon-engineering.com\/de\/"},{"@type":"ListItem","position":2,"name":"Produkte","item":"https:\/\/cideon-engineering.com\/de\/produkte\/"},{"@type":"ListItem","position":3,"name":"Telemetrie-Systeme"}]},{"@type":"WebSite","@id":"https:\/\/cideon-engineering.com\/de\/#website","url":"https:\/\/cideon-engineering.com\/de\/","name":"CE Cideon Engineering","description":"making mobility happen","potentialAction":[{"@type":"SearchAction","target":{"@type":"EntryPoint","urlTemplate":"https:\/\/cideon-engineering.com\/de\/?s={search_term_string}"},"query-input":{"@type":"PropertyValueSpecification","valueRequired":true,"valueName":"search_term_string"}}],"inLanguage":"de"}]}},"_links":{"self":[{"href":"https:\/\/cideon-engineering.com\/de\/wp-json\/wp\/v2\/pages\/9563","targetHints":{"allow":["GET"]}}],"collection":[{"href":"https:\/\/cideon-engineering.com\/de\/wp-json\/wp\/v2\/pages"}],"about":[{"href":"https:\/\/cideon-engineering.com\/de\/wp-json\/wp\/v2\/types\/page"}],"author":[{"embeddable":true,"href":"https:\/\/cideon-engineering.com\/de\/wp-json\/wp\/v2\/users\/8"}],"replies":[{"embeddable":true,"href":"https:\/\/cideon-engineering.com\/de\/wp-json\/wp\/v2\/comments?post=9563"}],"version-history":[{"count":36,"href":"https:\/\/cideon-engineering.com\/de\/wp-json\/wp\/v2\/pages\/9563\/revisions"}],"predecessor-version":[{"id":10221,"href":"https:\/\/cideon-engineering.com\/de\/wp-json\/wp\/v2\/pages\/9563\/revisions\/10221"}],"up":[{"embeddable":true,"href":"https:\/\/cideon-engineering.com\/de\/wp-json\/wp\/v2\/pages\/9558"}],"wp:attachment":[{"href":"https:\/\/cideon-engineering.com\/de\/wp-json\/wp\/v2\/media?parent=9563"}],"curies":[{"name":"wp","href":"https:\/\/api.w.org\/{rel}","templated":true}]}}