{"id":10028,"date":"2025-03-05T14:39:51","date_gmt":"2025-03-05T13:39:51","guid":{"rendered":"https:\/\/cideon-engineering.com\/mobile-drive-test-stand\/"},"modified":"2025-03-25T11:56:36","modified_gmt":"2025-03-25T10:56:36","slug":"mobile-drive-test-stand","status":"publish","type":"page","link":"https:\/\/cideon-engineering.com\/en\/mobile-drive-test-stand\/","title":{"rendered":"Mobile drive test stand"},"content":{"rendered":"\n\n\t<section class=\"section has-parallax\" id=\"section_1092471996\">\n\t\t<div class=\"section-bg fill\" data-parallax-container=\".section\" data-parallax-background data-parallax=\"-3\">\n\t\t\t<img loading=\"lazy\" decoding=\"async\" width=\"1920\" height=\"1080\" src=\"https:\/\/cideon-engineering.com\/wp-content\/uploads\/2023\/07\/Pruefstand.jpg\" class=\"bg attachment- size-\" alt=\"Pr\u00fcfstand f\u00fcr \u00dcSTRA\" \/>\t\t\t\t\t\t\n\t\t\t\n\n\t\t<\/div>\n\n\t\t\n\n\t\t<div class=\"section-content relative\">\n\t\t\t\n\n\n\t\t<\/div>\n\n\t\t\n<style>\n#section_1092471996 {\n  padding-top: 0px;\n  padding-bottom: 0px;\n  min-height: 300px;\n}\n<\/style>\n\t<\/section>\n\t\n\n\t<section class=\"section\" id=\"section_1504529999\">\n\t\t<div class=\"section-bg fill\" >\n\t\t\t\t\t\t\t\t\t\n\t\t\t\n\n\t\t<\/div>\n\n\t\t\n\n\t\t<div class=\"section-content relative\">\n\t\t\t\n\n<div class=\"row align-middle align-center\"  id=\"row-1954400558\">\n\n\n\t<div id=\"col-1403612459\" class=\"col small-12 large-12\"  data-animate=\"fadeInUp\">\n\t\t\t\t<div class=\"col-inner text-center\"  >\n\t\t\t\n\t\t\t\n\n<div class=\"container section-title-container\" ><h3 class=\"section-title section-title-center\"><b aria-hidden=\"true\"><\/b><span class=\"section-title-main\" >Mobile drive test bench for \u00dcSTRA<\/span><b aria-hidden=\"true\"><\/b><\/h3><\/div>\n\n\t<div id=\"text-3203252768\" class=\"text\">\n\t\t\n\n<div style=\"width: 1020px;\" class=\"wp-video\"><video class=\"wp-video-shortcode\" id=\"video-10028-1\" width=\"1020\" height=\"574\" preload=\"auto\" controls=\"controls\"><source type=\"video\/mp4\" src=\"https:\/\/cideon-engineering.com\/wp-content\/uploads\/2023\/07\/Uestra.mp4?_=1\" \/><a href=\"https:\/\/cideon-engineering.com\/wp-content\/uploads\/2023\/07\/Uestra.mp4\">https:\/\/cideon-engineering.com\/wp-content\/uploads\/2023\/07\/Uestra.mp4<\/a><\/video><\/div>\n\t\t\n<style>\n#text-3203252768 {\n  text-align: center;\n}\n<\/style>\n\t<\/div>\n\t\n\t<div id=\"gap-444114952\" class=\"gap-element clearfix\" style=\"display:block; height:auto;\">\n\t\t\n<style>\n#gap-444114952 {\n  padding-top: 50px;\n}\n<\/style>\n\t<\/div>\n\t\n\n\n\t\t<\/div>\n\t\t\t\t\t<\/div>\n\n\t\n\n<\/div>\n<div class=\"row\"  id=\"row-517010621\">\n\n\n\t<div id=\"col-1912826708\" class=\"col small-12 large-12\"  data-animate=\"blurIn\">\n\t\t\t\t<div class=\"col-inner\"  >\n\t\t\t\n\t\t\t\n\n<p>\u00dcSTRA Hannoversche Verkehrsbetriebe GmbH, the leading provider of local public transport in Lower Saxony with around 106 million passengers a year, commissioned CE cideon engineering in mid-2022 to develop two mobile drive test benches for testing asynchronous motors in light rail vehicles.<\/p>\n<p>These highly developed test benches are not only available to \u00dcSTRA, but can also be used by other transport companies and industrial customers who have similar requirements for testing drive units.<\/p>\n<p>With our expertise in the areas of mechanics, electrics\/controls and functional safety, we were able to provide the following services:<\/p>\n<ul>\n<li>Constructive engineering work<\/li>\n<li>Conception and planning of the electrical system<\/li>\n<li>Creation of circuit diagrams with EPLAN P8<\/li>\n<li>Selection and planning of components<\/li>\n<li>Procurement and assembly of test bench components<\/li>\n<li>Electrical installation and parameterization of the frequency inverters<\/li>\n<li>Commissioning, testing, verification and validation<\/li>\n<li>EU conformity assessment (CE marking)<\/li>\n<\/ul>\n<p>After just a few months of development and construction, the two test benches were successfully delivered and put into operation. Special thanks go to Chemnitzer Verkehrs AG (CVAG), which made its workshop and drive unit available to us and thus contributed significantly to the success of the project. <\/p>\n<p>The mobile test benches have already been handed over to \u00dcSTRA and are now fully operational.<\/p>\n\n\t\t<\/div>\n\t\t\t\t\t<\/div>\n\n\t\n\n<\/div>\n<div class=\"row\"  id=\"row-2000209427\">\n\n\n\t<div id=\"col-1183621933\" class=\"col small-12 large-12\"  >\n\t\t\t\t<div class=\"col-inner\"  >\n\t\t\t\n\t\t\t\n\n<div class=\"container section-title-container\" ><h3 class=\"section-title section-title-center\"><b aria-hidden=\"true\"><\/b><span class=\"section-title-main\" >Are you interested?<\/span><b aria-hidden=\"true\"><\/b><\/h3><\/div>\n\n<div class=\"row\"  id=\"row-72314787\">\n\n\n\t<div id=\"col-945875072\" class=\"col small-12 large-12\"  >\n\t\t\t\t<div class=\"col-inner text-center\"  >\n\t\t\t\n\t\t\t\n\n\t<div id=\"text-1958866353\" class=\"text\">\n\t\t\n\n<p>Contact us to find out more about our drive test bench. We will be happy to advise you and work with you to develop individual solutions for your needs. <\/p>\n\t\t\n<style>\n#text-1958866353 {\n  text-align: center;\n}\n<\/style>\n\t<\/div>\n\t\n<div class=\"row\"  id=\"row-1534689005\">\n\n\n\t<div id=\"col-82832939\" class=\"col small-12 large-12\"  >\n\t\t\t\t<div class=\"col-inner\"  >\n\t\t\t\n\t\t\t\n\n<a href=\"https:\/\/cideon-engineering.com\/en\/electrics-controls-software-2\/#3d-druck\" target=\"_blank\" class=\"button primary\" rel=\"noopener\" >\n\t\t<span>Contact us now and we will be happy to advise you!<\/span>\n\t<\/a>\n\n\n\n\t\t<\/div>\n\t\t\t\t\t<\/div>\n\n\t\n\n<\/div>\n\n\t\t<\/div>\n\t\t\t\t\t<\/div>\n\n\t\n\n<\/div>\n\n\t\t<\/div>\n\t\t\t\t\t<\/div>\n\n\t\n\n<\/div>\n\n\t\t<\/div>\n\n\t\t\n<style>\n#section_1504529999 {\n  padding-top: 30px;\n  padding-bottom: 30px;\n}\n<\/style>\n\t<\/section>\n\t\n\n","protected":false},"excerpt":{"rendered":"","protected":false},"author":8,"featured_media":0,"parent":0,"menu_order":0,"comment_status":"closed","ping_status":"closed","template":"","meta":{"content-type":"","inline_featured_image":false,"footnotes":""},"class_list":["post-10028","page","type-page","status-publish","hentry"],"yoast_head":"<!-- This site is optimized with the Yoast SEO plugin v26.9 - https:\/\/yoast.com\/product\/yoast-seo-wordpress\/ -->\n<title>Mobile drive test stand - CE Cideon Engineering<\/title>\n<meta name=\"robots\" content=\"index, follow, max-snippet:-1, max-image-preview:large, max-video-preview:-1\" \/>\n<link rel=\"canonical\" href=\"https:\/\/cideon-engineering.com\/en\/mobile-drive-test-stand\/\" \/>\n<meta property=\"og:locale\" content=\"en_US\" \/>\n<meta property=\"og:type\" content=\"article\" \/>\n<meta property=\"og:title\" content=\"Mobile drive test stand - CE Cideon Engineering\" \/>\n<meta property=\"og:url\" content=\"https:\/\/cideon-engineering.com\/en\/mobile-drive-test-stand\/\" \/>\n<meta property=\"og:site_name\" content=\"CE Cideon Engineering\" \/>\n<meta property=\"article:modified_time\" content=\"2025-03-25T10:56:36+00:00\" \/>\n<meta name=\"twitter:card\" content=\"summary_large_image\" \/>\n<meta name=\"twitter:label1\" content=\"Est. reading time\" \/>\n\t<meta name=\"twitter:data1\" content=\"2 minutes\" \/>\n<script type=\"application\/ld+json\" class=\"yoast-schema-graph\">{\"@context\":\"https:\/\/schema.org\",\"@graph\":[{\"@type\":\"WebPage\",\"@id\":\"https:\/\/cideon-engineering.com\/en\/mobile-drive-test-stand\/\",\"url\":\"https:\/\/cideon-engineering.com\/en\/mobile-drive-test-stand\/\",\"name\":\"Mobile drive test stand - CE Cideon Engineering\",\"isPartOf\":{\"@id\":\"https:\/\/cideon-engineering.com\/en\/#website\"},\"datePublished\":\"2025-03-05T13:39:51+00:00\",\"dateModified\":\"2025-03-25T10:56:36+00:00\",\"breadcrumb\":{\"@id\":\"https:\/\/cideon-engineering.com\/en\/mobile-drive-test-stand\/#breadcrumb\"},\"inLanguage\":\"en-US\",\"potentialAction\":[{\"@type\":\"ReadAction\",\"target\":[\"https:\/\/cideon-engineering.com\/en\/mobile-drive-test-stand\/\"]}]},{\"@type\":\"BreadcrumbList\",\"@id\":\"https:\/\/cideon-engineering.com\/en\/mobile-drive-test-stand\/#breadcrumb\",\"itemListElement\":[{\"@type\":\"ListItem\",\"position\":1,\"name\":\"Startseite\",\"item\":\"https:\/\/cideon-engineering.com\/en\/startpage\/\"},{\"@type\":\"ListItem\",\"position\":2,\"name\":\"Mobile drive test stand\"}]},{\"@type\":\"WebSite\",\"@id\":\"https:\/\/cideon-engineering.com\/en\/#website\",\"url\":\"https:\/\/cideon-engineering.com\/en\/\",\"name\":\"CE Cideon Engineering\",\"description\":\"making mobility happen\",\"potentialAction\":[{\"@type\":\"SearchAction\",\"target\":{\"@type\":\"EntryPoint\",\"urlTemplate\":\"https:\/\/cideon-engineering.com\/en\/?s={search_term_string}\"},\"query-input\":{\"@type\":\"PropertyValueSpecification\",\"valueRequired\":true,\"valueName\":\"search_term_string\"}}],\"inLanguage\":\"en-US\"}]}<\/script>\n<!-- \/ Yoast SEO plugin. -->","yoast_head_json":{"title":"Mobile drive test stand - CE Cideon Engineering","robots":{"index":"index","follow":"follow","max-snippet":"max-snippet:-1","max-image-preview":"max-image-preview:large","max-video-preview":"max-video-preview:-1"},"canonical":"https:\/\/cideon-engineering.com\/en\/mobile-drive-test-stand\/","og_locale":"en_US","og_type":"article","og_title":"Mobile drive test stand - CE Cideon Engineering","og_url":"https:\/\/cideon-engineering.com\/en\/mobile-drive-test-stand\/","og_site_name":"CE Cideon Engineering","article_modified_time":"2025-03-25T10:56:36+00:00","twitter_card":"summary_large_image","twitter_misc":{"Est. reading time":"2 minutes"},"schema":{"@context":"https:\/\/schema.org","@graph":[{"@type":"WebPage","@id":"https:\/\/cideon-engineering.com\/en\/mobile-drive-test-stand\/","url":"https:\/\/cideon-engineering.com\/en\/mobile-drive-test-stand\/","name":"Mobile drive test stand - CE Cideon Engineering","isPartOf":{"@id":"https:\/\/cideon-engineering.com\/en\/#website"},"datePublished":"2025-03-05T13:39:51+00:00","dateModified":"2025-03-25T10:56:36+00:00","breadcrumb":{"@id":"https:\/\/cideon-engineering.com\/en\/mobile-drive-test-stand\/#breadcrumb"},"inLanguage":"en-US","potentialAction":[{"@type":"ReadAction","target":["https:\/\/cideon-engineering.com\/en\/mobile-drive-test-stand\/"]}]},{"@type":"BreadcrumbList","@id":"https:\/\/cideon-engineering.com\/en\/mobile-drive-test-stand\/#breadcrumb","itemListElement":[{"@type":"ListItem","position":1,"name":"Startseite","item":"https:\/\/cideon-engineering.com\/en\/startpage\/"},{"@type":"ListItem","position":2,"name":"Mobile drive test stand"}]},{"@type":"WebSite","@id":"https:\/\/cideon-engineering.com\/en\/#website","url":"https:\/\/cideon-engineering.com\/en\/","name":"CE Cideon Engineering","description":"making mobility happen","potentialAction":[{"@type":"SearchAction","target":{"@type":"EntryPoint","urlTemplate":"https:\/\/cideon-engineering.com\/en\/?s={search_term_string}"},"query-input":{"@type":"PropertyValueSpecification","valueRequired":true,"valueName":"search_term_string"}}],"inLanguage":"en-US"}]}},"_links":{"self":[{"href":"https:\/\/cideon-engineering.com\/en\/wp-json\/wp\/v2\/pages\/10028","targetHints":{"allow":["GET"]}}],"collection":[{"href":"https:\/\/cideon-engineering.com\/en\/wp-json\/wp\/v2\/pages"}],"about":[{"href":"https:\/\/cideon-engineering.com\/en\/wp-json\/wp\/v2\/types\/page"}],"author":[{"embeddable":true,"href":"https:\/\/cideon-engineering.com\/en\/wp-json\/wp\/v2\/users\/8"}],"replies":[{"embeddable":true,"href":"https:\/\/cideon-engineering.com\/en\/wp-json\/wp\/v2\/comments?post=10028"}],"version-history":[{"count":4,"href":"https:\/\/cideon-engineering.com\/en\/wp-json\/wp\/v2\/pages\/10028\/revisions"}],"predecessor-version":[{"id":10160,"href":"https:\/\/cideon-engineering.com\/en\/wp-json\/wp\/v2\/pages\/10028\/revisions\/10160"}],"wp:attachment":[{"href":"https:\/\/cideon-engineering.com\/en\/wp-json\/wp\/v2\/media?parent=10028"}],"curies":[{"name":"wp","href":"https:\/\/api.w.org\/{rel}","templated":true}]}}