{"id":2272,"date":"2021-01-05T14:40:18","date_gmt":"2021-01-05T13:40:18","guid":{"rendered":"https:\/\/www.cideon-engineering.com\/chemnitz\/"},"modified":"2026-04-01T08:44:57","modified_gmt":"2026-04-01T06:44:57","slug":"chemnitz","status":"publish","type":"page","link":"https:\/\/cideon-engineering.com\/en\/startpage\/locations\/chemnitz\/","title":{"rendered":"Chemnitz"},"content":{"rendered":"\n<div class=\"row\"  id=\"row-858171377\">\n\n\n\t<div id=\"col-1017916423\" class=\"col small-12 large-12\"  data-animate=\"blurIn\">\n\t\t\t\t<div class=\"col-inner\"  >\n\t\t\t\n\t\t\t\n\n\t<div id=\"gap-1545836158\" class=\"gap-element clearfix\" style=\"display:block; height:auto;\">\n\t\t\n<style>\n#gap-1545836158 {\n  padding-top: 64px;\n}\n<\/style>\n\t<\/div>\n\t\n\n<h1>Standort Chemnitz<\/h1>\n<p>Chemnitz liegt am Nordrand des Erzgebirges und blickt auf eine lange industrielle Tradition zur\u00fcck. Heute ist die Stadt ein bedeutender Standort f\u00fcr Maschinenbau, Automobilzulieferung und Forschung \u2013 und trug 2025 den Titel der <strong data-start=\"441\" data-end=\"469\">Kulturhauptstadt Europas<\/strong>. Unser Standort befindet sich im Gewerbepark des ehemaligen Reichsbahnausbesserungswerkes <strong>(RAW Chemnitz<\/strong>).<\/p>\n\n\t<section class=\"section\" id=\"section_1633837626\">\n\t\t<div class=\"section-bg fill\" >\n\t\t\t\t\t\t\t\t\t\n\t\t\t\n\n\t\t<\/div>\n\n\t\t\n\n\t\t<div class=\"section-content relative\">\n\t\t\t\n\n<div class=\"container section-title-container\" ><h2 class=\"section-title section-title-center\"><b aria-hidden=\"true\"><\/b><span class=\"section-title-main\" >Anschrift &amp; Anreise<\/span><b aria-hidden=\"true\"><\/b><\/h2><\/div>\n\n<div class=\"row\"  id=\"row-1306964396\">\n\n\n\t<div id=\"col-510215162\" class=\"col medium-6 small-12 large-6\"  >\n\t\t\t\t<div class=\"col-inner\"  >\n\t\t\t\n\t\t\t\n\n<p><strong>Anschrift<\/strong><\/p>\n<p><span class=\"LrzXr\">CE cideon engineering GmbH &amp; Co. KG<br \/>RAW-Gel\u00e4nde &#8211; Geb\u00e4ude 70-2<\/span><br \/>3. und 4. Etage<br \/>Emilienstra\u00dfe 45<br \/><span class=\"LrzXr\">09131 Chemnitz<\/span><\/p>\n<p><span class=\"LrzXr zdqRlf kno-fv\"><span role=\"link\" aria-label=\"0371 774150 anrufen\">Tel.: +49 371 774150<\/span><\/span><\/p>\n<p>\u00a0<\/p>\n\n\t\t<\/div>\n\t\t\t\t\t<\/div>\n\n\t\n\n\t<div id=\"col-570686027\" class=\"col medium-6 small-12 large-6\"  >\n\t\t\t\t<div class=\"col-inner\"  >\n\t\t\t\n\t\t\t\n\n<p><strong>Anreise\u00a0<\/strong><\/p>\n<p><strong>PKW:<\/strong><\/p>\n<ul>\n<li>Die Einfahrt auf das Gel\u00e4nde erfolgt \u00fcber die Frankenberger Str. 155d. Bitte melden Sie sich beim Pf\u00f6rtner, er zeigt Ihnen den Weg.<\/li>\n<li>Google Maps: &#8220;Zufahrt Werk Chemnitz<\/li>\n<\/ul>\n<p><strong>\u00d6ffis\/ Fu\u00dfg\u00e4nger<\/strong><\/p>\n<ul>\n<li>Der Zugang erfolgt \u00fcber die Emilienstra\u00dfe 43-45.\u00a0<\/li>\n<li>Vom Hauptbahnhof Buslinie 32 Haltestelle: Christian-Wehner-Stra\u00dfe<\/li>\n<li>Wir holen Sie am Tor ab.<\/li>\n<\/ul>\n\n\t\t<\/div>\n\t\t\t\t\t<\/div>\n\n\t\n\n<\/div>\n\t<div id=\"gap-1295142053\" class=\"gap-element clearfix\" style=\"display:block; height:auto;\">\n\t\t\n<style>\n#gap-1295142053 {\n  padding-top: 30px;\n}\n<\/style>\n\t<\/div>\n\t\n\n\t<div id=\"text-3092459475\" class=\"text\">\n\t\t\n\n<p><strong>Unsere <\/strong><strong>Standortpl\u00e4ne zum Download<\/strong><\/p>\n\t\t\n<style>\n#text-3092459475 {\n  text-align: center;\n}\n<\/style>\n\t<\/div>\n\t\n<div class=\"row\"  id=\"row-1176139063\">\n\n\n\t<div id=\"col-657841141\" class=\"col medium-6 small-12 large-6\"  >\n\t\t\t\t<div class=\"col-inner text-right\"  >\n\t\t\t\n\t\t\t\n\n<a href=\"https:\/\/cideon-engineering.com\/wp-content\/uploads\/2026\/03\/Chemnitz-Standort-Fussweg-karte-komprimiert-2.pdf\" target=\"_blank\" class=\"button primary lowercase\" rel=\"noopener\" >\n\t\t<span>Fu\u00dfg\u00e4nger<\/span>\n\t<\/a>\n\n\n\n\t\t<\/div>\n\t\t\t\t\t<\/div>\n\n\t\n\n\t<div id=\"col-62764392\" class=\"col medium-6 small-12 large-6\"  >\n\t\t\t\t<div class=\"col-inner text-left\"  >\n\t\t\t\n\t\t\t\n\n<a href=\"https:\/\/cideon-engineering.com\/wp-content\/uploads\/2026\/03\/Chemnitz-Standort-karte-komprimiert.pdf\" target=\"_blank\" class=\"button primary lowercase\" rel=\"noopener\" >\n\t\t<span>Kraftfahrer<\/span>\n\t<\/a>\n\n\n\n\t\t<\/div>\n\t\t\t\t\t<\/div>\n\n\t\n\n<\/div>\n\n\t\t<\/div>\n\n\t\t\n<style>\n#section_1633837626 {\n  padding-top: 30px;\n  padding-bottom: 30px;\n}\n<\/style>\n\t<\/section>\n\t\n\n\t\t<\/div>\n\t\t\t\t\t<\/div>\n\n\t\n\n<\/div>\n<div class=\"row\"  id=\"row-1789553747\">\n\n\n\t<div id=\"col-930075613\" class=\"col medium-6 small-12 large-6\"  data-animate=\"fadeInLeft\">\n\t\t\t\t<div class=\"col-inner\"  >\n\t\t\t\n\t\t\t\n\n\n\n <div class=\"brlbs-cmpnt-container brlbs-cmpnt-content-blocker brlbs-cmpnt-with-individual-styles\" data-borlabs-cookie-content-blocker-id=\"google-maps\" data-borlabs-cookie-content=\"PGlmcmFtZSAKICBzcmM9Imh0dHBzOi8vd3d3Lmdvb2dsZS5jb20vbWFwcz9xPTUwLjg1NTUxMDgxMzE4ODEzLDEyLjkzNjI4MTgwMTk4NTQ1MyZ6PTE3Jm91dHB1dD1lbWJlZCIKICB3aWR0aD0iMTAwJSIgCiAgaGVpZ2h0PSI0MDAiIAogIHN0eWxlPSJib3JkZXI6MDsgYm9yZGVyLXJhZGl1czoxMnB4OyIgCiAgYWxsb3dmdWxsc2NyZWVuPSIiIAogIGxvYWRpbmc9ImxhenkiIAogIHJlZmVycmVycG9saWN5PSJuby1yZWZlcnJlci13aGVuLWRvd25ncmFkZSI+CjwvaWZyYW1lPg==\"><div class=\"brlbs-cmpnt-cb-preset-b brlbs-cmpnt-cb-google-maps\"> <div class=\"brlbs-cmpnt-cb-thumbnail\" style=\"background-image: url('https:\/\/cideon-engineering.com\/wp-content\/uploads\/borlabs-cookie\/1\/brlbs-cb-google-maps-main.png')\"><\/div> <div class=\"brlbs-cmpnt-cb-main\"> <div class=\"brlbs-cmpnt-cb-content\"> <p class=\"brlbs-cmpnt-cb-description\">You are currently viewing a placeholder content from <strong>Google Maps<\/strong>. To access the actual content, click the button below. Please note that doing so will share data with third-party providers.<\/p> <a class=\"brlbs-cmpnt-cb-provider-toggle\" href=\"#\" data-borlabs-cookie-show-provider-information role=\"button\">More Information<\/a> <\/div> <div class=\"brlbs-cmpnt-cb-buttons\"> <a class=\"brlbs-cmpnt-cb-btn\" href=\"#\" data-borlabs-cookie-unblock role=\"button\">Unblock content<\/a> <a class=\"brlbs-cmpnt-cb-btn\" href=\"#\" data-borlabs-cookie-accept-service role=\"button\" style=\"display: inherit\">Accept required service and unblock content<\/a> <\/div> <\/div> <\/div><\/div>\n\n\n\t\t<\/div>\n\t\t\t\t\t<\/div>\n\n\t\n\n\t<div id=\"col-1131727946\" class=\"col medium-6 small-12 large-6\"  >\n\t\t\t\t<div class=\"col-inner\"  >\n\t\t\t\n\t\t\t\n\n\n\t\t<\/div>\n\t\t\t\t\t<\/div>\n\n\t\n\n<\/div>\n\n\t<section class=\"section\" id=\"section_1387449376\">\n\t\t<div class=\"section-bg fill\" >\n\t\t\t\t\t\t\t\t\t\n\t\t\t\n\n\t\t<\/div>\n\n\t\t\n\n\t\t<div class=\"section-content relative\">\n\t\t\t\n\n\t<div id=\"gap-873678307\" class=\"gap-element clearfix\" style=\"display:block; height:auto;\">\n\t\t\n<style>\n#gap-873678307 {\n  padding-top: 30px;\n}\n<\/style>\n\t<\/div>\n\t\n\n\n\t\t<\/div>\n\n\t\t\n<style>\n#section_1387449376 {\n  padding-top: 30px;\n  padding-bottom: 30px;\n  min-height: 30px;\n}\n<\/style>\n\t<\/section>\n\t\n<div class=\"row\"  id=\"row-610952579\">\n\n\n\t<div id=\"col-966353376\" class=\"col small-12 large-12\"  data-animate=\"blurIn\">\n\t\t\t\t<div class=\"col-inner\"  >\n\t\t\t\n\t\t\t\n\n<div class=\"container section-title-container\" ><h2 class=\"section-title section-title-center\"><b aria-hidden=\"true\"><\/b><span class=\"section-title-main\" >Contact person on site<\/span><b aria-hidden=\"true\"><\/b><\/h2><\/div>\n\n\n\t\t<\/div>\n\t\t\t\t\t<\/div>\n\n\t\n\n<\/div>\n<div class=\"row\"  id=\"row-397312373\">\n\n\n\t<div id=\"col-1568984318\" class=\"col medium-6 small-12 large-6\"  data-animate=\"fadeInLeft\">\n\t\t\t\t<div class=\"col-inner\"  >\n\t\t\t\n\t\t\t\n\n\t<div class=\"box has-hover   has-hover box-text-bottom\" >\n\n\t\t<div class=\"box-image\" >\n\t\t\t\t\t\t<div class=\"\" >\n\t\t\t\t<img loading=\"lazy\" decoding=\"async\" width=\"1280\" height=\"853\" src=\"https:\/\/cideon-engineering.com\/wp-content\/uploads\/2022\/01\/MichaelKluge.jpg\" class=\"attachment- size-\" alt=\"Ansprechpartner\" srcset=\"https:\/\/cideon-engineering.com\/wp-content\/uploads\/2022\/01\/MichaelKluge.jpg 1280w, https:\/\/cideon-engineering.com\/wp-content\/uploads\/2022\/01\/MichaelKluge-300x200.jpg 300w, https:\/\/cideon-engineering.com\/wp-content\/uploads\/2022\/01\/MichaelKluge-1024x682.jpg 1024w, https:\/\/cideon-engineering.com\/wp-content\/uploads\/2022\/01\/MichaelKluge-768x512.jpg 768w\" sizes=\"auto, (max-width: 1280px) 100vw, 1280px\" \/>\t\t\t\t\t\t\t\t\t\t\t<\/div>\n\t\t\t\t\t<\/div>\n\n\t\t<div class=\"box-text text-center\" >\n\t\t\t<div class=\"box-text-inner\">\n\t\t\t\t\n\n<h4>Michael Kluge<\/h4>\n<p>Head of Onsite Engineering<br><a href=\"mailto:sales@cideon-engineering.com\"><strong>sales@cideon-engineering.com<\/strong><\/a><\/p>\n\n\t\t\t<\/div>\n\t\t<\/div>\n\t<\/div>\n\t\n\n\t\t<\/div>\n\t\t\t\t\t<\/div>\n\n\t\n\n\t<div id=\"col-1091418217\" class=\"col medium-6 small-12 large-6\"  data-animate=\"fadeInLeft\">\n\t\t\t\t<div class=\"col-inner\"  >\n\t\t\t\n\t\t\t\n\n\t<div class=\"box has-hover   has-hover box-text-bottom\" >\n\n\t\t<div class=\"box-image\" >\n\t\t\t\t\t\t<div class=\"\" >\n\t\t\t\t<img loading=\"lazy\" decoding=\"async\" width=\"1280\" height=\"853\" src=\"https:\/\/cideon-engineering.com\/wp-content\/uploads\/2021\/06\/Aspeleiter.jpg\" class=\"attachment- size-\" alt=\"Leiter ECS\" srcset=\"https:\/\/cideon-engineering.com\/wp-content\/uploads\/2021\/06\/Aspeleiter.jpg 1280w, https:\/\/cideon-engineering.com\/wp-content\/uploads\/2021\/06\/Aspeleiter-300x200.jpg 300w, https:\/\/cideon-engineering.com\/wp-content\/uploads\/2021\/06\/Aspeleiter-1024x682.jpg 1024w, https:\/\/cideon-engineering.com\/wp-content\/uploads\/2021\/06\/Aspeleiter-768x512.jpg 768w\" sizes=\"auto, (max-width: 1280px) 100vw, 1280px\" \/>\t\t\t\t\t\t\t\t\t\t\t<\/div>\n\t\t\t\t\t<\/div>\n\n\t\t<div class=\"box-text text-center\" >\n\t\t\t<div class=\"box-text-inner\">\n\t\t\t\t\n\n<h4>Andreas Aspeleiter<\/h4>\n<p>Leiter E&amp;S<br \/><a href=\"mailto:sales@cideon-engineering.com\"><strong>sales@cideon-engineering.com<\/strong><\/a><\/p>\n\n\t\t\t<\/div>\n\t\t<\/div>\n\t<\/div>\n\t\n\n\t\t<\/div>\n\t\t\t\t\t<\/div>\n\n\t\n\n<\/div>\n<div class=\"row\"  id=\"row-1426847044\">\n\n\n\t<div id=\"col-705311442\" class=\"col small-12 large-12\"  data-animate=\"blurIn\">\n\t\t\t\t<div class=\"col-inner\"  >\n\t\t\t\n\t\t\t\n\n\n\t<section class=\"section\" id=\"section_1202584618\">\n\t\t<div class=\"section-bg fill\" >\n\t\t\t\t\t\t\t\t\t\n\t\t\t\n\n\t\t<\/div>\n\n\t\t\n\n\t\t<div class=\"section-content relative\">\n\t\t\t\n\n\t<div id=\"gap-2096778102\" class=\"gap-element clearfix\" style=\"display:block; height:auto;\">\n\t\t\n<style>\n#gap-2096778102 {\n  padding-top: 30px;\n}\n<\/style>\n\t<\/div>\n\t\n\n\n\t\t<\/div>\n\n\t\t\n<style>\n#section_1202584618 {\n  padding-top: 30px;\n  padding-bottom: 30px;\n}\n<\/style>\n\t<\/section>\n\t\n\n\t\t<\/div>\n\t\t\t\t\t<\/div>\n\n\t\n\n<\/div>\n\n","protected":false},"excerpt":{"rendered":"","protected":false},"author":8,"featured_media":0,"parent":2275,"menu_order":0,"comment_status":"closed","ping_status":"closed","template":"","meta":{"content-type":"","inline_featured_image":false,"footnotes":""},"class_list":["post-2272","page","type-page","status-publish","hentry"],"yoast_head":"<!-- This site is optimized with the Yoast SEO plugin v26.9 - https:\/\/yoast.com\/product\/yoast-seo-wordpress\/ -->\n<title>Chemnitz - CE Cideon Engineering<\/title>\n<meta name=\"robots\" content=\"index, follow, max-snippet:-1, max-image-preview:large, max-video-preview:-1\" \/>\n<link rel=\"canonical\" href=\"https:\/\/cideon-engineering.com\/en\/startpage\/locations\/chemnitz\/\" \/>\n<meta property=\"og:locale\" content=\"en_US\" \/>\n<meta property=\"og:type\" content=\"article\" \/>\n<meta property=\"og:title\" content=\"Chemnitz - CE Cideon Engineering\" \/>\n<meta property=\"og:url\" content=\"https:\/\/cideon-engineering.com\/en\/startpage\/locations\/chemnitz\/\" \/>\n<meta property=\"og:site_name\" content=\"CE Cideon Engineering\" \/>\n<meta property=\"article:modified_time\" content=\"2026-04-01T06:44:57+00:00\" \/>\n<meta name=\"twitter:card\" content=\"summary_large_image\" \/>\n<meta name=\"twitter:label1\" content=\"Est. reading time\" \/>\n\t<meta name=\"twitter:data1\" content=\"1 minute\" \/>\n<script type=\"application\/ld+json\" class=\"yoast-schema-graph\">{\"@context\":\"https:\/\/schema.org\",\"@graph\":[{\"@type\":\"WebPage\",\"@id\":\"https:\/\/cideon-engineering.com\/en\/startpage\/locations\/chemnitz\/\",\"url\":\"https:\/\/cideon-engineering.com\/en\/startpage\/locations\/chemnitz\/\",\"name\":\"Chemnitz - CE Cideon Engineering\",\"isPartOf\":{\"@id\":\"https:\/\/cideon-engineering.com\/en\/#website\"},\"datePublished\":\"2021-01-05T13:40:18+00:00\",\"dateModified\":\"2026-04-01T06:44:57+00:00\",\"breadcrumb\":{\"@id\":\"https:\/\/cideon-engineering.com\/en\/startpage\/locations\/chemnitz\/#breadcrumb\"},\"inLanguage\":\"en-US\",\"potentialAction\":[{\"@type\":\"ReadAction\",\"target\":[\"https:\/\/cideon-engineering.com\/en\/startpage\/locations\/chemnitz\/\"]}]},{\"@type\":\"BreadcrumbList\",\"@id\":\"https:\/\/cideon-engineering.com\/en\/startpage\/locations\/chemnitz\/#breadcrumb\",\"itemListElement\":[{\"@type\":\"ListItem\",\"position\":1,\"name\":\"Startseite\",\"item\":\"https:\/\/cideon-engineering.com\/en\/startpage\/\"},{\"@type\":\"ListItem\",\"position\":2,\"name\":\"Home page\",\"item\":\"https:\/\/cideon-engineering.com\/en\/startpage\/\"},{\"@type\":\"ListItem\",\"position\":3,\"name\":\"Locations\",\"item\":\"https:\/\/cideon-engineering.com\/en\/unternehmen\/standorte\/\"},{\"@type\":\"ListItem\",\"position\":4,\"name\":\"Chemnitz\"}]},{\"@type\":\"WebSite\",\"@id\":\"https:\/\/cideon-engineering.com\/en\/#website\",\"url\":\"https:\/\/cideon-engineering.com\/en\/\",\"name\":\"CE Cideon Engineering\",\"description\":\"making mobility happen\",\"potentialAction\":[{\"@type\":\"SearchAction\",\"target\":{\"@type\":\"EntryPoint\",\"urlTemplate\":\"https:\/\/cideon-engineering.com\/en\/?s={search_term_string}\"},\"query-input\":{\"@type\":\"PropertyValueSpecification\",\"valueRequired\":true,\"valueName\":\"search_term_string\"}}],\"inLanguage\":\"en-US\"}]}<\/script>\n<!-- \/ Yoast SEO plugin. -->","yoast_head_json":{"title":"Chemnitz - CE Cideon Engineering","robots":{"index":"index","follow":"follow","max-snippet":"max-snippet:-1","max-image-preview":"max-image-preview:large","max-video-preview":"max-video-preview:-1"},"canonical":"https:\/\/cideon-engineering.com\/en\/startpage\/locations\/chemnitz\/","og_locale":"en_US","og_type":"article","og_title":"Chemnitz - CE Cideon Engineering","og_url":"https:\/\/cideon-engineering.com\/en\/startpage\/locations\/chemnitz\/","og_site_name":"CE Cideon Engineering","article_modified_time":"2026-04-01T06:44:57+00:00","twitter_card":"summary_large_image","twitter_misc":{"Est. reading time":"1 minute"},"schema":{"@context":"https:\/\/schema.org","@graph":[{"@type":"WebPage","@id":"https:\/\/cideon-engineering.com\/en\/startpage\/locations\/chemnitz\/","url":"https:\/\/cideon-engineering.com\/en\/startpage\/locations\/chemnitz\/","name":"Chemnitz - CE Cideon Engineering","isPartOf":{"@id":"https:\/\/cideon-engineering.com\/en\/#website"},"datePublished":"2021-01-05T13:40:18+00:00","dateModified":"2026-04-01T06:44:57+00:00","breadcrumb":{"@id":"https:\/\/cideon-engineering.com\/en\/startpage\/locations\/chemnitz\/#breadcrumb"},"inLanguage":"en-US","potentialAction":[{"@type":"ReadAction","target":["https:\/\/cideon-engineering.com\/en\/startpage\/locations\/chemnitz\/"]}]},{"@type":"BreadcrumbList","@id":"https:\/\/cideon-engineering.com\/en\/startpage\/locations\/chemnitz\/#breadcrumb","itemListElement":[{"@type":"ListItem","position":1,"name":"Startseite","item":"https:\/\/cideon-engineering.com\/en\/startpage\/"},{"@type":"ListItem","position":2,"name":"Home page","item":"https:\/\/cideon-engineering.com\/en\/startpage\/"},{"@type":"ListItem","position":3,"name":"Locations","item":"https:\/\/cideon-engineering.com\/en\/unternehmen\/standorte\/"},{"@type":"ListItem","position":4,"name":"Chemnitz"}]},{"@type":"WebSite","@id":"https:\/\/cideon-engineering.com\/en\/#website","url":"https:\/\/cideon-engineering.com\/en\/","name":"CE Cideon Engineering","description":"making mobility happen","potentialAction":[{"@type":"SearchAction","target":{"@type":"EntryPoint","urlTemplate":"https:\/\/cideon-engineering.com\/en\/?s={search_term_string}"},"query-input":{"@type":"PropertyValueSpecification","valueRequired":true,"valueName":"search_term_string"}}],"inLanguage":"en-US"}]}},"_links":{"self":[{"href":"https:\/\/cideon-engineering.com\/en\/wp-json\/wp\/v2\/pages\/2272","targetHints":{"allow":["GET"]}}],"collection":[{"href":"https:\/\/cideon-engineering.com\/en\/wp-json\/wp\/v2\/pages"}],"about":[{"href":"https:\/\/cideon-engineering.com\/en\/wp-json\/wp\/v2\/types\/page"}],"author":[{"embeddable":true,"href":"https:\/\/cideon-engineering.com\/en\/wp-json\/wp\/v2\/users\/8"}],"replies":[{"embeddable":true,"href":"https:\/\/cideon-engineering.com\/en\/wp-json\/wp\/v2\/comments?post=2272"}],"version-history":[{"count":42,"href":"https:\/\/cideon-engineering.com\/en\/wp-json\/wp\/v2\/pages\/2272\/revisions"}],"predecessor-version":[{"id":11735,"href":"https:\/\/cideon-engineering.com\/en\/wp-json\/wp\/v2\/pages\/2272\/revisions\/11735"}],"up":[{"embeddable":true,"href":"https:\/\/cideon-engineering.com\/en\/wp-json\/wp\/v2\/pages\/2275"}],"wp:attachment":[{"href":"https:\/\/cideon-engineering.com\/en\/wp-json\/wp\/v2\/media?parent=2272"}],"curies":[{"name":"wp","href":"https:\/\/api.w.org\/{rel}","templated":true}]}}