{"id":2273,"date":"2021-01-05T14:25:51","date_gmt":"2021-01-05T13:25:51","guid":{"rendered":"https:\/\/www.cideon-engineering.com\/dresden\/"},"modified":"2025-03-11T13:15:12","modified_gmt":"2025-03-11T12:15:12","slug":"dresden","status":"publish","type":"page","link":"https:\/\/cideon-engineering.com\/en\/startpage\/locations\/dresden\/","title":{"rendered":"Dresden"},"content":{"rendered":"\n<div class=\"row\"  id=\"row-99644922\">\n\n\n\t<div id=\"col-704002823\" class=\"col small-12 large-12\"  data-animate=\"blurIn\">\n\t\t\t\t<div class=\"col-inner\"  >\n\t\t\t\n\t\t\t\n\n\t<div id=\"gap-1474623572\" class=\"gap-element clearfix\" style=\"display:block; height:auto;\">\n\t\t\n<style>\n#gap-1474623572 {\n  padding-top: 64px;\n}\n<\/style>\n\t<\/div>\n\t\n\n<h1>Dresden location<\/h1>\n<p>We have one location in <a href=\"http:\/\/www.dresden.de\">Dresden<\/a>, the capital of the Free State of Saxony. The city lies on both sides of the Elbe, nestled between the foothills of the Eastern Ore Mountains, the steep slopes of the Lusatian Granite Plateau and the Elbe Sandstone Mountains<\/a>.<\/p>\n\n\t<section class=\"section\" id=\"section_458481837\">\n\t\t<div class=\"section-bg fill\" >\n\t\t\t\t\t\t\t\t\t\n\t\t\t\n\n\t\t<\/div>\n\n\t\t\n\n\t\t<div class=\"section-content relative\">\n\t\t\t\n\n<div class=\"container section-title-container\" ><h2 class=\"section-title section-title-center\"><b aria-hidden=\"true\"><\/b><span class=\"section-title-main\" >Address &amp; Directions<\/span><b aria-hidden=\"true\"><\/b><\/h2><\/div>\n\n<div class=\"row\"  id=\"row-431350166\">\n\n\n\t<div id=\"col-1668871756\" class=\"col medium-6 small-12 large-6\"  >\n\t\t\t\t<div class=\"col-inner\"  >\n\t\t\t\n\t\t\t\n\n<p><strong>Address &#8211; ATTENTION we have moved<\/strong><\/p>\n<p><span class=\"LrzXr\">CE cideon engineering GmbH &amp; Co. KG<br><\/span>K\u00f6nigsbr\u00fccker Str. 96<\/p>\n<p>01099 Dresden<\/p>\n<p><span class=\"LrzXr zdqRlf kno-fv\"><span role=\"link\" aria-label=\"0371 774150 anrufen\">Phone: +49(351)213319-0<br><\/span><\/span><\/p>\n<p> <\/p>\n\n\t\t<\/div>\n\t\t\t\t\t<\/div>\n\n\t\n\n\t<div id=\"col-1470158346\" class=\"col medium-6 small-12 large-6\"  >\n\t\t\t\t<div class=\"col-inner\"  >\n\t\t\t\n\t\t\t\n\n<p><strong>Travel advice<\/strong><\/p>\n<ul>\n<li>Follow the B97 (K\u00f6nigsbr\u00fccker Stra\u00dfe), when you reach the Zeitenstr\u00f6mung industrial estate, our office is located directly in the first building on the left-hand side.<\/li>\n<li>Car: there are parking spaces on the premises<\/li>\n<li>Streetcar: stop Heeresb\u00e4ckerei (city archive)<\/li>\n<\/ul>\n\n\t\t<\/div>\n\t\t\t\t\t<\/div>\n\n\t\n\n<\/div>\n\n\t\t<\/div>\n\n\t\t\n<style>\n#section_458481837 {\n  padding-top: 30px;\n  padding-bottom: 30px;\n}\n<\/style>\n\t<\/section>\n\t\n\n\t\t<\/div>\n\t\t\t\t\t<\/div>\n\n\t\n\n<\/div>\n<div class=\"row\"  id=\"row-1219656778\">\n\n\n\t<div id=\"col-521825718\" class=\"col medium-4 small-12 large-4\"  data-animate=\"fadeInLeft\">\n\t\t\t\t<div class=\"col-inner\"  >\n\t\t\t\n\t\t\t\n\n\t<div id=\"gap-218623104\" class=\"gap-element clearfix\" style=\"display:block; height:auto;\">\n\t\t\n<style>\n#gap-218623104 {\n  padding-top: 30px;\n}\n<\/style>\n\t<\/div>\n\t\n\n\n\n <div class=\"brlbs-cmpnt-container brlbs-cmpnt-content-blocker brlbs-cmpnt-with-individual-styles\" data-borlabs-cookie-content-blocker-id=\"google-maps\" data-borlabs-cookie-content=\"PGlmcmFtZSBzcmM9Imh0dHBzOi8vd3d3Lmdvb2dsZS5jb20vbWFwcy9lbWJlZD9wYj0hMW0xOCExbTEyITFtMyExZDI1MDYuNTQzNDQyNDc0MTgzITJkMTMuNzU5NDA4Njc2ODc5NzM3ITNkNTEuMDc5OTc3NTQxODM3NjEhMm0zITFmMCEyZjAhM2YwITNtMiExaTEwMjQhMmk3NjghNGYxMy4xITNtMyExbTIhMXMweDQ3MDljOTkxNjZmMmYwODklM0EweGY4OWMwM2MyYTNkZTQzNDghMnNDRSUyMGNpZGVvbiUyMGVuZ2luZWVyaW5nJTIwR21iSCUyMCUyNiUyMENvLiUyMEtHITVlMCEzbTIhMXNlbiEyc2RlITR2MTczMjcwMTI1MDk3NCE1bTIhMXNlbiEyc2RlIiB3aWR0aD0iNjAwIiBoZWlnaHQ9IjQ1MCIgc3R5bGU9ImJvcmRlcjowOyIgYWxsb3dmdWxsc2NyZWVuPSIiIGxvYWRpbmc9ImxhenkiIHJlZmVycmVycG9saWN5PSJuby1yZWZlcnJlci13aGVuLWRvd25ncmFkZSI+PC9pZnJhbWU+\"><div class=\"brlbs-cmpnt-cb-preset-b brlbs-cmpnt-cb-google-maps\"> <div class=\"brlbs-cmpnt-cb-thumbnail\" style=\"background-image: url('https:\/\/cideon-engineering.com\/wp-content\/uploads\/borlabs-cookie\/1\/brlbs-cb-google-maps-main.png')\"><\/div> <div class=\"brlbs-cmpnt-cb-main\"> <div class=\"brlbs-cmpnt-cb-content\"> <p class=\"brlbs-cmpnt-cb-description\">You are currently viewing a placeholder content from <strong>Google Maps<\/strong>. To access the actual content, click the button below. Please note that doing so will share data with third-party providers.<\/p> <a class=\"brlbs-cmpnt-cb-provider-toggle\" href=\"#\" data-borlabs-cookie-show-provider-information role=\"button\">More Information<\/a> <\/div> <div class=\"brlbs-cmpnt-cb-buttons\"> <a class=\"brlbs-cmpnt-cb-btn\" href=\"#\" data-borlabs-cookie-unblock role=\"button\">Unblock content<\/a> <a class=\"brlbs-cmpnt-cb-btn\" href=\"#\" data-borlabs-cookie-accept-service role=\"button\" style=\"display: inherit\">Accept required service and unblock content<\/a> <\/div> <\/div> <\/div><\/div>\n\n\n\t\t<\/div>\n\t\t\t\t\t<\/div>\n\n\t\n\n\t<div id=\"col-1958415397\" class=\"col medium-4 small-12 large-4\"  >\n\t\t\t\t<div class=\"col-inner\"  >\n\t\t\t\n\t\t\t\n\n\t<div class=\"img has-hover x md-x lg-x y md-y lg-y\" id=\"image_607253379\">\n\t\t\t\t\t\t<div data-animate=\"fadeInLeft\">\t\t<div class=\"img-inner image-cover dark\" style=\"padding-top:75%;\">\n\t\t\t<img loading=\"lazy\" decoding=\"async\" width=\"1200\" height=\"800\" src=\"https:\/\/cideon-engineering.com\/wp-content\/uploads\/2024\/06\/waterfall_halle12.jpg\" class=\"attachment-original size-original\" alt=\"Foto: zeitenstroemung.de\" srcset=\"https:\/\/cideon-engineering.com\/wp-content\/uploads\/2024\/06\/waterfall_halle12.jpg 1200w, https:\/\/cideon-engineering.com\/wp-content\/uploads\/2024\/06\/waterfall_halle12-300x200.jpg 300w, https:\/\/cideon-engineering.com\/wp-content\/uploads\/2024\/06\/waterfall_halle12-1024x683.jpg 1024w, https:\/\/cideon-engineering.com\/wp-content\/uploads\/2024\/06\/waterfall_halle12-768x512.jpg 768w\" sizes=\"auto, (max-width: 1200px) 100vw, 1200px\" \/>\t\t\t\t\t\t\n\t\t\t\t\t<\/div>\n\t\t<\/div>\t\t\t\t\t\t\n<style>\n#image_607253379 {\n  width: 100%;\n}\n<\/style>\n\t<\/div>\n\t\n\n\n\t\t<\/div>\n\t\t\t\t\t<\/div>\n\n\t\n\n\t<div id=\"col-354558502\" class=\"col medium-4 small-12 large-4\"  >\n\t\t\t\t<div class=\"col-inner\"  >\n\t\t\t\n\t\t\t\n\n\t<div class=\"img has-hover x md-x lg-x y md-y lg-y\" id=\"image_1422763189\">\n\t\t\t\t\t\t\t\t<div class=\"img-inner dark\" >\n\t\t\t<img loading=\"lazy\" decoding=\"async\" width=\"816\" height=\"523\" src=\"https:\/\/cideon-engineering.com\/wp-content\/uploads\/2024\/09\/Zeitenstroemung-Dresden_CE_Gebaeude-30.png\" class=\"attachment-large size-large\" alt=\"Gel\u00e4ndeplan\" srcset=\"https:\/\/cideon-engineering.com\/wp-content\/uploads\/2024\/09\/Zeitenstroemung-Dresden_CE_Gebaeude-30.png 816w, https:\/\/cideon-engineering.com\/wp-content\/uploads\/2024\/09\/Zeitenstroemung-Dresden_CE_Gebaeude-30-300x192.png 300w, https:\/\/cideon-engineering.com\/wp-content\/uploads\/2024\/09\/Zeitenstroemung-Dresden_CE_Gebaeude-30-768x492.png 768w\" sizes=\"auto, (max-width: 816px) 100vw, 816px\" \/>\t\t\t\t\t\t\n\t\t\t\t\t<\/div>\n\t\t\t\t\t\t\t\t\n<style>\n#image_1422763189 {\n  width: 100%;\n}\n<\/style>\n\t<\/div>\n\t\n\n<p>You will find us in house 30, 2nd floor<\/p>\n\n\t\t<\/div>\n\t\t\t\t\t<\/div>\n\n\t\n\n<\/div>\n<div class=\"row\"  id=\"row-436085034\">\n\n\n\t<div id=\"col-867661938\" class=\"col small-12 large-12\"  data-animate=\"blurIn\">\n\t\t\t\t<div class=\"col-inner\"  >\n\t\t\t\n\t\t\t\n\n<div class=\"container section-title-container\" style=\"margin-top:50px;\"><h2 class=\"section-title section-title-center\"><b aria-hidden=\"true\"><\/b><span class=\"section-title-main\" >Contact person on site<\/span><b aria-hidden=\"true\"><\/b><\/h2><\/div>\n\n\n\t\t<\/div>\n\t\t\t\t\t<\/div>\n\n\t\n\n<\/div>\n<div class=\"row\"  id=\"row-734911988\">\n\n\n\t<div id=\"col-1401133406\" class=\"col medium-6 small-12 large-6\"  data-animate=\"fadeInLeft\">\n\t\t\t\t<div class=\"col-inner\"  >\n\t\t\t\n\t\t\t\n\n\t<div class=\"box has-hover   has-hover box-text-bottom\" >\n\n\t\t<div class=\"box-image\" >\n\t\t\t\t\t\t<div class=\"\" >\n\t\t\t\t<img loading=\"lazy\" decoding=\"async\" width=\"1280\" height=\"853\" src=\"https:\/\/cideon-engineering.com\/wp-content\/uploads\/2020\/12\/AndreasWuerfel-1.jpg\" class=\"attachment- size-\" alt=\"\" srcset=\"https:\/\/cideon-engineering.com\/wp-content\/uploads\/2020\/12\/AndreasWuerfel-1.jpg 1280w, https:\/\/cideon-engineering.com\/wp-content\/uploads\/2020\/12\/AndreasWuerfel-1-300x200.jpg 300w, https:\/\/cideon-engineering.com\/wp-content\/uploads\/2020\/12\/AndreasWuerfel-1-1024x682.jpg 1024w, https:\/\/cideon-engineering.com\/wp-content\/uploads\/2020\/12\/AndreasWuerfel-1-768x512.jpg 768w\" sizes=\"auto, (max-width: 1280px) 100vw, 1280px\" \/>\t\t\t\t\t\t\t\t\t\t\t<\/div>\n\t\t\t\t\t<\/div>\n\n\t\t<div class=\"box-text text-center\" >\n\t\t\t<div class=\"box-text-inner\">\n\t\t\t\t\n\n<h4>Andreas W\u00fcrfel<\/h4>\n<p>Head of Project Engineering<br><a href=\"mailto:sales@cideon-engineering.com\">sales@cideon-engineering.com<\/a><\/p>\n\n\t\t\t<\/div>\n\t\t<\/div>\n\t<\/div>\n\t\n\n\t\t<\/div>\n\t\t\t\t\t<\/div>\n\n\t\n\n\t<div id=\"col-1574595293\" class=\"col medium-6 small-12 large-6\"  data-animate=\"fadeInLeft\">\n\t\t\t\t<div class=\"col-inner\"  >\n\t\t\t\n\t\t\t\n\n\n\t\t<\/div>\n\t\t\t\t\t<\/div>\n\n\t\n\n<\/div>\n\n","protected":false},"excerpt":{"rendered":"","protected":false},"author":8,"featured_media":0,"parent":2275,"menu_order":0,"comment_status":"closed","ping_status":"closed","template":"","meta":{"content-type":"","inline_featured_image":false,"footnotes":""},"class_list":["post-2273","page","type-page","status-publish","hentry"],"yoast_head":"<!-- This site is optimized with the Yoast SEO plugin v26.9 - https:\/\/yoast.com\/product\/yoast-seo-wordpress\/ -->\n<title>Dresden - CE Cideon Engineering<\/title>\n<meta name=\"robots\" content=\"index, follow, max-snippet:-1, max-image-preview:large, max-video-preview:-1\" \/>\n<link rel=\"canonical\" href=\"https:\/\/cideon-engineering.com\/en\/startpage\/locations\/dresden\/\" \/>\n<meta property=\"og:locale\" content=\"en_US\" \/>\n<meta property=\"og:type\" content=\"article\" \/>\n<meta property=\"og:title\" content=\"Dresden - CE Cideon Engineering\" \/>\n<meta property=\"og:url\" content=\"https:\/\/cideon-engineering.com\/en\/startpage\/locations\/dresden\/\" \/>\n<meta property=\"og:site_name\" content=\"CE Cideon Engineering\" \/>\n<meta property=\"article:modified_time\" content=\"2025-03-11T12:15:12+00:00\" \/>\n<meta name=\"twitter:card\" content=\"summary_large_image\" \/>\n<meta name=\"twitter:label1\" content=\"Est. reading time\" \/>\n\t<meta name=\"twitter:data1\" content=\"2 minutes\" \/>\n<script type=\"application\/ld+json\" class=\"yoast-schema-graph\">{\"@context\":\"https:\/\/schema.org\",\"@graph\":[{\"@type\":\"WebPage\",\"@id\":\"https:\/\/cideon-engineering.com\/en\/startpage\/locations\/dresden\/\",\"url\":\"https:\/\/cideon-engineering.com\/en\/startpage\/locations\/dresden\/\",\"name\":\"Dresden - CE Cideon Engineering\",\"isPartOf\":{\"@id\":\"https:\/\/cideon-engineering.com\/en\/#website\"},\"datePublished\":\"2021-01-05T13:25:51+00:00\",\"dateModified\":\"2025-03-11T12:15:12+00:00\",\"breadcrumb\":{\"@id\":\"https:\/\/cideon-engineering.com\/en\/startpage\/locations\/dresden\/#breadcrumb\"},\"inLanguage\":\"en-US\",\"potentialAction\":[{\"@type\":\"ReadAction\",\"target\":[\"https:\/\/cideon-engineering.com\/en\/startpage\/locations\/dresden\/\"]}]},{\"@type\":\"BreadcrumbList\",\"@id\":\"https:\/\/cideon-engineering.com\/en\/startpage\/locations\/dresden\/#breadcrumb\",\"itemListElement\":[{\"@type\":\"ListItem\",\"position\":1,\"name\":\"Startseite\",\"item\":\"https:\/\/cideon-engineering.com\/en\/startpage\/\"},{\"@type\":\"ListItem\",\"position\":2,\"name\":\"Home page\",\"item\":\"https:\/\/cideon-engineering.com\/en\/startpage\/\"},{\"@type\":\"ListItem\",\"position\":3,\"name\":\"Locations\",\"item\":\"https:\/\/cideon-engineering.com\/en\/unternehmen\/standorte\/\"},{\"@type\":\"ListItem\",\"position\":4,\"name\":\"Dresden\"}]},{\"@type\":\"WebSite\",\"@id\":\"https:\/\/cideon-engineering.com\/en\/#website\",\"url\":\"https:\/\/cideon-engineering.com\/en\/\",\"name\":\"CE Cideon Engineering\",\"description\":\"making mobility happen\",\"potentialAction\":[{\"@type\":\"SearchAction\",\"target\":{\"@type\":\"EntryPoint\",\"urlTemplate\":\"https:\/\/cideon-engineering.com\/en\/?s={search_term_string}\"},\"query-input\":{\"@type\":\"PropertyValueSpecification\",\"valueRequired\":true,\"valueName\":\"search_term_string\"}}],\"inLanguage\":\"en-US\"}]}<\/script>\n<!-- \/ Yoast SEO plugin. -->","yoast_head_json":{"title":"Dresden - CE Cideon Engineering","robots":{"index":"index","follow":"follow","max-snippet":"max-snippet:-1","max-image-preview":"max-image-preview:large","max-video-preview":"max-video-preview:-1"},"canonical":"https:\/\/cideon-engineering.com\/en\/startpage\/locations\/dresden\/","og_locale":"en_US","og_type":"article","og_title":"Dresden - CE Cideon Engineering","og_url":"https:\/\/cideon-engineering.com\/en\/startpage\/locations\/dresden\/","og_site_name":"CE Cideon Engineering","article_modified_time":"2025-03-11T12:15:12+00:00","twitter_card":"summary_large_image","twitter_misc":{"Est. reading time":"2 minutes"},"schema":{"@context":"https:\/\/schema.org","@graph":[{"@type":"WebPage","@id":"https:\/\/cideon-engineering.com\/en\/startpage\/locations\/dresden\/","url":"https:\/\/cideon-engineering.com\/en\/startpage\/locations\/dresden\/","name":"Dresden - CE Cideon Engineering","isPartOf":{"@id":"https:\/\/cideon-engineering.com\/en\/#website"},"datePublished":"2021-01-05T13:25:51+00:00","dateModified":"2025-03-11T12:15:12+00:00","breadcrumb":{"@id":"https:\/\/cideon-engineering.com\/en\/startpage\/locations\/dresden\/#breadcrumb"},"inLanguage":"en-US","potentialAction":[{"@type":"ReadAction","target":["https:\/\/cideon-engineering.com\/en\/startpage\/locations\/dresden\/"]}]},{"@type":"BreadcrumbList","@id":"https:\/\/cideon-engineering.com\/en\/startpage\/locations\/dresden\/#breadcrumb","itemListElement":[{"@type":"ListItem","position":1,"name":"Startseite","item":"https:\/\/cideon-engineering.com\/en\/startpage\/"},{"@type":"ListItem","position":2,"name":"Home page","item":"https:\/\/cideon-engineering.com\/en\/startpage\/"},{"@type":"ListItem","position":3,"name":"Locations","item":"https:\/\/cideon-engineering.com\/en\/unternehmen\/standorte\/"},{"@type":"ListItem","position":4,"name":"Dresden"}]},{"@type":"WebSite","@id":"https:\/\/cideon-engineering.com\/en\/#website","url":"https:\/\/cideon-engineering.com\/en\/","name":"CE Cideon Engineering","description":"making mobility happen","potentialAction":[{"@type":"SearchAction","target":{"@type":"EntryPoint","urlTemplate":"https:\/\/cideon-engineering.com\/en\/?s={search_term_string}"},"query-input":{"@type":"PropertyValueSpecification","valueRequired":true,"valueName":"search_term_string"}}],"inLanguage":"en-US"}]}},"_links":{"self":[{"href":"https:\/\/cideon-engineering.com\/en\/wp-json\/wp\/v2\/pages\/2273","targetHints":{"allow":["GET"]}}],"collection":[{"href":"https:\/\/cideon-engineering.com\/en\/wp-json\/wp\/v2\/pages"}],"about":[{"href":"https:\/\/cideon-engineering.com\/en\/wp-json\/wp\/v2\/types\/page"}],"author":[{"embeddable":true,"href":"https:\/\/cideon-engineering.com\/en\/wp-json\/wp\/v2\/users\/8"}],"replies":[{"embeddable":true,"href":"https:\/\/cideon-engineering.com\/en\/wp-json\/wp\/v2\/comments?post=2273"}],"version-history":[{"count":23,"href":"https:\/\/cideon-engineering.com\/en\/wp-json\/wp\/v2\/pages\/2273\/revisions"}],"predecessor-version":[{"id":10111,"href":"https:\/\/cideon-engineering.com\/en\/wp-json\/wp\/v2\/pages\/2273\/revisions\/10111"}],"up":[{"embeddable":true,"href":"https:\/\/cideon-engineering.com\/en\/wp-json\/wp\/v2\/pages\/2275"}],"wp:attachment":[{"href":"https:\/\/cideon-engineering.com\/en\/wp-json\/wp\/v2\/media?parent=2273"}],"curies":[{"name":"wp","href":"https:\/\/api.w.org\/{rel}","templated":true}]}}